{"id":6313,"date":"2023-11-12T14:46:34","date_gmt":"2023-11-12T13:46:34","guid":{"rendered":"https:\/\/www.macroza.com\/gizlilik-politikasi\/"},"modified":"2024-01-07T11:56:57","modified_gmt":"2024-01-07T10:56:57","slug":"gi%cc%87zli%cc%87li%cc%87k-poli%cc%87ti%cc%87kasi","status":"publish","type":"page","link":"https:\/\/www.macroza.com\/tr\/gi%cc%87zli%cc%87li%cc%87k-poli%cc%87ti%cc%87kasi\/","title":{"rendered":"Gizlilik Politikas\u0131"},"content":{"rendered":"\t\t<div data-elementor-type=\"wp-page\" data-elementor-id=\"6313\" class=\"elementor elementor-6313 elementor-3318\" data-elementor-settings=\"{&quot;ha_cmc_init_switcher&quot;:&quot;no&quot;}\" data-elementor-post-type=\"page\">\n\t\t\t\t\t\t<section class=\"elementor-section elementor-top-section elementor-element elementor-element-6ddb705 elementor-section-boxed elementor-section-height-default elementor-section-height-default\" data-id=\"6ddb705\" data-element_type=\"section\" data-settings=\"{&quot;_ha_eqh_enable&quot;:false}\">\n\t\t\t\t\t\t<div class=\"elementor-container elementor-column-gap-default\">\n\t\t\t\t\t<div class=\"elementor-column elementor-col-100 elementor-top-column elementor-element elementor-element-f3b66e2\" data-id=\"f3b66e2\" data-element_type=\"column\">\n\t\t\t<div class=\"elementor-widget-wrap elementor-element-populated\">\n\t\t\t\t\t\t<div class=\"elementor-element elementor-element-ccf9096 elementor-widget elementor-widget-text-editor\" data-id=\"ccf9096\" data-element_type=\"widget\" data-widget_type=\"text-editor.default\">\n\t\t\t\t<div class=\"elementor-widget-container\">\n\t\t\t\t\t\t\t\t\t<h1><strong>MACROZAGI\u0307ZLI\u0307LI\u0307K POLI\u0307TI\u0307KASI<\/strong><\/h1>\n<p>Yasall\u0131k, adalet ve \u015feffafl\u0131k ilkelerine uygun olarak size bu Gizlilik Politikas\u0131n\u0131 sunuyoruz.<\/p>\n<p><strong>Verilerinizin Veri Sorumlusu kimdir?<\/strong><\/p>\n<p><strong>SORUMLU: <\/strong>MACROZA EXPORT S.L.<br \/><strong>KDV NUMARASI:<\/strong> B80425986<br \/><strong>MERKEZ OF\u0130S:<\/strong> C\/ Le\u00f1eros 15, 28039 Madrid<br \/><strong>E-POSTA: <\/strong><a href=\"mailto:info@macroza.com\" target=\"_blank\" rel=\"noopener\">info@macroza.com<\/a><br \/><strong>TELEFON: <\/strong>915419294<br \/>UZMANLIK<strong>: <\/strong><a href=\"https:\/\/www.macroza.com\/tr\/kanal-acmalar\/\">Duvar kaz\u0131y\u0131c\u0131lar<\/a> ve ilgili \u00fcr\u00fcnler<\/p>\n<p><strong><br \/>Ki\u015fisel verilerinizi hangi ama\u00e7larla i\u015fliyoruz?<\/strong><\/p>\n<p><strong>MACROZA EXPORT S.L.<\/strong>&#8216;de, s\u00f6z konusu ilgili taraf kategorisine ba\u011fl\u0131 olarak, bize sa\u011flad\u0131\u011f\u0131n\u0131z bilgileri a\u015fa\u011f\u0131daki ama\u00e7larla i\u015fleriz:<\/p>\n<p><strong>\u0130LG\u0130LENENLER<\/strong><\/p>\n<p>I\u015eLEME AMA\u00c7LARI<\/p>\n<p><em>POTANSIYEL M\u00dc\u015eTERILER<\/em><br \/>Potansiyel ticari ve\/veya profesyonel ili\u015fkiyi y\u00f6netmek, talep edilen bilgilerin g\u00f6nderilmesini y\u00f6netmek ve\/veya sorulan sorular\u0131 \u00e7\u00f6zmek, ilginizi \u00e7eken hizmetlerimiz ve\/veya \u00fcr\u00fcnlerimiz hakk\u0131nda teklifler sunmak.<\/p>\n<p><em><strong>M\u00dc\u015eTER\u0130LER<\/strong><\/em><br \/>Ticari ve\/veya profesyonel ili\u015fkiyi y\u00f6netmek, ilginizi \u00e7eken hizmetlerimiz ve\/veya \u00fcr\u00fcnlerimiz hakk\u0131nda teklifler sunmak.<\/p>\n<p><em><strong>TEDAR\u0130K\u00c7\u0130LER<\/strong><\/em><br \/>Ticari ve\/veya profesyonel ili\u015fkileri y\u00f6netmek.<\/p>\n<p><em><strong>ADAYLAR<\/strong><\/em><br \/>Personel se\u00e7im s\u00fcrecini y\u00f6netin.<\/p>\n<p><em><strong>WEB KULLANICILARI<\/strong><\/em><br \/>Tarama verilerinizin analizini y\u00f6netin.<\/p>\n<p><strong>Verilerinizin i\u015flenmesinin me\u015fruiyeti nedir?<\/strong><\/p>\n<p>\u0130lgili veri sahibi kategorisine ba\u011fl\u0131 olarak ki\u015fisel verilerinizin i\u015flenmesinin yasal dayana\u011f\u0131 \u015funlar olabilir:<\/p>\n<p><strong>\u0130LG\u0130LENENLER<\/strong><\/p>\n<p>YASAL DAYANAK<\/p>\n<p><strong><em>POTANSIYEL M\u00dc\u015eTERILER<\/em><\/strong><br \/>Madde 6.1.b GDPR: veri sahibinin talebi \u00fczerine s\u00f6zle\u015fme \u00f6ncesi \u00f6nlemlerin uygulanmas\u0131 (tahminler, sipari\u015f formlar\u0131, hizmet teklifleri vb.).<br \/>Madde 6.1.f RGPD: Me\u015fru menfaat (talep edilen bilgilerin g\u00f6nderilmesi, sorulan sorulara yan\u0131t verilmesi&#8230;).<br \/>Madde 6.1.a RGPD: veri sahibinin r\u0131zas\u0131 (hizmetlerimizin ve\/veya \u00fcr\u00fcnlerimizin tekliflerinin sa\u011flanmas\u0131).<\/p>\n<p><em><strong>M\u00dc\u015eTER\u0130LER<\/strong><\/em><br \/>GDPR Madde 6.1.b: veri sahibinin taraf oldu\u011fu bir s\u00f6zle\u015fmenin ifas\u0131.<\/p>\n<p><em><strong>TEDAR\u0130K\u00c7\u0130LER<\/strong><\/em><br \/>GDPR Madde 6.1.b: veri sahibinin taraf oldu\u011fu bir s\u00f6zle\u015fmenin ifas\u0131.<\/p>\n<p><em><strong>ADAYLAR<\/strong><\/em><br \/>RGPD Madde 6.1.a: veri sahibinin kendi r\u0131zas\u0131.<\/p>\n<p><strong><em>WEB KULLANICILARI<\/em><\/strong><br \/>RGPD Madde 6.1.a: veri sahibinin kendi r\u0131zas\u0131.<\/p>\n<p>Sizden talep etti\u011fimiz veriler yeterli, ilgili ve kesinlikle gereklidir ve hi\u00e7bir durumda bunlar\u0131 sa\u011flamak zorunda de\u011filsiniz, ancak bunlar\u0131n sa\u011flanmamas\u0131 hizmetin amac\u0131n\u0131 veya sa\u011flanmas\u0131n\u0131n imkans\u0131zl\u0131\u011f\u0131n\u0131 etkileyebilir.<br \/><strong> <br \/>Ki\u015fisel verilerinizi ne kadar s\u00fcreyle saklayaca\u011f\u0131z?<\/strong><\/p>\n<p>Verileriniz, sunulan hizmetin do\u011fru bir \u015fekilde sa\u011flanmas\u0131n\u0131n yan\u0131 s\u0131ra bundan do\u011fabilecek sorumluluklar\u0131n ve di\u011fer yasal gerekliliklerin kar\u015f\u0131lanmas\u0131 i\u00e7in gerekli olan asgari s\u00fcre boyunca saklanacakt\u0131r.<br \/><strong> <br \/>Verileriniz hangi al\u0131c\u0131lara iletilecek?<\/strong><\/p>\n<p><strong>MACROZA EXPORT S.L. <\/strong>, bu konuda a\u00e7\u0131k\u00e7a bilgilendirilmedik\u00e7e, verilerinizi herhangi bir \u00fc\u00e7\u00fcnc\u00fc tarafa iletmeyecektir.<\/p>\n<p>Buna ek olarak, y\u00fcr\u00fcrl\u00fckteki d\u00fczenlemeler veya <strong>MACROZA EXPORT S.L.<\/strong> ile s\u00fcrd\u00fcrd\u00fc\u011f\u00fcn\u00fcz s\u00f6zle\u015fmeye dayal\u0131 ili\u015fki nedeniyle belirli verilerin size iletilebilece\u011fini bildiririz:<\/p>\n<ul>\n<li>S\u00f6zle\u015fmeli hizmetlerin ve\/veya sat\u0131n al\u0131nan \u00fcr\u00fcnlerin tahsilat\u0131 i\u00e7in bankalar ve finans kurumlar\u0131.<\/li>\n<li><strong>MACROZA EXPORT S.L.<\/strong> &#8216;nin faaliyet g\u00f6sterdi\u011fi sekt\u00f6rlerde yetkinli\u011fe sahip kamu idareleri, y\u00fcr\u00fcrl\u00fckteki mevzuat taraf\u0131ndan belirlendi\u011finde.<\/li>\n<\/ul>\n<p>Ayr\u0131ca, y\u00fcr\u00fcrl\u00fckteki d\u00fczenlemeler veya<strong> MACROZA EXPORT S.L.<\/strong> &#8216;nin s\u00fcrd\u00fcrd\u00fc\u011f\u00fc s\u00f6zle\u015fme ili\u015fkisi nedeniyle belirli verilerin iletilebilece\u011fini size bildiririz:<\/p>\n<ul>\n<li>S\u00f6zle\u015fmeli hizmetlerin ve\/veya sat\u0131n al\u0131nan \u00fcr\u00fcnlerin tahsilat\u0131 i\u00e7in bankalar ve finans kurumlar\u0131.<\/li>\n<li><strong>MACROZA EXPORT S.L.<\/strong> &#8216;nin faaliyet g\u00f6sterdi\u011fi sekt\u00f6rlerde yetkinli\u011fe sahip kamu idareleri, y\u00fcr\u00fcrl\u00fckteki mevzuat taraf\u0131ndan belirlendi\u011finde.<\/li>\n<\/ul>\n<p><strong>Bize verilerinizi sa\u011flad\u0131\u011f\u0131n\u0131zda haklar\u0131n\u0131z nelerdir?<\/strong><\/p>\n<p>Uygulanabilir oldu\u011fu durumlarda, veri sahiplerinin kullanabilece\u011fi veri koruma haklar\u0131 \u015funlard\u0131r:<\/p>\n<ul>\n<li>\u0130lgili ki\u015fiye ili\u015fkin ki\u015fisel verilere eri\u015fim talep etme hakk\u0131.<\/li>\n<li>D\u00fczeltme veya silme hakk\u0131.<\/li>\n<li>\u0130tiraz hakk\u0131.<\/li>\n<li>\u0130\u015flemenin k\u0131s\u0131tlanmas\u0131n\u0131 talep etme hakk\u0131.<\/li>\n<li>Veri ta\u015f\u0131nabilirli\u011fi hakk\u0131.<\/li>\n<li>Yaln\u0131zca otomatik veri i\u015flemeye dayal\u0131 kararlara tabi olmama hakk\u0131.<\/li>\n<\/ul>\n<p>Elde edilen ki\u015fisel verilerin sahipleri, <strong>MACROZA EXPORT S.L<\/strong>.&#8217;nin kay\u0131tl\u0131 ofisine yaz\u0131l\u0131 bir ileti\u015fim g\u00f6ndererek ki\u015fisel veri koruma haklar\u0131n\u0131 kullanabilirler. veya bu ama\u00e7la sa\u011flanan e-posta adresine, <a href=\"mailto:info@macroza.com\" target=\"_blank\" rel=\"noopener\">info@macroza.com.<\/a><\/p>\n<p>Modeller, formlar ve haklar\u0131n\u0131z hakk\u0131nda daha fazla bilgi ulusal denetim otoritesi Agencia Espa\u00f1ola de Protecci\u00f3n de Datos, bundan sonra AEPD olarak an\u0131lacakt\u0131r, <a href=\"http:\/\/www.aepd.es\/\" target=\"_blank\" rel=\"noopener\">www.aepd.es<\/a> web sitesinde mevcuttur.<\/p>\n<p><strong>Onay\u0131m\u0131 geri \u00e7ekebilir miyim?<\/strong><\/p>\n<p>Geri \u00e7ekilmeden \u00f6nce r\u0131zaya dayal\u0131 i\u015flemenin yasall\u0131\u011f\u0131n\u0131 etkilemeksizin, o s\u0131rada verilen herhangi bir \u00f6zel ama\u00e7 i\u00e7in r\u0131zay\u0131 geri \u00e7ekme imkan\u0131n\u0131z ve hakk\u0131n\u0131z vard\u0131r.<\/p>\n<p><strong>Verilerimin do\u011fru \u015fekilde i\u015flenmedi\u011fini hissedersem nereye \u015fikayette bulunabilirim?<\/strong><\/p>\n<p>Bir veri sahibi, verilerinin a\u015fa\u011f\u0131dakiler taraf\u0131ndan do\u011fru \u015fekilde i\u015flenmedi\u011fini d\u00fc\u015f\u00fcn\u00fcyorsa  <strong>MACROZA EXPORT S.L.<\/strong> veya haklar\u0131n kullan\u0131lmas\u0131na ili\u015fkin taleplerin tatmin edici bir \u015fekilde ele al\u0131nmad\u0131\u011f\u0131n\u0131 d\u00fc\u015f\u00fcn\u00fcyorsan\u0131z, ulusal b\u00f6lgede belirtilen AEPD olmak \u00fczere ilgili veri koruma makam\u0131na \u015fikayette bulunabilirsiniz,  <a href=\"http:\/\/www.aepd.es\/\" target=\"_blank\" rel=\"noopener\">www.aepd.es.<\/a><\/p>\n<p><strong>Ki\u015fisel verilerinizin g\u00fcvenli\u011fi ve g\u00fcncellenmesi<\/strong><\/p>\n<p>Ki\u015fisel verilerinizin g\u00fcvenli\u011fini korumak amac\u0131yla, sa\u011flanan ki\u015fisel verilerin g\u00fcvenli\u011fini sa\u011flamak i\u00e7in gerekli t\u00fcm teknik ve organizasyonel \u00f6nlemleri ald\u0131\u011f\u0131m\u0131z\u0131 size bildiririz. T\u00fcm bunlar, mutlak g\u00fcvenlik diye bir \u015fey olmamas\u0131na ra\u011fmen, yasalar\u0131n gerektirdi\u011fi \u015fekilde de\u011fi\u015ftirilmelerini, kaybolmalar\u0131n\u0131 ve\/veya yetkisiz i\u015flenmelerini veya eri\u015filmelerini \u00f6nlemek i\u00e7indir.<\/p>\n<p>Ki\u015fisel verilerinizi g\u00fcncel tutabilmemiz i\u00e7in, ki\u015fisel verilerinizde bir de\u011fi\u015fiklik oldu\u011funda bizi bilgilendirmeniz \u00f6nemlidir.<\/p>\n<p><strong>Gizlilik<\/strong><\/p>\n<p>MACROZA EXPORT S.L., verilerinizin i\u015fleme a\u015famalar\u0131n\u0131n herhangi birinde yer alan t\u00fcm personel taraf\u0131ndan azami \u00f6zen ve gizlilikle ele al\u0131naca\u011f\u0131n\u0131 bildirir. Yasalar taraf\u0131ndan \u00f6ng\u00f6r\u00fclen durumlar d\u0131\u015f\u0131nda veya ilgili taraf bize bunu yapmam\u0131z i\u00e7in a\u00e7\u0131k\u00e7a yetki vermedik\u00e7e, verilerinizi herhangi bir \u00fc\u00e7\u00fcnc\u00fc tarafa aktarmayaca\u011f\u0131z veya iletmeyece\u011fiz.<\/p>\n\t\t\t\t\t\t\t\t<\/div>\n\t\t\t\t<\/div>\n\t\t\t\t\t<\/div>\n\t\t<\/div>\n\t\t\t\t\t<\/div>\n\t\t<\/section>\n\t\t\t\t<\/div>\n\t\t","protected":false},"excerpt":{"rendered":"<p>MACROZAGI\u0307ZLI\u0307LI\u0307K POLI\u0307TI\u0307KASI Yasall\u0131k, adalet ve \u015feffafl\u0131k ilkelerine uygun olarak size bu Gizlilik Politikas\u0131n\u0131 sunuyoruz. Verilerinizin Veri Sorumlusu kimdir? SORUMLU: MACROZA EXPORT S.L.KDV NUMARASI: B80425986MERKEZ OF\u0130S: C\/ Le\u00f1eros 15, 28039 MadridE-POSTA: info@macroza.comTELEFON: 915419294UZMANLIK: Duvar kaz\u0131y\u0131c\u0131lar ve ilgili \u00fcr\u00fcnler Ki\u015fisel verilerinizi hangi ama\u00e7larla i\u015fliyoruz? MACROZA EXPORT S.L.&#8216;de, s\u00f6z konusu ilgili taraf kategorisine ba\u011fl\u0131 olarak, bize sa\u011flad\u0131\u011f\u0131n\u0131z bilgileri [&hellip;]<\/p>\n","protected":false},"author":2,"featured_media":0,"parent":0,"menu_order":0,"comment_status":"closed","ping_status":"closed","template":"","meta":{"inline_featured_image":false,"site-sidebar-layout":"no-sidebar","site-content-layout":"page-builder","ast-site-content-layout":"full-width-container","site-content-style":"unboxed","site-sidebar-style":"unboxed","ast-global-header-display":"","ast-banner-title-visibility":"","ast-main-header-display":"","ast-hfb-above-header-display":"","ast-hfb-below-header-display":"","ast-hfb-mobile-header-display":"","site-post-title":"disabled","ast-breadcrumbs-content":"","ast-featured-img":"disabled","footer-sml-layout":"","theme-transparent-header-meta":"","adv-header-id-meta":"","stick-header-meta":"","header-above-stick-meta":"","header-main-stick-meta":"","header-below-stick-meta":"","astra-migrate-meta-layouts":"default","ast-page-background-enabled":"default","ast-page-background-meta":{"desktop":{"background-color":"var(--ast-global-color-4)","background-image":"","background-repeat":"repeat","background-position":"center center","background-size":"auto","background-attachment":"scroll","background-type":"","background-media":"","overlay-type":"","overlay-color":"","overlay-opacity":"","overlay-gradient":""},"tablet":{"background-color":"","background-image":"","background-repeat":"repeat","background-position":"center center","background-size":"auto","background-attachment":"scroll","background-type":"","background-media":"","overlay-type":"","overlay-color":"","overlay-opacity":"","overlay-gradient":""},"mobile":{"background-color":"","background-image":"","background-repeat":"repeat","background-position":"center center","background-size":"auto","background-attachment":"scroll","background-type":"","background-media":"","overlay-type":"","overlay-color":"","overlay-opacity":"","overlay-gradient":""}},"ast-content-background-meta":{"desktop":{"background-color":"var(--ast-global-color-5)","background-image":"","background-repeat":"repeat","background-position":"center center","background-size":"auto","background-attachment":"scroll","background-type":"","background-media":"","overlay-type":"","overlay-color":"","overlay-opacity":"","overlay-gradient":""},"tablet":{"background-color":"var(--ast-global-color-5)","background-image":"","background-repeat":"repeat","background-position":"center center","background-size":"auto","background-attachment":"scroll","background-type":"","background-media":"","overlay-type":"","overlay-color":"","overlay-opacity":"","overlay-gradient":""},"mobile":{"background-color":"var(--ast-global-color-5)","background-image":"","background-repeat":"repeat","background-position":"center center","background-size":"auto","background-attachment":"scroll","background-type":"","background-media":"","overlay-type":"","overlay-color":"","overlay-opacity":"","overlay-gradient":""}},"footnotes":""},"class_list":["post-6313","page","type-page","status-publish","hentry"],"yoast_head":"<!-- This site is optimized with the Yoast SEO plugin v24.5 - https:\/\/yoast.com\/wordpress\/plugins\/seo\/ -->\n<title>Gizlilik Politikas\u0131 | MACROZA<\/title>\n<meta name=\"robots\" content=\"index, follow, max-snippet:-1, max-image-preview:large, max-video-preview:-1\" \/>\n<link rel=\"canonical\" href=\"https:\/\/www.macroza.com\/tr\/gi%cc%87zli%cc%87li%cc%87k-poli%cc%87ti%cc%87kasi\/\" \/>\n<meta property=\"og:locale\" content=\"tr_TR\" \/>\n<meta property=\"og:type\" content=\"article\" \/>\n<meta property=\"og:title\" content=\"Gizlilik Politikas\u0131 | MACROZA\" \/>\n<meta property=\"og:description\" content=\"MACROZAGI\u0307ZLI\u0307LI\u0307K POLI\u0307TI\u0307KASI Yasall\u0131k, adalet ve \u015feffafl\u0131k ilkelerine uygun olarak size bu Gizlilik Politikas\u0131n\u0131 sunuyoruz. Verilerinizin Veri Sorumlusu kimdir? SORUMLU: MACROZA EXPORT S.L.KDV NUMARASI: B80425986MERKEZ OF\u0130S: C\/ Le\u00f1eros 15, 28039 MadridE-POSTA: info@macroza.comTELEFON: 915419294UZMANLIK: Duvar kaz\u0131y\u0131c\u0131lar ve ilgili \u00fcr\u00fcnler Ki\u015fisel verilerinizi hangi ama\u00e7larla i\u015fliyoruz? MACROZA EXPORT S.L.&#8216;de, s\u00f6z konusu ilgili taraf kategorisine ba\u011fl\u0131 olarak, bize sa\u011flad\u0131\u011f\u0131n\u0131z bilgileri [&hellip;]\" \/>\n<meta property=\"og:url\" content=\"https:\/\/www.macroza.com\/tr\/gi%cc%87zli%cc%87li%cc%87k-poli%cc%87ti%cc%87kasi\/\" \/>\n<meta property=\"og:site_name\" content=\"MACROZA\" \/>\n<meta property=\"article:publisher\" content=\"https:\/\/www.facebook.com\/macrozaofficial\/\" \/>\n<meta property=\"article:modified_time\" content=\"2024-01-07T10:56:57+00:00\" \/>\n<meta name=\"twitter:card\" content=\"summary_large_image\" \/>\n<meta name=\"twitter:label1\" content=\"Tahmini okuma s\u00fcresi\" \/>\n\t<meta name=\"twitter:data1\" content=\"5 dakika\" \/>\n<script type=\"application\/ld+json\" class=\"yoast-schema-graph\">{\"@context\":\"https:\/\/schema.org\",\"@graph\":[{\"@type\":\"WebPage\",\"@id\":\"https:\/\/www.macroza.com\/tr\/gi%cc%87zli%cc%87li%cc%87k-poli%cc%87ti%cc%87kasi\/\",\"url\":\"https:\/\/www.macroza.com\/tr\/gi%cc%87zli%cc%87li%cc%87k-poli%cc%87ti%cc%87kasi\/\",\"name\":\"Gizlilik Politikas\u0131 | MACROZA\",\"isPartOf\":{\"@id\":\"https:\/\/www.macroza.com\/tr\/#website\"},\"datePublished\":\"2023-11-12T13:46:34+00:00\",\"dateModified\":\"2024-01-07T10:56:57+00:00\",\"breadcrumb\":{\"@id\":\"https:\/\/www.macroza.com\/tr\/gi%cc%87zli%cc%87li%cc%87k-poli%cc%87ti%cc%87kasi\/#breadcrumb\"},\"inLanguage\":\"tr\",\"potentialAction\":[{\"@type\":\"ReadAction\",\"target\":[\"https:\/\/www.macroza.com\/tr\/gi%cc%87zli%cc%87li%cc%87k-poli%cc%87ti%cc%87kasi\/\"]}]},{\"@type\":\"BreadcrumbList\",\"@id\":\"https:\/\/www.macroza.com\/tr\/gi%cc%87zli%cc%87li%cc%87k-poli%cc%87ti%cc%87kasi\/#breadcrumb\",\"itemListElement\":[{\"@type\":\"ListItem\",\"position\":1,\"name\":\"Home\",\"item\":\"https:\/\/www.macroza.com\/tr\/macroza\/\"},{\"@type\":\"ListItem\",\"position\":2,\"name\":\"Gizlilik Politikas\u0131\"}]},{\"@type\":\"WebSite\",\"@id\":\"https:\/\/www.macroza.com\/tr\/#website\",\"url\":\"https:\/\/www.macroza.com\/tr\/\",\"name\":\"www.macroza.com\",\"description\":\"Fabricante de rozadoras de pared\",\"publisher\":{\"@id\":\"https:\/\/www.macroza.com\/tr\/#organization\"},\"alternateName\":\"Macroza\",\"potentialAction\":[{\"@type\":\"SearchAction\",\"target\":{\"@type\":\"EntryPoint\",\"urlTemplate\":\"https:\/\/www.macroza.com\/tr\/?s={search_term_string}\"},\"query-input\":{\"@type\":\"PropertyValueSpecification\",\"valueRequired\":true,\"valueName\":\"search_term_string\"}}],\"inLanguage\":\"tr\"},{\"@type\":\"Organization\",\"@id\":\"https:\/\/www.macroza.com\/tr\/#organization\",\"name\":\"Macroza\",\"alternateName\":\"Macroza Export\",\"url\":\"https:\/\/www.macroza.com\/tr\/\",\"logo\":{\"@type\":\"ImageObject\",\"inLanguage\":\"tr\",\"@id\":\"https:\/\/www.macroza.com\/tr\/#\/schema\/logo\/image\/\",\"url\":\"https:\/\/www.macroza.com\/wp-content\/uploads\/2023\/11\/cropped-Diseno-sin-titulo-10.png\",\"contentUrl\":\"https:\/\/www.macroza.com\/wp-content\/uploads\/2023\/11\/cropped-Diseno-sin-titulo-10.png\",\"width\":512,\"height\":512,\"caption\":\"Macroza\"},\"image\":{\"@id\":\"https:\/\/www.macroza.com\/tr\/#\/schema\/logo\/image\/\"},\"sameAs\":[\"https:\/\/www.facebook.com\/macrozaofficial\/\",\"https:\/\/www.instagram.com\/macroza_official\/\",\"https:\/\/www.linkedin.com\/company\/macroza-wall-chasers\/\",\"https:\/\/www.youtube.com\/@MACROZAWallChasers\/videos\"]}]}<\/script>\n<!-- \/ Yoast SEO plugin. -->","yoast_head_json":{"title":"Gizlilik Politikas\u0131 | MACROZA","robots":{"index":"index","follow":"follow","max-snippet":"max-snippet:-1","max-image-preview":"max-image-preview:large","max-video-preview":"max-video-preview:-1"},"canonical":"https:\/\/www.macroza.com\/tr\/gi%cc%87zli%cc%87li%cc%87k-poli%cc%87ti%cc%87kasi\/","og_locale":"tr_TR","og_type":"article","og_title":"Gizlilik Politikas\u0131 | MACROZA","og_description":"MACROZAGI\u0307ZLI\u0307LI\u0307K POLI\u0307TI\u0307KASI Yasall\u0131k, adalet ve \u015feffafl\u0131k ilkelerine uygun olarak size bu Gizlilik Politikas\u0131n\u0131 sunuyoruz. Verilerinizin Veri Sorumlusu kimdir? SORUMLU: MACROZA EXPORT S.L.KDV NUMARASI: B80425986MERKEZ OF\u0130S: C\/ Le\u00f1eros 15, 28039 MadridE-POSTA: info@macroza.comTELEFON: 915419294UZMANLIK: Duvar kaz\u0131y\u0131c\u0131lar ve ilgili \u00fcr\u00fcnler Ki\u015fisel verilerinizi hangi ama\u00e7larla i\u015fliyoruz? MACROZA EXPORT S.L.&#8216;de, s\u00f6z konusu ilgili taraf kategorisine ba\u011fl\u0131 olarak, bize sa\u011flad\u0131\u011f\u0131n\u0131z bilgileri [&hellip;]","og_url":"https:\/\/www.macroza.com\/tr\/gi%cc%87zli%cc%87li%cc%87k-poli%cc%87ti%cc%87kasi\/","og_site_name":"MACROZA","article_publisher":"https:\/\/www.facebook.com\/macrozaofficial\/","article_modified_time":"2024-01-07T10:56:57+00:00","twitter_card":"summary_large_image","twitter_misc":{"Tahmini okuma s\u00fcresi":"5 dakika"},"schema":{"@context":"https:\/\/schema.org","@graph":[{"@type":"WebPage","@id":"https:\/\/www.macroza.com\/tr\/gi%cc%87zli%cc%87li%cc%87k-poli%cc%87ti%cc%87kasi\/","url":"https:\/\/www.macroza.com\/tr\/gi%cc%87zli%cc%87li%cc%87k-poli%cc%87ti%cc%87kasi\/","name":"Gizlilik Politikas\u0131 | MACROZA","isPartOf":{"@id":"https:\/\/www.macroza.com\/tr\/#website"},"datePublished":"2023-11-12T13:46:34+00:00","dateModified":"2024-01-07T10:56:57+00:00","breadcrumb":{"@id":"https:\/\/www.macroza.com\/tr\/gi%cc%87zli%cc%87li%cc%87k-poli%cc%87ti%cc%87kasi\/#breadcrumb"},"inLanguage":"tr","potentialAction":[{"@type":"ReadAction","target":["https:\/\/www.macroza.com\/tr\/gi%cc%87zli%cc%87li%cc%87k-poli%cc%87ti%cc%87kasi\/"]}]},{"@type":"BreadcrumbList","@id":"https:\/\/www.macroza.com\/tr\/gi%cc%87zli%cc%87li%cc%87k-poli%cc%87ti%cc%87kasi\/#breadcrumb","itemListElement":[{"@type":"ListItem","position":1,"name":"Home","item":"https:\/\/www.macroza.com\/tr\/macroza\/"},{"@type":"ListItem","position":2,"name":"Gizlilik Politikas\u0131"}]},{"@type":"WebSite","@id":"https:\/\/www.macroza.com\/tr\/#website","url":"https:\/\/www.macroza.com\/tr\/","name":"www.macroza.com","description":"Fabricante de rozadoras de pared","publisher":{"@id":"https:\/\/www.macroza.com\/tr\/#organization"},"alternateName":"Macroza","potentialAction":[{"@type":"SearchAction","target":{"@type":"EntryPoint","urlTemplate":"https:\/\/www.macroza.com\/tr\/?s={search_term_string}"},"query-input":{"@type":"PropertyValueSpecification","valueRequired":true,"valueName":"search_term_string"}}],"inLanguage":"tr"},{"@type":"Organization","@id":"https:\/\/www.macroza.com\/tr\/#organization","name":"Macroza","alternateName":"Macroza Export","url":"https:\/\/www.macroza.com\/tr\/","logo":{"@type":"ImageObject","inLanguage":"tr","@id":"https:\/\/www.macroza.com\/tr\/#\/schema\/logo\/image\/","url":"https:\/\/www.macroza.com\/wp-content\/uploads\/2023\/11\/cropped-Diseno-sin-titulo-10.png","contentUrl":"https:\/\/www.macroza.com\/wp-content\/uploads\/2023\/11\/cropped-Diseno-sin-titulo-10.png","width":512,"height":512,"caption":"Macroza"},"image":{"@id":"https:\/\/www.macroza.com\/tr\/#\/schema\/logo\/image\/"},"sameAs":["https:\/\/www.facebook.com\/macrozaofficial\/","https:\/\/www.instagram.com\/macroza_official\/","https:\/\/www.linkedin.com\/company\/macroza-wall-chasers\/","https:\/\/www.youtube.com\/@MACROZAWallChasers\/videos"]}]}},"_links":{"self":[{"href":"https:\/\/www.macroza.com\/tr\/wp-json\/wp\/v2\/pages\/6313","targetHints":{"allow":["GET"]}}],"collection":[{"href":"https:\/\/www.macroza.com\/tr\/wp-json\/wp\/v2\/pages"}],"about":[{"href":"https:\/\/www.macroza.com\/tr\/wp-json\/wp\/v2\/types\/page"}],"author":[{"embeddable":true,"href":"https:\/\/www.macroza.com\/tr\/wp-json\/wp\/v2\/users\/2"}],"replies":[{"embeddable":true,"href":"https:\/\/www.macroza.com\/tr\/wp-json\/wp\/v2\/comments?post=6313"}],"version-history":[{"count":3,"href":"https:\/\/www.macroza.com\/tr\/wp-json\/wp\/v2\/pages\/6313\/revisions"}],"predecessor-version":[{"id":7855,"href":"https:\/\/www.macroza.com\/tr\/wp-json\/wp\/v2\/pages\/6313\/revisions\/7855"}],"wp:attachment":[{"href":"https:\/\/www.macroza.com\/tr\/wp-json\/wp\/v2\/media?parent=6313"}],"curies":[{"name":"wp","href":"https:\/\/api.w.org\/{rel}","templated":true}]}}