{"id":6303,"date":"2023-11-12T14:46:56","date_gmt":"2023-11-12T13:46:56","guid":{"rendered":"https:\/\/www.macroza.com\/yasal-uyari\/"},"modified":"2024-01-21T13:19:52","modified_gmt":"2024-01-21T12:19:52","slug":"yasal-bildirim","status":"publish","type":"page","link":"https:\/\/www.macroza.com\/tr\/yasal-bildirim\/","title":{"rendered":"Yasal Uyar\u0131"},"content":{"rendered":"\t\t<div data-elementor-type=\"wp-page\" data-elementor-id=\"6303\" class=\"elementor elementor-6303 elementor-3320\" data-elementor-settings=\"{&quot;ha_cmc_init_switcher&quot;:&quot;no&quot;}\" data-elementor-post-type=\"page\">\n\t\t\t\t\t\t<section class=\"elementor-section elementor-top-section elementor-element elementor-element-e826aea elementor-section-boxed elementor-section-height-default elementor-section-height-default\" data-id=\"e826aea\" data-element_type=\"section\" data-settings=\"{&quot;_ha_eqh_enable&quot;:false}\">\n\t\t\t\t\t\t<div class=\"elementor-container elementor-column-gap-default\">\n\t\t\t\t\t<div class=\"elementor-column elementor-col-100 elementor-top-column elementor-element elementor-element-4c323c5\" data-id=\"4c323c5\" data-element_type=\"column\">\n\t\t\t<div class=\"elementor-widget-wrap elementor-element-populated\">\n\t\t\t\t\t\t<div class=\"elementor-element elementor-element-5c6870e elementor-widget elementor-widget-text-editor\" data-id=\"5c6870e\" data-element_type=\"widget\" data-widget_type=\"text-editor.default\">\n\t\t\t\t<div class=\"elementor-widget-container\">\n\t\t\t\t\t\t\t\t\t<h1><strong>YASAL B\u0130LD\u0130R\u0130M<\/strong><\/h1>\n<p><em><strong>WEB SITESI SAHIBI<\/strong><\/em><\/p>\n<p><strong>\u015eI\u0307RKET ADI: <\/strong>MACROZA EXPORT S.L.<br \/><strong>KDV NUMARASI:<\/strong> B80425986<br \/><strong>MERKEZ OF\u0130S: <\/strong>C\/ Le\u00f1eros 15, 28039 Madrid<br \/><strong>TELEFON:<\/strong> 915 41 92 94<br \/><strong>E-POSTA: <\/strong><a href=\"mailto:info@macroza.com\" target=\"_blank\" rel=\"noopener\">info@macroza.com<\/a><br \/><strong>TICARET SICILINE GIRI\u015e DETAYLARI:<\/strong><br \/><strong>Hacim: <\/strong>4758<br \/><strong>Kitap:<\/strong> 0<br \/><strong>Folio:<\/strong> 94<br \/><strong>B\u00f6l\u00fcm:<\/strong> 8<br \/><strong>Bro\u015f\u00fcr: <\/strong>78106 M<\/p>\n<p>MACROZA, d\u00fcnyan\u0131n \u00f6nde gelen <a href=\"https:\/\/www.macroza.com\/tr\/kanal-acmalar\/\">Kanal A\u00e7malar<\/a> 30&#8217;dan fazla \u00fclkedeki profesyoneller i\u00e7in.<\/p>\n\t\t\t\t\t\t\t\t<\/div>\n\t\t\t\t<\/div>\n\t\t\t\t\t<\/div>\n\t\t<\/div>\n\t\t\t\t\t<\/div>\n\t\t<\/section>\n\t\t\t\t<\/div>\n\t\t","protected":false},"excerpt":{"rendered":"<p>YASAL B\u0130LD\u0130R\u0130M WEB SITESI SAHIBI \u015eI\u0307RKET ADI: MACROZA EXPORT S.L.KDV NUMARASI: B80425986MERKEZ OF\u0130S: C\/ Le\u00f1eros 15, 28039 MadridTELEFON: 915 41 92 94E-POSTA: info@macroza.comTICARET SICILINE GIRI\u015e DETAYLARI:Hacim: 4758Kitap: 0Folio: 94B\u00f6l\u00fcm: 8Bro\u015f\u00fcr: 78106 M MACROZA, d\u00fcnyan\u0131n \u00f6nde gelen Kanal A\u00e7malar 30&#8217;dan fazla \u00fclkedeki profesyoneller i\u00e7in.<\/p>\n","protected":false},"author":2,"featured_media":0,"parent":0,"menu_order":0,"comment_status":"closed","ping_status":"closed","template":"","meta":{"inline_featured_image":false,"site-sidebar-layout":"no-sidebar","site-content-layout":"page-builder","ast-site-content-layout":"","site-content-style":"default","site-sidebar-style":"default","ast-global-header-display":"","ast-banner-title-visibility":"","ast-main-header-display":"","ast-hfb-above-header-display":"","ast-hfb-below-header-display":"","ast-hfb-mobile-header-display":"","site-post-title":"disabled","ast-breadcrumbs-content":"","ast-featured-img":"disabled","footer-sml-layout":"","theme-transparent-header-meta":"","adv-header-id-meta":"","stick-header-meta":"","header-above-stick-meta":"","header-main-stick-meta":"","header-below-stick-meta":"","astra-migrate-meta-layouts":"default","ast-page-background-enabled":"default","ast-page-background-meta":{"desktop":{"background-color":"var(--ast-global-color-4)","background-image":"","background-repeat":"repeat","background-position":"center center","background-size":"auto","background-attachment":"scroll","background-type":"","background-media":"","overlay-type":"","overlay-color":"","overlay-opacity":"","overlay-gradient":""},"tablet":{"background-color":"","background-image":"","background-repeat":"repeat","background-position":"center center","background-size":"auto","background-attachment":"scroll","background-type":"","background-media":"","overlay-type":"","overlay-color":"","overlay-opacity":"","overlay-gradient":""},"mobile":{"background-color":"","background-image":"","background-repeat":"repeat","background-position":"center center","background-size":"auto","background-attachment":"scroll","background-type":"","background-media":"","overlay-type":"","overlay-color":"","overlay-opacity":"","overlay-gradient":""}},"ast-content-background-meta":{"desktop":{"background-color":"var(--ast-global-color-5)","background-image":"","background-repeat":"repeat","background-position":"center center","background-size":"auto","background-attachment":"scroll","background-type":"","background-media":"","overlay-type":"","overlay-color":"","overlay-opacity":"","overlay-gradient":""},"tablet":{"background-color":"var(--ast-global-color-5)","background-image":"","background-repeat":"repeat","background-position":"center center","background-size":"auto","background-attachment":"scroll","background-type":"","background-media":"","overlay-type":"","overlay-color":"","overlay-opacity":"","overlay-gradient":""},"mobile":{"background-color":"var(--ast-global-color-5)","background-image":"","background-repeat":"repeat","background-position":"center center","background-size":"auto","background-attachment":"scroll","background-type":"","background-media":"","overlay-type":"","overlay-color":"","overlay-opacity":"","overlay-gradient":""}},"footnotes":""},"class_list":["post-6303","page","type-page","status-publish","hentry"],"yoast_head":"<!-- This site is optimized with the Yoast SEO plugin v24.5 - https:\/\/yoast.com\/wordpress\/plugins\/seo\/ -->\n<title>Yasal Uyar\u0131 | MACROZA<\/title>\n<meta name=\"robots\" content=\"index, follow, max-snippet:-1, max-image-preview:large, max-video-preview:-1\" \/>\n<link rel=\"canonical\" href=\"https:\/\/www.macroza.com\/tr\/yasal-bildirim\/\" \/>\n<meta property=\"og:locale\" content=\"tr_TR\" \/>\n<meta property=\"og:type\" content=\"article\" \/>\n<meta property=\"og:title\" content=\"Yasal Uyar\u0131 | MACROZA\" \/>\n<meta property=\"og:description\" content=\"YASAL B\u0130LD\u0130R\u0130M WEB SITESI SAHIBI \u015eI\u0307RKET ADI: MACROZA EXPORT S.L.KDV NUMARASI: B80425986MERKEZ OF\u0130S: C\/ Le\u00f1eros 15, 28039 MadridTELEFON: 915 41 92 94E-POSTA: info@macroza.comTICARET SICILINE GIRI\u015e DETAYLARI:Hacim: 4758Kitap: 0Folio: 94B\u00f6l\u00fcm: 8Bro\u015f\u00fcr: 78106 M MACROZA, d\u00fcnyan\u0131n \u00f6nde gelen Kanal A\u00e7malar 30&#8217;dan fazla \u00fclkedeki profesyoneller i\u00e7in.\" \/>\n<meta property=\"og:url\" content=\"https:\/\/www.macroza.com\/tr\/yasal-bildirim\/\" \/>\n<meta property=\"og:site_name\" content=\"MACROZA\" \/>\n<meta property=\"article:publisher\" content=\"https:\/\/www.facebook.com\/macrozaofficial\/\" \/>\n<meta property=\"article:modified_time\" content=\"2024-01-21T12:19:52+00:00\" \/>\n<meta name=\"twitter:card\" content=\"summary_large_image\" \/>\n<script type=\"application\/ld+json\" class=\"yoast-schema-graph\">{\"@context\":\"https:\/\/schema.org\",\"@graph\":[{\"@type\":\"WebPage\",\"@id\":\"https:\/\/www.macroza.com\/tr\/yasal-bildirim\/\",\"url\":\"https:\/\/www.macroza.com\/tr\/yasal-bildirim\/\",\"name\":\"Yasal Uyar\u0131 | MACROZA\",\"isPartOf\":{\"@id\":\"https:\/\/www.macroza.com\/tr\/#website\"},\"datePublished\":\"2023-11-12T13:46:56+00:00\",\"dateModified\":\"2024-01-21T12:19:52+00:00\",\"breadcrumb\":{\"@id\":\"https:\/\/www.macroza.com\/tr\/yasal-bildirim\/#breadcrumb\"},\"inLanguage\":\"tr\",\"potentialAction\":[{\"@type\":\"ReadAction\",\"target\":[\"https:\/\/www.macroza.com\/tr\/yasal-bildirim\/\"]}]},{\"@type\":\"BreadcrumbList\",\"@id\":\"https:\/\/www.macroza.com\/tr\/yasal-bildirim\/#breadcrumb\",\"itemListElement\":[{\"@type\":\"ListItem\",\"position\":1,\"name\":\"Home\",\"item\":\"https:\/\/www.macroza.com\/tr\/macroza\/\"},{\"@type\":\"ListItem\",\"position\":2,\"name\":\"Yasal Uyar\u0131\"}]},{\"@type\":\"WebSite\",\"@id\":\"https:\/\/www.macroza.com\/tr\/#website\",\"url\":\"https:\/\/www.macroza.com\/tr\/\",\"name\":\"www.macroza.com\",\"description\":\"Fabricante de rozadoras de pared\",\"publisher\":{\"@id\":\"https:\/\/www.macroza.com\/tr\/#organization\"},\"alternateName\":\"Macroza\",\"potentialAction\":[{\"@type\":\"SearchAction\",\"target\":{\"@type\":\"EntryPoint\",\"urlTemplate\":\"https:\/\/www.macroza.com\/tr\/?s={search_term_string}\"},\"query-input\":{\"@type\":\"PropertyValueSpecification\",\"valueRequired\":true,\"valueName\":\"search_term_string\"}}],\"inLanguage\":\"tr\"},{\"@type\":\"Organization\",\"@id\":\"https:\/\/www.macroza.com\/tr\/#organization\",\"name\":\"Macroza\",\"alternateName\":\"Macroza Export\",\"url\":\"https:\/\/www.macroza.com\/tr\/\",\"logo\":{\"@type\":\"ImageObject\",\"inLanguage\":\"tr\",\"@id\":\"https:\/\/www.macroza.com\/tr\/#\/schema\/logo\/image\/\",\"url\":\"https:\/\/www.macroza.com\/wp-content\/uploads\/2023\/11\/cropped-Diseno-sin-titulo-10.png\",\"contentUrl\":\"https:\/\/www.macroza.com\/wp-content\/uploads\/2023\/11\/cropped-Diseno-sin-titulo-10.png\",\"width\":512,\"height\":512,\"caption\":\"Macroza\"},\"image\":{\"@id\":\"https:\/\/www.macroza.com\/tr\/#\/schema\/logo\/image\/\"},\"sameAs\":[\"https:\/\/www.facebook.com\/macrozaofficial\/\",\"https:\/\/www.instagram.com\/macroza_official\/\",\"https:\/\/www.linkedin.com\/company\/macroza-wall-chasers\/\",\"https:\/\/www.youtube.com\/@MACROZAWallChasers\/videos\"]}]}<\/script>\n<!-- \/ Yoast SEO plugin. -->","yoast_head_json":{"title":"Yasal Uyar\u0131 | MACROZA","robots":{"index":"index","follow":"follow","max-snippet":"max-snippet:-1","max-image-preview":"max-image-preview:large","max-video-preview":"max-video-preview:-1"},"canonical":"https:\/\/www.macroza.com\/tr\/yasal-bildirim\/","og_locale":"tr_TR","og_type":"article","og_title":"Yasal Uyar\u0131 | MACROZA","og_description":"YASAL B\u0130LD\u0130R\u0130M WEB SITESI SAHIBI \u015eI\u0307RKET ADI: MACROZA EXPORT S.L.KDV NUMARASI: B80425986MERKEZ OF\u0130S: C\/ Le\u00f1eros 15, 28039 MadridTELEFON: 915 41 92 94E-POSTA: info@macroza.comTICARET SICILINE GIRI\u015e DETAYLARI:Hacim: 4758Kitap: 0Folio: 94B\u00f6l\u00fcm: 8Bro\u015f\u00fcr: 78106 M MACROZA, d\u00fcnyan\u0131n \u00f6nde gelen Kanal A\u00e7malar 30&#8217;dan fazla \u00fclkedeki profesyoneller i\u00e7in.","og_url":"https:\/\/www.macroza.com\/tr\/yasal-bildirim\/","og_site_name":"MACROZA","article_publisher":"https:\/\/www.facebook.com\/macrozaofficial\/","article_modified_time":"2024-01-21T12:19:52+00:00","twitter_card":"summary_large_image","schema":{"@context":"https:\/\/schema.org","@graph":[{"@type":"WebPage","@id":"https:\/\/www.macroza.com\/tr\/yasal-bildirim\/","url":"https:\/\/www.macroza.com\/tr\/yasal-bildirim\/","name":"Yasal Uyar\u0131 | MACROZA","isPartOf":{"@id":"https:\/\/www.macroza.com\/tr\/#website"},"datePublished":"2023-11-12T13:46:56+00:00","dateModified":"2024-01-21T12:19:52+00:00","breadcrumb":{"@id":"https:\/\/www.macroza.com\/tr\/yasal-bildirim\/#breadcrumb"},"inLanguage":"tr","potentialAction":[{"@type":"ReadAction","target":["https:\/\/www.macroza.com\/tr\/yasal-bildirim\/"]}]},{"@type":"BreadcrumbList","@id":"https:\/\/www.macroza.com\/tr\/yasal-bildirim\/#breadcrumb","itemListElement":[{"@type":"ListItem","position":1,"name":"Home","item":"https:\/\/www.macroza.com\/tr\/macroza\/"},{"@type":"ListItem","position":2,"name":"Yasal Uyar\u0131"}]},{"@type":"WebSite","@id":"https:\/\/www.macroza.com\/tr\/#website","url":"https:\/\/www.macroza.com\/tr\/","name":"www.macroza.com","description":"Fabricante de rozadoras de pared","publisher":{"@id":"https:\/\/www.macroza.com\/tr\/#organization"},"alternateName":"Macroza","potentialAction":[{"@type":"SearchAction","target":{"@type":"EntryPoint","urlTemplate":"https:\/\/www.macroza.com\/tr\/?s={search_term_string}"},"query-input":{"@type":"PropertyValueSpecification","valueRequired":true,"valueName":"search_term_string"}}],"inLanguage":"tr"},{"@type":"Organization","@id":"https:\/\/www.macroza.com\/tr\/#organization","name":"Macroza","alternateName":"Macroza Export","url":"https:\/\/www.macroza.com\/tr\/","logo":{"@type":"ImageObject","inLanguage":"tr","@id":"https:\/\/www.macroza.com\/tr\/#\/schema\/logo\/image\/","url":"https:\/\/www.macroza.com\/wp-content\/uploads\/2023\/11\/cropped-Diseno-sin-titulo-10.png","contentUrl":"https:\/\/www.macroza.com\/wp-content\/uploads\/2023\/11\/cropped-Diseno-sin-titulo-10.png","width":512,"height":512,"caption":"Macroza"},"image":{"@id":"https:\/\/www.macroza.com\/tr\/#\/schema\/logo\/image\/"},"sameAs":["https:\/\/www.facebook.com\/macrozaofficial\/","https:\/\/www.instagram.com\/macroza_official\/","https:\/\/www.linkedin.com\/company\/macroza-wall-chasers\/","https:\/\/www.youtube.com\/@MACROZAWallChasers\/videos"]}]}},"_links":{"self":[{"href":"https:\/\/www.macroza.com\/tr\/wp-json\/wp\/v2\/pages\/6303","targetHints":{"allow":["GET"]}}],"collection":[{"href":"https:\/\/www.macroza.com\/tr\/wp-json\/wp\/v2\/pages"}],"about":[{"href":"https:\/\/www.macroza.com\/tr\/wp-json\/wp\/v2\/types\/page"}],"author":[{"embeddable":true,"href":"https:\/\/www.macroza.com\/tr\/wp-json\/wp\/v2\/users\/2"}],"replies":[{"embeddable":true,"href":"https:\/\/www.macroza.com\/tr\/wp-json\/wp\/v2\/comments?post=6303"}],"version-history":[{"count":5,"href":"https:\/\/www.macroza.com\/tr\/wp-json\/wp\/v2\/pages\/6303\/revisions"}],"predecessor-version":[{"id":9244,"href":"https:\/\/www.macroza.com\/tr\/wp-json\/wp\/v2\/pages\/6303\/revisions\/9244"}],"wp:attachment":[{"href":"https:\/\/www.macroza.com\/tr\/wp-json\/wp\/v2\/media?parent=6303"}],"curies":[{"name":"wp","href":"https:\/\/api.w.org\/{rel}","templated":true}]}}