{"id":8249,"date":"2023-11-12T14:46:34","date_gmt":"2023-11-12T13:46:34","guid":{"rendered":"https:\/\/www.macroza.com\/politica-de-confidentialitate\/"},"modified":"2024-10-23T12:53:26","modified_gmt":"2024-10-23T10:53:26","slug":"politica-de-confidentialitate","status":"publish","type":"page","link":"https:\/\/www.macroza.com\/ro\/politica-de-confidentialitate\/","title":{"rendered":"Politica de confiden\u021bialitate"},"content":{"rendered":"\t\t<div data-elementor-type=\"wp-page\" data-elementor-id=\"8249\" class=\"elementor elementor-8249 elementor-3318\" data-elementor-settings=\"{&quot;ha_cmc_init_switcher&quot;:&quot;no&quot;}\" data-elementor-post-type=\"page\">\n\t\t\t\t\t\t<section class=\"elementor-section elementor-top-section elementor-element elementor-element-6ddb705 elementor-section-boxed elementor-section-height-default elementor-section-height-default\" data-id=\"6ddb705\" data-element_type=\"section\" data-settings=\"{&quot;_ha_eqh_enable&quot;:false}\">\n\t\t\t\t\t\t<div class=\"elementor-container elementor-column-gap-default\">\n\t\t\t\t\t<div class=\"elementor-column elementor-col-100 elementor-top-column elementor-element elementor-element-f3b66e2\" data-id=\"f3b66e2\" data-element_type=\"column\">\n\t\t\t<div class=\"elementor-widget-wrap elementor-element-populated\">\n\t\t\t\t\t\t<div class=\"elementor-element elementor-element-ccf9096 elementor-widget__width-initial elementor-widget elementor-widget-text-editor\" data-id=\"ccf9096\" data-element_type=\"widget\" data-widget_type=\"text-editor.default\">\n\t\t\t\t<div class=\"elementor-widget-container\">\n\t\t\t\t\t\t\t\t\t<h1><strong>POLITICA DE CONFIDEN\u021aIALITATE MACROZA<\/strong><\/h1>\n<p>\u00cen conformitate cu principiile legalit\u0103\u021bii, corectitudinii \u0219i transparen\u021bei, v\u0103 punem la dispozi\u021bie politica noastr\u0103 de confiden\u021bialitate.<\/p>\n<p><strong>Cine este operatorul de date al datelor dumneavoastr\u0103?<\/strong><\/p>\n<p><strong>RESPONSABIL: <\/strong>MACROZA EXPORT S.L.<br><strong>NUM\u0102R TVA:<\/strong> B80425986<br><strong>Sediul central:<\/strong> C\/ Le\u00f1eros 15, 28039 Madrid, Spania<br><strong>EMAIL: <\/strong><a href=\"mailto:info@macroza.com\" target=\"_blank\" rel=\"noopener\">info@macroza.com<\/a><br><strong>TELEFON: <\/strong>0034 915419294<br><strong>SPECIALIZARE: <\/strong><a href=\"https:\/\/www.macroza.com\/rozadoras-de-pared\/\">Productia de Masini de t\u0101iat canale<\/a> \u0219i Accesorii<\/p>\n<p><strong><br><\/strong><\/p><h6><strong>\u00ce<\/strong><span style=\"font-weight: normal;\">n ce scopuri prelucr\u0103m datele dumneavoastr\u0103 personale?<\/span><\/h6>\n<h6><span style=\"font-weight: normal;\">La MACROZA EXPORT S.L., \u00een func\u021bie de categoria de persoan\u0103 interesat\u0103 \u00een cauz\u0103, prelucr\u0103m informa\u021biile pe care ni le furniza\u021bi \u00een urm\u0103toarele scopuri:<\/span><\/h6>\n\n<p>SCOPURI DE PRELUCRARE<\/p>\n<p><em>CLIEN\u021aI POTEN\u021aIALI<\/em><br>Gestionarea rela\u021biei comerciale \u0219i\/sau profesionale poten\u021biale, gestionarea trimiterii informa\u021biilor solicitate \u0219i\/sau rezolvarea \u00eentreb\u0103rilor ridicate, furnizarea de oferte de servicii \u0219i\/sau produse de interes pentru dumneavoastr\u0103.<\/p>\n<p><em><strong>CLIEN\u021aI<\/strong><\/em><br>Pentru a gestiona rela\u021bia comercial\u0103 \u0219i\/sau profesional\u0103, pentru a v\u0103 oferi oferte de servicii \u0219i\/sau produse de interes pentru dumneavoastr\u0103.<\/p>\n<p><em><strong>FURNIZORI<\/strong><\/em><br>Gestiona\u021bi rela\u021bia comercial\u0103 \u0219i\/sau profesional\u0103.<\/p>\n<p><em><strong>CANDIDA\u021aI<\/strong><\/em><br>Gestionarea procesului de selec\u021bie a personalului.<\/p>\n<p><em><strong>UTILIZATORI WEB<\/strong><\/em><br>Gestiona\u021bi analiza datelor dvs. de navigare.<\/p>\n<p><strong>Care este legitimitatea prelucr\u0103rii datelor dumneavoastr\u0103?<\/strong><\/p>\n<p>Temeiul juridic pentru prelucrarea datelor dumneavoastr\u0103 cu caracter personal, \u00een func\u021bie de categoria de persoane vizate:<\/p>\n\n<p>TEMEI JURIDIC<\/p>\n<p><strong><em>CLIEN\u021aI POTEN\u021aIALI<\/em><\/strong><br>Art. 6.1.b GDPR: aplicarea, la cererea persoanei vizate, a m\u0103surilor precontractuale (estim\u0103ri, formulare de comand\u0103, oferte de servicii etc.).<br>Art. 6.1.f RGPD: interes legitim (trimiterea informa\u021biilor solicitate, r\u0103spuns la \u00eentreb\u0103rile adresate&#8230;).<br>Art. 6.1.a RGPD: consim\u021b\u0103m\u00e2ntul persoanei vizate (furnizarea de oferte ale serviciilor \u0219i\/sau produselor noastre).<\/p>\n<p><em><strong>CLIEN\u021aI<\/strong><\/em><br>Art. 6.1.b GDPR: executarea unui contract la care persoana vizat\u0103 este parte.<\/p>\n<p><em><strong>FURNIZORI<\/strong><\/em><br>Art. 6.1.b GDPR: executarea unui contract la care persoana vizat\u0103 este parte.<\/p>\n<p><em><strong>CANDIDA\u021aI<\/strong><\/em><br>Art. 6.1.a RGPD: consim\u021b\u0103m\u00e2ntul persoanei vizate.<\/p>\n<p><strong><em>UTILIZATORI WEB<\/em><\/strong><br>Art. 6.1.a RGPD: consim\u021b\u0103m\u00e2ntul persoanei vizate.<\/p>\n<p>Datele pe care vi le solicit\u0103m sunt adecvate, relevante \u0219i strict necesare \u0219i \u00een niciun caz nu sunte\u021bi obligat s\u0103 ni le furniza\u021bi, dar nerespectarea lor poate afecta scopul serviciului sau imposibilitatea de a-l furniza.<br><strong> <br>C\u00e2t timp vom p\u0103stra datele dumneavoastr\u0103 personale?<\/strong><\/p>\n<p>Datele dvs. vor fi p\u0103strate pentru perioada minim\u0103 necesar\u0103 pentru furnizarea corect\u0103 a serviciului oferit, precum \u0219i pentru a \u00eendeplini responsabilit\u0103\u021bile care pot ap\u0103rea din acestea \u0219i orice alte cerin\u021be legale.<br><strong> <br>C\u0103tre ce destinatari vor fi comunicate datele dumneavoastr\u0103?<\/strong><\/p>\n<p><strong>MACROZA EXPORT S.L <\/strong>. nu va comunica datele dvs. unei ter\u021be p\u0103r\u021bi, cu excep\u021bia cazului \u00een care este informat\u0103 \u00een mod expres despre acest lucru.<\/p>\n<p>\u00cen plus, v\u0103 inform\u0103m c\u0103 anumite date, \u00een virtutea reglement\u0103rilor \u00een vigoare sau a rela\u021biei contractuale pe care o men\u021bine\u021bi cu <strong>MACROZA EXPORT S.L<\/strong>., pot fi comunicate c\u0103tre:<\/p>\n<ul>\n<li>B\u0103nci \u0219i institu\u021bii financiare pentru \u00eencasarea serviciilor contractate \u0219i\/sau a produselor achizi\u021bionate.<\/li>\n<li>Administra\u021biile publice cu competen\u021be \u00een sectoarele \u00een care opereaz\u0103 <strong>MACROZA EXPORT S.L<\/strong>., atunci c\u00e2nd legisla\u021bia \u00een vigoare prevede acest lucru.<\/li>\n<\/ul>\n<p><strong>Care sunt drepturile dumneavoastr\u0103 atunci c\u00e2nd ne furniza\u021bi datele dumneavoastr\u0103?<\/strong><\/p>\n<p>Drepturile de protec\u021bie a datelor pe care persoanele vizate le pot exercita, dac\u0103 este cazul, sunt:<\/p>\n<ul>\n<li>Dreptul de a solicita accesul la datele cu caracter personal referitoare la persoana vizat\u0103.<\/li>\n<li>Dreptul de rectificare sau de \u0219tergere.<\/li>\n<li>Dreptul la opozi\u021bie.<\/li>\n<li>Dreptul de a solicita restric\u021bionarea prelucr\u0103rii.<\/li>\n<li>Dreptul la portabilitatea datelor.<\/li>\n<li>Dreptul de a nu face obiectul unor decizii bazate exclusiv pe prelucrarea automat\u0103 a datelor.<\/li>\n<\/ul>\n<p>Titularii datelor cu caracter personal ob\u021binute \u00ee\u0219i pot exercita drepturile de protec\u021bie a datelor cu caracter personal prin trimiterea unei comunic\u0103ri scrise la sediul social al <strong>MACROZA EXPORT S.L<\/strong>. sau la adresa de e-mail furnizat\u0103 \u00een acest scop, <a href=\"mailto:info@macroza.com\" target=\"_blank\" rel=\"noopener\">info@macroza.com<\/a>.<\/p>\n<p>Modele, formulare \u0219i mai multe informa\u021bii despre drepturile dumneavoastr\u0103 sunt disponibile pe site-ul web al autorit\u0103\u021bii na\u021bionale de supraveghere, Agencia Espa\u00f1ola de Protecci\u00f3n de Datos, denumit\u0103 \u00een continuare AEPD, <a href=\"http:\/\/www.aepd.es\/\" target=\"_blank\" rel=\"noopener\">www.aepd.es<\/a>.<\/p>\n<p><strong>Pot s\u0103 retrag consim\u021b\u0103m\u00e2ntul?<\/strong><\/p>\n<p>Ave\u021bi posibilitatea \u0219i dreptul de a v\u0103 retrage consim\u021b\u0103m\u00e2ntul pentru orice scop specific dat la momentul respectiv, f\u0103r\u0103 a afecta legalitatea prelucr\u0103rii bazate pe consim\u021b\u0103m\u00e2ntul acordat \u00eenainte de retragerea acestuia.<\/p>\n<p><strong>Unde pot depune o pl\u00e2ngere dac\u0103 consider c\u0103 datele mele nu sunt tratate corect?<\/strong><\/p>\n<p>\u00cen cazul \u00een care o persoan\u0103 vizat\u0103 consider\u0103 c\u0103 datele sale nu sunt prelucrate corect de c\u0103tre <strong>MACROZA EXPORT S.L.<\/strong> sau c\u0103 solicit\u0103rile de exercitare a drepturilor nu au fost solu\u021bionate \u00een mod satisf\u0103c\u0103tor, pute\u021bi depune o pl\u00e2ngere la autoritatea de protec\u021bie a datelor corespunz\u0103toare, AEPD fiind cea indicat\u0103 pe teritoriul na\u021bional, <a href=\"http:\/\/www.aepd.es\/\" target=\"_blank\" rel=\"noopener\">www.aepd.es.<\/a><\/p>\n<p><strong>Securitatea \u0219i actualizarea datelor dumneavoastr\u0103 cu caracter personal<\/strong><\/p>\n<p>Pentru a asigura securitatea datelor dumneavoastr\u0103 cu caracter personal, v\u0103 inform\u0103m c\u0103 am luat toate m\u0103surile tehnice \u0219i organizatorice necesare pentru a asigura securitatea datelor cu caracter personal furnizate. Toate acestea au ca scop prevenirea modific\u0103rii, pierderii \u0219i\/sau prelucr\u0103rii sau accesului neautorizat, a\u0219a cum prevede legea, de\u0219i securitatea absolut\u0103 nu exist\u0103.<\/p>\n<p>Pentru ca noi s\u0103 p\u0103str\u0103m datele dvs. personale actualizate, este important s\u0103 ne informa\u021bi de fiecare dat\u0103 c\u00e2nd exist\u0103 o modificare a datelor dvs. personale.<\/p>\n<p><strong>Confiden\u021bialitate<\/strong><\/p>\n<p>MACROZA EXPORT S.L. v\u0103 informeaz\u0103 c\u0103 datele dumneavoastr\u0103 vor fi tratate cu cea mai mare aten\u021bie \u0219i confiden\u021bialitate de c\u0103tre tot personalul implicat \u00een oricare dintre etapele de prelucrare. Nu vom transmite sau comunica datele dvs. unei ter\u021be p\u0103r\u021bi, cu excep\u021bia cazurilor prev\u0103zute de lege sau cu excep\u021bia cazului \u00een care partea interesat\u0103 ne-a autorizat \u00een mod expres s\u0103 facem acest lucru.<\/p>\t\t\t\t\t\t\t\t<\/div>\n\t\t\t\t<\/div>\n\t\t\t\t\t<\/div>\n\t\t<\/div>\n\t\t\t\t\t<\/div>\n\t\t<\/section>\n\t\t\t\t<\/div>\n\t\t","protected":false},"excerpt":{"rendered":"<p>POLITICA DE CONFIDEN\u021aIALITATE MACROZA \u00cen conformitate cu principiile legalit\u0103\u021bii, corectitudinii \u0219i transparen\u021bei, v\u0103 punem la dispozi\u021bie politica noastr\u0103 de confiden\u021bialitate. Cine este operatorul de date al datelor dumneavoastr\u0103? RESPONSABIL: MACROZA EXPORT S.L.NUM\u0102R TVA: B80425986Sediul central: C\/ Le\u00f1eros 15, 28039 Madrid, SpaniaEMAIL: info@macroza.comTELEFON: 0034 915419294SPECIALIZARE: Productia de Masini de t\u0101iat canale \u0219i Accesorii \u00cen ce scopuri [&hellip;]<\/p>\n","protected":false},"author":2,"featured_media":0,"parent":0,"menu_order":0,"comment_status":"closed","ping_status":"closed","template":"","meta":{"inline_featured_image":false,"site-sidebar-layout":"no-sidebar","site-content-layout":"page-builder","ast-site-content-layout":"full-width-container","site-content-style":"unboxed","site-sidebar-style":"unboxed","ast-global-header-display":"","ast-banner-title-visibility":"","ast-main-header-display":"","ast-hfb-above-header-display":"","ast-hfb-below-header-display":"","ast-hfb-mobile-header-display":"","site-post-title":"disabled","ast-breadcrumbs-content":"","ast-featured-img":"disabled","footer-sml-layout":"","theme-transparent-header-meta":"","adv-header-id-meta":"","stick-header-meta":"","header-above-stick-meta":"","header-main-stick-meta":"","header-below-stick-meta":"","astra-migrate-meta-layouts":"default","ast-page-background-enabled":"default","ast-page-background-meta":{"desktop":{"background-color":"var(--ast-global-color-4)","background-image":"","background-repeat":"repeat","background-position":"center center","background-size":"auto","background-attachment":"scroll","background-type":"","background-media":"","overlay-type":"","overlay-color":"","overlay-opacity":"","overlay-gradient":""},"tablet":{"background-color":"","background-image":"","background-repeat":"repeat","background-position":"center center","background-size":"auto","background-attachment":"scroll","background-type":"","background-media":"","overlay-type":"","overlay-color":"","overlay-opacity":"","overlay-gradient":""},"mobile":{"background-color":"","background-image":"","background-repeat":"repeat","background-position":"center center","background-size":"auto","background-attachment":"scroll","background-type":"","background-media":"","overlay-type":"","overlay-color":"","overlay-opacity":"","overlay-gradient":""}},"ast-content-background-meta":{"desktop":{"background-color":"var(--ast-global-color-5)","background-image":"","background-repeat":"repeat","background-position":"center center","background-size":"auto","background-attachment":"scroll","background-type":"","background-media":"","overlay-type":"","overlay-color":"","overlay-opacity":"","overlay-gradient":""},"tablet":{"background-color":"var(--ast-global-color-5)","background-image":"","background-repeat":"repeat","background-position":"center center","background-size":"auto","background-attachment":"scroll","background-type":"","background-media":"","overlay-type":"","overlay-color":"","overlay-opacity":"","overlay-gradient":""},"mobile":{"background-color":"var(--ast-global-color-5)","background-image":"","background-repeat":"repeat","background-position":"center center","background-size":"auto","background-attachment":"scroll","background-type":"","background-media":"","overlay-type":"","overlay-color":"","overlay-opacity":"","overlay-gradient":""}},"footnotes":""},"class_list":["post-8249","page","type-page","status-publish","hentry"],"yoast_head":"<!-- This site is optimized with the Yoast SEO plugin v24.5 - https:\/\/yoast.com\/wordpress\/plugins\/seo\/ -->\n<title>Politica de confiden\u021bialitate | MACROZA<\/title>\n<meta name=\"robots\" content=\"index, follow, max-snippet:-1, max-image-preview:large, max-video-preview:-1\" \/>\n<link rel=\"canonical\" href=\"https:\/\/www.macroza.com\/ro\/politica-de-confidentialitate\/\" \/>\n<meta property=\"og:locale\" content=\"ro_RO\" \/>\n<meta property=\"og:type\" content=\"article\" \/>\n<meta property=\"og:title\" content=\"Politica de confiden\u021bialitate | MACROZA\" \/>\n<meta property=\"og:description\" content=\"POLITICA DE CONFIDEN\u021aIALITATE MACROZA \u00cen conformitate cu principiile legalit\u0103\u021bii, corectitudinii \u0219i transparen\u021bei, v\u0103 punem la dispozi\u021bie politica noastr\u0103 de confiden\u021bialitate. Cine este operatorul de date al datelor dumneavoastr\u0103? RESPONSABIL: MACROZA EXPORT S.L.NUM\u0102R TVA: B80425986Sediul central: C\/ Le\u00f1eros 15, 28039 Madrid, SpaniaEMAIL: info@macroza.comTELEFON: 0034 915419294SPECIALIZARE: Productia de Masini de t\u0101iat canale \u0219i Accesorii \u00cen ce scopuri [&hellip;]\" \/>\n<meta property=\"og:url\" content=\"https:\/\/www.macroza.com\/ro\/politica-de-confidentialitate\/\" \/>\n<meta property=\"og:site_name\" content=\"MACROZA\" \/>\n<meta property=\"article:publisher\" content=\"https:\/\/www.facebook.com\/macrozaofficial\/\" \/>\n<meta property=\"article:modified_time\" content=\"2024-10-23T10:53:26+00:00\" \/>\n<meta name=\"twitter:card\" content=\"summary_large_image\" \/>\n<meta name=\"twitter:label1\" content=\"Timp estimat pentru citire\" \/>\n\t<meta name=\"twitter:data1\" content=\"5 minut\" \/>\n<script type=\"application\/ld+json\" class=\"yoast-schema-graph\">{\"@context\":\"https:\/\/schema.org\",\"@graph\":[{\"@type\":\"WebPage\",\"@id\":\"https:\/\/www.macroza.com\/ro\/politica-de-confidentialitate\/\",\"url\":\"https:\/\/www.macroza.com\/ro\/politica-de-confidentialitate\/\",\"name\":\"Politica de confiden\u021bialitate | MACROZA\",\"isPartOf\":{\"@id\":\"https:\/\/www.macroza.com\/ro\/#website\"},\"datePublished\":\"2023-11-12T13:46:34+00:00\",\"dateModified\":\"2024-10-23T10:53:26+00:00\",\"breadcrumb\":{\"@id\":\"https:\/\/www.macroza.com\/ro\/politica-de-confidentialitate\/#breadcrumb\"},\"inLanguage\":\"ro-RO\",\"potentialAction\":[{\"@type\":\"ReadAction\",\"target\":[\"https:\/\/www.macroza.com\/ro\/politica-de-confidentialitate\/\"]}]},{\"@type\":\"BreadcrumbList\",\"@id\":\"https:\/\/www.macroza.com\/ro\/politica-de-confidentialitate\/#breadcrumb\",\"itemListElement\":[{\"@type\":\"ListItem\",\"position\":1,\"name\":\"Home\",\"item\":\"https:\/\/www.macroza.com\/ro\/\"},{\"@type\":\"ListItem\",\"position\":2,\"name\":\"Politica de confiden\u021bialitate\"}]},{\"@type\":\"WebSite\",\"@id\":\"https:\/\/www.macroza.com\/ro\/#website\",\"url\":\"https:\/\/www.macroza.com\/ro\/\",\"name\":\"www.macroza.com\",\"description\":\"Fabricante de rozadoras de pared\",\"publisher\":{\"@id\":\"https:\/\/www.macroza.com\/ro\/#organization\"},\"alternateName\":\"Macroza\",\"potentialAction\":[{\"@type\":\"SearchAction\",\"target\":{\"@type\":\"EntryPoint\",\"urlTemplate\":\"https:\/\/www.macroza.com\/ro\/?s={search_term_string}\"},\"query-input\":{\"@type\":\"PropertyValueSpecification\",\"valueRequired\":true,\"valueName\":\"search_term_string\"}}],\"inLanguage\":\"ro-RO\"},{\"@type\":\"Organization\",\"@id\":\"https:\/\/www.macroza.com\/ro\/#organization\",\"name\":\"Macroza\",\"alternateName\":\"Macroza Export\",\"url\":\"https:\/\/www.macroza.com\/ro\/\",\"logo\":{\"@type\":\"ImageObject\",\"inLanguage\":\"ro-RO\",\"@id\":\"https:\/\/www.macroza.com\/ro\/#\/schema\/logo\/image\/\",\"url\":\"https:\/\/www.macroza.com\/wp-content\/uploads\/2023\/11\/cropped-Diseno-sin-titulo-10.png\",\"contentUrl\":\"https:\/\/www.macroza.com\/wp-content\/uploads\/2023\/11\/cropped-Diseno-sin-titulo-10.png\",\"width\":512,\"height\":512,\"caption\":\"Macroza\"},\"image\":{\"@id\":\"https:\/\/www.macroza.com\/ro\/#\/schema\/logo\/image\/\"},\"sameAs\":[\"https:\/\/www.facebook.com\/macrozaofficial\/\",\"https:\/\/www.instagram.com\/macroza_official\/\",\"https:\/\/www.linkedin.com\/company\/macroza-wall-chasers\/\",\"https:\/\/www.youtube.com\/@MACROZAWallChasers\/videos\"]}]}<\/script>\n<!-- \/ Yoast SEO plugin. -->","yoast_head_json":{"title":"Politica de confiden\u021bialitate | MACROZA","robots":{"index":"index","follow":"follow","max-snippet":"max-snippet:-1","max-image-preview":"max-image-preview:large","max-video-preview":"max-video-preview:-1"},"canonical":"https:\/\/www.macroza.com\/ro\/politica-de-confidentialitate\/","og_locale":"ro_RO","og_type":"article","og_title":"Politica de confiden\u021bialitate | MACROZA","og_description":"POLITICA DE CONFIDEN\u021aIALITATE MACROZA \u00cen conformitate cu principiile legalit\u0103\u021bii, corectitudinii \u0219i transparen\u021bei, v\u0103 punem la dispozi\u021bie politica noastr\u0103 de confiden\u021bialitate. Cine este operatorul de date al datelor dumneavoastr\u0103? RESPONSABIL: MACROZA EXPORT S.L.NUM\u0102R TVA: B80425986Sediul central: C\/ Le\u00f1eros 15, 28039 Madrid, SpaniaEMAIL: info@macroza.comTELEFON: 0034 915419294SPECIALIZARE: Productia de Masini de t\u0101iat canale \u0219i Accesorii \u00cen ce scopuri [&hellip;]","og_url":"https:\/\/www.macroza.com\/ro\/politica-de-confidentialitate\/","og_site_name":"MACROZA","article_publisher":"https:\/\/www.facebook.com\/macrozaofficial\/","article_modified_time":"2024-10-23T10:53:26+00:00","twitter_card":"summary_large_image","twitter_misc":{"Timp estimat pentru citire":"5 minut"},"schema":{"@context":"https:\/\/schema.org","@graph":[{"@type":"WebPage","@id":"https:\/\/www.macroza.com\/ro\/politica-de-confidentialitate\/","url":"https:\/\/www.macroza.com\/ro\/politica-de-confidentialitate\/","name":"Politica de confiden\u021bialitate | MACROZA","isPartOf":{"@id":"https:\/\/www.macroza.com\/ro\/#website"},"datePublished":"2023-11-12T13:46:34+00:00","dateModified":"2024-10-23T10:53:26+00:00","breadcrumb":{"@id":"https:\/\/www.macroza.com\/ro\/politica-de-confidentialitate\/#breadcrumb"},"inLanguage":"ro-RO","potentialAction":[{"@type":"ReadAction","target":["https:\/\/www.macroza.com\/ro\/politica-de-confidentialitate\/"]}]},{"@type":"BreadcrumbList","@id":"https:\/\/www.macroza.com\/ro\/politica-de-confidentialitate\/#breadcrumb","itemListElement":[{"@type":"ListItem","position":1,"name":"Home","item":"https:\/\/www.macroza.com\/ro\/"},{"@type":"ListItem","position":2,"name":"Politica de confiden\u021bialitate"}]},{"@type":"WebSite","@id":"https:\/\/www.macroza.com\/ro\/#website","url":"https:\/\/www.macroza.com\/ro\/","name":"www.macroza.com","description":"Fabricante de rozadoras de pared","publisher":{"@id":"https:\/\/www.macroza.com\/ro\/#organization"},"alternateName":"Macroza","potentialAction":[{"@type":"SearchAction","target":{"@type":"EntryPoint","urlTemplate":"https:\/\/www.macroza.com\/ro\/?s={search_term_string}"},"query-input":{"@type":"PropertyValueSpecification","valueRequired":true,"valueName":"search_term_string"}}],"inLanguage":"ro-RO"},{"@type":"Organization","@id":"https:\/\/www.macroza.com\/ro\/#organization","name":"Macroza","alternateName":"Macroza Export","url":"https:\/\/www.macroza.com\/ro\/","logo":{"@type":"ImageObject","inLanguage":"ro-RO","@id":"https:\/\/www.macroza.com\/ro\/#\/schema\/logo\/image\/","url":"https:\/\/www.macroza.com\/wp-content\/uploads\/2023\/11\/cropped-Diseno-sin-titulo-10.png","contentUrl":"https:\/\/www.macroza.com\/wp-content\/uploads\/2023\/11\/cropped-Diseno-sin-titulo-10.png","width":512,"height":512,"caption":"Macroza"},"image":{"@id":"https:\/\/www.macroza.com\/ro\/#\/schema\/logo\/image\/"},"sameAs":["https:\/\/www.facebook.com\/macrozaofficial\/","https:\/\/www.instagram.com\/macroza_official\/","https:\/\/www.linkedin.com\/company\/macroza-wall-chasers\/","https:\/\/www.youtube.com\/@MACROZAWallChasers\/videos"]}]}},"_links":{"self":[{"href":"https:\/\/www.macroza.com\/ro\/wp-json\/wp\/v2\/pages\/8249","targetHints":{"allow":["GET"]}}],"collection":[{"href":"https:\/\/www.macroza.com\/ro\/wp-json\/wp\/v2\/pages"}],"about":[{"href":"https:\/\/www.macroza.com\/ro\/wp-json\/wp\/v2\/types\/page"}],"author":[{"embeddable":true,"href":"https:\/\/www.macroza.com\/ro\/wp-json\/wp\/v2\/users\/2"}],"replies":[{"embeddable":true,"href":"https:\/\/www.macroza.com\/ro\/wp-json\/wp\/v2\/comments?post=8249"}],"version-history":[{"count":5,"href":"https:\/\/www.macroza.com\/ro\/wp-json\/wp\/v2\/pages\/8249\/revisions"}],"predecessor-version":[{"id":14934,"href":"https:\/\/www.macroza.com\/ro\/wp-json\/wp\/v2\/pages\/8249\/revisions\/14934"}],"wp:attachment":[{"href":"https:\/\/www.macroza.com\/ro\/wp-json\/wp\/v2\/media?parent=8249"}],"curies":[{"name":"wp","href":"https:\/\/api.w.org\/{rel}","templated":true}]}}