{"id":19624,"date":"2024-02-08T08:42:31","date_gmt":"2024-02-08T07:42:31","guid":{"rendered":"https:\/\/www.macroza.com\/promo\/"},"modified":"2025-12-18T14:32:50","modified_gmt":"2025-12-18T13:32:50","slug":"promo","status":"publish","type":"page","link":"https:\/\/www.macroza.com\/ro\/promo\/","title":{"rendered":"Promo"},"content":{"rendered":"\t\t<div data-elementor-type=\"wp-page\" data-elementor-id=\"19624\" class=\"elementor elementor-19624 elementor-9921\" data-elementor-settings=\"{&quot;ha_cmc_init_switcher&quot;:&quot;no&quot;}\" data-elementor-post-type=\"page\">\n\t\t\t\t\t\t<\/div>\n\t\t","protected":false},"excerpt":{"rendered":"<p>ECONOMISI\u021aI P\u00c2N\u0102 LA 200% \u00ceN TIMP CU MASIN\u0100S DE T\u0100IAT CANALE.OB\u021aINE\u021aI-L PE AL DVS.! F\u0103r\u0103 rupere, f\u0103r\u0103 m\u0103run\u021bire. Deschide canale curate \u00een pere\u021bi \u00eentr-o singur\u0103 trecere, economisind timp \u0219i materiale. Profita\u021bi de promo\u021bia limitat\u0103 \u0219i primi\u021bi mai multe informa\u021bii GRATUIT. MACROZA VS. DISCURI DE FREZAT CONVEN\u021aIONALE Ob\u021bine\u021bi cele mai bune finisaje \u00een 200% mai pu\u021bin [&hellip;]<\/p>\n","protected":false},"author":2,"featured_media":0,"parent":0,"menu_order":0,"comment_status":"closed","ping_status":"closed","template":"","meta":{"inline_featured_image":false,"site-sidebar-layout":"no-sidebar","site-content-layout":"page-builder","ast-site-content-layout":"full-width-container","site-content-style":"unboxed","site-sidebar-style":"unboxed","ast-global-header-display":"","ast-banner-title-visibility":"","ast-main-header-display":"","ast-hfb-above-header-display":"","ast-hfb-below-header-display":"","ast-hfb-mobile-header-display":"","site-post-title":"disabled","ast-breadcrumbs-content":"","ast-featured-img":"disabled","footer-sml-layout":"","theme-transparent-header-meta":"","adv-header-id-meta":"","stick-header-meta":"","header-above-stick-meta":"","header-main-stick-meta":"","header-below-stick-meta":"","astra-migrate-meta-layouts":"default","ast-page-background-enabled":"default","ast-page-background-meta":{"desktop":{"background-color":"var(--ast-global-color-4)","background-image":"","background-repeat":"repeat","background-position":"center center","background-size":"auto","background-attachment":"scroll","background-type":"","background-media":"","overlay-type":"","overlay-color":"","overlay-opacity":"","overlay-gradient":""},"tablet":{"background-color":"","background-image":"","background-repeat":"repeat","background-position":"center center","background-size":"auto","background-attachment":"scroll","background-type":"","background-media":"","overlay-type":"","overlay-color":"","overlay-opacity":"","overlay-gradient":""},"mobile":{"background-color":"","background-image":"","background-repeat":"repeat","background-position":"center center","background-size":"auto","background-attachment":"scroll","background-type":"","background-media":"","overlay-type":"","overlay-color":"","overlay-opacity":"","overlay-gradient":""}},"ast-content-background-meta":{"desktop":{"background-color":"var(--ast-global-color-5)","background-image":"","background-repeat":"repeat","background-position":"center center","background-size":"auto","background-attachment":"scroll","background-type":"","background-media":"","overlay-type":"","overlay-color":"","overlay-opacity":"","overlay-gradient":""},"tablet":{"background-color":"var(--ast-global-color-5)","background-image":"","background-repeat":"repeat","background-position":"center center","background-size":"auto","background-attachment":"scroll","background-type":"","background-media":"","overlay-type":"","overlay-color":"","overlay-opacity":"","overlay-gradient":""},"mobile":{"background-color":"var(--ast-global-color-5)","background-image":"","background-repeat":"repeat","background-position":"center center","background-size":"auto","background-attachment":"scroll","background-type":"","background-media":"","overlay-type":"","overlay-color":"","overlay-opacity":"","overlay-gradient":""}},"footnotes":""},"class_list":["post-19624","page","type-page","status-publish","hentry"],"yoast_head":"<!-- This site is optimized with the Yoast SEO plugin v24.5 - https:\/\/yoast.com\/wordpress\/plugins\/seo\/ -->\n<title>Promo\u021bii |% MACROZA% MACROZA%<\/title>\n<meta name=\"description\" content=\"Vizita\u021bi pagina MACROZA Promo pentru a accesa reduceri \u0219i oferte speciale la gama noastr\u0103 de unelte \u0219i utilaje.\" \/>\n<meta name=\"robots\" content=\"index, follow, max-snippet:-1, max-image-preview:large, max-video-preview:-1\" \/>\n<link rel=\"canonical\" href=\"https:\/\/www.macroza.com\/ro\/promo\/\" \/>\n<meta property=\"og:locale\" content=\"ro_RO\" \/>\n<meta property=\"og:type\" content=\"article\" \/>\n<meta property=\"og:title\" content=\"Promo\u021bii |% MACROZA% MACROZA%\" \/>\n<meta property=\"og:description\" content=\"Vizita\u021bi pagina MACROZA Promo pentru a accesa reduceri \u0219i oferte speciale la gama noastr\u0103 de unelte \u0219i utilaje.\" \/>\n<meta property=\"og:url\" content=\"https:\/\/www.macroza.com\/ro\/promo\/\" \/>\n<meta property=\"og:site_name\" content=\"MACROZA\" \/>\n<meta property=\"article:publisher\" content=\"https:\/\/www.facebook.com\/macrozaofficial\/\" \/>\n<meta property=\"article:modified_time\" content=\"2025-12-18T13:32:50+00:00\" \/>\n<meta property=\"og:image\" content=\"https:\/\/www.macroza.com\/wp-content\/uploads\/2024\/02\/makroza1-1024x474.png\" \/>\n<meta name=\"twitter:card\" content=\"summary_large_image\" \/>\n<meta name=\"twitter:label1\" content=\"Timp estimat pentru citire\" \/>\n\t<meta name=\"twitter:data1\" content=\"4 minut\" \/>\n<script type=\"application\/ld+json\" class=\"yoast-schema-graph\">{\"@context\":\"https:\/\/schema.org\",\"@graph\":[{\"@type\":\"WebPage\",\"@id\":\"https:\/\/www.macroza.com\/ro\/promo\/\",\"url\":\"https:\/\/www.macroza.com\/ro\/promo\/\",\"name\":\"Promo\u021bii |% MACROZA% MACROZA%\",\"isPartOf\":{\"@id\":\"https:\/\/www.macroza.com\/ro\/#website\"},\"primaryImageOfPage\":{\"@id\":\"https:\/\/www.macroza.com\/ro\/promo\/#primaryimage\"},\"image\":{\"@id\":\"https:\/\/www.macroza.com\/ro\/promo\/#primaryimage\"},\"thumbnailUrl\":\"https:\/\/www.macroza.com\/wp-content\/uploads\/2024\/02\/makroza1-1024x474.png\",\"datePublished\":\"2024-02-08T07:42:31+00:00\",\"dateModified\":\"2025-12-18T13:32:50+00:00\",\"description\":\"Vizita\u021bi pagina MACROZA Promo pentru a accesa reduceri \u0219i oferte speciale la gama noastr\u0103 de unelte \u0219i utilaje.\",\"breadcrumb\":{\"@id\":\"https:\/\/www.macroza.com\/ro\/promo\/#breadcrumb\"},\"inLanguage\":\"ro-RO\",\"potentialAction\":[{\"@type\":\"ReadAction\",\"target\":[\"https:\/\/www.macroza.com\/ro\/promo\/\"]}]},{\"@type\":\"ImageObject\",\"inLanguage\":\"ro-RO\",\"@id\":\"https:\/\/www.macroza.com\/ro\/promo\/#primaryimage\",\"url\":\"https:\/\/www.macroza.com\/wp-content\/uploads\/2024\/02\/makroza1-1024x474.png\",\"contentUrl\":\"https:\/\/www.macroza.com\/wp-content\/uploads\/2024\/02\/makroza1-1024x474.png\"},{\"@type\":\"BreadcrumbList\",\"@id\":\"https:\/\/www.macroza.com\/ro\/promo\/#breadcrumb\",\"itemListElement\":[{\"@type\":\"ListItem\",\"position\":1,\"name\":\"Home\",\"item\":\"https:\/\/www.macroza.com\/ro\/\"},{\"@type\":\"ListItem\",\"position\":2,\"name\":\"Promo\"}]},{\"@type\":\"WebSite\",\"@id\":\"https:\/\/www.macroza.com\/ro\/#website\",\"url\":\"https:\/\/www.macroza.com\/ro\/\",\"name\":\"www.macroza.com\",\"description\":\"Fabricante de rozadoras de pared\",\"publisher\":{\"@id\":\"https:\/\/www.macroza.com\/ro\/#organization\"},\"alternateName\":\"Macroza\",\"potentialAction\":[{\"@type\":\"SearchAction\",\"target\":{\"@type\":\"EntryPoint\",\"urlTemplate\":\"https:\/\/www.macroza.com\/ro\/?s={search_term_string}\"},\"query-input\":{\"@type\":\"PropertyValueSpecification\",\"valueRequired\":true,\"valueName\":\"search_term_string\"}}],\"inLanguage\":\"ro-RO\"},{\"@type\":\"Organization\",\"@id\":\"https:\/\/www.macroza.com\/ro\/#organization\",\"name\":\"Macroza\",\"alternateName\":\"Macroza Export\",\"url\":\"https:\/\/www.macroza.com\/ro\/\",\"logo\":{\"@type\":\"ImageObject\",\"inLanguage\":\"ro-RO\",\"@id\":\"https:\/\/www.macroza.com\/ro\/#\/schema\/logo\/image\/\",\"url\":\"https:\/\/www.macroza.com\/wp-content\/uploads\/2023\/11\/cropped-Diseno-sin-titulo-10.png\",\"contentUrl\":\"https:\/\/www.macroza.com\/wp-content\/uploads\/2023\/11\/cropped-Diseno-sin-titulo-10.png\",\"width\":512,\"height\":512,\"caption\":\"Macroza\"},\"image\":{\"@id\":\"https:\/\/www.macroza.com\/ro\/#\/schema\/logo\/image\/\"},\"sameAs\":[\"https:\/\/www.facebook.com\/macrozaofficial\/\",\"https:\/\/www.instagram.com\/macroza_official\/\",\"https:\/\/www.linkedin.com\/company\/macroza-wall-chasers\/\",\"https:\/\/www.youtube.com\/@MACROZAWallChasers\/videos\"]}]}<\/script>\n<!-- \/ Yoast SEO plugin. -->","yoast_head_json":{"title":"Promo\u021bii |% MACROZA% MACROZA%","description":"Vizita\u021bi pagina MACROZA Promo pentru a accesa reduceri \u0219i oferte speciale la gama noastr\u0103 de unelte \u0219i utilaje.","robots":{"index":"index","follow":"follow","max-snippet":"max-snippet:-1","max-image-preview":"max-image-preview:large","max-video-preview":"max-video-preview:-1"},"canonical":"https:\/\/www.macroza.com\/ro\/promo\/","og_locale":"ro_RO","og_type":"article","og_title":"Promo\u021bii |% MACROZA% MACROZA%","og_description":"Vizita\u021bi pagina MACROZA Promo pentru a accesa reduceri \u0219i oferte speciale la gama noastr\u0103 de unelte \u0219i utilaje.","og_url":"https:\/\/www.macroza.com\/ro\/promo\/","og_site_name":"MACROZA","article_publisher":"https:\/\/www.facebook.com\/macrozaofficial\/","article_modified_time":"2025-12-18T13:32:50+00:00","og_image":[{"url":"https:\/\/www.macroza.com\/wp-content\/uploads\/2024\/02\/makroza1-1024x474.png","type":"","width":"","height":""}],"twitter_card":"summary_large_image","twitter_misc":{"Timp estimat pentru citire":"4 minut"},"schema":{"@context":"https:\/\/schema.org","@graph":[{"@type":"WebPage","@id":"https:\/\/www.macroza.com\/ro\/promo\/","url":"https:\/\/www.macroza.com\/ro\/promo\/","name":"Promo\u021bii |% MACROZA% MACROZA%","isPartOf":{"@id":"https:\/\/www.macroza.com\/ro\/#website"},"primaryImageOfPage":{"@id":"https:\/\/www.macroza.com\/ro\/promo\/#primaryimage"},"image":{"@id":"https:\/\/www.macroza.com\/ro\/promo\/#primaryimage"},"thumbnailUrl":"https:\/\/www.macroza.com\/wp-content\/uploads\/2024\/02\/makroza1-1024x474.png","datePublished":"2024-02-08T07:42:31+00:00","dateModified":"2025-12-18T13:32:50+00:00","description":"Vizita\u021bi pagina MACROZA Promo pentru a accesa reduceri \u0219i oferte speciale la gama noastr\u0103 de unelte \u0219i utilaje.","breadcrumb":{"@id":"https:\/\/www.macroza.com\/ro\/promo\/#breadcrumb"},"inLanguage":"ro-RO","potentialAction":[{"@type":"ReadAction","target":["https:\/\/www.macroza.com\/ro\/promo\/"]}]},{"@type":"ImageObject","inLanguage":"ro-RO","@id":"https:\/\/www.macroza.com\/ro\/promo\/#primaryimage","url":"https:\/\/www.macroza.com\/wp-content\/uploads\/2024\/02\/makroza1-1024x474.png","contentUrl":"https:\/\/www.macroza.com\/wp-content\/uploads\/2024\/02\/makroza1-1024x474.png"},{"@type":"BreadcrumbList","@id":"https:\/\/www.macroza.com\/ro\/promo\/#breadcrumb","itemListElement":[{"@type":"ListItem","position":1,"name":"Home","item":"https:\/\/www.macroza.com\/ro\/"},{"@type":"ListItem","position":2,"name":"Promo"}]},{"@type":"WebSite","@id":"https:\/\/www.macroza.com\/ro\/#website","url":"https:\/\/www.macroza.com\/ro\/","name":"www.macroza.com","description":"Fabricante de rozadoras de pared","publisher":{"@id":"https:\/\/www.macroza.com\/ro\/#organization"},"alternateName":"Macroza","potentialAction":[{"@type":"SearchAction","target":{"@type":"EntryPoint","urlTemplate":"https:\/\/www.macroza.com\/ro\/?s={search_term_string}"},"query-input":{"@type":"PropertyValueSpecification","valueRequired":true,"valueName":"search_term_string"}}],"inLanguage":"ro-RO"},{"@type":"Organization","@id":"https:\/\/www.macroza.com\/ro\/#organization","name":"Macroza","alternateName":"Macroza Export","url":"https:\/\/www.macroza.com\/ro\/","logo":{"@type":"ImageObject","inLanguage":"ro-RO","@id":"https:\/\/www.macroza.com\/ro\/#\/schema\/logo\/image\/","url":"https:\/\/www.macroza.com\/wp-content\/uploads\/2023\/11\/cropped-Diseno-sin-titulo-10.png","contentUrl":"https:\/\/www.macroza.com\/wp-content\/uploads\/2023\/11\/cropped-Diseno-sin-titulo-10.png","width":512,"height":512,"caption":"Macroza"},"image":{"@id":"https:\/\/www.macroza.com\/ro\/#\/schema\/logo\/image\/"},"sameAs":["https:\/\/www.facebook.com\/macrozaofficial\/","https:\/\/www.instagram.com\/macroza_official\/","https:\/\/www.linkedin.com\/company\/macroza-wall-chasers\/","https:\/\/www.youtube.com\/@MACROZAWallChasers\/videos"]}]}},"_links":{"self":[{"href":"https:\/\/www.macroza.com\/ro\/wp-json\/wp\/v2\/pages\/19624","targetHints":{"allow":["GET"]}}],"collection":[{"href":"https:\/\/www.macroza.com\/ro\/wp-json\/wp\/v2\/pages"}],"about":[{"href":"https:\/\/www.macroza.com\/ro\/wp-json\/wp\/v2\/types\/page"}],"author":[{"embeddable":true,"href":"https:\/\/www.macroza.com\/ro\/wp-json\/wp\/v2\/users\/2"}],"replies":[{"embeddable":true,"href":"https:\/\/www.macroza.com\/ro\/wp-json\/wp\/v2\/comments?post=19624"}],"version-history":[{"count":1,"href":"https:\/\/www.macroza.com\/ro\/wp-json\/wp\/v2\/pages\/19624\/revisions"}],"predecessor-version":[{"id":19625,"href":"https:\/\/www.macroza.com\/ro\/wp-json\/wp\/v2\/pages\/19624\/revisions\/19625"}],"wp:attachment":[{"href":"https:\/\/www.macroza.com\/ro\/wp-json\/wp\/v2\/media?parent=19624"}],"curies":[{"name":"wp","href":"https:\/\/api.w.org\/{rel}","templated":true}]}}