{"id":21016,"date":"2024-02-08T08:42:31","date_gmt":"2024-02-08T07:42:31","guid":{"rendered":"https:\/\/www.macroza.com\/promo\/"},"modified":"2025-12-18T14:51:52","modified_gmt":"2025-12-18T13:51:52","slug":"promo","status":"publish","type":"page","link":"https:\/\/www.macroza.com\/pt-pt\/promo\/","title":{"rendered":"Promo\u00e7\u00e3o"},"content":{"rendered":"\t\t<div data-elementor-type=\"wp-page\" data-elementor-id=\"21016\" class=\"elementor elementor-21016 elementor-9921\" data-elementor-settings=\"{&quot;ha_cmc_init_switcher&quot;:&quot;no&quot;}\" data-elementor-post-type=\"page\">\n\t\t\t\t\t\t<\/div>\n\t\t","protected":false},"excerpt":{"rendered":"<p>POUPA AT\u00c9 200% NO TEMPO COM AS RO\u00c7ADORAS MACROZA.ADQUIRE A TUA! N\u00e3o se parte, n\u00e3o se estilha\u00e7a. Abre rozas limpas nas paredes numa \u00fanica passagem, poupando tempo e materiais. Aproveita a promo\u00e7\u00e3o limitada e recebe mais informa\u00e7\u00f5es GRATUITAMENTE. FRESAS MACROZA VS. CONVENCIONAIS Obt\u00e9m os melhores acabamentos em 200% menos tempo com a tua nova Fresa, [&hellip;]<\/p>\n","protected":false},"author":2,"featured_media":0,"parent":0,"menu_order":0,"comment_status":"closed","ping_status":"closed","template":"","meta":{"inline_featured_image":false,"site-sidebar-layout":"no-sidebar","site-content-layout":"page-builder","ast-site-content-layout":"full-width-container","site-content-style":"unboxed","site-sidebar-style":"unboxed","ast-global-header-display":"","ast-banner-title-visibility":"","ast-main-header-display":"","ast-hfb-above-header-display":"","ast-hfb-below-header-display":"","ast-hfb-mobile-header-display":"","site-post-title":"disabled","ast-breadcrumbs-content":"","ast-featured-img":"disabled","footer-sml-layout":"","theme-transparent-header-meta":"","adv-header-id-meta":"","stick-header-meta":"","header-above-stick-meta":"","header-main-stick-meta":"","header-below-stick-meta":"","astra-migrate-meta-layouts":"default","ast-page-background-enabled":"default","ast-page-background-meta":{"desktop":{"background-color":"var(--ast-global-color-4)","background-image":"","background-repeat":"repeat","background-position":"center center","background-size":"auto","background-attachment":"scroll","background-type":"","background-media":"","overlay-type":"","overlay-color":"","overlay-opacity":"","overlay-gradient":""},"tablet":{"background-color":"","background-image":"","background-repeat":"repeat","background-position":"center center","background-size":"auto","background-attachment":"scroll","background-type":"","background-media":"","overlay-type":"","overlay-color":"","overlay-opacity":"","overlay-gradient":""},"mobile":{"background-color":"","background-image":"","background-repeat":"repeat","background-position":"center center","background-size":"auto","background-attachment":"scroll","background-type":"","background-media":"","overlay-type":"","overlay-color":"","overlay-opacity":"","overlay-gradient":""}},"ast-content-background-meta":{"desktop":{"background-color":"var(--ast-global-color-5)","background-image":"","background-repeat":"repeat","background-position":"center center","background-size":"auto","background-attachment":"scroll","background-type":"","background-media":"","overlay-type":"","overlay-color":"","overlay-opacity":"","overlay-gradient":""},"tablet":{"background-color":"var(--ast-global-color-5)","background-image":"","background-repeat":"repeat","background-position":"center center","background-size":"auto","background-attachment":"scroll","background-type":"","background-media":"","overlay-type":"","overlay-color":"","overlay-opacity":"","overlay-gradient":""},"mobile":{"background-color":"var(--ast-global-color-5)","background-image":"","background-repeat":"repeat","background-position":"center center","background-size":"auto","background-attachment":"scroll","background-type":"","background-media":"","overlay-type":"","overlay-color":"","overlay-opacity":"","overlay-gradient":""}},"footnotes":""},"class_list":["post-21016","page","type-page","status-publish","hentry"],"yoast_head":"<!-- This site is optimized with the Yoast SEO plugin v24.5 - https:\/\/yoast.com\/wordpress\/plugins\/seo\/ -->\n<title>Promo\u00e7\u00f5es | MACROZA% MACROZA%<\/title>\n<meta name=\"description\" content=\"Visita a p\u00e1gina promocional da MACROZA para teres acesso a descontos e ofertas especiais na nossa gama de ferramentas e m\u00e1quinas.\" \/>\n<meta name=\"robots\" content=\"index, follow, max-snippet:-1, max-image-preview:large, max-video-preview:-1\" \/>\n<link rel=\"canonical\" href=\"https:\/\/www.macroza.com\/pt-pt\/promo\/\" \/>\n<meta property=\"og:locale\" content=\"pt_PT\" \/>\n<meta property=\"og:type\" content=\"article\" \/>\n<meta property=\"og:title\" content=\"Promo\u00e7\u00f5es | MACROZA% MACROZA%\" \/>\n<meta property=\"og:description\" content=\"Visita a p\u00e1gina promocional da MACROZA para teres acesso a descontos e ofertas especiais na nossa gama de ferramentas e m\u00e1quinas.\" \/>\n<meta property=\"og:url\" content=\"https:\/\/www.macroza.com\/pt-pt\/promo\/\" \/>\n<meta property=\"og:site_name\" content=\"MACROZA\" \/>\n<meta property=\"article:publisher\" content=\"https:\/\/www.facebook.com\/macrozaofficial\/\" \/>\n<meta property=\"article:modified_time\" content=\"2025-12-18T13:51:52+00:00\" \/>\n<meta property=\"og:image\" content=\"https:\/\/www.macroza.com\/wp-content\/uploads\/2024\/02\/makroza1-1024x474.png\" \/>\n<meta name=\"twitter:card\" content=\"summary_large_image\" \/>\n<meta name=\"twitter:label1\" content=\"Tempo estimado de leitura\" \/>\n\t<meta name=\"twitter:data1\" content=\"3 minutos\" \/>\n<script type=\"application\/ld+json\" class=\"yoast-schema-graph\">{\"@context\":\"https:\/\/schema.org\",\"@graph\":[{\"@type\":\"WebPage\",\"@id\":\"https:\/\/www.macroza.com\/pt-pt\/promo\/\",\"url\":\"https:\/\/www.macroza.com\/pt-pt\/promo\/\",\"name\":\"Promo\u00e7\u00f5es | MACROZA% MACROZA%\",\"isPartOf\":{\"@id\":\"https:\/\/www.macroza.com\/pt-pt\/#website\"},\"primaryImageOfPage\":{\"@id\":\"https:\/\/www.macroza.com\/pt-pt\/promo\/#primaryimage\"},\"image\":{\"@id\":\"https:\/\/www.macroza.com\/pt-pt\/promo\/#primaryimage\"},\"thumbnailUrl\":\"https:\/\/www.macroza.com\/wp-content\/uploads\/2024\/02\/makroza1-1024x474.png\",\"datePublished\":\"2024-02-08T07:42:31+00:00\",\"dateModified\":\"2025-12-18T13:51:52+00:00\",\"description\":\"Visita a p\u00e1gina promocional da MACROZA para teres acesso a descontos e ofertas especiais na nossa gama de ferramentas e m\u00e1quinas.\",\"breadcrumb\":{\"@id\":\"https:\/\/www.macroza.com\/pt-pt\/promo\/#breadcrumb\"},\"inLanguage\":\"pt-PT\",\"potentialAction\":[{\"@type\":\"ReadAction\",\"target\":[\"https:\/\/www.macroza.com\/pt-pt\/promo\/\"]}]},{\"@type\":\"ImageObject\",\"inLanguage\":\"pt-PT\",\"@id\":\"https:\/\/www.macroza.com\/pt-pt\/promo\/#primaryimage\",\"url\":\"https:\/\/www.macroza.com\/wp-content\/uploads\/2024\/02\/makroza1-1024x474.png\",\"contentUrl\":\"https:\/\/www.macroza.com\/wp-content\/uploads\/2024\/02\/makroza1-1024x474.png\"},{\"@type\":\"BreadcrumbList\",\"@id\":\"https:\/\/www.macroza.com\/pt-pt\/promo\/#breadcrumb\",\"itemListElement\":[{\"@type\":\"ListItem\",\"position\":1,\"name\":\"Home\",\"item\":\"https:\/\/www.macroza.com\/pt-pt\/pagina-principal\/\"},{\"@type\":\"ListItem\",\"position\":2,\"name\":\"Promo\u00e7\u00e3o\"}]},{\"@type\":\"WebSite\",\"@id\":\"https:\/\/www.macroza.com\/pt-pt\/#website\",\"url\":\"https:\/\/www.macroza.com\/pt-pt\/\",\"name\":\"www.macroza.com\",\"description\":\"Fabricante de rozadoras de pared\",\"publisher\":{\"@id\":\"https:\/\/www.macroza.com\/pt-pt\/#organization\"},\"alternateName\":\"Macroza\",\"potentialAction\":[{\"@type\":\"SearchAction\",\"target\":{\"@type\":\"EntryPoint\",\"urlTemplate\":\"https:\/\/www.macroza.com\/pt-pt\/?s={search_term_string}\"},\"query-input\":{\"@type\":\"PropertyValueSpecification\",\"valueRequired\":true,\"valueName\":\"search_term_string\"}}],\"inLanguage\":\"pt-PT\"},{\"@type\":\"Organization\",\"@id\":\"https:\/\/www.macroza.com\/pt-pt\/#organization\",\"name\":\"Macroza\",\"alternateName\":\"Macroza Export\",\"url\":\"https:\/\/www.macroza.com\/pt-pt\/\",\"logo\":{\"@type\":\"ImageObject\",\"inLanguage\":\"pt-PT\",\"@id\":\"https:\/\/www.macroza.com\/pt-pt\/#\/schema\/logo\/image\/\",\"url\":\"https:\/\/www.macroza.com\/wp-content\/uploads\/2023\/11\/cropped-Diseno-sin-titulo-10.png\",\"contentUrl\":\"https:\/\/www.macroza.com\/wp-content\/uploads\/2023\/11\/cropped-Diseno-sin-titulo-10.png\",\"width\":512,\"height\":512,\"caption\":\"Macroza\"},\"image\":{\"@id\":\"https:\/\/www.macroza.com\/pt-pt\/#\/schema\/logo\/image\/\"},\"sameAs\":[\"https:\/\/www.facebook.com\/macrozaofficial\/\",\"https:\/\/www.instagram.com\/macroza_official\/\",\"https:\/\/www.linkedin.com\/company\/macroza-wall-chasers\/\",\"https:\/\/www.youtube.com\/@MACROZAWallChasers\/videos\"]}]}<\/script>\n<!-- \/ Yoast SEO plugin. -->","yoast_head_json":{"title":"Promo\u00e7\u00f5es | MACROZA% MACROZA%","description":"Visita a p\u00e1gina promocional da MACROZA para teres acesso a descontos e ofertas especiais na nossa gama de ferramentas e m\u00e1quinas.","robots":{"index":"index","follow":"follow","max-snippet":"max-snippet:-1","max-image-preview":"max-image-preview:large","max-video-preview":"max-video-preview:-1"},"canonical":"https:\/\/www.macroza.com\/pt-pt\/promo\/","og_locale":"pt_PT","og_type":"article","og_title":"Promo\u00e7\u00f5es | MACROZA% MACROZA%","og_description":"Visita a p\u00e1gina promocional da MACROZA para teres acesso a descontos e ofertas especiais na nossa gama de ferramentas e m\u00e1quinas.","og_url":"https:\/\/www.macroza.com\/pt-pt\/promo\/","og_site_name":"MACROZA","article_publisher":"https:\/\/www.facebook.com\/macrozaofficial\/","article_modified_time":"2025-12-18T13:51:52+00:00","og_image":[{"url":"https:\/\/www.macroza.com\/wp-content\/uploads\/2024\/02\/makroza1-1024x474.png","type":"","width":"","height":""}],"twitter_card":"summary_large_image","twitter_misc":{"Tempo estimado de leitura":"3 minutos"},"schema":{"@context":"https:\/\/schema.org","@graph":[{"@type":"WebPage","@id":"https:\/\/www.macroza.com\/pt-pt\/promo\/","url":"https:\/\/www.macroza.com\/pt-pt\/promo\/","name":"Promo\u00e7\u00f5es | MACROZA% MACROZA%","isPartOf":{"@id":"https:\/\/www.macroza.com\/pt-pt\/#website"},"primaryImageOfPage":{"@id":"https:\/\/www.macroza.com\/pt-pt\/promo\/#primaryimage"},"image":{"@id":"https:\/\/www.macroza.com\/pt-pt\/promo\/#primaryimage"},"thumbnailUrl":"https:\/\/www.macroza.com\/wp-content\/uploads\/2024\/02\/makroza1-1024x474.png","datePublished":"2024-02-08T07:42:31+00:00","dateModified":"2025-12-18T13:51:52+00:00","description":"Visita a p\u00e1gina promocional da MACROZA para teres acesso a descontos e ofertas especiais na nossa gama de ferramentas e m\u00e1quinas.","breadcrumb":{"@id":"https:\/\/www.macroza.com\/pt-pt\/promo\/#breadcrumb"},"inLanguage":"pt-PT","potentialAction":[{"@type":"ReadAction","target":["https:\/\/www.macroza.com\/pt-pt\/promo\/"]}]},{"@type":"ImageObject","inLanguage":"pt-PT","@id":"https:\/\/www.macroza.com\/pt-pt\/promo\/#primaryimage","url":"https:\/\/www.macroza.com\/wp-content\/uploads\/2024\/02\/makroza1-1024x474.png","contentUrl":"https:\/\/www.macroza.com\/wp-content\/uploads\/2024\/02\/makroza1-1024x474.png"},{"@type":"BreadcrumbList","@id":"https:\/\/www.macroza.com\/pt-pt\/promo\/#breadcrumb","itemListElement":[{"@type":"ListItem","position":1,"name":"Home","item":"https:\/\/www.macroza.com\/pt-pt\/pagina-principal\/"},{"@type":"ListItem","position":2,"name":"Promo\u00e7\u00e3o"}]},{"@type":"WebSite","@id":"https:\/\/www.macroza.com\/pt-pt\/#website","url":"https:\/\/www.macroza.com\/pt-pt\/","name":"www.macroza.com","description":"Fabricante de rozadoras de pared","publisher":{"@id":"https:\/\/www.macroza.com\/pt-pt\/#organization"},"alternateName":"Macroza","potentialAction":[{"@type":"SearchAction","target":{"@type":"EntryPoint","urlTemplate":"https:\/\/www.macroza.com\/pt-pt\/?s={search_term_string}"},"query-input":{"@type":"PropertyValueSpecification","valueRequired":true,"valueName":"search_term_string"}}],"inLanguage":"pt-PT"},{"@type":"Organization","@id":"https:\/\/www.macroza.com\/pt-pt\/#organization","name":"Macroza","alternateName":"Macroza Export","url":"https:\/\/www.macroza.com\/pt-pt\/","logo":{"@type":"ImageObject","inLanguage":"pt-PT","@id":"https:\/\/www.macroza.com\/pt-pt\/#\/schema\/logo\/image\/","url":"https:\/\/www.macroza.com\/wp-content\/uploads\/2023\/11\/cropped-Diseno-sin-titulo-10.png","contentUrl":"https:\/\/www.macroza.com\/wp-content\/uploads\/2023\/11\/cropped-Diseno-sin-titulo-10.png","width":512,"height":512,"caption":"Macroza"},"image":{"@id":"https:\/\/www.macroza.com\/pt-pt\/#\/schema\/logo\/image\/"},"sameAs":["https:\/\/www.facebook.com\/macrozaofficial\/","https:\/\/www.instagram.com\/macroza_official\/","https:\/\/www.linkedin.com\/company\/macroza-wall-chasers\/","https:\/\/www.youtube.com\/@MACROZAWallChasers\/videos"]}]}},"_links":{"self":[{"href":"https:\/\/www.macroza.com\/pt-pt\/wp-json\/wp\/v2\/pages\/21016","targetHints":{"allow":["GET"]}}],"collection":[{"href":"https:\/\/www.macroza.com\/pt-pt\/wp-json\/wp\/v2\/pages"}],"about":[{"href":"https:\/\/www.macroza.com\/pt-pt\/wp-json\/wp\/v2\/types\/page"}],"author":[{"embeddable":true,"href":"https:\/\/www.macroza.com\/pt-pt\/wp-json\/wp\/v2\/users\/2"}],"replies":[{"embeddable":true,"href":"https:\/\/www.macroza.com\/pt-pt\/wp-json\/wp\/v2\/comments?post=21016"}],"version-history":[{"count":1,"href":"https:\/\/www.macroza.com\/pt-pt\/wp-json\/wp\/v2\/pages\/21016\/revisions"}],"predecessor-version":[{"id":21017,"href":"https:\/\/www.macroza.com\/pt-pt\/wp-json\/wp\/v2\/pages\/21016\/revisions\/21017"}],"wp:attachment":[{"href":"https:\/\/www.macroza.com\/pt-pt\/wp-json\/wp\/v2\/media?parent=21016"}],"curies":[{"name":"wp","href":"https:\/\/api.w.org\/{rel}","templated":true}]}}