{"id":11830,"date":"2023-11-12T14:46:34","date_gmt":"2023-11-12T13:46:34","guid":{"rendered":"https:\/\/www.macroza.com\/politica-de-privacidade\/"},"modified":"2024-04-05T17:36:35","modified_gmt":"2024-04-05T15:36:35","slug":"politica-de-privacidade","status":"publish","type":"page","link":"https:\/\/www.macroza.com\/pt-pt\/politica-de-privacidade\/","title":{"rendered":"Pol\u00edtica de privacidade"},"content":{"rendered":"\t\t<div data-elementor-type=\"wp-page\" data-elementor-id=\"11830\" class=\"elementor elementor-11830 elementor-3318\" data-elementor-settings=\"{&quot;ha_cmc_init_switcher&quot;:&quot;no&quot;}\" data-elementor-post-type=\"page\">\n\t\t\t\t\t\t<section class=\"elementor-section elementor-top-section elementor-element elementor-element-6ddb705 elementor-section-boxed elementor-section-height-default elementor-section-height-default\" data-id=\"6ddb705\" data-element_type=\"section\" data-settings=\"{&quot;_ha_eqh_enable&quot;:false}\">\n\t\t\t\t\t\t<div class=\"elementor-container elementor-column-gap-default\">\n\t\t\t\t\t<div class=\"elementor-column elementor-col-100 elementor-top-column elementor-element elementor-element-f3b66e2\" data-id=\"f3b66e2\" data-element_type=\"column\">\n\t\t\t<div class=\"elementor-widget-wrap elementor-element-populated\">\n\t\t\t\t\t\t<div class=\"elementor-element elementor-element-ccf9096 elementor-widget elementor-widget-text-editor\" data-id=\"ccf9096\" data-element_type=\"widget\" data-widget_type=\"text-editor.default\">\n\t\t\t\t<div class=\"elementor-widget-container\">\n\t\t\t\t\t\t\t\t\t<h1><strong>POL\u00cdTICA DE PRIVACIDADE MACROZA<\/strong><\/h1>\n<p>Em conformidade com os princ\u00edpios da legalidade, da equidade e da transpar\u00eancia, apresentamos-lhe a presente Pol\u00edtica de Privacidade.<\/p>\n<p><strong>Quem \u00e9 o respons\u00e1vel pelo tratamento dos seus dados?<\/strong><\/p>\n<p><strong>RESPONS\u00c1VEL: <\/strong>MACROZA EXPORT S.L.<br \/><strong>N\u00daMERO DE IVA:<\/strong> B80425986<br \/>SEDE<strong>:<\/strong> C\/ Le\u00f1eros 15, 28039 Madrid<br \/><strong>EMAIL: <\/strong><a href=\"mailto:info@macroza.com\" target=\"_blank\" rel=\"noopener\">info@macroza.com<\/a><br \/><strong>TELEFONE: <\/strong>915419294<br \/><strong>ESPECIALIZA\u00c7\u00c3O: <\/strong><a href=\"https:\/\/www.macroza.com\/rozadoras-de-pared\/\">Ro\u00e7adoras de pared<\/a> e produtos conexos<\/p>\n<p><strong><br \/>Para que fins processamos os seus dados pessoais?<\/strong><\/p>\n<p>Na <strong>MACROZA EXPORT S.L.<\/strong>, em fun\u00e7\u00e3o da categoria de interessado em causa, tratamos os dados que nos fornece com as seguintes finalidades:<\/p>\n<p><strong>INTERESSADO<\/strong><\/p>\n<p>OBJECTIVOS DO TRATAMENTO<\/p>\n<p><em>CLIENTES POTENCIAIS<\/em><br \/>Gerir a potencial rela\u00e7\u00e3o comercial e\/ou profissional, gerir o envio das informa\u00e7\u00f5es solicitadas e\/ou resolver as quest\u00f5es colocadas, fornecer ofertas dos nossos servi\u00e7os e\/ou produtos de interesse para o utilizador.<\/p>\n<p><em><strong>CLIENTES<\/strong><\/em><br \/>Para gerir a rela\u00e7\u00e3o comercial e\/ou profissional, fornecer ofertas dos nossos servi\u00e7os e\/ou produtos de interesse para o utilizador.<\/p>\n<p><em><strong>FORNECEDORES<\/strong><\/em><br \/>Gerir a rela\u00e7\u00e3o comercial e\/ou profissional.<\/p>\n<p><em><strong>CANDIDATOS<\/strong><\/em><br \/>Gerir o processo de sele\u00e7\u00e3o do pessoal.<\/p>\n<p><em><strong>UTILIZADORES DA WEB<\/strong><\/em><br \/>Gerir a an\u00e1lise dos seus dados de navega\u00e7\u00e3o.<\/p>\n<p><strong>Qual \u00e9 a legitimidade do tratamento dos seus dados?<\/strong><\/p>\n<p>A base legal para o tratamento dos seus dados pessoais, dependendo da categoria da pessoa em causa, pode ser:<\/p>\n<p><strong>INTERESSADO<\/strong><\/p>\n<p>BASE JUR\u00cdDICA<\/p>\n<p><strong><em>CLIENTES POTENCIAIS<\/em><\/strong><br \/>Art. 6.1.b RGPD: aplica\u00e7\u00e3o, a pedido da pessoa em causa, de medidas pr\u00e9-contratuais (or\u00e7amentos, notas de encomenda, ofertas de servi\u00e7os, etc.).<br \/>Art. 6.1.f RGPD: Interesse leg\u00edtimo (envio de informa\u00e7\u00f5es solicitadas, resposta a quest\u00f5es colocadas&#8230;).<br \/>Art. 6.1.a RGPD: consentimento da pessoa em causa (fornecimento de ofertas dos nossos servi\u00e7os e\/ou produtos).<\/p>\n<p><em><strong>CLIENTES<\/strong><\/em><br \/>Art. 6.1.b do RGPD: execu\u00e7\u00e3o de um contrato no qual a pessoa em causa \u00e9 parte.<\/p>\n<p><em><strong>FORNECEDORES<\/strong><\/em><br \/>Art. 6.1.b do RGPD: execu\u00e7\u00e3o de um contrato no qual a pessoa em causa \u00e9 parte.<\/p>\n<p><em><strong>CANDIDATOS<\/strong><\/em><br \/>Art. 6.1.a RGPD: consentimento do pr\u00f3prio titular dos dados.<\/p>\n<p><strong><em>UTILIZADORES DA WEB<\/em><\/strong><br \/>Art. 6.1.a RGPD: consentimento do pr\u00f3prio titular dos dados.<\/p>\n<p>Os dados que lhe solicitamos s\u00e3o adequados, pertinentes e estritamente necess\u00e1rios e, em caso algum, \u00e9 obrigado a fornec\u00ea-los, mas o facto de n\u00e3o os fornecer pode afetar a finalidade do servi\u00e7o ou a impossibilidade de o prestar.<br \/><strong> <br \/>Durante quanto tempo conservaremos os seus dados pessoais?<\/strong><\/p>\n<p>Os seus dados ser\u00e3o conservados durante o tempo m\u00ednimo necess\u00e1rio para a correcta presta\u00e7\u00e3o do servi\u00e7o oferecido, bem como para cumprir as responsabilidades que possam advir do mesmo e qualquer outro requisito legal.<br \/><strong> <br \/>A que destinat\u00e1rios ser\u00e3o comunicados os seus dados?<\/strong><\/p>\n<p><strong>MACROZA EXPORT S.L. <\/strong>n\u00e3o comunicar\u00e1 os seus dados a terceiros, exceto se for expressamente informado.<\/p>\n<p>Al\u00e9m disso, informamos que determinados dados, em virtude da regulamenta\u00e7\u00e3o em vigor ou da rela\u00e7\u00e3o contratual que mant\u00e9m com a <strong>MACROZA EXPORT S.L.<\/strong>, podem ser comunicados a:<\/p>\n<ul>\n<li>Bancos e institui\u00e7\u00f5es financeiras para a cobran\u00e7a de servi\u00e7os contratados e\/ou produtos adquiridos.<\/li>\n<li>As administra\u00e7\u00f5es p\u00fablicas com compet\u00eancia nos sectores em que <strong>MACROZA EXPORT S.L.<\/strong> opera, quando a legisla\u00e7\u00e3o em vigor assim o estabelece.<\/li>\n<\/ul>\n<p>Al\u00e9m disso, informamos que determinados dados, em virtude da regulamenta\u00e7\u00e3o em vigor ou da rela\u00e7\u00e3o contratual que<strong> MACROZA EXPORT S.L.<\/strong> mant\u00e9m<strong>,<\/strong> podem ser comunicados a:<\/p>\n<ul>\n<li>Bancos e institui\u00e7\u00f5es financeiras para a cobran\u00e7a de servi\u00e7os contratados e\/ou produtos adquiridos.<\/li>\n<li>As administra\u00e7\u00f5es p\u00fablicas com compet\u00eancia nos sectores em que <strong>MACROZA EXPORT S.L.<\/strong> opera, quando a legisla\u00e7\u00e3o em vigor assim o estabelece.<\/li>\n<\/ul>\n<p><strong>Quais s\u00e3o os seus direitos quando nos fornece os seus dados?<\/strong><\/p>\n<p>Os direitos de prote\u00e7\u00e3o de dados que as pessoas em causa podem exercer, quando aplic\u00e1vel, s\u00e3o os seguintes<\/p>\n<ul>\n<li>Direito de solicitar o acesso aos dados pessoais relativos \u00e0 pessoa em causa.<\/li>\n<li>Direito de retifica\u00e7\u00e3o ou apagamento.<\/li>\n<li>Direito de oposi\u00e7\u00e3o.<\/li>\n<li>O direito de solicitar a limita\u00e7\u00e3o do tratamento.<\/li>\n<li>Direito \u00e0 portabilidade dos dados.<\/li>\n<li>O direito de n\u00e3o ser objeto de decis\u00f5es baseadas exclusivamente no tratamento automatizado de dados.<\/li>\n<\/ul>\n<p>Os titulares dos dados pessoais obtidos podem exercer os seus direitos de prote\u00e7\u00e3o de dados pessoais, enviando uma comunica\u00e7\u00e3o escrita para a sede social da <strong>MACROZA EXPORT S.L.<\/strong> ou para o endere\u00e7o eletr\u00f3nico fornecido para o efeito, <a href=\"mailto:info@macroza.com\" target=\"_blank\" rel=\"noopener\">info@macroza.com.<\/a><\/p>\n<p>Modelos, formul\u00e1rios e mais informa\u00e7\u00f5es sobre os seus direitos est\u00e3o dispon\u00edveis no s\u00edtio Web da autoridade nacional de controlo, a Agencia Espa\u00f1ola de Protecci\u00f3n de Datos, a seguir designada por AEPD, <a href=\"http:\/\/www.aepd.es\/\" target=\"_blank\" rel=\"noopener\">www.aepd.es.<\/a><\/p>\n<p><strong>Posso retirar o consentimento?<\/strong><\/p>\n<p>O utilizador tem a possibilidade e o direito de retirar o consentimento para qualquer finalidade espec\u00edfica dado na altura, sem afetar a legalidade do tratamento baseado no consentimento anterior \u00e0 sua retirada.<\/p>\n<p><strong>Onde posso apresentar uma queixa se considerar que os meus dados n\u00e3o est\u00e3o a ser tratados corretamente?<\/strong><\/p>\n<p>Se a pessoa em causa considerar que os seus dados n\u00e3o est\u00e3o a ser tratados corretamente por  <strong>MACROZA EXPORT S.L.<\/strong> ou que os pedidos de exerc\u00edcio de direitos n\u00e3o foram tratados de forma satisfat\u00f3ria, pode apresentar uma reclama\u00e7\u00e3o \u00e0 autoridade de prote\u00e7\u00e3o de dados correspondente, sendo a AEPD a indicada no territ\u00f3rio nacional,  <a href=\"http:\/\/www.aepd.es\/\" target=\"_blank\" rel=\"noopener\">www.aepd.es.<\/a><\/p>\n<p><strong>Seguran\u00e7a e atualiza\u00e7\u00e3o dos seus dados pessoais<\/strong><\/p>\n<p>Para salvaguardar a seguran\u00e7a dos seus dados pessoais, informamos que tom\u00e1mos todas as medidas t\u00e9cnicas e organizacionais necess\u00e1rias para garantir a seguran\u00e7a dos dados pessoais fornecidos. Tudo isto para evitar a sua altera\u00e7\u00e3o, perda e\/ou tratamento ou acesso n\u00e3o autorizado, tal como exigido por lei, embora n\u00e3o exista seguran\u00e7a absoluta.<\/p>\n<p>Para que possamos manter os seus dados pessoais actualizados, \u00e9 importante que nos informe sempre que houver uma altera\u00e7\u00e3o nos seus dados pessoais.<\/p>\n<p><strong>Confidencialidade<\/strong><\/p>\n<p>MACROZA EXPORT S.L. informa-o de que os seus dados ser\u00e3o tratados com o m\u00e1ximo cuidado e confidencialidade por todo o pessoal envolvido em qualquer uma das fases do tratamento. N\u00e3o transmitiremos ou comunicaremos os seus dados a terceiros, exceto nos casos previstos na lei ou se o interessado nos tiver autorizado expressamente a faz\u00ea-lo.<\/p>\n\t\t\t\t\t\t\t\t<\/div>\n\t\t\t\t<\/div>\n\t\t\t\t\t<\/div>\n\t\t<\/div>\n\t\t\t\t\t<\/div>\n\t\t<\/section>\n\t\t\t\t<\/div>\n\t\t","protected":false},"excerpt":{"rendered":"<p>POL\u00cdTICA DE PRIVACIDADE MACROZA Em conformidade com os princ\u00edpios da legalidade, da equidade e da transpar\u00eancia, apresentamos-lhe a presente Pol\u00edtica de Privacidade. Quem \u00e9 o respons\u00e1vel pelo tratamento dos seus dados? RESPONS\u00c1VEL: MACROZA EXPORT S.L.N\u00daMERO DE IVA: B80425986SEDE: C\/ Le\u00f1eros 15, 28039 MadridEMAIL: info@macroza.comTELEFONE: 915419294ESPECIALIZA\u00c7\u00c3O: Ro\u00e7adoras de pared e produtos conexos Para que fins processamos [&hellip;]<\/p>\n","protected":false},"author":2,"featured_media":0,"parent":0,"menu_order":0,"comment_status":"closed","ping_status":"closed","template":"","meta":{"inline_featured_image":false,"site-sidebar-layout":"no-sidebar","site-content-layout":"page-builder","ast-site-content-layout":"full-width-container","site-content-style":"unboxed","site-sidebar-style":"unboxed","ast-global-header-display":"","ast-banner-title-visibility":"","ast-main-header-display":"","ast-hfb-above-header-display":"","ast-hfb-below-header-display":"","ast-hfb-mobile-header-display":"","site-post-title":"disabled","ast-breadcrumbs-content":"","ast-featured-img":"disabled","footer-sml-layout":"","theme-transparent-header-meta":"","adv-header-id-meta":"","stick-header-meta":"","header-above-stick-meta":"","header-main-stick-meta":"","header-below-stick-meta":"","astra-migrate-meta-layouts":"default","ast-page-background-enabled":"default","ast-page-background-meta":{"desktop":{"background-color":"var(--ast-global-color-4)","background-image":"","background-repeat":"repeat","background-position":"center center","background-size":"auto","background-attachment":"scroll","background-type":"","background-media":"","overlay-type":"","overlay-color":"","overlay-opacity":"","overlay-gradient":""},"tablet":{"background-color":"","background-image":"","background-repeat":"repeat","background-position":"center center","background-size":"auto","background-attachment":"scroll","background-type":"","background-media":"","overlay-type":"","overlay-color":"","overlay-opacity":"","overlay-gradient":""},"mobile":{"background-color":"","background-image":"","background-repeat":"repeat","background-position":"center center","background-size":"auto","background-attachment":"scroll","background-type":"","background-media":"","overlay-type":"","overlay-color":"","overlay-opacity":"","overlay-gradient":""}},"ast-content-background-meta":{"desktop":{"background-color":"var(--ast-global-color-5)","background-image":"","background-repeat":"repeat","background-position":"center center","background-size":"auto","background-attachment":"scroll","background-type":"","background-media":"","overlay-type":"","overlay-color":"","overlay-opacity":"","overlay-gradient":""},"tablet":{"background-color":"var(--ast-global-color-5)","background-image":"","background-repeat":"repeat","background-position":"center center","background-size":"auto","background-attachment":"scroll","background-type":"","background-media":"","overlay-type":"","overlay-color":"","overlay-opacity":"","overlay-gradient":""},"mobile":{"background-color":"var(--ast-global-color-5)","background-image":"","background-repeat":"repeat","background-position":"center center","background-size":"auto","background-attachment":"scroll","background-type":"","background-media":"","overlay-type":"","overlay-color":"","overlay-opacity":"","overlay-gradient":""}},"footnotes":""},"class_list":["post-11830","page","type-page","status-publish","hentry"],"yoast_head":"<!-- This site is optimized with the Yoast SEO plugin v24.5 - https:\/\/yoast.com\/wordpress\/plugins\/seo\/ -->\n<title>Pol\u00edtica de privacidade | MACROZA<\/title>\n<meta name=\"robots\" content=\"index, follow, max-snippet:-1, max-image-preview:large, max-video-preview:-1\" \/>\n<link rel=\"canonical\" href=\"https:\/\/www.macroza.com\/pt-pt\/politica-de-privacidade\/\" \/>\n<meta property=\"og:locale\" content=\"pt_PT\" \/>\n<meta property=\"og:type\" content=\"article\" \/>\n<meta property=\"og:title\" content=\"Pol\u00edtica de privacidade | MACROZA\" \/>\n<meta property=\"og:description\" content=\"POL\u00cdTICA DE PRIVACIDADE MACROZA Em conformidade com os princ\u00edpios da legalidade, da equidade e da transpar\u00eancia, apresentamos-lhe a presente Pol\u00edtica de Privacidade. Quem \u00e9 o respons\u00e1vel pelo tratamento dos seus dados? RESPONS\u00c1VEL: MACROZA EXPORT S.L.N\u00daMERO DE IVA: B80425986SEDE: C\/ Le\u00f1eros 15, 28039 MadridEMAIL: info@macroza.comTELEFONE: 915419294ESPECIALIZA\u00c7\u00c3O: Ro\u00e7adoras de pared e produtos conexos Para que fins processamos [&hellip;]\" \/>\n<meta property=\"og:url\" content=\"https:\/\/www.macroza.com\/pt-pt\/politica-de-privacidade\/\" \/>\n<meta property=\"og:site_name\" content=\"MACROZA\" \/>\n<meta property=\"article:publisher\" content=\"https:\/\/www.facebook.com\/macrozaofficial\/\" \/>\n<meta property=\"article:modified_time\" content=\"2024-04-05T15:36:35+00:00\" \/>\n<meta name=\"twitter:card\" content=\"summary_large_image\" \/>\n<meta name=\"twitter:label1\" content=\"Tempo estimado de leitura\" \/>\n\t<meta name=\"twitter:data1\" content=\"5 minutos\" \/>\n<script type=\"application\/ld+json\" class=\"yoast-schema-graph\">{\"@context\":\"https:\/\/schema.org\",\"@graph\":[{\"@type\":\"WebPage\",\"@id\":\"https:\/\/www.macroza.com\/pt-pt\/politica-de-privacidade\/\",\"url\":\"https:\/\/www.macroza.com\/pt-pt\/politica-de-privacidade\/\",\"name\":\"Pol\u00edtica de privacidade | MACROZA\",\"isPartOf\":{\"@id\":\"https:\/\/www.macroza.com\/pt-pt\/#website\"},\"datePublished\":\"2023-11-12T13:46:34+00:00\",\"dateModified\":\"2024-04-05T15:36:35+00:00\",\"breadcrumb\":{\"@id\":\"https:\/\/www.macroza.com\/pt-pt\/politica-de-privacidade\/#breadcrumb\"},\"inLanguage\":\"pt-PT\",\"potentialAction\":[{\"@type\":\"ReadAction\",\"target\":[\"https:\/\/www.macroza.com\/pt-pt\/politica-de-privacidade\/\"]}]},{\"@type\":\"BreadcrumbList\",\"@id\":\"https:\/\/www.macroza.com\/pt-pt\/politica-de-privacidade\/#breadcrumb\",\"itemListElement\":[{\"@type\":\"ListItem\",\"position\":1,\"name\":\"Home\",\"item\":\"https:\/\/www.macroza.com\/pt-pt\/pagina-principal\/\"},{\"@type\":\"ListItem\",\"position\":2,\"name\":\"Pol\u00edtica de privacidade\"}]},{\"@type\":\"WebSite\",\"@id\":\"https:\/\/www.macroza.com\/pt-pt\/#website\",\"url\":\"https:\/\/www.macroza.com\/pt-pt\/\",\"name\":\"www.macroza.com\",\"description\":\"Fabricante de rozadoras de pared\",\"publisher\":{\"@id\":\"https:\/\/www.macroza.com\/pt-pt\/#organization\"},\"alternateName\":\"Macroza\",\"potentialAction\":[{\"@type\":\"SearchAction\",\"target\":{\"@type\":\"EntryPoint\",\"urlTemplate\":\"https:\/\/www.macroza.com\/pt-pt\/?s={search_term_string}\"},\"query-input\":{\"@type\":\"PropertyValueSpecification\",\"valueRequired\":true,\"valueName\":\"search_term_string\"}}],\"inLanguage\":\"pt-PT\"},{\"@type\":\"Organization\",\"@id\":\"https:\/\/www.macroza.com\/pt-pt\/#organization\",\"name\":\"Macroza\",\"alternateName\":\"Macroza Export\",\"url\":\"https:\/\/www.macroza.com\/pt-pt\/\",\"logo\":{\"@type\":\"ImageObject\",\"inLanguage\":\"pt-PT\",\"@id\":\"https:\/\/www.macroza.com\/pt-pt\/#\/schema\/logo\/image\/\",\"url\":\"https:\/\/www.macroza.com\/wp-content\/uploads\/2023\/11\/cropped-Diseno-sin-titulo-10.png\",\"contentUrl\":\"https:\/\/www.macroza.com\/wp-content\/uploads\/2023\/11\/cropped-Diseno-sin-titulo-10.png\",\"width\":512,\"height\":512,\"caption\":\"Macroza\"},\"image\":{\"@id\":\"https:\/\/www.macroza.com\/pt-pt\/#\/schema\/logo\/image\/\"},\"sameAs\":[\"https:\/\/www.facebook.com\/macrozaofficial\/\",\"https:\/\/www.instagram.com\/macroza_official\/\",\"https:\/\/www.linkedin.com\/company\/macroza-wall-chasers\/\",\"https:\/\/www.youtube.com\/@MACROZAWallChasers\/videos\"]}]}<\/script>\n<!-- \/ Yoast SEO plugin. -->","yoast_head_json":{"title":"Pol\u00edtica de privacidade | MACROZA","robots":{"index":"index","follow":"follow","max-snippet":"max-snippet:-1","max-image-preview":"max-image-preview:large","max-video-preview":"max-video-preview:-1"},"canonical":"https:\/\/www.macroza.com\/pt-pt\/politica-de-privacidade\/","og_locale":"pt_PT","og_type":"article","og_title":"Pol\u00edtica de privacidade | MACROZA","og_description":"POL\u00cdTICA DE PRIVACIDADE MACROZA Em conformidade com os princ\u00edpios da legalidade, da equidade e da transpar\u00eancia, apresentamos-lhe a presente Pol\u00edtica de Privacidade. Quem \u00e9 o respons\u00e1vel pelo tratamento dos seus dados? RESPONS\u00c1VEL: MACROZA EXPORT S.L.N\u00daMERO DE IVA: B80425986SEDE: C\/ Le\u00f1eros 15, 28039 MadridEMAIL: info@macroza.comTELEFONE: 915419294ESPECIALIZA\u00c7\u00c3O: Ro\u00e7adoras de pared e produtos conexos Para que fins processamos [&hellip;]","og_url":"https:\/\/www.macroza.com\/pt-pt\/politica-de-privacidade\/","og_site_name":"MACROZA","article_publisher":"https:\/\/www.facebook.com\/macrozaofficial\/","article_modified_time":"2024-04-05T15:36:35+00:00","twitter_card":"summary_large_image","twitter_misc":{"Tempo estimado de leitura":"5 minutos"},"schema":{"@context":"https:\/\/schema.org","@graph":[{"@type":"WebPage","@id":"https:\/\/www.macroza.com\/pt-pt\/politica-de-privacidade\/","url":"https:\/\/www.macroza.com\/pt-pt\/politica-de-privacidade\/","name":"Pol\u00edtica de privacidade | MACROZA","isPartOf":{"@id":"https:\/\/www.macroza.com\/pt-pt\/#website"},"datePublished":"2023-11-12T13:46:34+00:00","dateModified":"2024-04-05T15:36:35+00:00","breadcrumb":{"@id":"https:\/\/www.macroza.com\/pt-pt\/politica-de-privacidade\/#breadcrumb"},"inLanguage":"pt-PT","potentialAction":[{"@type":"ReadAction","target":["https:\/\/www.macroza.com\/pt-pt\/politica-de-privacidade\/"]}]},{"@type":"BreadcrumbList","@id":"https:\/\/www.macroza.com\/pt-pt\/politica-de-privacidade\/#breadcrumb","itemListElement":[{"@type":"ListItem","position":1,"name":"Home","item":"https:\/\/www.macroza.com\/pt-pt\/pagina-principal\/"},{"@type":"ListItem","position":2,"name":"Pol\u00edtica de privacidade"}]},{"@type":"WebSite","@id":"https:\/\/www.macroza.com\/pt-pt\/#website","url":"https:\/\/www.macroza.com\/pt-pt\/","name":"www.macroza.com","description":"Fabricante de rozadoras de pared","publisher":{"@id":"https:\/\/www.macroza.com\/pt-pt\/#organization"},"alternateName":"Macroza","potentialAction":[{"@type":"SearchAction","target":{"@type":"EntryPoint","urlTemplate":"https:\/\/www.macroza.com\/pt-pt\/?s={search_term_string}"},"query-input":{"@type":"PropertyValueSpecification","valueRequired":true,"valueName":"search_term_string"}}],"inLanguage":"pt-PT"},{"@type":"Organization","@id":"https:\/\/www.macroza.com\/pt-pt\/#organization","name":"Macroza","alternateName":"Macroza Export","url":"https:\/\/www.macroza.com\/pt-pt\/","logo":{"@type":"ImageObject","inLanguage":"pt-PT","@id":"https:\/\/www.macroza.com\/pt-pt\/#\/schema\/logo\/image\/","url":"https:\/\/www.macroza.com\/wp-content\/uploads\/2023\/11\/cropped-Diseno-sin-titulo-10.png","contentUrl":"https:\/\/www.macroza.com\/wp-content\/uploads\/2023\/11\/cropped-Diseno-sin-titulo-10.png","width":512,"height":512,"caption":"Macroza"},"image":{"@id":"https:\/\/www.macroza.com\/pt-pt\/#\/schema\/logo\/image\/"},"sameAs":["https:\/\/www.facebook.com\/macrozaofficial\/","https:\/\/www.instagram.com\/macroza_official\/","https:\/\/www.linkedin.com\/company\/macroza-wall-chasers\/","https:\/\/www.youtube.com\/@MACROZAWallChasers\/videos"]}]}},"_links":{"self":[{"href":"https:\/\/www.macroza.com\/pt-pt\/wp-json\/wp\/v2\/pages\/11830","targetHints":{"allow":["GET"]}}],"collection":[{"href":"https:\/\/www.macroza.com\/pt-pt\/wp-json\/wp\/v2\/pages"}],"about":[{"href":"https:\/\/www.macroza.com\/pt-pt\/wp-json\/wp\/v2\/types\/page"}],"author":[{"embeddable":true,"href":"https:\/\/www.macroza.com\/pt-pt\/wp-json\/wp\/v2\/users\/2"}],"replies":[{"embeddable":true,"href":"https:\/\/www.macroza.com\/pt-pt\/wp-json\/wp\/v2\/comments?post=11830"}],"version-history":[{"count":2,"href":"https:\/\/www.macroza.com\/pt-pt\/wp-json\/wp\/v2\/pages\/11830\/revisions"}],"predecessor-version":[{"id":11844,"href":"https:\/\/www.macroza.com\/pt-pt\/wp-json\/wp\/v2\/pages\/11830\/revisions\/11844"}],"wp:attachment":[{"href":"https:\/\/www.macroza.com\/pt-pt\/wp-json\/wp\/v2\/media?parent=11830"}],"curies":[{"name":"wp","href":"https:\/\/api.w.org\/{rel}","templated":true}]}}