{"id":6287,"date":"2023-11-12T14:46:34","date_gmt":"2023-11-12T13:46:34","guid":{"rendered":"https:\/\/www.macroza.com\/polityka-prywatnosci\/"},"modified":"2024-01-01T19:38:07","modified_gmt":"2024-01-01T18:38:07","slug":"polityka-prywatnosci","status":"publish","type":"page","link":"https:\/\/www.macroza.com\/pl\/polityka-prywatnosci\/","title":{"rendered":"Polityka prywatno\u015bci"},"content":{"rendered":"\t\t<div data-elementor-type=\"wp-page\" data-elementor-id=\"6287\" class=\"elementor elementor-6287 elementor-3318\" data-elementor-settings=\"{&quot;ha_cmc_init_switcher&quot;:&quot;no&quot;}\" data-elementor-post-type=\"page\">\n\t\t\t\t\t\t<section class=\"elementor-section elementor-top-section elementor-element elementor-element-6ddb705 elementor-section-boxed elementor-section-height-default elementor-section-height-default\" data-id=\"6ddb705\" data-element_type=\"section\" data-settings=\"{&quot;_ha_eqh_enable&quot;:false}\">\n\t\t\t\t\t\t<div class=\"elementor-container elementor-column-gap-default\">\n\t\t\t\t\t<div class=\"elementor-column elementor-col-100 elementor-top-column elementor-element elementor-element-f3b66e2\" data-id=\"f3b66e2\" data-element_type=\"column\">\n\t\t\t<div class=\"elementor-widget-wrap elementor-element-populated\">\n\t\t\t\t\t\t<div class=\"elementor-element elementor-element-ccf9096 elementor-widget elementor-widget-text-editor\" data-id=\"ccf9096\" data-element_type=\"widget\" data-widget_type=\"text-editor.default\">\n\t\t\t\t<div class=\"elementor-widget-container\">\n\t\t\t\t\t\t\t\t\t<h1><strong>POLITYKA PRYWATNO\u015aCI MACROZA<\/strong><\/h1>\n<p>Zgodnie z zasadami legalno\u015bci, uczciwo\u015bci i przejrzysto\u015bci udost\u0119pniamy niniejsz\u0105 Polityk\u0119 prywatno\u015bci.<\/p>\n<p><strong>Kto jest administratorem danych u\u017cytkownika?<\/strong><\/p>\n<p><strong>PODMIOT ODPOWIEDZIALNY: <\/strong>MACROZA EXPORT S.L.<br \/><strong>NUMER VAT:<\/strong> B80425986<br \/><strong>BIURO G\u0141\u00d3WNE:<\/strong> C\/ Le\u00f1eros 15, 28039 Madryt<br \/><strong>EMAIL: <\/strong><a href=\"mailto:info@macroza.com\" target=\"_blank\" rel=\"noopener\">info@macroza.com<\/a><br \/><strong>TELEFON: <\/strong>915419294<br \/><strong>SPECJALIZACJA: <\/strong><a href=\"https:\/\/www.macroza.com\/rozadoras-de-pared\/\">Skrobaki do \u015bcian<\/a> i produkty pokrewne<\/p>\n<p><strong><br \/>W jakich celach przetwarzamy dane osobowe u\u017cytkownik\u00f3w?<\/strong><\/p>\n<p>W <strong>MACROZA EXPORT S.L<\/strong>., w zale\u017cno\u015bci od kategorii zainteresowanej strony, przetwarzamy przekazane nam informacje w nast\u0119puj\u0105cych celach:<\/p>\n<p><strong>ZAINTERESOWANY<\/strong><\/p>\n<p>CELE PRZETWARZANIA<\/p>\n<p><em>POTENCJALNI KLIENCI<\/em><br \/>Zarz\u0105dzanie potencjalnymi relacjami handlowymi i\/lub zawodowymi, zarz\u0105dzanie wysy\u0142aniem \u017c\u0105danych informacji i\/lub rozwi\u0105zywanie zg\u0142oszonych zapyta\u0144, dostarczanie ofert naszych us\u0142ug i\/lub produkt\u00f3w, kt\u00f3re mog\u0105 zainteresowa\u0107 u\u017cytkownika.<\/p>\n<p><em><strong>KLIENCI<\/strong><\/em><br \/>W celu zarz\u0105dzania relacjami handlowymi i\/lub zawodowymi, dostarczania u\u017cytkownikowi interesuj\u0105cych go ofert naszych us\u0142ug i\/lub produkt\u00f3w.<\/p>\n<p><em><strong>DOSTAWCY<\/strong><\/em><br \/>Zarz\u0105dzanie relacjami handlowymi i\/lub zawodowymi.<\/p>\n<p><em><strong>KANDYDACI<\/strong><\/em><br \/>Zarz\u0105dzanie procesem selekcji personelu.<\/p>\n<p><em><strong>U\u017bYTKOWNICY INTERNETU<\/strong><\/em><br \/>Zarz\u0105dzanie analiz\u0105 danych przegl\u0105dania.<\/p>\n<p><strong>Jaka jest podstawa przetwarzania danych u\u017cytkownika?<\/strong><\/p>\n<p>Podstaw\u0105 prawn\u0105 przetwarzania danych osobowych u\u017cytkownika, w zale\u017cno\u015bci od kategorii osoby, kt\u00f3rej dane dotycz\u0105, mo\u017ce by\u0107:<\/p>\n<p><strong>ZAINTERESOWANY<\/strong><\/p>\n<p>PODSTAWA PRAWNA<\/p>\n<p><strong><em>POTENCJALNI KLIENCI<\/em><\/strong><br \/>Art. 6 ust. 1 lit. b RODO: stosowanie, na wniosek osoby, kt\u00f3rej dane dotycz\u0105, \u015brodk\u00f3w poprzedzaj\u0105cych zawarcie umowy (szacunki, formularze zam\u00f3wie\u0144, oferty us\u0142ug itp.).<br \/>Art. 6 ust. 1 lit. f RODO: prawnie uzasadniony interes (wysy\u0142anie \u017c\u0105danych informacji, odpowiadanie na zadane pytania&#8230;).<br \/>Art. 6 ust. 1 lit. a RODO: zgoda osoby, kt\u00f3rej dane dotycz\u0105 (dostarczanie ofert naszych us\u0142ug i\/lub produkt\u00f3w).<\/p>\n<p><em><strong>KLIENCI<\/strong><\/em><br \/>Art. 6 ust. 1 lit. b RODO: wykonanie umowy, kt\u00f3rej stron\u0105 jest osoba, kt\u00f3rej dane dotycz\u0105.<\/p>\n<p><em><strong>DOSTAWCY<\/strong><\/em><br \/>Art. 6 ust. 1 lit. b RODO: wykonanie umowy, kt\u00f3rej stron\u0105 jest osoba, kt\u00f3rej dane dotycz\u0105.<\/p>\n<p><em><strong>KANDYDACI<\/strong><\/em><br \/>Art. 6 ust. 1 lit. a RODO: zgoda samej osoby, kt\u00f3rej dane dotycz\u0105.<\/p>\n<p><strong><em>U\u017bYTKOWNICY INTERNETU<\/em><\/strong><br \/>Art. 6 ust. 1 lit. a RODO: zgoda samej osoby, kt\u00f3rej dane dotycz\u0105.<\/p>\n<p>Dane, o kt\u00f3re prosimy, s\u0105 adekwatne, istotne i bezwzgl\u0119dnie konieczne i w \u017cadnym wypadku nie jeste\u015b zobowi\u0105zany do ich podania, ale ich niepodanie mo\u017ce mie\u0107 wp\u0142yw na cel us\u0142ugi lub niemo\u017cno\u015b\u0107 jej \u015bwiadczenia.<br \/><strong> <br \/>Jak d\u0142ugo b\u0119dziemy przechowywa\u0107 dane osobowe u\u017cytkownika?<\/strong><\/p>\n<p>Dane u\u017cytkownika b\u0119d\u0105 przechowywane przez minimalny okres niezb\u0119dny do prawid\u0142owego \u015bwiadczenia oferowanych us\u0142ug, a tak\u017ce do wype\u0142nienia obowi\u0105zk\u00f3w, kt\u00f3re mog\u0105 z nich wynika\u0107, oraz wszelkich innych wymog\u00f3w prawnych.<br \/><strong> <br \/>Do jakich odbiorc\u00f3w b\u0119d\u0105 przekazywane dane?<\/strong><\/p>\n<p><strong>MACROZA EXPORT S.L. <\/strong>nie b\u0119dzie przekazywa\u0107 danych u\u017cytkownika osobom trzecim, chyba \u017ce zostanie o tym wyra\u017anie poinformowana.<\/p>\n<p>Ponadto informujemy, \u017ce niekt\u00f3re dane, na mocy obowi\u0105zuj\u0105cych przepis\u00f3w lub stosunku umownego utrzymywanego z <strong>MACROZA EXPORT S.L<\/strong>., mog\u0105 by\u0107 przekazywane do:<\/p>\n<ul>\n<li>Banki i instytucje finansowe w celu odbioru zakontraktowanych us\u0142ug i\/lub zakupionych produkt\u00f3w.<\/li>\n<li>Organy administracji publicznej posiadaj\u0105ce kompetencje w sektorach, w kt\u00f3rych dzia\u0142a <strong>MACROZA EXPORT S.L.<\/strong>, o ile tak stanowi\u0105 obowi\u0105zuj\u0105ce przepisy prawa.<\/li>\n<\/ul>\n<p>Ponadto informujemy, \u017ce niekt\u00f3re dane, na mocy obowi\u0105zuj\u0105cych przepis\u00f3w lub stosunku umownego utrzymywanego przez<strong> MACROZA EXPORT S.L.<\/strong>, mog\u0105 by\u0107 przekazywane:<\/p>\n<ul>\n<li>Banki i instytucje finansowe w celu odbioru zakontraktowanych us\u0142ug i\/lub zakupionych produkt\u00f3w.<\/li>\n<li>Organy administracji publicznej posiadaj\u0105ce kompetencje w sektorach, w kt\u00f3rych dzia\u0142a <strong>MACROZA EXPORT S.L.<\/strong>, o ile tak stanowi\u0105 obowi\u0105zuj\u0105ce przepisy prawa.<\/li>\n<\/ul>\n<p><strong>Jakie prawa przys\u0142uguj\u0105 u\u017cytkownikowi, kt\u00f3ry przekazuje nam swoje dane?<\/strong><\/p>\n<p>Prawa do ochrony danych, z kt\u00f3rych osoby, kt\u00f3rych dane dotycz\u0105, mog\u0105 korzysta\u0107, w stosownych przypadkach, s\u0105 nast\u0119puj\u0105ce:<\/p>\n<ul>\n<li>Prawo do \u017c\u0105dania dost\u0119pu do danych osobowych dotycz\u0105cych osoby, kt\u00f3rej dane dotycz\u0105.<\/li>\n<li>Prawo do sprostowania lub usuni\u0119cia danych.<\/li>\n<li>Prawo do sprzeciwu.<\/li>\n<li>Prawo do \u017c\u0105dania ograniczenia przetwarzania.<\/li>\n<li>Prawo do przenoszenia danych.<\/li>\n<li>Prawo do niepodlegania decyzjom opartym wy\u0142\u0105cznie na zautomatyzowanym przetwarzaniu danych.<\/li>\n<\/ul>\n<p>Posiadacze uzyskanych danych osobowych mog\u0105 wykonywa\u0107 swoje prawa w zakresie ochrony danych osobowych, wysy\u0142aj\u0105c pisemn\u0105 informacj\u0119 do siedziby <strong>MACROZA EXPORT S.L<\/strong>. lub na podany w tym celu adres e-mail <a href=\"mailto:info@macroza.com\" target=\"_blank\" rel=\"noopener\">info@macroza.com<\/a>.<\/p>\n<p>Wzory, formularze i wi\u0119cej informacji na temat praw u\u017cytkownika mo\u017cna znale\u017a\u0107 na stronie internetowej krajowego organu nadzorczego, Agencia Espa\u00f1ola de Protecci\u00f3n de Datos, zwanego dalej AEPD, <a href=\"http:\/\/www.aepd.es\/\" target=\"_blank\" rel=\"noopener\">www.aepd.es<\/a>.<\/p>\n<p><strong>Czy mog\u0119 wycofa\u0107 zgod\u0119?<\/strong><\/p>\n<p>U\u017cytkownik ma mo\u017cliwo\u015b\u0107 i prawo do wycofania zgody na dowolny konkretny cel podany w danym momencie, bez wp\u0142ywu na zgodno\u015b\u0107 z prawem przetwarzania opartego na zgodzie przed jej wycofaniem.<\/p>\n<p><strong>Gdzie mog\u0119 z\u0142o\u017cy\u0107 skarg\u0119, je\u015bli uwa\u017cam, \u017ce moje dane nie s\u0105 przetwarzane prawid\u0142owo?<\/strong><\/p>\n<p>Je\u015bli osoba, kt\u00f3rej dane dotycz\u0105, uwa\u017ca, \u017ce jej dane nie s\u0105 prawid\u0142owo przetwarzane przez  <strong>MACROZA EXPORT S.L.<\/strong> lub \u017ce wnioski o skorzystanie z praw nie zosta\u0142y rozpatrzone w spos\u00f3b zadowalaj\u0105cy, u\u017cytkownik mo\u017ce z\u0142o\u017cy\u0107 skarg\u0119 do odpowiedniego organu ochrony danych, kt\u00f3rym jest AEPD wskazany na terytorium danego kraju,  <a href=\"http:\/\/www.aepd.es\/\" target=\"_blank\" rel=\"noopener\">www.aepd.es.<\/a><\/p>\n<p><strong>Bezpiecze\u0144stwo i aktualizacja danych osobowych<\/strong><\/p>\n<p>W celu zapewnienia bezpiecze\u0144stwa danych osobowych informujemy, \u017ce podj\u0119li\u015bmy wszelkie niezb\u0119dne \u015brodki techniczne i organizacyjne w celu zapewnienia bezpiecze\u0144stwa przekazanych danych osobowych. Wszystko po to, aby zapobiec ich zmianie, utracie i\/lub nieuprawnionemu przetwarzaniu lub dost\u0119powi do nich, zgodnie z wymogami prawa, chocia\u017c nie ma czego\u015b takiego jak absolutne bezpiecze\u0144stwo.<\/p>\n<p>Aby\u015bmy mogli aktualizowa\u0107 dane osobowe u\u017cytkownika, wa\u017cne jest, aby u\u017cytkownik informowa\u0142 nas o ka\u017cdej zmianie swoich danych osobowych.<\/p>\n<p><strong>Poufno\u015b\u0107<\/strong><\/p>\n<p>MACROZA EXPORT S.L. informuje, \u017ce dane b\u0119d\u0105 traktowane z najwy\u017csz\u0105 staranno\u015bci\u0105 i poufno\u015bci\u0105 przez ca\u0142y personel zaanga\u017cowany w kt\u00f3rykolwiek z etap\u00f3w przetwarzania. Nie przeka\u017cemy ani nie przeka\u017cemy danych u\u017cytkownika \u017cadnej stronie trzeciej, z wyj\u0105tkiem przypadk\u00f3w przewidzianych przez prawo lub chyba \u017ce zainteresowana strona wyra\u017anie nas do tego upowa\u017cni\u0142a.<\/p>\n\t\t\t\t\t\t\t\t<\/div>\n\t\t\t\t<\/div>\n\t\t\t\t\t<\/div>\n\t\t<\/div>\n\t\t\t\t\t<\/div>\n\t\t<\/section>\n\t\t\t\t<\/div>\n\t\t","protected":false},"excerpt":{"rendered":"<p>POLITYKA PRYWATNO\u015aCI MACROZA Zgodnie z zasadami legalno\u015bci, uczciwo\u015bci i przejrzysto\u015bci udost\u0119pniamy niniejsz\u0105 Polityk\u0119 prywatno\u015bci. Kto jest administratorem danych u\u017cytkownika? PODMIOT ODPOWIEDZIALNY: MACROZA EXPORT S.L.NUMER VAT: B80425986BIURO G\u0141\u00d3WNE: C\/ Le\u00f1eros 15, 28039 MadrytEMAIL: info@macroza.comTELEFON: 915419294SPECJALIZACJA: Skrobaki do \u015bcian i produkty pokrewne W jakich celach przetwarzamy dane osobowe u\u017cytkownik\u00f3w? W MACROZA EXPORT S.L., w zale\u017cno\u015bci od kategorii [&hellip;]<\/p>\n","protected":false},"author":2,"featured_media":0,"parent":0,"menu_order":0,"comment_status":"closed","ping_status":"closed","template":"","meta":{"inline_featured_image":false,"site-sidebar-layout":"no-sidebar","site-content-layout":"page-builder","ast-site-content-layout":"full-width-container","site-content-style":"unboxed","site-sidebar-style":"unboxed","ast-global-header-display":"","ast-banner-title-visibility":"","ast-main-header-display":"","ast-hfb-above-header-display":"","ast-hfb-below-header-display":"","ast-hfb-mobile-header-display":"","site-post-title":"disabled","ast-breadcrumbs-content":"","ast-featured-img":"disabled","footer-sml-layout":"","theme-transparent-header-meta":"","adv-header-id-meta":"","stick-header-meta":"","header-above-stick-meta":"","header-main-stick-meta":"","header-below-stick-meta":"","astra-migrate-meta-layouts":"default","ast-page-background-enabled":"default","ast-page-background-meta":{"desktop":{"background-color":"var(--ast-global-color-4)","background-image":"","background-repeat":"repeat","background-position":"center center","background-size":"auto","background-attachment":"scroll","background-type":"","background-media":"","overlay-type":"","overlay-color":"","overlay-opacity":"","overlay-gradient":""},"tablet":{"background-color":"","background-image":"","background-repeat":"repeat","background-position":"center center","background-size":"auto","background-attachment":"scroll","background-type":"","background-media":"","overlay-type":"","overlay-color":"","overlay-opacity":"","overlay-gradient":""},"mobile":{"background-color":"","background-image":"","background-repeat":"repeat","background-position":"center center","background-size":"auto","background-attachment":"scroll","background-type":"","background-media":"","overlay-type":"","overlay-color":"","overlay-opacity":"","overlay-gradient":""}},"ast-content-background-meta":{"desktop":{"background-color":"var(--ast-global-color-5)","background-image":"","background-repeat":"repeat","background-position":"center center","background-size":"auto","background-attachment":"scroll","background-type":"","background-media":"","overlay-type":"","overlay-color":"","overlay-opacity":"","overlay-gradient":""},"tablet":{"background-color":"var(--ast-global-color-5)","background-image":"","background-repeat":"repeat","background-position":"center center","background-size":"auto","background-attachment":"scroll","background-type":"","background-media":"","overlay-type":"","overlay-color":"","overlay-opacity":"","overlay-gradient":""},"mobile":{"background-color":"var(--ast-global-color-5)","background-image":"","background-repeat":"repeat","background-position":"center center","background-size":"auto","background-attachment":"scroll","background-type":"","background-media":"","overlay-type":"","overlay-color":"","overlay-opacity":"","overlay-gradient":""}},"footnotes":""},"class_list":["post-6287","page","type-page","status-publish","hentry"],"yoast_head":"<!-- This site is optimized with the Yoast SEO plugin v24.5 - https:\/\/yoast.com\/wordpress\/plugins\/seo\/ -->\n<title>Polityka prywatno\u015bci | MACROZA<\/title>\n<meta name=\"robots\" content=\"index, follow, max-snippet:-1, max-image-preview:large, max-video-preview:-1\" \/>\n<link rel=\"canonical\" href=\"https:\/\/www.macroza.com\/pl\/polityka-prywatnosci\/\" \/>\n<meta property=\"og:locale\" content=\"pl_PL\" \/>\n<meta property=\"og:type\" content=\"article\" \/>\n<meta property=\"og:title\" content=\"Polityka prywatno\u015bci | MACROZA\" \/>\n<meta property=\"og:description\" content=\"POLITYKA PRYWATNO\u015aCI MACROZA Zgodnie z zasadami legalno\u015bci, uczciwo\u015bci i przejrzysto\u015bci udost\u0119pniamy niniejsz\u0105 Polityk\u0119 prywatno\u015bci. Kto jest administratorem danych u\u017cytkownika? PODMIOT ODPOWIEDZIALNY: MACROZA EXPORT S.L.NUMER VAT: B80425986BIURO G\u0141\u00d3WNE: C\/ Le\u00f1eros 15, 28039 MadrytEMAIL: info@macroza.comTELEFON: 915419294SPECJALIZACJA: Skrobaki do \u015bcian i produkty pokrewne W jakich celach przetwarzamy dane osobowe u\u017cytkownik\u00f3w? W MACROZA EXPORT S.L., w zale\u017cno\u015bci od kategorii [&hellip;]\" \/>\n<meta property=\"og:url\" content=\"https:\/\/www.macroza.com\/pl\/polityka-prywatnosci\/\" \/>\n<meta property=\"og:site_name\" content=\"MACROZA\" \/>\n<meta property=\"article:publisher\" content=\"https:\/\/www.facebook.com\/macrozaofficial\/\" \/>\n<meta property=\"article:modified_time\" content=\"2024-01-01T18:38:07+00:00\" \/>\n<meta name=\"twitter:card\" content=\"summary_large_image\" \/>\n<meta name=\"twitter:label1\" content=\"Szacowany czas czytania\" \/>\n\t<meta name=\"twitter:data1\" content=\"5 minuta\" \/>\n<script type=\"application\/ld+json\" class=\"yoast-schema-graph\">{\"@context\":\"https:\/\/schema.org\",\"@graph\":[{\"@type\":\"WebPage\",\"@id\":\"https:\/\/www.macroza.com\/pl\/polityka-prywatnosci\/\",\"url\":\"https:\/\/www.macroza.com\/pl\/polityka-prywatnosci\/\",\"name\":\"Polityka prywatno\u015bci | MACROZA\",\"isPartOf\":{\"@id\":\"https:\/\/www.macroza.com\/pl\/#website\"},\"datePublished\":\"2023-11-12T13:46:34+00:00\",\"dateModified\":\"2024-01-01T18:38:07+00:00\",\"breadcrumb\":{\"@id\":\"https:\/\/www.macroza.com\/pl\/polityka-prywatnosci\/#breadcrumb\"},\"inLanguage\":\"pl-PL\",\"potentialAction\":[{\"@type\":\"ReadAction\",\"target\":[\"https:\/\/www.macroza.com\/pl\/polityka-prywatnosci\/\"]}]},{\"@type\":\"BreadcrumbList\",\"@id\":\"https:\/\/www.macroza.com\/pl\/polityka-prywatnosci\/#breadcrumb\",\"itemListElement\":[{\"@type\":\"ListItem\",\"position\":1,\"name\":\"Home\",\"item\":\"https:\/\/www.macroza.com\/pl\/strona-glowna\/\"},{\"@type\":\"ListItem\",\"position\":2,\"name\":\"Polityka prywatno\u015bci\"}]},{\"@type\":\"WebSite\",\"@id\":\"https:\/\/www.macroza.com\/pl\/#website\",\"url\":\"https:\/\/www.macroza.com\/pl\/\",\"name\":\"www.macroza.com\",\"description\":\"Fabricante de rozadoras de pared\",\"publisher\":{\"@id\":\"https:\/\/www.macroza.com\/pl\/#organization\"},\"alternateName\":\"Macroza\",\"potentialAction\":[{\"@type\":\"SearchAction\",\"target\":{\"@type\":\"EntryPoint\",\"urlTemplate\":\"https:\/\/www.macroza.com\/pl\/?s={search_term_string}\"},\"query-input\":{\"@type\":\"PropertyValueSpecification\",\"valueRequired\":true,\"valueName\":\"search_term_string\"}}],\"inLanguage\":\"pl-PL\"},{\"@type\":\"Organization\",\"@id\":\"https:\/\/www.macroza.com\/pl\/#organization\",\"name\":\"Macroza\",\"alternateName\":\"Macroza Export\",\"url\":\"https:\/\/www.macroza.com\/pl\/\",\"logo\":{\"@type\":\"ImageObject\",\"inLanguage\":\"pl-PL\",\"@id\":\"https:\/\/www.macroza.com\/pl\/#\/schema\/logo\/image\/\",\"url\":\"https:\/\/www.macroza.com\/wp-content\/uploads\/2023\/11\/cropped-Diseno-sin-titulo-10.png\",\"contentUrl\":\"https:\/\/www.macroza.com\/wp-content\/uploads\/2023\/11\/cropped-Diseno-sin-titulo-10.png\",\"width\":512,\"height\":512,\"caption\":\"Macroza\"},\"image\":{\"@id\":\"https:\/\/www.macroza.com\/pl\/#\/schema\/logo\/image\/\"},\"sameAs\":[\"https:\/\/www.facebook.com\/macrozaofficial\/\",\"https:\/\/www.instagram.com\/macroza_official\/\",\"https:\/\/www.linkedin.com\/company\/macroza-wall-chasers\/\",\"https:\/\/www.youtube.com\/@MACROZAWallChasers\/videos\"]}]}<\/script>\n<!-- \/ Yoast SEO plugin. -->","yoast_head_json":{"title":"Polityka prywatno\u015bci | MACROZA","robots":{"index":"index","follow":"follow","max-snippet":"max-snippet:-1","max-image-preview":"max-image-preview:large","max-video-preview":"max-video-preview:-1"},"canonical":"https:\/\/www.macroza.com\/pl\/polityka-prywatnosci\/","og_locale":"pl_PL","og_type":"article","og_title":"Polityka prywatno\u015bci | MACROZA","og_description":"POLITYKA PRYWATNO\u015aCI MACROZA Zgodnie z zasadami legalno\u015bci, uczciwo\u015bci i przejrzysto\u015bci udost\u0119pniamy niniejsz\u0105 Polityk\u0119 prywatno\u015bci. Kto jest administratorem danych u\u017cytkownika? PODMIOT ODPOWIEDZIALNY: MACROZA EXPORT S.L.NUMER VAT: B80425986BIURO G\u0141\u00d3WNE: C\/ Le\u00f1eros 15, 28039 MadrytEMAIL: info@macroza.comTELEFON: 915419294SPECJALIZACJA: Skrobaki do \u015bcian i produkty pokrewne W jakich celach przetwarzamy dane osobowe u\u017cytkownik\u00f3w? W MACROZA EXPORT S.L., w zale\u017cno\u015bci od kategorii [&hellip;]","og_url":"https:\/\/www.macroza.com\/pl\/polityka-prywatnosci\/","og_site_name":"MACROZA","article_publisher":"https:\/\/www.facebook.com\/macrozaofficial\/","article_modified_time":"2024-01-01T18:38:07+00:00","twitter_card":"summary_large_image","twitter_misc":{"Szacowany czas czytania":"5 minuta"},"schema":{"@context":"https:\/\/schema.org","@graph":[{"@type":"WebPage","@id":"https:\/\/www.macroza.com\/pl\/polityka-prywatnosci\/","url":"https:\/\/www.macroza.com\/pl\/polityka-prywatnosci\/","name":"Polityka prywatno\u015bci | MACROZA","isPartOf":{"@id":"https:\/\/www.macroza.com\/pl\/#website"},"datePublished":"2023-11-12T13:46:34+00:00","dateModified":"2024-01-01T18:38:07+00:00","breadcrumb":{"@id":"https:\/\/www.macroza.com\/pl\/polityka-prywatnosci\/#breadcrumb"},"inLanguage":"pl-PL","potentialAction":[{"@type":"ReadAction","target":["https:\/\/www.macroza.com\/pl\/polityka-prywatnosci\/"]}]},{"@type":"BreadcrumbList","@id":"https:\/\/www.macroza.com\/pl\/polityka-prywatnosci\/#breadcrumb","itemListElement":[{"@type":"ListItem","position":1,"name":"Home","item":"https:\/\/www.macroza.com\/pl\/strona-glowna\/"},{"@type":"ListItem","position":2,"name":"Polityka prywatno\u015bci"}]},{"@type":"WebSite","@id":"https:\/\/www.macroza.com\/pl\/#website","url":"https:\/\/www.macroza.com\/pl\/","name":"www.macroza.com","description":"Fabricante de rozadoras de pared","publisher":{"@id":"https:\/\/www.macroza.com\/pl\/#organization"},"alternateName":"Macroza","potentialAction":[{"@type":"SearchAction","target":{"@type":"EntryPoint","urlTemplate":"https:\/\/www.macroza.com\/pl\/?s={search_term_string}"},"query-input":{"@type":"PropertyValueSpecification","valueRequired":true,"valueName":"search_term_string"}}],"inLanguage":"pl-PL"},{"@type":"Organization","@id":"https:\/\/www.macroza.com\/pl\/#organization","name":"Macroza","alternateName":"Macroza Export","url":"https:\/\/www.macroza.com\/pl\/","logo":{"@type":"ImageObject","inLanguage":"pl-PL","@id":"https:\/\/www.macroza.com\/pl\/#\/schema\/logo\/image\/","url":"https:\/\/www.macroza.com\/wp-content\/uploads\/2023\/11\/cropped-Diseno-sin-titulo-10.png","contentUrl":"https:\/\/www.macroza.com\/wp-content\/uploads\/2023\/11\/cropped-Diseno-sin-titulo-10.png","width":512,"height":512,"caption":"Macroza"},"image":{"@id":"https:\/\/www.macroza.com\/pl\/#\/schema\/logo\/image\/"},"sameAs":["https:\/\/www.facebook.com\/macrozaofficial\/","https:\/\/www.instagram.com\/macroza_official\/","https:\/\/www.linkedin.com\/company\/macroza-wall-chasers\/","https:\/\/www.youtube.com\/@MACROZAWallChasers\/videos"]}]}},"_links":{"self":[{"href":"https:\/\/www.macroza.com\/pl\/wp-json\/wp\/v2\/pages\/6287","targetHints":{"allow":["GET"]}}],"collection":[{"href":"https:\/\/www.macroza.com\/pl\/wp-json\/wp\/v2\/pages"}],"about":[{"href":"https:\/\/www.macroza.com\/pl\/wp-json\/wp\/v2\/types\/page"}],"author":[{"embeddable":true,"href":"https:\/\/www.macroza.com\/pl\/wp-json\/wp\/v2\/users\/2"}],"replies":[{"embeddable":true,"href":"https:\/\/www.macroza.com\/pl\/wp-json\/wp\/v2\/comments?post=6287"}],"version-history":[{"count":2,"href":"https:\/\/www.macroza.com\/pl\/wp-json\/wp\/v2\/pages\/6287\/revisions"}],"predecessor-version":[{"id":6300,"href":"https:\/\/www.macroza.com\/pl\/wp-json\/wp\/v2\/pages\/6287\/revisions\/6300"}],"wp:attachment":[{"href":"https:\/\/www.macroza.com\/pl\/wp-json\/wp\/v2\/media?parent=6287"}],"curies":[{"name":"wp","href":"https:\/\/api.w.org\/{rel}","templated":true}]}}