{"id":6284,"date":"2023-11-12T14:46:56","date_gmt":"2023-11-12T13:46:56","guid":{"rendered":"https:\/\/www.macroza.com\/nota-prawna\/"},"modified":"2024-01-21T13:19:03","modified_gmt":"2024-01-21T12:19:03","slug":"nota-prawna","status":"publish","type":"page","link":"https:\/\/www.macroza.com\/pl\/nota-prawna\/","title":{"rendered":"Nota prawna"},"content":{"rendered":"\t\t<div data-elementor-type=\"wp-page\" data-elementor-id=\"6284\" class=\"elementor elementor-6284 elementor-3320\" data-elementor-settings=\"{&quot;ha_cmc_init_switcher&quot;:&quot;no&quot;}\" data-elementor-post-type=\"page\">\n\t\t\t\t\t\t<section class=\"elementor-section elementor-top-section elementor-element elementor-element-e826aea elementor-section-boxed elementor-section-height-default elementor-section-height-default\" data-id=\"e826aea\" data-element_type=\"section\" data-settings=\"{&quot;_ha_eqh_enable&quot;:false}\">\n\t\t\t\t\t\t<div class=\"elementor-container elementor-column-gap-default\">\n\t\t\t\t\t<div class=\"elementor-column elementor-col-100 elementor-top-column elementor-element elementor-element-4c323c5\" data-id=\"4c323c5\" data-element_type=\"column\">\n\t\t\t<div class=\"elementor-widget-wrap elementor-element-populated\">\n\t\t\t\t\t\t<div class=\"elementor-element elementor-element-5c6870e elementor-widget elementor-widget-text-editor\" data-id=\"5c6870e\" data-element_type=\"widget\" data-widget_type=\"text-editor.default\">\n\t\t\t\t<div class=\"elementor-widget-container\">\n\t\t\t\t\t\t\t\t\t<h1><strong>INFORMACJA PRAWNA<\/strong><\/h1>\n<p><em><strong>W\u0141A\u015aCICIEL STRONY INTERNETOWEJ<\/strong><\/em><\/p>\n<p><strong>NAZWA SP\u00d3\u0141KI: <\/strong>MACROZA EXPORT S.L.<br \/><strong>NUMER VAT:<\/strong> B80425986<br \/><strong>BIURO G\u0141\u00d3WNE: <\/strong>C\/ Le\u00f1eros 15, 28039 Madryt<br \/><strong>TEL.:<\/strong> 915 41 92 94<br \/><strong>EMAIL: <\/strong><a href=\"mailto:info@macroza.com\" target=\"_blank\" rel=\"noopener\">info@macroza.com<\/a><br \/><strong>SZCZEG\u00d3\u0141Y WPISU DO REJESTRU HANDLOWEGO:<\/strong><br \/><strong>Obj\u0119to\u015b\u0107: <\/strong>4758<br \/><strong>Ksi\u0105\u017cka:<\/strong> 0<br \/><strong>Folio:<\/strong> 94<br \/><strong>Sekcja:<\/strong> 8<br \/><strong>Ulotka: <\/strong>78106 M<\/p>\n<p>MACROZA, wiod\u0105cy producent <a href=\"https:\/\/www.macroza.com\/pl\/bruzdownice\/\">\u015bcigaczy \u015bciennych<\/a> dla profesjonalist\u00f3w w ponad 30 krajach.<\/p>\n\t\t\t\t\t\t\t\t<\/div>\n\t\t\t\t<\/div>\n\t\t\t\t\t<\/div>\n\t\t<\/div>\n\t\t\t\t\t<\/div>\n\t\t<\/section>\n\t\t\t\t<\/div>\n\t\t","protected":false},"excerpt":{"rendered":"<p>INFORMACJA PRAWNA W\u0141A\u015aCICIEL STRONY INTERNETOWEJ NAZWA SP\u00d3\u0141KI: MACROZA EXPORT S.L.NUMER VAT: B80425986BIURO G\u0141\u00d3WNE: C\/ Le\u00f1eros 15, 28039 MadrytTEL.: 915 41 92 94EMAIL: info@macroza.comSZCZEG\u00d3\u0141Y WPISU DO REJESTRU HANDLOWEGO:Obj\u0119to\u015b\u0107: 4758Ksi\u0105\u017cka: 0Folio: 94Sekcja: 8Ulotka: 78106 M MACROZA, wiod\u0105cy producent \u015bcigaczy \u015bciennych dla profesjonalist\u00f3w w ponad 30 krajach.<\/p>\n","protected":false},"author":2,"featured_media":0,"parent":0,"menu_order":0,"comment_status":"closed","ping_status":"closed","template":"","meta":{"inline_featured_image":false,"site-sidebar-layout":"no-sidebar","site-content-layout":"page-builder","ast-site-content-layout":"","site-content-style":"default","site-sidebar-style":"default","ast-global-header-display":"","ast-banner-title-visibility":"","ast-main-header-display":"","ast-hfb-above-header-display":"","ast-hfb-below-header-display":"","ast-hfb-mobile-header-display":"","site-post-title":"disabled","ast-breadcrumbs-content":"","ast-featured-img":"disabled","footer-sml-layout":"","theme-transparent-header-meta":"","adv-header-id-meta":"","stick-header-meta":"","header-above-stick-meta":"","header-main-stick-meta":"","header-below-stick-meta":"","astra-migrate-meta-layouts":"default","ast-page-background-enabled":"default","ast-page-background-meta":{"desktop":{"background-color":"var(--ast-global-color-4)","background-image":"","background-repeat":"repeat","background-position":"center center","background-size":"auto","background-attachment":"scroll","background-type":"","background-media":"","overlay-type":"","overlay-color":"","overlay-opacity":"","overlay-gradient":""},"tablet":{"background-color":"","background-image":"","background-repeat":"repeat","background-position":"center center","background-size":"auto","background-attachment":"scroll","background-type":"","background-media":"","overlay-type":"","overlay-color":"","overlay-opacity":"","overlay-gradient":""},"mobile":{"background-color":"","background-image":"","background-repeat":"repeat","background-position":"center center","background-size":"auto","background-attachment":"scroll","background-type":"","background-media":"","overlay-type":"","overlay-color":"","overlay-opacity":"","overlay-gradient":""}},"ast-content-background-meta":{"desktop":{"background-color":"var(--ast-global-color-5)","background-image":"","background-repeat":"repeat","background-position":"center center","background-size":"auto","background-attachment":"scroll","background-type":"","background-media":"","overlay-type":"","overlay-color":"","overlay-opacity":"","overlay-gradient":""},"tablet":{"background-color":"var(--ast-global-color-5)","background-image":"","background-repeat":"repeat","background-position":"center center","background-size":"auto","background-attachment":"scroll","background-type":"","background-media":"","overlay-type":"","overlay-color":"","overlay-opacity":"","overlay-gradient":""},"mobile":{"background-color":"var(--ast-global-color-5)","background-image":"","background-repeat":"repeat","background-position":"center center","background-size":"auto","background-attachment":"scroll","background-type":"","background-media":"","overlay-type":"","overlay-color":"","overlay-opacity":"","overlay-gradient":""}},"footnotes":""},"class_list":["post-6284","page","type-page","status-publish","hentry"],"yoast_head":"<!-- This site is optimized with the Yoast SEO plugin v24.5 - https:\/\/yoast.com\/wordpress\/plugins\/seo\/ -->\n<title>Nota prawna | MACROZA<\/title>\n<meta name=\"robots\" content=\"index, follow, max-snippet:-1, max-image-preview:large, max-video-preview:-1\" \/>\n<link rel=\"canonical\" href=\"https:\/\/www.macroza.com\/pl\/nota-prawna\/\" \/>\n<meta property=\"og:locale\" content=\"pl_PL\" \/>\n<meta property=\"og:type\" content=\"article\" \/>\n<meta property=\"og:title\" content=\"Nota prawna | MACROZA\" \/>\n<meta property=\"og:description\" content=\"INFORMACJA PRAWNA W\u0141A\u015aCICIEL STRONY INTERNETOWEJ NAZWA SP\u00d3\u0141KI: MACROZA EXPORT S.L.NUMER VAT: B80425986BIURO G\u0141\u00d3WNE: C\/ Le\u00f1eros 15, 28039 MadrytTEL.: 915 41 92 94EMAIL: info@macroza.comSZCZEG\u00d3\u0141Y WPISU DO REJESTRU HANDLOWEGO:Obj\u0119to\u015b\u0107: 4758Ksi\u0105\u017cka: 0Folio: 94Sekcja: 8Ulotka: 78106 M MACROZA, wiod\u0105cy producent \u015bcigaczy \u015bciennych dla profesjonalist\u00f3w w ponad 30 krajach.\" \/>\n<meta property=\"og:url\" content=\"https:\/\/www.macroza.com\/pl\/nota-prawna\/\" \/>\n<meta property=\"og:site_name\" content=\"MACROZA\" \/>\n<meta property=\"article:publisher\" content=\"https:\/\/www.facebook.com\/macrozaofficial\/\" \/>\n<meta property=\"article:modified_time\" content=\"2024-01-21T12:19:03+00:00\" \/>\n<meta name=\"twitter:card\" content=\"summary_large_image\" \/>\n<script type=\"application\/ld+json\" class=\"yoast-schema-graph\">{\"@context\":\"https:\/\/schema.org\",\"@graph\":[{\"@type\":\"WebPage\",\"@id\":\"https:\/\/www.macroza.com\/pl\/nota-prawna\/\",\"url\":\"https:\/\/www.macroza.com\/pl\/nota-prawna\/\",\"name\":\"Nota prawna | MACROZA\",\"isPartOf\":{\"@id\":\"https:\/\/www.macroza.com\/pl\/#website\"},\"datePublished\":\"2023-11-12T13:46:56+00:00\",\"dateModified\":\"2024-01-21T12:19:03+00:00\",\"breadcrumb\":{\"@id\":\"https:\/\/www.macroza.com\/pl\/nota-prawna\/#breadcrumb\"},\"inLanguage\":\"pl-PL\",\"potentialAction\":[{\"@type\":\"ReadAction\",\"target\":[\"https:\/\/www.macroza.com\/pl\/nota-prawna\/\"]}]},{\"@type\":\"BreadcrumbList\",\"@id\":\"https:\/\/www.macroza.com\/pl\/nota-prawna\/#breadcrumb\",\"itemListElement\":[{\"@type\":\"ListItem\",\"position\":1,\"name\":\"Home\",\"item\":\"https:\/\/www.macroza.com\/pl\/strona-glowna\/\"},{\"@type\":\"ListItem\",\"position\":2,\"name\":\"Nota prawna\"}]},{\"@type\":\"WebSite\",\"@id\":\"https:\/\/www.macroza.com\/pl\/#website\",\"url\":\"https:\/\/www.macroza.com\/pl\/\",\"name\":\"www.macroza.com\",\"description\":\"Fabricante de rozadoras de pared\",\"publisher\":{\"@id\":\"https:\/\/www.macroza.com\/pl\/#organization\"},\"alternateName\":\"Macroza\",\"potentialAction\":[{\"@type\":\"SearchAction\",\"target\":{\"@type\":\"EntryPoint\",\"urlTemplate\":\"https:\/\/www.macroza.com\/pl\/?s={search_term_string}\"},\"query-input\":{\"@type\":\"PropertyValueSpecification\",\"valueRequired\":true,\"valueName\":\"search_term_string\"}}],\"inLanguage\":\"pl-PL\"},{\"@type\":\"Organization\",\"@id\":\"https:\/\/www.macroza.com\/pl\/#organization\",\"name\":\"Macroza\",\"alternateName\":\"Macroza Export\",\"url\":\"https:\/\/www.macroza.com\/pl\/\",\"logo\":{\"@type\":\"ImageObject\",\"inLanguage\":\"pl-PL\",\"@id\":\"https:\/\/www.macroza.com\/pl\/#\/schema\/logo\/image\/\",\"url\":\"https:\/\/www.macroza.com\/wp-content\/uploads\/2023\/11\/cropped-Diseno-sin-titulo-10.png\",\"contentUrl\":\"https:\/\/www.macroza.com\/wp-content\/uploads\/2023\/11\/cropped-Diseno-sin-titulo-10.png\",\"width\":512,\"height\":512,\"caption\":\"Macroza\"},\"image\":{\"@id\":\"https:\/\/www.macroza.com\/pl\/#\/schema\/logo\/image\/\"},\"sameAs\":[\"https:\/\/www.facebook.com\/macrozaofficial\/\",\"https:\/\/www.instagram.com\/macroza_official\/\",\"https:\/\/www.linkedin.com\/company\/macroza-wall-chasers\/\",\"https:\/\/www.youtube.com\/@MACROZAWallChasers\/videos\"]}]}<\/script>\n<!-- \/ Yoast SEO plugin. -->","yoast_head_json":{"title":"Nota prawna | MACROZA","robots":{"index":"index","follow":"follow","max-snippet":"max-snippet:-1","max-image-preview":"max-image-preview:large","max-video-preview":"max-video-preview:-1"},"canonical":"https:\/\/www.macroza.com\/pl\/nota-prawna\/","og_locale":"pl_PL","og_type":"article","og_title":"Nota prawna | MACROZA","og_description":"INFORMACJA PRAWNA W\u0141A\u015aCICIEL STRONY INTERNETOWEJ NAZWA SP\u00d3\u0141KI: MACROZA EXPORT S.L.NUMER VAT: B80425986BIURO G\u0141\u00d3WNE: C\/ Le\u00f1eros 15, 28039 MadrytTEL.: 915 41 92 94EMAIL: info@macroza.comSZCZEG\u00d3\u0141Y WPISU DO REJESTRU HANDLOWEGO:Obj\u0119to\u015b\u0107: 4758Ksi\u0105\u017cka: 0Folio: 94Sekcja: 8Ulotka: 78106 M MACROZA, wiod\u0105cy producent \u015bcigaczy \u015bciennych dla profesjonalist\u00f3w w ponad 30 krajach.","og_url":"https:\/\/www.macroza.com\/pl\/nota-prawna\/","og_site_name":"MACROZA","article_publisher":"https:\/\/www.facebook.com\/macrozaofficial\/","article_modified_time":"2024-01-21T12:19:03+00:00","twitter_card":"summary_large_image","schema":{"@context":"https:\/\/schema.org","@graph":[{"@type":"WebPage","@id":"https:\/\/www.macroza.com\/pl\/nota-prawna\/","url":"https:\/\/www.macroza.com\/pl\/nota-prawna\/","name":"Nota prawna | MACROZA","isPartOf":{"@id":"https:\/\/www.macroza.com\/pl\/#website"},"datePublished":"2023-11-12T13:46:56+00:00","dateModified":"2024-01-21T12:19:03+00:00","breadcrumb":{"@id":"https:\/\/www.macroza.com\/pl\/nota-prawna\/#breadcrumb"},"inLanguage":"pl-PL","potentialAction":[{"@type":"ReadAction","target":["https:\/\/www.macroza.com\/pl\/nota-prawna\/"]}]},{"@type":"BreadcrumbList","@id":"https:\/\/www.macroza.com\/pl\/nota-prawna\/#breadcrumb","itemListElement":[{"@type":"ListItem","position":1,"name":"Home","item":"https:\/\/www.macroza.com\/pl\/strona-glowna\/"},{"@type":"ListItem","position":2,"name":"Nota prawna"}]},{"@type":"WebSite","@id":"https:\/\/www.macroza.com\/pl\/#website","url":"https:\/\/www.macroza.com\/pl\/","name":"www.macroza.com","description":"Fabricante de rozadoras de pared","publisher":{"@id":"https:\/\/www.macroza.com\/pl\/#organization"},"alternateName":"Macroza","potentialAction":[{"@type":"SearchAction","target":{"@type":"EntryPoint","urlTemplate":"https:\/\/www.macroza.com\/pl\/?s={search_term_string}"},"query-input":{"@type":"PropertyValueSpecification","valueRequired":true,"valueName":"search_term_string"}}],"inLanguage":"pl-PL"},{"@type":"Organization","@id":"https:\/\/www.macroza.com\/pl\/#organization","name":"Macroza","alternateName":"Macroza Export","url":"https:\/\/www.macroza.com\/pl\/","logo":{"@type":"ImageObject","inLanguage":"pl-PL","@id":"https:\/\/www.macroza.com\/pl\/#\/schema\/logo\/image\/","url":"https:\/\/www.macroza.com\/wp-content\/uploads\/2023\/11\/cropped-Diseno-sin-titulo-10.png","contentUrl":"https:\/\/www.macroza.com\/wp-content\/uploads\/2023\/11\/cropped-Diseno-sin-titulo-10.png","width":512,"height":512,"caption":"Macroza"},"image":{"@id":"https:\/\/www.macroza.com\/pl\/#\/schema\/logo\/image\/"},"sameAs":["https:\/\/www.facebook.com\/macrozaofficial\/","https:\/\/www.instagram.com\/macroza_official\/","https:\/\/www.linkedin.com\/company\/macroza-wall-chasers\/","https:\/\/www.youtube.com\/@MACROZAWallChasers\/videos"]}]}},"_links":{"self":[{"href":"https:\/\/www.macroza.com\/pl\/wp-json\/wp\/v2\/pages\/6284","targetHints":{"allow":["GET"]}}],"collection":[{"href":"https:\/\/www.macroza.com\/pl\/wp-json\/wp\/v2\/pages"}],"about":[{"href":"https:\/\/www.macroza.com\/pl\/wp-json\/wp\/v2\/types\/page"}],"author":[{"embeddable":true,"href":"https:\/\/www.macroza.com\/pl\/wp-json\/wp\/v2\/users\/2"}],"replies":[{"embeddable":true,"href":"https:\/\/www.macroza.com\/pl\/wp-json\/wp\/v2\/comments?post=6284"}],"version-history":[{"count":4,"href":"https:\/\/www.macroza.com\/pl\/wp-json\/wp\/v2\/pages\/6284\/revisions"}],"predecessor-version":[{"id":9240,"href":"https:\/\/www.macroza.com\/pl\/wp-json\/wp\/v2\/pages\/6284\/revisions\/9240"}],"wp:attachment":[{"href":"https:\/\/www.macroza.com\/pl\/wp-json\/wp\/v2\/media?parent=6284"}],"curies":[{"name":"wp","href":"https:\/\/api.w.org\/{rel}","templated":true}]}}