{"id":20983,"date":"2024-02-08T08:42:31","date_gmt":"2024-02-08T07:42:31","guid":{"rendered":"https:\/\/www.macroza.com\/promo\/"},"modified":"2025-12-18T14:50:56","modified_gmt":"2025-12-18T13:50:56","slug":"promo","status":"publish","type":"page","link":"https:\/\/www.macroza.com\/pl\/promo\/","title":{"rendered":"Promocja"},"content":{"rendered":"\t\t<div data-elementor-type=\"wp-page\" data-elementor-id=\"20983\" class=\"elementor elementor-20983 elementor-9921\" data-elementor-settings=\"{&quot;ha_cmc_init_switcher&quot;:&quot;no&quot;}\" data-elementor-post-type=\"page\">\n\t\t\t\t\t\t<\/div>\n\t\t","protected":false},"excerpt":{"rendered":"<p>ZAOSZCZ\u0118D\u0179 DO 200% CZASU DZI\u0118KI BRUZDOWNICOM FIRMY MACROZA.ZDOB\u0104D\u0179 SWOJ\u0104! Bez \u0142amania, bez rozdrabniania. Otwiera czyste bruzdy w \u015bcianach w jednym przej\u015bciu, oszcz\u0119dzaj\u0105c czas i materia\u0142y. Skorzystaj z ograniczonej promocji i otrzymaj wi\u0119cej informacji ZA DARMO. MACROZA VS. KONWENCJONALNE FREZY Uzyskaj najlepsze wyko\u0144czenie w 200% kr\u00f3tszym czasie dzi\u0119ki nowemu frezowi, b\u0119dzie to Twoje nowe niezb\u0119dne narz\u0119dzie [&hellip;]<\/p>\n","protected":false},"author":2,"featured_media":0,"parent":0,"menu_order":0,"comment_status":"closed","ping_status":"closed","template":"","meta":{"inline_featured_image":false,"site-sidebar-layout":"no-sidebar","site-content-layout":"page-builder","ast-site-content-layout":"full-width-container","site-content-style":"unboxed","site-sidebar-style":"unboxed","ast-global-header-display":"","ast-banner-title-visibility":"","ast-main-header-display":"","ast-hfb-above-header-display":"","ast-hfb-below-header-display":"","ast-hfb-mobile-header-display":"","site-post-title":"disabled","ast-breadcrumbs-content":"","ast-featured-img":"disabled","footer-sml-layout":"","theme-transparent-header-meta":"","adv-header-id-meta":"","stick-header-meta":"","header-above-stick-meta":"","header-main-stick-meta":"","header-below-stick-meta":"","astra-migrate-meta-layouts":"default","ast-page-background-enabled":"default","ast-page-background-meta":{"desktop":{"background-color":"var(--ast-global-color-4)","background-image":"","background-repeat":"repeat","background-position":"center center","background-size":"auto","background-attachment":"scroll","background-type":"","background-media":"","overlay-type":"","overlay-color":"","overlay-opacity":"","overlay-gradient":""},"tablet":{"background-color":"","background-image":"","background-repeat":"repeat","background-position":"center center","background-size":"auto","background-attachment":"scroll","background-type":"","background-media":"","overlay-type":"","overlay-color":"","overlay-opacity":"","overlay-gradient":""},"mobile":{"background-color":"","background-image":"","background-repeat":"repeat","background-position":"center center","background-size":"auto","background-attachment":"scroll","background-type":"","background-media":"","overlay-type":"","overlay-color":"","overlay-opacity":"","overlay-gradient":""}},"ast-content-background-meta":{"desktop":{"background-color":"var(--ast-global-color-5)","background-image":"","background-repeat":"repeat","background-position":"center center","background-size":"auto","background-attachment":"scroll","background-type":"","background-media":"","overlay-type":"","overlay-color":"","overlay-opacity":"","overlay-gradient":""},"tablet":{"background-color":"var(--ast-global-color-5)","background-image":"","background-repeat":"repeat","background-position":"center center","background-size":"auto","background-attachment":"scroll","background-type":"","background-media":"","overlay-type":"","overlay-color":"","overlay-opacity":"","overlay-gradient":""},"mobile":{"background-color":"var(--ast-global-color-5)","background-image":"","background-repeat":"repeat","background-position":"center center","background-size":"auto","background-attachment":"scroll","background-type":"","background-media":"","overlay-type":"","overlay-color":"","overlay-opacity":"","overlay-gradient":""}},"footnotes":""},"class_list":["post-20983","page","type-page","status-publish","hentry"],"yoast_head":"<!-- This site is optimized with the Yoast SEO plugin v24.5 - https:\/\/yoast.com\/wordpress\/plugins\/seo\/ -->\n<title>Promocje | MACROZA MACROZA%<\/title>\n<meta name=\"description\" content=\"Odwied\u017a stron\u0119 promocyjn\u0105 MACROZA, aby uzyska\u0107 dost\u0119p do rabat\u00f3w i ofert specjalnych na nasz\u0105 gam\u0119 narz\u0119dzi i maszyn.\" \/>\n<meta name=\"robots\" content=\"index, follow, max-snippet:-1, max-image-preview:large, max-video-preview:-1\" \/>\n<link rel=\"canonical\" href=\"https:\/\/www.macroza.com\/pl\/promo\/\" \/>\n<meta property=\"og:locale\" content=\"pl_PL\" \/>\n<meta property=\"og:type\" content=\"article\" \/>\n<meta property=\"og:title\" content=\"Promocje | MACROZA MACROZA%\" \/>\n<meta property=\"og:description\" content=\"Odwied\u017a stron\u0119 promocyjn\u0105 MACROZA, aby uzyska\u0107 dost\u0119p do rabat\u00f3w i ofert specjalnych na nasz\u0105 gam\u0119 narz\u0119dzi i maszyn.\" \/>\n<meta property=\"og:url\" content=\"https:\/\/www.macroza.com\/pl\/promo\/\" \/>\n<meta property=\"og:site_name\" content=\"MACROZA\" \/>\n<meta property=\"article:publisher\" content=\"https:\/\/www.facebook.com\/macrozaofficial\/\" \/>\n<meta property=\"article:modified_time\" content=\"2025-12-18T13:50:56+00:00\" \/>\n<meta property=\"og:image\" content=\"https:\/\/www.macroza.com\/wp-content\/uploads\/2024\/02\/makroza1-1024x474.png\" \/>\n<meta name=\"twitter:card\" content=\"summary_large_image\" \/>\n<meta name=\"twitter:label1\" content=\"Szacowany czas czytania\" \/>\n\t<meta name=\"twitter:data1\" content=\"3 minuta\" \/>\n<script type=\"application\/ld+json\" class=\"yoast-schema-graph\">{\"@context\":\"https:\/\/schema.org\",\"@graph\":[{\"@type\":\"WebPage\",\"@id\":\"https:\/\/www.macroza.com\/pl\/promo\/\",\"url\":\"https:\/\/www.macroza.com\/pl\/promo\/\",\"name\":\"Promocje | MACROZA MACROZA%\",\"isPartOf\":{\"@id\":\"https:\/\/www.macroza.com\/pl\/#website\"},\"primaryImageOfPage\":{\"@id\":\"https:\/\/www.macroza.com\/pl\/promo\/#primaryimage\"},\"image\":{\"@id\":\"https:\/\/www.macroza.com\/pl\/promo\/#primaryimage\"},\"thumbnailUrl\":\"https:\/\/www.macroza.com\/wp-content\/uploads\/2024\/02\/makroza1-1024x474.png\",\"datePublished\":\"2024-02-08T07:42:31+00:00\",\"dateModified\":\"2025-12-18T13:50:56+00:00\",\"description\":\"Odwied\u017a stron\u0119 promocyjn\u0105 MACROZA, aby uzyska\u0107 dost\u0119p do rabat\u00f3w i ofert specjalnych na nasz\u0105 gam\u0119 narz\u0119dzi i maszyn.\",\"breadcrumb\":{\"@id\":\"https:\/\/www.macroza.com\/pl\/promo\/#breadcrumb\"},\"inLanguage\":\"pl-PL\",\"potentialAction\":[{\"@type\":\"ReadAction\",\"target\":[\"https:\/\/www.macroza.com\/pl\/promo\/\"]}]},{\"@type\":\"ImageObject\",\"inLanguage\":\"pl-PL\",\"@id\":\"https:\/\/www.macroza.com\/pl\/promo\/#primaryimage\",\"url\":\"https:\/\/www.macroza.com\/wp-content\/uploads\/2024\/02\/makroza1-1024x474.png\",\"contentUrl\":\"https:\/\/www.macroza.com\/wp-content\/uploads\/2024\/02\/makroza1-1024x474.png\"},{\"@type\":\"BreadcrumbList\",\"@id\":\"https:\/\/www.macroza.com\/pl\/promo\/#breadcrumb\",\"itemListElement\":[{\"@type\":\"ListItem\",\"position\":1,\"name\":\"Home\",\"item\":\"https:\/\/www.macroza.com\/pl\/strona-glowna\/\"},{\"@type\":\"ListItem\",\"position\":2,\"name\":\"Promocja\"}]},{\"@type\":\"WebSite\",\"@id\":\"https:\/\/www.macroza.com\/pl\/#website\",\"url\":\"https:\/\/www.macroza.com\/pl\/\",\"name\":\"www.macroza.com\",\"description\":\"Fabricante de rozadoras de pared\",\"publisher\":{\"@id\":\"https:\/\/www.macroza.com\/pl\/#organization\"},\"alternateName\":\"Macroza\",\"potentialAction\":[{\"@type\":\"SearchAction\",\"target\":{\"@type\":\"EntryPoint\",\"urlTemplate\":\"https:\/\/www.macroza.com\/pl\/?s={search_term_string}\"},\"query-input\":{\"@type\":\"PropertyValueSpecification\",\"valueRequired\":true,\"valueName\":\"search_term_string\"}}],\"inLanguage\":\"pl-PL\"},{\"@type\":\"Organization\",\"@id\":\"https:\/\/www.macroza.com\/pl\/#organization\",\"name\":\"Macroza\",\"alternateName\":\"Macroza Export\",\"url\":\"https:\/\/www.macroza.com\/pl\/\",\"logo\":{\"@type\":\"ImageObject\",\"inLanguage\":\"pl-PL\",\"@id\":\"https:\/\/www.macroza.com\/pl\/#\/schema\/logo\/image\/\",\"url\":\"https:\/\/www.macroza.com\/wp-content\/uploads\/2023\/11\/cropped-Diseno-sin-titulo-10.png\",\"contentUrl\":\"https:\/\/www.macroza.com\/wp-content\/uploads\/2023\/11\/cropped-Diseno-sin-titulo-10.png\",\"width\":512,\"height\":512,\"caption\":\"Macroza\"},\"image\":{\"@id\":\"https:\/\/www.macroza.com\/pl\/#\/schema\/logo\/image\/\"},\"sameAs\":[\"https:\/\/www.facebook.com\/macrozaofficial\/\",\"https:\/\/www.instagram.com\/macroza_official\/\",\"https:\/\/www.linkedin.com\/company\/macroza-wall-chasers\/\",\"https:\/\/www.youtube.com\/@MACROZAWallChasers\/videos\"]}]}<\/script>\n<!-- \/ Yoast SEO plugin. -->","yoast_head_json":{"title":"Promocje | MACROZA MACROZA%","description":"Odwied\u017a stron\u0119 promocyjn\u0105 MACROZA, aby uzyska\u0107 dost\u0119p do rabat\u00f3w i ofert specjalnych na nasz\u0105 gam\u0119 narz\u0119dzi i maszyn.","robots":{"index":"index","follow":"follow","max-snippet":"max-snippet:-1","max-image-preview":"max-image-preview:large","max-video-preview":"max-video-preview:-1"},"canonical":"https:\/\/www.macroza.com\/pl\/promo\/","og_locale":"pl_PL","og_type":"article","og_title":"Promocje | MACROZA MACROZA%","og_description":"Odwied\u017a stron\u0119 promocyjn\u0105 MACROZA, aby uzyska\u0107 dost\u0119p do rabat\u00f3w i ofert specjalnych na nasz\u0105 gam\u0119 narz\u0119dzi i maszyn.","og_url":"https:\/\/www.macroza.com\/pl\/promo\/","og_site_name":"MACROZA","article_publisher":"https:\/\/www.facebook.com\/macrozaofficial\/","article_modified_time":"2025-12-18T13:50:56+00:00","og_image":[{"url":"https:\/\/www.macroza.com\/wp-content\/uploads\/2024\/02\/makroza1-1024x474.png","type":"","width":"","height":""}],"twitter_card":"summary_large_image","twitter_misc":{"Szacowany czas czytania":"3 minuta"},"schema":{"@context":"https:\/\/schema.org","@graph":[{"@type":"WebPage","@id":"https:\/\/www.macroza.com\/pl\/promo\/","url":"https:\/\/www.macroza.com\/pl\/promo\/","name":"Promocje | MACROZA MACROZA%","isPartOf":{"@id":"https:\/\/www.macroza.com\/pl\/#website"},"primaryImageOfPage":{"@id":"https:\/\/www.macroza.com\/pl\/promo\/#primaryimage"},"image":{"@id":"https:\/\/www.macroza.com\/pl\/promo\/#primaryimage"},"thumbnailUrl":"https:\/\/www.macroza.com\/wp-content\/uploads\/2024\/02\/makroza1-1024x474.png","datePublished":"2024-02-08T07:42:31+00:00","dateModified":"2025-12-18T13:50:56+00:00","description":"Odwied\u017a stron\u0119 promocyjn\u0105 MACROZA, aby uzyska\u0107 dost\u0119p do rabat\u00f3w i ofert specjalnych na nasz\u0105 gam\u0119 narz\u0119dzi i maszyn.","breadcrumb":{"@id":"https:\/\/www.macroza.com\/pl\/promo\/#breadcrumb"},"inLanguage":"pl-PL","potentialAction":[{"@type":"ReadAction","target":["https:\/\/www.macroza.com\/pl\/promo\/"]}]},{"@type":"ImageObject","inLanguage":"pl-PL","@id":"https:\/\/www.macroza.com\/pl\/promo\/#primaryimage","url":"https:\/\/www.macroza.com\/wp-content\/uploads\/2024\/02\/makroza1-1024x474.png","contentUrl":"https:\/\/www.macroza.com\/wp-content\/uploads\/2024\/02\/makroza1-1024x474.png"},{"@type":"BreadcrumbList","@id":"https:\/\/www.macroza.com\/pl\/promo\/#breadcrumb","itemListElement":[{"@type":"ListItem","position":1,"name":"Home","item":"https:\/\/www.macroza.com\/pl\/strona-glowna\/"},{"@type":"ListItem","position":2,"name":"Promocja"}]},{"@type":"WebSite","@id":"https:\/\/www.macroza.com\/pl\/#website","url":"https:\/\/www.macroza.com\/pl\/","name":"www.macroza.com","description":"Fabricante de rozadoras de pared","publisher":{"@id":"https:\/\/www.macroza.com\/pl\/#organization"},"alternateName":"Macroza","potentialAction":[{"@type":"SearchAction","target":{"@type":"EntryPoint","urlTemplate":"https:\/\/www.macroza.com\/pl\/?s={search_term_string}"},"query-input":{"@type":"PropertyValueSpecification","valueRequired":true,"valueName":"search_term_string"}}],"inLanguage":"pl-PL"},{"@type":"Organization","@id":"https:\/\/www.macroza.com\/pl\/#organization","name":"Macroza","alternateName":"Macroza Export","url":"https:\/\/www.macroza.com\/pl\/","logo":{"@type":"ImageObject","inLanguage":"pl-PL","@id":"https:\/\/www.macroza.com\/pl\/#\/schema\/logo\/image\/","url":"https:\/\/www.macroza.com\/wp-content\/uploads\/2023\/11\/cropped-Diseno-sin-titulo-10.png","contentUrl":"https:\/\/www.macroza.com\/wp-content\/uploads\/2023\/11\/cropped-Diseno-sin-titulo-10.png","width":512,"height":512,"caption":"Macroza"},"image":{"@id":"https:\/\/www.macroza.com\/pl\/#\/schema\/logo\/image\/"},"sameAs":["https:\/\/www.facebook.com\/macrozaofficial\/","https:\/\/www.instagram.com\/macroza_official\/","https:\/\/www.linkedin.com\/company\/macroza-wall-chasers\/","https:\/\/www.youtube.com\/@MACROZAWallChasers\/videos"]}]}},"_links":{"self":[{"href":"https:\/\/www.macroza.com\/pl\/wp-json\/wp\/v2\/pages\/20983","targetHints":{"allow":["GET"]}}],"collection":[{"href":"https:\/\/www.macroza.com\/pl\/wp-json\/wp\/v2\/pages"}],"about":[{"href":"https:\/\/www.macroza.com\/pl\/wp-json\/wp\/v2\/types\/page"}],"author":[{"embeddable":true,"href":"https:\/\/www.macroza.com\/pl\/wp-json\/wp\/v2\/users\/2"}],"replies":[{"embeddable":true,"href":"https:\/\/www.macroza.com\/pl\/wp-json\/wp\/v2\/comments?post=20983"}],"version-history":[{"count":1,"href":"https:\/\/www.macroza.com\/pl\/wp-json\/wp\/v2\/pages\/20983\/revisions"}],"predecessor-version":[{"id":20985,"href":"https:\/\/www.macroza.com\/pl\/wp-json\/wp\/v2\/pages\/20983\/revisions\/20985"}],"wp:attachment":[{"href":"https:\/\/www.macroza.com\/pl\/wp-json\/wp\/v2\/media?parent=20983"}],"curies":[{"name":"wp","href":"https:\/\/api.w.org\/{rel}","templated":true}]}}