{"id":6265,"date":"2023-11-12T14:46:34","date_gmt":"2023-11-12T13:46:34","guid":{"rendered":"https:\/\/www.macroza.com\/informativa-sulla-privacy\/"},"modified":"2024-01-01T19:38:07","modified_gmt":"2024-01-01T18:38:07","slug":"informativa-sulla-privacy","status":"publish","type":"page","link":"https:\/\/www.macroza.com\/it\/informativa-sulla-privacy\/","title":{"rendered":"Informativa sulla privacy"},"content":{"rendered":"\t\t<div data-elementor-type=\"wp-page\" data-elementor-id=\"6265\" class=\"elementor elementor-6265 elementor-3318\" data-elementor-settings=\"{&quot;ha_cmc_init_switcher&quot;:&quot;no&quot;}\" data-elementor-post-type=\"page\">\n\t\t\t\t\t\t<section class=\"elementor-section elementor-top-section elementor-element elementor-element-6ddb705 elementor-section-boxed elementor-section-height-default elementor-section-height-default\" data-id=\"6ddb705\" data-element_type=\"section\" data-settings=\"{&quot;_ha_eqh_enable&quot;:false}\">\n\t\t\t\t\t\t<div class=\"elementor-container elementor-column-gap-default\">\n\t\t\t\t\t<div class=\"elementor-column elementor-col-100 elementor-top-column elementor-element elementor-element-f3b66e2\" data-id=\"f3b66e2\" data-element_type=\"column\">\n\t\t\t<div class=\"elementor-widget-wrap elementor-element-populated\">\n\t\t\t\t\t\t<div class=\"elementor-element elementor-element-ccf9096 elementor-widget elementor-widget-text-editor\" data-id=\"ccf9096\" data-element_type=\"widget\" data-widget_type=\"text-editor.default\">\n\t\t\t\t<div class=\"elementor-widget-container\">\n\t\t\t\t\t\t\t\t\t<h1><strong>INFORMATIVA SULLA PRIVACY MACROZA<\/strong><\/h1>\n<p>Nel rispetto dei principi di legalit\u00e0, correttezza e trasparenza, vi forniamo la presente Informativa sulla privacy.<\/p>\n<p><strong>Chi \u00e8 il Titolare del trattamento dei vostri dati?<\/strong><\/p>\n<p><strong>RESPONSABILE: <\/strong>MACROZA EXPORTER S.L.<br \/><strong>PARTITA IVA:<\/strong> B80425986<br \/>SEDE<strong>:<\/strong> C\/ Le\u00f1eros 15, 28039 Madrid<br \/><strong>EMAIL: <\/strong><a href=\"mailto:info@macroza.com\" target=\"_blank\" rel=\"noopener\">info@macroza.com<\/a><br \/><strong>TELEFONO: <\/strong>915419294<br \/><strong>SPECIALIZZAZIONE: <\/strong><a href=\"https:\/\/www.macroza.com\/rozadoras-de-pared\/\">Raschietti per muri<\/a> e prodotti correlati<\/p>\n<p><strong><br \/>Per quali finalit\u00e0 trattiamo i vostri dati personali?<\/strong><\/p>\n<p>In <strong>MACROZA EXPORT S.L.<\/strong>, a seconda della categoria di interessati in questione, trattiamo le informazioni che ci fornite con le seguenti finalit\u00e0:<\/p>\n<p><strong>INTERESSATO<\/strong><\/p>\n<p>FINALIT\u00c0 DEL TRATTAMENTO<\/p>\n<p><em>POTENZIALI CLIENTI<\/em><br \/>Gestire il potenziale rapporto commerciale e\/o professionale, gestire l&#8217;invio delle informazioni richieste e\/o risolvere i quesiti posti, fornire offerte dei nostri servizi e\/o prodotti di vostro interesse.<\/p>\n<p><em><strong>CLIENTI<\/strong><\/em><br \/>Per gestire il rapporto commerciale e\/o professionale, fornire offerte di nostri servizi e\/o prodotti di vostro interesse.<\/p>\n<p><em><strong>FORNITORI<\/strong><\/em><br \/>Gestire il rapporto commerciale e\/o professionale.<\/p>\n<p><em><strong>CANDIDATI<\/strong><\/em><br \/>Gestire il processo di selezione del personale.<\/p>\n<p><em><strong>UTENTI WEB<\/strong><\/em><br \/>Gestire l&#8217;analisi dei dati di navigazione.<\/p>\n<p><strong>Qual \u00e8 la legittimit\u00e0 del trattamento dei vostri dati?<\/strong><\/p>\n<p>La base giuridica del trattamento dei vostri dati personali, a seconda della categoria di interessati, pu\u00f2 essere:<\/p>\n<p><strong>INTERESSATO<\/strong><\/p>\n<p>BASE GIURIDICA<\/p>\n<p><strong><em>POTENZIALI CLIENTI<\/em><\/strong><br \/>Art. 6.1.b GDPR: applicazione, su richiesta dell&#8217;interessato, di misure precontrattuali (preventivi, moduli d&#8217;ordine, offerte di servizi, ecc.).<br \/>Art. 6.1.f RGPD: interesse legittimo (invio di informazioni richieste, risposta a quesiti posti&#8230;).<br \/>Art. 6.1.a RGPD: consenso dell&#8217;interessato (offerta di servizi e\/o prodotti).<\/p>\n<p><em><strong>CLIENTI<\/strong><\/em><br \/>Art. 6.1.b GDPR: esecuzione di un contratto di cui l&#8217;interessato \u00e8 parte.<\/p>\n<p><em><strong>FORNITORI<\/strong><\/em><br \/>Art. 6.1.b GDPR: esecuzione di un contratto di cui l&#8217;interessato \u00e8 parte.<\/p>\n<p><em><strong>CANDIDATI<\/strong><\/em><br \/>Art. 6.1.a RGPD: consenso dell&#8217;interessato stesso.<\/p>\n<p><strong><em>UTENTI WEB<\/em><\/strong><br \/>Art. 6.1.a RGPD: consenso dell&#8217;interessato stesso.<\/p>\n<p>I dati che vi chiediamo sono adeguati, pertinenti e strettamente necessari e in nessun caso siete obbligati a fornirli, ma il loro mancato conferimento pu\u00f2 pregiudicare lo scopo del servizio o l&#8217;impossibilit\u00e0 di fornirlo.<br \/><strong> <br \/>Per quanto tempo conserveremo i vostri dati personali?<\/strong><\/p>\n<p>I Suoi dati saranno conservati per il tempo minimo necessario alla corretta erogazione del servizio offerto nonch\u00e9 per far fronte alle responsabilit\u00e0 che ne possono derivare e ad ogni altro obbligo di legge.<br \/><strong> <br \/>A quali destinatari saranno comunicati i vostri dati?<\/strong><\/p>\n<p><strong>MACROZA EXPORT S.L. <\/strong>non comunicher\u00e0 i vostri dati a terzi, se non espressamente informati.<\/p>\n<p>Inoltre, vi informiamo che alcuni dati, in virt\u00f9 della normativa vigente o del rapporto contrattuale che intrattenete con <strong>MACROZA EXPORT S.L.<\/strong>, potranno essere comunicati a:<\/p>\n<ul>\n<li>Banche e istituti finanziari per l&#8217;incasso di servizi contrattati e\/o prodotti acquistati.<\/li>\n<li>Amministrazioni pubbliche competenti nei settori in cui opera <strong>MACROZA EXPORT S.L.<\/strong>, quando ci\u00f2 \u00e8 previsto dalla legislazione vigente.<\/li>\n<\/ul>\n<p>Inoltre, vi informiamo che alcuni dati, in virt\u00f9 della normativa vigente o del rapporto contrattuale che<strong> MACROZA EXPORT S.L.<\/strong> intrattiene<strong>,<\/strong> potranno essere comunicati a:<\/p>\n<ul>\n<li>Banche e istituti finanziari per l&#8217;incasso di servizi contrattati e\/o prodotti acquistati.<\/li>\n<li>Amministrazioni pubbliche competenti nei settori in cui opera <strong>MACROZA EXPORT S.L.<\/strong>, quando ci\u00f2 \u00e8 previsto dalla legislazione vigente.<\/li>\n<\/ul>\n<p><strong>Quali sono i vostri diritti quando ci fornite i vostri dati?<\/strong><\/p>\n<p>I diritti di protezione dei dati che gli interessati possono esercitare, ove applicabili, sono:<\/p>\n<ul>\n<li>Diritto di richiedere l&#8217;accesso ai dati personali dell&#8217;interessato.<\/li>\n<li>Diritto di rettifica o cancellazione.<\/li>\n<li>Diritto di opposizione.<\/li>\n<li>Il diritto di richiedere la limitazione del trattamento.<\/li>\n<li>Diritto alla portabilit\u00e0 dei dati.<\/li>\n<li>Il diritto di non essere oggetto di decisioni basate esclusivamente sul trattamento automatizzato dei dati.<\/li>\n<\/ul>\n<p>I titolari dei dati personali ottenuti possono esercitare i loro diritti di protezione dei dati personali inviando una comunicazione scritta alla sede legale di <strong>MACROZA EXPORT S.L.<\/strong> o all&#8217;indirizzo e-mail fornito a questo scopo, <a href=\"mailto:info@macroza.com\" target=\"_blank\" rel=\"noopener\">info@macroza.com.<\/a><\/p>\n<p>Modelli, moduli e ulteriori informazioni sui vostri diritti sono disponibili sul sito web dell&#8217;autorit\u00e0 nazionale di vigilanza, Agencia Espa\u00f1ola de Protecci\u00f3n de Datos, di seguito AEPD, <a href=\"http:\/\/www.aepd.es\/\" target=\"_blank\" rel=\"noopener\">www.aepd.es.<\/a><\/p>\n<p><strong>Posso ritirare il consenso?<\/strong><\/p>\n<p>L&#8217;utente ha la possibilit\u00e0 e il diritto di revocare il consenso per qualsiasi finalit\u00e0 specifica fornito in quel momento, senza pregiudicare la liceit\u00e0 del trattamento basato sul consenso prima della sua revoca.<\/p>\n<p><strong>Dove posso presentare un reclamo se ritengo che i miei dati non vengano gestiti correttamente?<\/strong><\/p>\n<p>Se una persona interessata ritiene che i suoi dati non siano trattati correttamente da  <strong>MACROZA EXPORT S.L.<\/strong> o che le richieste di esercizio dei diritti non sono state evase in modo soddisfacente, \u00e8 possibile presentare un reclamo alla corrispondente autorit\u00e0 di protezione dei dati, essendo l&#8217;AEPD quella indicata nel territorio nazionale,  <a href=\"http:\/\/www.aepd.es\/\" target=\"_blank\" rel=\"noopener\">www.aepd.es.<\/a><\/p>\n<p><strong>Sicurezza e aggiornamento dei dati personali<\/strong><\/p>\n<p>Al fine di salvaguardare la sicurezza dei vostri dati personali, vi informiamo che abbiamo adottato tutte le misure tecniche e organizzative necessarie per garantire la sicurezza dei dati personali forniti. Tutto ci\u00f2 al fine di impedirne l&#8217;alterazione, la perdita e\/o il trattamento o l&#8217;accesso non autorizzato, come richiesto dalla legge, sebbene non esista una sicurezza assoluta.<\/p>\n<p>Per consentirci di mantenere aggiornati i vostri dati personali, \u00e8 importante che ci informiate ogni volta che i vostri dati personali vengono modificati.<\/p>\n<p><strong>Riservatezza<\/strong><\/p>\n<p>MACROZA EXPORT S.L. vi informa che i vostri dati saranno trattati con la massima cura e riservatezza da tutto il personale coinvolto in qualsiasi fase del trattamento. Non cederemo o comunicheremo i vostri dati a terzi, tranne nei casi previsti dalla legge o a meno che l&#8217;interessato non ci abbia espressamente autorizzato a farlo.<\/p>\n\t\t\t\t\t\t\t\t<\/div>\n\t\t\t\t<\/div>\n\t\t\t\t\t<\/div>\n\t\t<\/div>\n\t\t\t\t\t<\/div>\n\t\t<\/section>\n\t\t\t\t<\/div>\n\t\t","protected":false},"excerpt":{"rendered":"<p>INFORMATIVA SULLA PRIVACY MACROZA Nel rispetto dei principi di legalit\u00e0, correttezza e trasparenza, vi forniamo la presente Informativa sulla privacy. Chi \u00e8 il Titolare del trattamento dei vostri dati? RESPONSABILE: MACROZA EXPORTER S.L.PARTITA IVA: B80425986SEDE: C\/ Le\u00f1eros 15, 28039 MadridEMAIL: info@macroza.comTELEFONO: 915419294SPECIALIZZAZIONE: Raschietti per muri e prodotti correlati Per quali finalit\u00e0 trattiamo i vostri dati [&hellip;]<\/p>\n","protected":false},"author":2,"featured_media":0,"parent":0,"menu_order":0,"comment_status":"closed","ping_status":"closed","template":"","meta":{"inline_featured_image":false,"site-sidebar-layout":"no-sidebar","site-content-layout":"page-builder","ast-site-content-layout":"full-width-container","site-content-style":"unboxed","site-sidebar-style":"unboxed","ast-global-header-display":"","ast-banner-title-visibility":"","ast-main-header-display":"","ast-hfb-above-header-display":"","ast-hfb-below-header-display":"","ast-hfb-mobile-header-display":"","site-post-title":"disabled","ast-breadcrumbs-content":"","ast-featured-img":"disabled","footer-sml-layout":"","theme-transparent-header-meta":"","adv-header-id-meta":"","stick-header-meta":"","header-above-stick-meta":"","header-main-stick-meta":"","header-below-stick-meta":"","astra-migrate-meta-layouts":"default","ast-page-background-enabled":"default","ast-page-background-meta":{"desktop":{"background-color":"var(--ast-global-color-4)","background-image":"","background-repeat":"repeat","background-position":"center center","background-size":"auto","background-attachment":"scroll","background-type":"","background-media":"","overlay-type":"","overlay-color":"","overlay-opacity":"","overlay-gradient":""},"tablet":{"background-color":"","background-image":"","background-repeat":"repeat","background-position":"center center","background-size":"auto","background-attachment":"scroll","background-type":"","background-media":"","overlay-type":"","overlay-color":"","overlay-opacity":"","overlay-gradient":""},"mobile":{"background-color":"","background-image":"","background-repeat":"repeat","background-position":"center center","background-size":"auto","background-attachment":"scroll","background-type":"","background-media":"","overlay-type":"","overlay-color":"","overlay-opacity":"","overlay-gradient":""}},"ast-content-background-meta":{"desktop":{"background-color":"var(--ast-global-color-5)","background-image":"","background-repeat":"repeat","background-position":"center center","background-size":"auto","background-attachment":"scroll","background-type":"","background-media":"","overlay-type":"","overlay-color":"","overlay-opacity":"","overlay-gradient":""},"tablet":{"background-color":"var(--ast-global-color-5)","background-image":"","background-repeat":"repeat","background-position":"center center","background-size":"auto","background-attachment":"scroll","background-type":"","background-media":"","overlay-type":"","overlay-color":"","overlay-opacity":"","overlay-gradient":""},"mobile":{"background-color":"var(--ast-global-color-5)","background-image":"","background-repeat":"repeat","background-position":"center center","background-size":"auto","background-attachment":"scroll","background-type":"","background-media":"","overlay-type":"","overlay-color":"","overlay-opacity":"","overlay-gradient":""}},"footnotes":""},"class_list":["post-6265","page","type-page","status-publish","hentry"],"yoast_head":"<!-- This site is optimized with the Yoast SEO plugin v24.5 - https:\/\/yoast.com\/wordpress\/plugins\/seo\/ -->\n<title>Informativa sulla privacy | MACROZA<\/title>\n<meta name=\"robots\" content=\"index, follow, max-snippet:-1, max-image-preview:large, max-video-preview:-1\" \/>\n<link rel=\"canonical\" href=\"https:\/\/www.macroza.com\/it\/informativa-sulla-privacy\/\" \/>\n<meta property=\"og:locale\" content=\"it_IT\" \/>\n<meta property=\"og:type\" content=\"article\" \/>\n<meta property=\"og:title\" content=\"Informativa sulla privacy | MACROZA\" \/>\n<meta property=\"og:description\" content=\"INFORMATIVA SULLA PRIVACY MACROZA Nel rispetto dei principi di legalit\u00e0, correttezza e trasparenza, vi forniamo la presente Informativa sulla privacy. Chi \u00e8 il Titolare del trattamento dei vostri dati? RESPONSABILE: MACROZA EXPORTER S.L.PARTITA IVA: B80425986SEDE: C\/ Le\u00f1eros 15, 28039 MadridEMAIL: info@macroza.comTELEFONO: 915419294SPECIALIZZAZIONE: Raschietti per muri e prodotti correlati Per quali finalit\u00e0 trattiamo i vostri dati [&hellip;]\" \/>\n<meta property=\"og:url\" content=\"https:\/\/www.macroza.com\/it\/informativa-sulla-privacy\/\" \/>\n<meta property=\"og:site_name\" content=\"MACROZA\" \/>\n<meta property=\"article:publisher\" content=\"https:\/\/www.facebook.com\/macrozaofficial\/\" \/>\n<meta property=\"article:modified_time\" content=\"2024-01-01T18:38:07+00:00\" \/>\n<meta name=\"twitter:card\" content=\"summary_large_image\" \/>\n<meta name=\"twitter:label1\" content=\"Tempo di lettura stimato\" \/>\n\t<meta name=\"twitter:data1\" content=\"4 minuto\" \/>\n<script type=\"application\/ld+json\" class=\"yoast-schema-graph\">{\"@context\":\"https:\/\/schema.org\",\"@graph\":[{\"@type\":\"WebPage\",\"@id\":\"https:\/\/www.macroza.com\/it\/informativa-sulla-privacy\/\",\"url\":\"https:\/\/www.macroza.com\/it\/informativa-sulla-privacy\/\",\"name\":\"Informativa sulla privacy | MACROZA\",\"isPartOf\":{\"@id\":\"https:\/\/www.macroza.com\/it\/#website\"},\"datePublished\":\"2023-11-12T13:46:34+00:00\",\"dateModified\":\"2024-01-01T18:38:07+00:00\",\"breadcrumb\":{\"@id\":\"https:\/\/www.macroza.com\/it\/informativa-sulla-privacy\/#breadcrumb\"},\"inLanguage\":\"it-IT\",\"potentialAction\":[{\"@type\":\"ReadAction\",\"target\":[\"https:\/\/www.macroza.com\/it\/informativa-sulla-privacy\/\"]}]},{\"@type\":\"BreadcrumbList\",\"@id\":\"https:\/\/www.macroza.com\/it\/informativa-sulla-privacy\/#breadcrumb\",\"itemListElement\":[{\"@type\":\"ListItem\",\"position\":1,\"name\":\"Home\",\"item\":\"https:\/\/www.macroza.com\/it\/pagina-principale\/\"},{\"@type\":\"ListItem\",\"position\":2,\"name\":\"Informativa sulla privacy\"}]},{\"@type\":\"WebSite\",\"@id\":\"https:\/\/www.macroza.com\/it\/#website\",\"url\":\"https:\/\/www.macroza.com\/it\/\",\"name\":\"www.macroza.com\",\"description\":\"Fabricante de rozadoras de pared\",\"publisher\":{\"@id\":\"https:\/\/www.macroza.com\/it\/#organization\"},\"alternateName\":\"Macroza\",\"potentialAction\":[{\"@type\":\"SearchAction\",\"target\":{\"@type\":\"EntryPoint\",\"urlTemplate\":\"https:\/\/www.macroza.com\/it\/?s={search_term_string}\"},\"query-input\":{\"@type\":\"PropertyValueSpecification\",\"valueRequired\":true,\"valueName\":\"search_term_string\"}}],\"inLanguage\":\"it-IT\"},{\"@type\":\"Organization\",\"@id\":\"https:\/\/www.macroza.com\/it\/#organization\",\"name\":\"Macroza\",\"alternateName\":\"Macroza Export\",\"url\":\"https:\/\/www.macroza.com\/it\/\",\"logo\":{\"@type\":\"ImageObject\",\"inLanguage\":\"it-IT\",\"@id\":\"https:\/\/www.macroza.com\/it\/#\/schema\/logo\/image\/\",\"url\":\"https:\/\/www.macroza.com\/wp-content\/uploads\/2023\/11\/cropped-Diseno-sin-titulo-10.png\",\"contentUrl\":\"https:\/\/www.macroza.com\/wp-content\/uploads\/2023\/11\/cropped-Diseno-sin-titulo-10.png\",\"width\":512,\"height\":512,\"caption\":\"Macroza\"},\"image\":{\"@id\":\"https:\/\/www.macroza.com\/it\/#\/schema\/logo\/image\/\"},\"sameAs\":[\"https:\/\/www.facebook.com\/macrozaofficial\/\",\"https:\/\/www.instagram.com\/macroza_official\/\",\"https:\/\/www.linkedin.com\/company\/macroza-wall-chasers\/\",\"https:\/\/www.youtube.com\/@MACROZAWallChasers\/videos\"]}]}<\/script>\n<!-- \/ Yoast SEO plugin. -->","yoast_head_json":{"title":"Informativa sulla privacy | MACROZA","robots":{"index":"index","follow":"follow","max-snippet":"max-snippet:-1","max-image-preview":"max-image-preview:large","max-video-preview":"max-video-preview:-1"},"canonical":"https:\/\/www.macroza.com\/it\/informativa-sulla-privacy\/","og_locale":"it_IT","og_type":"article","og_title":"Informativa sulla privacy | MACROZA","og_description":"INFORMATIVA SULLA PRIVACY MACROZA Nel rispetto dei principi di legalit\u00e0, correttezza e trasparenza, vi forniamo la presente Informativa sulla privacy. Chi \u00e8 il Titolare del trattamento dei vostri dati? RESPONSABILE: MACROZA EXPORTER S.L.PARTITA IVA: B80425986SEDE: C\/ Le\u00f1eros 15, 28039 MadridEMAIL: info@macroza.comTELEFONO: 915419294SPECIALIZZAZIONE: Raschietti per muri e prodotti correlati Per quali finalit\u00e0 trattiamo i vostri dati [&hellip;]","og_url":"https:\/\/www.macroza.com\/it\/informativa-sulla-privacy\/","og_site_name":"MACROZA","article_publisher":"https:\/\/www.facebook.com\/macrozaofficial\/","article_modified_time":"2024-01-01T18:38:07+00:00","twitter_card":"summary_large_image","twitter_misc":{"Tempo di lettura stimato":"4 minuto"},"schema":{"@context":"https:\/\/schema.org","@graph":[{"@type":"WebPage","@id":"https:\/\/www.macroza.com\/it\/informativa-sulla-privacy\/","url":"https:\/\/www.macroza.com\/it\/informativa-sulla-privacy\/","name":"Informativa sulla privacy | MACROZA","isPartOf":{"@id":"https:\/\/www.macroza.com\/it\/#website"},"datePublished":"2023-11-12T13:46:34+00:00","dateModified":"2024-01-01T18:38:07+00:00","breadcrumb":{"@id":"https:\/\/www.macroza.com\/it\/informativa-sulla-privacy\/#breadcrumb"},"inLanguage":"it-IT","potentialAction":[{"@type":"ReadAction","target":["https:\/\/www.macroza.com\/it\/informativa-sulla-privacy\/"]}]},{"@type":"BreadcrumbList","@id":"https:\/\/www.macroza.com\/it\/informativa-sulla-privacy\/#breadcrumb","itemListElement":[{"@type":"ListItem","position":1,"name":"Home","item":"https:\/\/www.macroza.com\/it\/pagina-principale\/"},{"@type":"ListItem","position":2,"name":"Informativa sulla privacy"}]},{"@type":"WebSite","@id":"https:\/\/www.macroza.com\/it\/#website","url":"https:\/\/www.macroza.com\/it\/","name":"www.macroza.com","description":"Fabricante de rozadoras de pared","publisher":{"@id":"https:\/\/www.macroza.com\/it\/#organization"},"alternateName":"Macroza","potentialAction":[{"@type":"SearchAction","target":{"@type":"EntryPoint","urlTemplate":"https:\/\/www.macroza.com\/it\/?s={search_term_string}"},"query-input":{"@type":"PropertyValueSpecification","valueRequired":true,"valueName":"search_term_string"}}],"inLanguage":"it-IT"},{"@type":"Organization","@id":"https:\/\/www.macroza.com\/it\/#organization","name":"Macroza","alternateName":"Macroza Export","url":"https:\/\/www.macroza.com\/it\/","logo":{"@type":"ImageObject","inLanguage":"it-IT","@id":"https:\/\/www.macroza.com\/it\/#\/schema\/logo\/image\/","url":"https:\/\/www.macroza.com\/wp-content\/uploads\/2023\/11\/cropped-Diseno-sin-titulo-10.png","contentUrl":"https:\/\/www.macroza.com\/wp-content\/uploads\/2023\/11\/cropped-Diseno-sin-titulo-10.png","width":512,"height":512,"caption":"Macroza"},"image":{"@id":"https:\/\/www.macroza.com\/it\/#\/schema\/logo\/image\/"},"sameAs":["https:\/\/www.facebook.com\/macrozaofficial\/","https:\/\/www.instagram.com\/macroza_official\/","https:\/\/www.linkedin.com\/company\/macroza-wall-chasers\/","https:\/\/www.youtube.com\/@MACROZAWallChasers\/videos"]}]}},"_links":{"self":[{"href":"https:\/\/www.macroza.com\/it\/wp-json\/wp\/v2\/pages\/6265","targetHints":{"allow":["GET"]}}],"collection":[{"href":"https:\/\/www.macroza.com\/it\/wp-json\/wp\/v2\/pages"}],"about":[{"href":"https:\/\/www.macroza.com\/it\/wp-json\/wp\/v2\/types\/page"}],"author":[{"embeddable":true,"href":"https:\/\/www.macroza.com\/it\/wp-json\/wp\/v2\/users\/2"}],"replies":[{"embeddable":true,"href":"https:\/\/www.macroza.com\/it\/wp-json\/wp\/v2\/comments?post=6265"}],"version-history":[{"count":2,"href":"https:\/\/www.macroza.com\/it\/wp-json\/wp\/v2\/pages\/6265\/revisions"}],"predecessor-version":[{"id":6278,"href":"https:\/\/www.macroza.com\/it\/wp-json\/wp\/v2\/pages\/6265\/revisions\/6278"}],"wp:attachment":[{"href":"https:\/\/www.macroza.com\/it\/wp-json\/wp\/v2\/media?parent=6265"}],"curies":[{"name":"wp","href":"https:\/\/api.w.org\/{rel}","templated":true}]}}