{"id":19215,"date":"2025-10-20T10:52:29","date_gmt":"2025-10-20T08:52:29","guid":{"rendered":"https:\/\/www.macroza.com\/test-page\/"},"modified":"2025-12-18T14:22:24","modified_gmt":"2025-12-18T13:22:24","slug":"test-page","status":"publish","type":"page","link":"https:\/\/www.macroza.com\/it\/test-page\/","title":{"rendered":"Pagina di prova"},"content":{"rendered":"\t\t<div data-elementor-type=\"wp-page\" data-elementor-id=\"19215\" class=\"elementor elementor-19215 elementor-17928\" data-elementor-settings=\"{&quot;ha_cmc_init_switcher&quot;:&quot;no&quot;}\" data-elementor-post-type=\"page\">\n\t\t\t\t\t\t<\/div>\n\t\t","protected":false},"excerpt":{"rendered":"<p>Questo \u00e8 un test Far\u00f2 un test per vedere se il sito funziona. Questo \u00e8 un test Far\u00f2 un test per vedere se il sito funziona. Questo \u00e8 un test Far\u00f2 un test per vedere se il sito funziona. Questo \u00e8 un test Far\u00f2 un test per vedere se il sito funziona.<\/p>\n","protected":false},"author":22,"featured_media":0,"parent":0,"menu_order":0,"comment_status":"closed","ping_status":"closed","template":"elementor_header_footer","meta":{"inline_featured_image":false,"site-sidebar-layout":"no-sidebar","site-content-layout":"page-builder","ast-site-content-layout":"full-width-container","site-content-style":"default","site-sidebar-style":"default","ast-global-header-display":"","ast-banner-title-visibility":"","ast-main-header-display":"","ast-hfb-above-header-display":"","ast-hfb-below-header-display":"","ast-hfb-mobile-header-display":"","site-post-title":"disabled","ast-breadcrumbs-content":"","ast-featured-img":"disabled","footer-sml-layout":"","theme-transparent-header-meta":"default","adv-header-id-meta":"","stick-header-meta":"","header-above-stick-meta":"","header-main-stick-meta":"","header-below-stick-meta":"","astra-migrate-meta-layouts":"default","ast-page-background-enabled":"default","ast-page-background-meta":{"desktop":{"background-color":"var(--ast-global-color-4)","background-image":"","background-repeat":"repeat","background-position":"center center","background-size":"auto","background-attachment":"scroll","background-type":"","background-media":"","overlay-type":"","overlay-color":"","overlay-opacity":"","overlay-gradient":""},"tablet":{"background-color":"","background-image":"","background-repeat":"repeat","background-position":"center center","background-size":"auto","background-attachment":"scroll","background-type":"","background-media":"","overlay-type":"","overlay-color":"","overlay-opacity":"","overlay-gradient":""},"mobile":{"background-color":"","background-image":"","background-repeat":"repeat","background-position":"center center","background-size":"auto","background-attachment":"scroll","background-type":"","background-media":"","overlay-type":"","overlay-color":"","overlay-opacity":"","overlay-gradient":""}},"ast-content-background-meta":{"desktop":{"background-color":"var(--ast-global-color-5)","background-image":"","background-repeat":"repeat","background-position":"center center","background-size":"auto","background-attachment":"scroll","background-type":"","background-media":"","overlay-type":"","overlay-color":"","overlay-opacity":"","overlay-gradient":""},"tablet":{"background-color":"var(--ast-global-color-5)","background-image":"","background-repeat":"repeat","background-position":"center center","background-size":"auto","background-attachment":"scroll","background-type":"","background-media":"","overlay-type":"","overlay-color":"","overlay-opacity":"","overlay-gradient":""},"mobile":{"background-color":"var(--ast-global-color-5)","background-image":"","background-repeat":"repeat","background-position":"center center","background-size":"auto","background-attachment":"scroll","background-type":"","background-media":"","overlay-type":"","overlay-color":"","overlay-opacity":"","overlay-gradient":""}},"footnotes":""},"class_list":["post-19215","page","type-page","status-publish","hentry"],"yoast_head":"<!-- This site is optimized with the Yoast SEO plugin v24.5 - https:\/\/yoast.com\/wordpress\/plugins\/seo\/ -->\n<title>Pagina di prova | MACROZA<\/title>\n<meta name=\"robots\" content=\"index, follow, max-snippet:-1, max-image-preview:large, max-video-preview:-1\" \/>\n<link rel=\"canonical\" href=\"https:\/\/www.macroza.com\/it\/test-page\/\" \/>\n<meta property=\"og:locale\" content=\"it_IT\" \/>\n<meta property=\"og:type\" content=\"article\" \/>\n<meta property=\"og:title\" content=\"Pagina di prova | MACROZA\" \/>\n<meta property=\"og:description\" content=\"Questo \u00e8 un test Far\u00f2 un test per vedere se il sito funziona. Questo \u00e8 un test Far\u00f2 un test per vedere se il sito funziona. Questo \u00e8 un test Far\u00f2 un test per vedere se il sito funziona. Questo \u00e8 un test Far\u00f2 un test per vedere se il sito funziona.\" \/>\n<meta property=\"og:url\" content=\"https:\/\/www.macroza.com\/it\/test-page\/\" \/>\n<meta property=\"og:site_name\" content=\"MACROZA\" \/>\n<meta property=\"article:publisher\" content=\"https:\/\/www.facebook.com\/macrozaofficial\/\" \/>\n<meta property=\"article:modified_time\" content=\"2025-12-18T13:22:24+00:00\" \/>\n<meta property=\"og:image\" content=\"https:\/\/www.macroza.com\/wp-content\/uploads\/2025\/07\/ROZADORA-MACROZA-D500-768x450.png\" \/>\n<meta name=\"twitter:card\" content=\"summary_large_image\" \/>\n<script type=\"application\/ld+json\" class=\"yoast-schema-graph\">{\"@context\":\"https:\/\/schema.org\",\"@graph\":[{\"@type\":\"WebPage\",\"@id\":\"https:\/\/www.macroza.com\/it\/test-page\/\",\"url\":\"https:\/\/www.macroza.com\/it\/test-page\/\",\"name\":\"Pagina di prova | MACROZA\",\"isPartOf\":{\"@id\":\"https:\/\/www.macroza.com\/it\/#website\"},\"primaryImageOfPage\":{\"@id\":\"https:\/\/www.macroza.com\/it\/test-page\/#primaryimage\"},\"image\":{\"@id\":\"https:\/\/www.macroza.com\/it\/test-page\/#primaryimage\"},\"thumbnailUrl\":\"https:\/\/www.macroza.com\/wp-content\/uploads\/2025\/07\/ROZADORA-MACROZA-D500-768x450.png\",\"datePublished\":\"2025-10-20T08:52:29+00:00\",\"dateModified\":\"2025-12-18T13:22:24+00:00\",\"breadcrumb\":{\"@id\":\"https:\/\/www.macroza.com\/it\/test-page\/#breadcrumb\"},\"inLanguage\":\"it-IT\",\"potentialAction\":[{\"@type\":\"ReadAction\",\"target\":[\"https:\/\/www.macroza.com\/it\/test-page\/\"]}]},{\"@type\":\"ImageObject\",\"inLanguage\":\"it-IT\",\"@id\":\"https:\/\/www.macroza.com\/it\/test-page\/#primaryimage\",\"url\":\"https:\/\/www.macroza.com\/wp-content\/uploads\/2025\/07\/ROZADORA-MACROZA-D500-768x450.png\",\"contentUrl\":\"https:\/\/www.macroza.com\/wp-content\/uploads\/2025\/07\/ROZADORA-MACROZA-D500-768x450.png\"},{\"@type\":\"BreadcrumbList\",\"@id\":\"https:\/\/www.macroza.com\/it\/test-page\/#breadcrumb\",\"itemListElement\":[{\"@type\":\"ListItem\",\"position\":1,\"name\":\"Home\",\"item\":\"https:\/\/www.macroza.com\/it\/pagina-principale\/\"},{\"@type\":\"ListItem\",\"position\":2,\"name\":\"Pagina di prova\"}]},{\"@type\":\"WebSite\",\"@id\":\"https:\/\/www.macroza.com\/it\/#website\",\"url\":\"https:\/\/www.macroza.com\/it\/\",\"name\":\"www.macroza.com\",\"description\":\"Fabricante de rozadoras de pared\",\"publisher\":{\"@id\":\"https:\/\/www.macroza.com\/it\/#organization\"},\"alternateName\":\"Macroza\",\"potentialAction\":[{\"@type\":\"SearchAction\",\"target\":{\"@type\":\"EntryPoint\",\"urlTemplate\":\"https:\/\/www.macroza.com\/it\/?s={search_term_string}\"},\"query-input\":{\"@type\":\"PropertyValueSpecification\",\"valueRequired\":true,\"valueName\":\"search_term_string\"}}],\"inLanguage\":\"it-IT\"},{\"@type\":\"Organization\",\"@id\":\"https:\/\/www.macroza.com\/it\/#organization\",\"name\":\"Macroza\",\"alternateName\":\"Macroza Export\",\"url\":\"https:\/\/www.macroza.com\/it\/\",\"logo\":{\"@type\":\"ImageObject\",\"inLanguage\":\"it-IT\",\"@id\":\"https:\/\/www.macroza.com\/it\/#\/schema\/logo\/image\/\",\"url\":\"https:\/\/www.macroza.com\/wp-content\/uploads\/2023\/11\/cropped-Diseno-sin-titulo-10.png\",\"contentUrl\":\"https:\/\/www.macroza.com\/wp-content\/uploads\/2023\/11\/cropped-Diseno-sin-titulo-10.png\",\"width\":512,\"height\":512,\"caption\":\"Macroza\"},\"image\":{\"@id\":\"https:\/\/www.macroza.com\/it\/#\/schema\/logo\/image\/\"},\"sameAs\":[\"https:\/\/www.facebook.com\/macrozaofficial\/\",\"https:\/\/www.instagram.com\/macroza_official\/\",\"https:\/\/www.linkedin.com\/company\/macroza-wall-chasers\/\",\"https:\/\/www.youtube.com\/@MACROZAWallChasers\/videos\"]}]}<\/script>\n<!-- \/ Yoast SEO plugin. -->","yoast_head_json":{"title":"Pagina di prova | MACROZA","robots":{"index":"index","follow":"follow","max-snippet":"max-snippet:-1","max-image-preview":"max-image-preview:large","max-video-preview":"max-video-preview:-1"},"canonical":"https:\/\/www.macroza.com\/it\/test-page\/","og_locale":"it_IT","og_type":"article","og_title":"Pagina di prova | MACROZA","og_description":"Questo \u00e8 un test Far\u00f2 un test per vedere se il sito funziona. Questo \u00e8 un test Far\u00f2 un test per vedere se il sito funziona. Questo \u00e8 un test Far\u00f2 un test per vedere se il sito funziona. Questo \u00e8 un test Far\u00f2 un test per vedere se il sito funziona.","og_url":"https:\/\/www.macroza.com\/it\/test-page\/","og_site_name":"MACROZA","article_publisher":"https:\/\/www.facebook.com\/macrozaofficial\/","article_modified_time":"2025-12-18T13:22:24+00:00","og_image":[{"url":"https:\/\/www.macroza.com\/wp-content\/uploads\/2025\/07\/ROZADORA-MACROZA-D500-768x450.png","type":"","width":"","height":""}],"twitter_card":"summary_large_image","schema":{"@context":"https:\/\/schema.org","@graph":[{"@type":"WebPage","@id":"https:\/\/www.macroza.com\/it\/test-page\/","url":"https:\/\/www.macroza.com\/it\/test-page\/","name":"Pagina di prova | MACROZA","isPartOf":{"@id":"https:\/\/www.macroza.com\/it\/#website"},"primaryImageOfPage":{"@id":"https:\/\/www.macroza.com\/it\/test-page\/#primaryimage"},"image":{"@id":"https:\/\/www.macroza.com\/it\/test-page\/#primaryimage"},"thumbnailUrl":"https:\/\/www.macroza.com\/wp-content\/uploads\/2025\/07\/ROZADORA-MACROZA-D500-768x450.png","datePublished":"2025-10-20T08:52:29+00:00","dateModified":"2025-12-18T13:22:24+00:00","breadcrumb":{"@id":"https:\/\/www.macroza.com\/it\/test-page\/#breadcrumb"},"inLanguage":"it-IT","potentialAction":[{"@type":"ReadAction","target":["https:\/\/www.macroza.com\/it\/test-page\/"]}]},{"@type":"ImageObject","inLanguage":"it-IT","@id":"https:\/\/www.macroza.com\/it\/test-page\/#primaryimage","url":"https:\/\/www.macroza.com\/wp-content\/uploads\/2025\/07\/ROZADORA-MACROZA-D500-768x450.png","contentUrl":"https:\/\/www.macroza.com\/wp-content\/uploads\/2025\/07\/ROZADORA-MACROZA-D500-768x450.png"},{"@type":"BreadcrumbList","@id":"https:\/\/www.macroza.com\/it\/test-page\/#breadcrumb","itemListElement":[{"@type":"ListItem","position":1,"name":"Home","item":"https:\/\/www.macroza.com\/it\/pagina-principale\/"},{"@type":"ListItem","position":2,"name":"Pagina di prova"}]},{"@type":"WebSite","@id":"https:\/\/www.macroza.com\/it\/#website","url":"https:\/\/www.macroza.com\/it\/","name":"www.macroza.com","description":"Fabricante de rozadoras de pared","publisher":{"@id":"https:\/\/www.macroza.com\/it\/#organization"},"alternateName":"Macroza","potentialAction":[{"@type":"SearchAction","target":{"@type":"EntryPoint","urlTemplate":"https:\/\/www.macroza.com\/it\/?s={search_term_string}"},"query-input":{"@type":"PropertyValueSpecification","valueRequired":true,"valueName":"search_term_string"}}],"inLanguage":"it-IT"},{"@type":"Organization","@id":"https:\/\/www.macroza.com\/it\/#organization","name":"Macroza","alternateName":"Macroza Export","url":"https:\/\/www.macroza.com\/it\/","logo":{"@type":"ImageObject","inLanguage":"it-IT","@id":"https:\/\/www.macroza.com\/it\/#\/schema\/logo\/image\/","url":"https:\/\/www.macroza.com\/wp-content\/uploads\/2023\/11\/cropped-Diseno-sin-titulo-10.png","contentUrl":"https:\/\/www.macroza.com\/wp-content\/uploads\/2023\/11\/cropped-Diseno-sin-titulo-10.png","width":512,"height":512,"caption":"Macroza"},"image":{"@id":"https:\/\/www.macroza.com\/it\/#\/schema\/logo\/image\/"},"sameAs":["https:\/\/www.facebook.com\/macrozaofficial\/","https:\/\/www.instagram.com\/macroza_official\/","https:\/\/www.linkedin.com\/company\/macroza-wall-chasers\/","https:\/\/www.youtube.com\/@MACROZAWallChasers\/videos"]}]}},"_links":{"self":[{"href":"https:\/\/www.macroza.com\/it\/wp-json\/wp\/v2\/pages\/19215","targetHints":{"allow":["GET"]}}],"collection":[{"href":"https:\/\/www.macroza.com\/it\/wp-json\/wp\/v2\/pages"}],"about":[{"href":"https:\/\/www.macroza.com\/it\/wp-json\/wp\/v2\/types\/page"}],"author":[{"embeddable":true,"href":"https:\/\/www.macroza.com\/it\/wp-json\/wp\/v2\/users\/22"}],"replies":[{"embeddable":true,"href":"https:\/\/www.macroza.com\/it\/wp-json\/wp\/v2\/comments?post=19215"}],"version-history":[{"count":1,"href":"https:\/\/www.macroza.com\/it\/wp-json\/wp\/v2\/pages\/19215\/revisions"}],"predecessor-version":[{"id":19216,"href":"https:\/\/www.macroza.com\/it\/wp-json\/wp\/v2\/pages\/19215\/revisions\/19216"}],"wp:attachment":[{"href":"https:\/\/www.macroza.com\/it\/wp-json\/wp\/v2\/media?parent=19215"}],"curies":[{"name":"wp","href":"https:\/\/api.w.org\/{rel}","templated":true}]}}