{"id":8622,"date":"2023-11-12T14:46:34","date_gmt":"2023-11-12T13:46:34","guid":{"rendered":"https:\/\/www.macroza.com\/adatvedelmi-politika\/"},"modified":"2024-01-21T12:40:37","modified_gmt":"2024-01-21T11:40:37","slug":"adatvedelmi-politika","status":"publish","type":"page","link":"https:\/\/www.macroza.com\/hu\/adatvedelmi-politika\/","title":{"rendered":"Adatv\u00e9delmi ir\u00e1nyelvek"},"content":{"rendered":"\t\t<div data-elementor-type=\"wp-page\" data-elementor-id=\"8622\" class=\"elementor elementor-8622 elementor-3318\" data-elementor-settings=\"{&quot;ha_cmc_init_switcher&quot;:&quot;no&quot;}\" data-elementor-post-type=\"page\">\n\t\t\t\t\t\t<section class=\"elementor-section elementor-top-section elementor-element elementor-element-6ddb705 elementor-section-boxed elementor-section-height-default elementor-section-height-default\" data-id=\"6ddb705\" data-element_type=\"section\" data-settings=\"{&quot;_ha_eqh_enable&quot;:false}\">\n\t\t\t\t\t\t<div class=\"elementor-container elementor-column-gap-default\">\n\t\t\t\t\t<div class=\"elementor-column elementor-col-100 elementor-top-column elementor-element elementor-element-f3b66e2\" data-id=\"f3b66e2\" data-element_type=\"column\">\n\t\t\t<div class=\"elementor-widget-wrap elementor-element-populated\">\n\t\t\t\t\t\t<div class=\"elementor-element elementor-element-ccf9096 elementor-widget elementor-widget-text-editor\" data-id=\"ccf9096\" data-element_type=\"widget\" data-widget_type=\"text-editor.default\">\n\t\t\t\t<div class=\"elementor-widget-container\">\n\t\t\t\t\t\t\t\t\t<h1><strong>MACROZAADATV\u00c9DELMI SZAB\u00c1LYZAT<\/strong><\/h1>\n<p>A jogszer\u0171s\u00e9g, a tisztess\u00e9g \u00e9s az \u00e1tl\u00e1that\u00f3s\u00e1g elveinek megfelel\u0151en a jelen Adatv\u00e9delmi szab\u00e1lyzatot az \u00d6n rendelkez\u00e9s\u00e9re bocs\u00e1tjuk.<\/p>\n<p><strong>Ki az \u00d6n adatainak adatkezel\u0151je?<\/strong><\/p>\n<p><strong>FELEL\u0150S: <\/strong>MACROZA EXPORT S.L.<br \/><strong>\u00c1FASZ\u00c1M:<\/strong> B80425986<br \/>SZ\u00c9KHELY: C\/ Le\u00f1eros 15, 28039 Madrid<br \/><strong>EMAIL: <\/strong><a href=\"mailto:info@macroza.com\" target=\"_blank\" rel=\"noopener\">info@macroza.com<\/a><br \/><strong>TELEFON: <\/strong>915419294<br \/><strong>SPECIALIZ\u00c1CI\u00d3: <\/strong><a href=\"https:\/\/www.macroza.com\/rozadoras-de-pared\/\">Horonymar\u00f3 g\u00e9pek<\/a> \u00e9s kapcsol\u00f3d\u00f3 term\u00e9kek<\/p>\n<p><strong><br \/>Milyen c\u00e9lb\u00f3l kezelj\u00fck az \u00d6n szem\u00e9lyes adatait?<\/strong><\/p>\n<p>A <strong>MACROZA EXPORT S.L<\/strong>.-n\u00e9l a sz\u00f3ban forg\u00f3 \u00e9rdekelt f\u00e9l kateg\u00f3ri\u00e1j\u00e1t\u00f3l f\u00fcgg\u0151en az \u00d6n \u00e1ltal megadott inform\u00e1ci\u00f3kat a k\u00f6vetkez\u0151 c\u00e9lokb\u00f3l kezelj\u00fck:<\/p>\n<p><strong>INTERESZTELT<\/strong><\/p>\n<p>AZ ADATKEZEL\u00c9S C\u00c9LJAI<\/p>\n<p><em>POTENCI\u00c1LIS \u00dcGYFELEK<\/em><br \/>A potenci\u00e1lis kereskedelmi \u00e9s\/vagy szakmai kapcsolat kezel\u00e9se, a k\u00e9rt inform\u00e1ci\u00f3k elk\u00fcld\u00e9s\u00e9nek kezel\u00e9se \u00e9s\/vagy a felmer\u00fclt k\u00e9rd\u00e9sek megold\u00e1sa, az \u00d6nt \u00e9rdekl\u0151 szolg\u00e1ltat\u00e1saink \u00e9s\/vagy term\u00e9keink aj\u00e1nlatainak biztos\u00edt\u00e1sa.<\/p>\n<p><em><strong>VEV\u0150K<\/strong><\/em><br \/>A kereskedelmi \u00e9s\/vagy szakmai kapcsolat kezel\u00e9se, az \u00d6nt \u00e9rdekl\u0151 szolg\u00e1ltat\u00e1saink \u00e9s\/vagy term\u00e9keink aj\u00e1nlatainak biztos\u00edt\u00e1sa.<\/p>\n<p><em><strong>SZ\u00c1LL\u00cdT\u00d3K<\/strong><\/em><br \/>A kereskedelmi \u00e9s\/vagy szakmai kapcsolatok kezel\u00e9se.<\/p>\n<p><em><strong>P\u00c1LY\u00c1ZATOK<\/strong><\/em><br \/>A szem\u00e9lyzeti kiv\u00e1laszt\u00e1si folyamat ir\u00e1ny\u00edt\u00e1sa.<\/p>\n<p><em><strong>WEB FELHASZN\u00c1L\u00d3K<\/strong><\/em><br \/>Kezelje a b\u00f6ng\u00e9sz\u00e9si adatok elemz\u00e9s\u00e9t.<\/p>\n<p><strong>Mi a jogalapja az \u00d6n adatainak feldolgoz\u00e1s\u00e1nak?<\/strong><\/p>\n<p>A szem\u00e9lyes adatok feldolgoz\u00e1s\u00e1nak jogalapja az \u00e9rintett \u00e9rintett kateg\u00f3ri\u00e1j\u00e1t\u00f3l f\u00fcgg\u0151en a k\u00f6vetkez\u0151 lehet:<\/p>\n<p><strong>INTERESZTELT<\/strong><\/p>\n<p>JOGALAP<\/p>\n<p><strong><em>POTENCI\u00c1LIS \u00dcGYFELEK<\/em><\/strong><br \/>GDPR 6.1.b. cikk: az \u00e9rintett k\u00e9r\u00e9s\u00e9re szerz\u0151d\u00e9sk\u00f6t\u00e9st megel\u0151z\u0151 int\u00e9zked\u00e9sek (becsl\u00e9sek, megrendel\u0151lapok, szolg\u00e1ltat\u00e1si aj\u00e1nlatok stb.) alkalmaz\u00e1sa.<br \/>RGPD 6.1.f cikk: jogos \u00e9rdek (k\u00e9rt inform\u00e1ci\u00f3k k\u00fcld\u00e9se, felmer\u00fclt k\u00e9rd\u00e9sekre adott v\u00e1laszok&#8230;).<br \/>Az RGPD 6.1.a. cikke: az \u00e9rintett hozz\u00e1j\u00e1rul\u00e1sa (szolg\u00e1ltat\u00e1si \u00e9s\/vagy term\u00e9kaj\u00e1nlatok ny\u00fajt\u00e1sa).<\/p>\n<p><em><strong>VEV\u0150K<\/strong><\/em><br \/>GDPR 6.1.b. cikk: olyan szerz\u0151d\u00e9s teljes\u00edt\u00e9se, amelyben az \u00e9rintett f\u00e9l.<\/p>\n<p><em><strong>SZ\u00c1LL\u00cdT\u00d3K<\/strong><\/em><br \/>GDPR 6.1.b. cikk: olyan szerz\u0151d\u00e9s teljes\u00edt\u00e9se, amelyben az \u00e9rintett f\u00e9l.<\/p>\n<p><em><strong>P\u00c1LY\u00c1ZATOK<\/strong><\/em><br \/>Az RGPD 6. cikk\u00e9nek (1) bekezd\u00e9se a) pontja: az \u00e9rintett hozz\u00e1j\u00e1rul\u00e1sa.<\/p>\n<p><strong><em>WEB FELHASZN\u00c1L\u00d3K<\/em><\/strong><br \/>Az RGPD 6. cikk\u00e9nek (1) bekezd\u00e9se a) pontja: az \u00e9rintett hozz\u00e1j\u00e1rul\u00e1sa.<\/p>\n<p>Az \u00d6nt\u0151l k\u00e9rt adatok megfelel\u0151ek, relev\u00e1nsak \u00e9s szigor\u00faan sz\u00fcks\u00e9gesek, \u00e9s \u00d6n semmilyen esetben sem k\u00f6teles azokat megadni, de a megad\u00e1suk elmulaszt\u00e1sa befoly\u00e1solhatja a szolg\u00e1ltat\u00e1s c\u00e9lj\u00e1t vagy lehetetlenn\u00e9 teheti annak ny\u00fajt\u00e1s\u00e1t.<br \/><strong> <br \/>Mennyi ideig \u0151rizz\u00fck meg az \u00d6n szem\u00e9lyes adatait?<\/strong><\/p>\n<p>Az \u00d6n adatait a felk\u00edn\u00e1lt szolg\u00e1ltat\u00e1s megfelel\u0151 ny\u00fajt\u00e1s\u00e1hoz, valamint az ebb\u0151l ered\u0151 k\u00f6telezetts\u00e9gek teljes\u00edt\u00e9s\u00e9hez \u00e9s b\u00e1rmely m\u00e1s jogi k\u00f6vetelm\u00e9ny teljes\u00edt\u00e9s\u00e9hez sz\u00fcks\u00e9ges minim\u00e1lis ideig \u0151rizz\u00fck meg.<br \/><strong> <br \/>Mely c\u00edmzettek sz\u00e1m\u00e1ra fogj\u00e1k az \u00d6n adatait k\u00f6z\u00f6lni?<\/strong><\/p>\n<p>A <strong>MACROZA EXPORT S.L. <\/strong>nem adja \u00e1t az \u00d6n adatait harmadik f\u00e9lnek, kiv\u00e9ve, ha err\u0151l kifejezetten t\u00e1j\u00e9koztatjuk.<\/p>\n<p>Ezen t\u00falmen\u0151en t\u00e1j\u00e9koztatjuk \u00d6nt, hogy bizonyos adatokat a hat\u00e1lyos jogszab\u00e1lyok vagy a <strong>MACROZA EXPORT S.L.<\/strong>-vel fenntartott szerz\u0151d\u00e9ses kapcsolat alapj\u00e1n k\u00f6z\u00f6lhet\u00fcnk a k\u00f6vetkez\u0151kkel:<\/p>\n<ul>\n<li>Bankok \u00e9s p\u00e9nzint\u00e9zetek a szerz\u0151d\u00e9ses szolg\u00e1ltat\u00e1sok \u00e9s\/vagy v\u00e1s\u00e1rolt term\u00e9kek beszed\u00e9se c\u00e9lj\u00e1b\u00f3l.<\/li>\n<li>A <strong>MACROZA EXPORT S.L.<\/strong> tev\u00e9kenys\u00e9gi k\u00f6r\u00e9be tartoz\u00f3 \u00e1gazatokban illet\u00e9kes k\u00f6zigazgat\u00e1si szervek, amennyiben a hat\u00e1lyos jogszab\u00e1lyok ezt el\u0151\u00edrj\u00e1k.<\/li>\n<\/ul>\n<p>Ezen t\u00falmen\u0151en t\u00e1j\u00e9koztatjuk \u00d6nt, hogy bizonyos adatok a hat\u00e1lyos jogszab\u00e1lyok vagy a<strong> MACROZA EXPORT S.L.<\/strong> \u00e1ltal fenntartott szerz\u0151d\u00e9ses kapcsolat alapj\u00e1n k\u00f6z\u00f6lhet\u0151k:<\/p>\n<ul>\n<li>Bankok \u00e9s p\u00e9nzint\u00e9zetek a szerz\u0151d\u00e9ses szolg\u00e1ltat\u00e1sok \u00e9s\/vagy v\u00e1s\u00e1rolt term\u00e9kek beszed\u00e9se c\u00e9lj\u00e1b\u00f3l.<\/li>\n<li>A <strong>MACROZA EXPORT S.L.<\/strong> tev\u00e9kenys\u00e9gi k\u00f6r\u00e9be tartoz\u00f3 \u00e1gazatokban illet\u00e9kes k\u00f6zigazgat\u00e1si szervek, amennyiben a hat\u00e1lyos jogszab\u00e1lyok ezt el\u0151\u00edrj\u00e1k.<\/li>\n<\/ul>\n<p><strong>Milyen jogai vannak, amikor megadja nek\u00fcnk az adatait?<\/strong><\/p>\n<p>Az \u00e9rintettek adott esetben a k\u00f6vetkez\u0151 adatv\u00e9delmi jogokat gyakorolhatj\u00e1k:<\/p>\n<ul>\n<li>Az \u00e9rintettre vonatkoz\u00f3 szem\u00e9lyes adatokhoz val\u00f3 hozz\u00e1f\u00e9r\u00e9s k\u00e9relmez\u00e9s\u00e9nek joga.<\/li>\n<li>A helyesb\u00edt\u00e9shez vagy t\u00f6rl\u00e9shez val\u00f3 jog.<\/li>\n<li>Tiltakoz\u00e1si jog.<\/li>\n<li>Az adatkezel\u00e9s korl\u00e1toz\u00e1s\u00e1nak k\u00e9relmez\u00e9s\u00e9hez val\u00f3 jog.<\/li>\n<li>Az adathordozhat\u00f3s\u00e1ghoz val\u00f3 jog.<\/li>\n<li>A kiz\u00e1r\u00f3lag automatiz\u00e1lt adatfeldolgoz\u00e1son alapul\u00f3 d\u00f6nt\u00e9sekkel szembeni v\u00e9delemhez val\u00f3 jog.<\/li>\n<\/ul>\n<p>A megszerzett szem\u00e9lyes adatok tulajdonosai a <strong>MACROZA EXPORT S.L<\/strong>. bejegyzett sz\u00e9khely\u00e9re k\u00fcld\u00f6tt \u00edr\u00e1sos k\u00f6zlem\u00e9ny \u00fatj\u00e1n gyakorolhatj\u00e1k szem\u00e9lyes adatv\u00e9delmi jogaikat. vagy az erre a c\u00e9lra megadott e-mail c\u00edmre <a href=\"mailto:info@macroza.com\" target=\"_blank\" rel=\"noopener\">: info@macroza.com<\/a>.<\/p>\n<p>Az \u00d6n jogair\u00f3l sz\u00f3l\u00f3 mint\u00e1k, formanyomtatv\u00e1nyok \u00e9s tov\u00e1bbi inform\u00e1ci\u00f3k a nemzeti fel\u00fcgyeleti hat\u00f3s\u00e1g, az Agencia Espa\u00f1ola de Protecci\u00f3n de Datos, a tov\u00e1bbiakban AEPD, honlapj\u00e1n <a href=\"http:\/\/www.aepd.es\/\" target=\"_blank\" rel=\"noopener\">(www.aepd.es<\/a>) tal\u00e1lhat\u00f3k.<\/p>\n<p><strong>Visszavonhatom a beleegyez\u00e9semet?<\/strong><\/p>\n<p>\u00d6nnek lehet\u0151s\u00e9ge \u00e9s joga van arra, hogy visszavonja a hozz\u00e1j\u00e1rul\u00e1s\u00e1t b\u00e1rmely adott id\u0151pontban megadott konkr\u00e9t c\u00e9lra vonatkoz\u00f3an, an\u00e9lk\u00fcl, hogy ez befoly\u00e1soln\u00e1 a hozz\u00e1j\u00e1rul\u00e1son alapul\u00f3, a visszavon\u00e1s el\u0151tti adatkezel\u00e9s jogszer\u0171s\u00e9g\u00e9t.<\/p>\n<p><strong>Hol tehetek panaszt, ha \u00fagy \u00e9rzem, hogy az adataimat nem megfelel\u0151en kezelik?<\/strong><\/p>\n<p>Ha az \u00e9rintett \u00fagy v\u00e9li, hogy adatait nem megfelel\u0151en kezeli a k\u00f6vetkez\u0151 szerv  <strong>MACROZA EXPORT S.L.<\/strong>, vagy hogy a jogok gyakorl\u00e1s\u00e1ra vonatkoz\u00f3 k\u00e9relmeket nem kezelt\u00e9k kiel\u00e9g\u00edt\u0151en, panaszt ny\u00fajthat be a megfelel\u0151 adatv\u00e9delmi hat\u00f3s\u00e1gn\u00e1l, amely a nemzeti ter\u00fcleten megjel\u00f6lt AEPD,  <a href=\"http:\/\/www.aepd.es\/\" target=\"_blank\" rel=\"noopener\">www.aepd.es.<\/a><\/p>\n<p><strong>Az \u00d6n szem\u00e9lyes adatainak biztons\u00e1ga \u00e9s friss\u00edt\u00e9se<\/strong><\/p>\n<p>Az \u00d6n szem\u00e9lyes adatainak biztons\u00e1ga \u00e9rdek\u00e9ben t\u00e1j\u00e9koztatjuk \u00d6nt, hogy megtett\u00fcnk minden sz\u00fcks\u00e9ges technikai \u00e9s szervez\u00e9si int\u00e9zked\u00e9st a megadott szem\u00e9lyes adatok biztons\u00e1ga \u00e9rdek\u00e9ben. Mindezt az\u00e9rt tessz\u00fck, hogy megakad\u00e1lyozzuk az adatok megv\u00e1ltoztat\u00e1s\u00e1t, elveszt\u00e9s\u00e9t \u00e9s\/vagy jogosulatlan feldolgoz\u00e1s\u00e1t vagy hozz\u00e1f\u00e9r\u00e9s\u00e9t, ahogy azt a t\u00f6rv\u00e9ny el\u0151\u00edrja, b\u00e1r abszol\u00fat biztons\u00e1g nem l\u00e9tezik.<\/p>\n<p>Annak \u00e9rdek\u00e9ben, hogy szem\u00e9lyes adatait naprak\u00e9szen tartsuk, fontos, hogy t\u00e1j\u00e9koztasson minket, ha szem\u00e9lyes adataiban v\u00e1ltoz\u00e1s \u00e1ll be.<\/p>\n<p><strong>Bizalmass\u00e1g<\/strong><\/p>\n<p>A MACROZA EXPORT S.L. t\u00e1j\u00e9koztatja \u00d6nt, hogy az \u00d6n adatait a legnagyobb gondoss\u00e1ggal \u00e9s bizalmasan kezeli a feldolgoz\u00e1s b\u00e1rmelyik f\u00e1zis\u00e1ban r\u00e9szt vev\u0151 szem\u00e9lyzet. Az \u00d6n adatait nem adjuk \u00e1t \u00e9s nem k\u00f6z\u00f6lj\u00fck harmadik f\u00e9llel, kiv\u00e9ve a t\u00f6rv\u00e9ny \u00e1ltal el\u0151\u00edrt eseteket, vagy ha az \u00e9rdekelt f\u00e9l kifejezetten felhatalmazott minket erre.<\/p>\n\t\t\t\t\t\t\t\t<\/div>\n\t\t\t\t<\/div>\n\t\t\t\t\t<\/div>\n\t\t<\/div>\n\t\t\t\t\t<\/div>\n\t\t<\/section>\n\t\t\t\t<\/div>\n\t\t","protected":false},"excerpt":{"rendered":"<p>MACROZAADATV\u00c9DELMI SZAB\u00c1LYZAT A jogszer\u0171s\u00e9g, a tisztess\u00e9g \u00e9s az \u00e1tl\u00e1that\u00f3s\u00e1g elveinek megfelel\u0151en a jelen Adatv\u00e9delmi szab\u00e1lyzatot az \u00d6n rendelkez\u00e9s\u00e9re bocs\u00e1tjuk. Ki az \u00d6n adatainak adatkezel\u0151je? FELEL\u0150S: MACROZA EXPORT S.L.\u00c1FASZ\u00c1M: B80425986SZ\u00c9KHELY: C\/ Le\u00f1eros 15, 28039 MadridEMAIL: info@macroza.comTELEFON: 915419294SPECIALIZ\u00c1CI\u00d3: Horonymar\u00f3 g\u00e9pek \u00e9s kapcsol\u00f3d\u00f3 term\u00e9kek Milyen c\u00e9lb\u00f3l kezelj\u00fck az \u00d6n szem\u00e9lyes adatait? A MACROZA EXPORT S.L.-n\u00e9l a sz\u00f3ban forg\u00f3 [&hellip;]<\/p>\n","protected":false},"author":2,"featured_media":0,"parent":0,"menu_order":0,"comment_status":"closed","ping_status":"closed","template":"","meta":{"inline_featured_image":false,"site-sidebar-layout":"no-sidebar","site-content-layout":"page-builder","ast-site-content-layout":"full-width-container","site-content-style":"unboxed","site-sidebar-style":"unboxed","ast-global-header-display":"","ast-banner-title-visibility":"","ast-main-header-display":"","ast-hfb-above-header-display":"","ast-hfb-below-header-display":"","ast-hfb-mobile-header-display":"","site-post-title":"disabled","ast-breadcrumbs-content":"","ast-featured-img":"disabled","footer-sml-layout":"","theme-transparent-header-meta":"","adv-header-id-meta":"","stick-header-meta":"","header-above-stick-meta":"","header-main-stick-meta":"","header-below-stick-meta":"","astra-migrate-meta-layouts":"default","ast-page-background-enabled":"default","ast-page-background-meta":{"desktop":{"background-color":"var(--ast-global-color-4)","background-image":"","background-repeat":"repeat","background-position":"center center","background-size":"auto","background-attachment":"scroll","background-type":"","background-media":"","overlay-type":"","overlay-color":"","overlay-opacity":"","overlay-gradient":""},"tablet":{"background-color":"","background-image":"","background-repeat":"repeat","background-position":"center center","background-size":"auto","background-attachment":"scroll","background-type":"","background-media":"","overlay-type":"","overlay-color":"","overlay-opacity":"","overlay-gradient":""},"mobile":{"background-color":"","background-image":"","background-repeat":"repeat","background-position":"center center","background-size":"auto","background-attachment":"scroll","background-type":"","background-media":"","overlay-type":"","overlay-color":"","overlay-opacity":"","overlay-gradient":""}},"ast-content-background-meta":{"desktop":{"background-color":"var(--ast-global-color-5)","background-image":"","background-repeat":"repeat","background-position":"center center","background-size":"auto","background-attachment":"scroll","background-type":"","background-media":"","overlay-type":"","overlay-color":"","overlay-opacity":"","overlay-gradient":""},"tablet":{"background-color":"var(--ast-global-color-5)","background-image":"","background-repeat":"repeat","background-position":"center center","background-size":"auto","background-attachment":"scroll","background-type":"","background-media":"","overlay-type":"","overlay-color":"","overlay-opacity":"","overlay-gradient":""},"mobile":{"background-color":"var(--ast-global-color-5)","background-image":"","background-repeat":"repeat","background-position":"center center","background-size":"auto","background-attachment":"scroll","background-type":"","background-media":"","overlay-type":"","overlay-color":"","overlay-opacity":"","overlay-gradient":""}},"footnotes":""},"class_list":["post-8622","page","type-page","status-publish","hentry"],"yoast_head":"<!-- This site is optimized with the Yoast SEO plugin v24.5 - https:\/\/yoast.com\/wordpress\/plugins\/seo\/ -->\n<title>Adatv\u00e9delmi ir\u00e1nyelvek | MACROZA<\/title>\n<meta name=\"robots\" content=\"index, follow, max-snippet:-1, max-image-preview:large, max-video-preview:-1\" \/>\n<link rel=\"canonical\" href=\"https:\/\/www.macroza.com\/hu\/adatvedelmi-politika\/\" \/>\n<meta property=\"og:locale\" content=\"hu_HU\" \/>\n<meta property=\"og:type\" content=\"article\" \/>\n<meta property=\"og:title\" content=\"Adatv\u00e9delmi ir\u00e1nyelvek | MACROZA\" \/>\n<meta property=\"og:description\" content=\"MACROZAADATV\u00c9DELMI SZAB\u00c1LYZAT A jogszer\u0171s\u00e9g, a tisztess\u00e9g \u00e9s az \u00e1tl\u00e1that\u00f3s\u00e1g elveinek megfelel\u0151en a jelen Adatv\u00e9delmi szab\u00e1lyzatot az \u00d6n rendelkez\u00e9s\u00e9re bocs\u00e1tjuk. Ki az \u00d6n adatainak adatkezel\u0151je? FELEL\u0150S: MACROZA EXPORT S.L.\u00c1FASZ\u00c1M: B80425986SZ\u00c9KHELY: C\/ Le\u00f1eros 15, 28039 MadridEMAIL: info@macroza.comTELEFON: 915419294SPECIALIZ\u00c1CI\u00d3: Horonymar\u00f3 g\u00e9pek \u00e9s kapcsol\u00f3d\u00f3 term\u00e9kek Milyen c\u00e9lb\u00f3l kezelj\u00fck az \u00d6n szem\u00e9lyes adatait? A MACROZA EXPORT S.L.-n\u00e9l a sz\u00f3ban forg\u00f3 [&hellip;]\" \/>\n<meta property=\"og:url\" content=\"https:\/\/www.macroza.com\/hu\/adatvedelmi-politika\/\" \/>\n<meta property=\"og:site_name\" content=\"MACROZA\" \/>\n<meta property=\"article:publisher\" content=\"https:\/\/www.facebook.com\/macrozaofficial\/\" \/>\n<meta property=\"article:modified_time\" content=\"2024-01-21T11:40:37+00:00\" \/>\n<meta name=\"twitter:card\" content=\"summary_large_image\" \/>\n<meta name=\"twitter:label1\" content=\"Becs\u00fclt olvas\u00e1si id\u0151\" \/>\n\t<meta name=\"twitter:data1\" content=\"6 perc\" \/>\n<script type=\"application\/ld+json\" class=\"yoast-schema-graph\">{\"@context\":\"https:\/\/schema.org\",\"@graph\":[{\"@type\":\"WebPage\",\"@id\":\"https:\/\/www.macroza.com\/hu\/adatvedelmi-politika\/\",\"url\":\"https:\/\/www.macroza.com\/hu\/adatvedelmi-politika\/\",\"name\":\"Adatv\u00e9delmi ir\u00e1nyelvek | MACROZA\",\"isPartOf\":{\"@id\":\"https:\/\/www.macroza.com\/hu\/#website\"},\"datePublished\":\"2023-11-12T13:46:34+00:00\",\"dateModified\":\"2024-01-21T11:40:37+00:00\",\"breadcrumb\":{\"@id\":\"https:\/\/www.macroza.com\/hu\/adatvedelmi-politika\/#breadcrumb\"},\"inLanguage\":\"hu\",\"potentialAction\":[{\"@type\":\"ReadAction\",\"target\":[\"https:\/\/www.macroza.com\/hu\/adatvedelmi-politika\/\"]}]},{\"@type\":\"BreadcrumbList\",\"@id\":\"https:\/\/www.macroza.com\/hu\/adatvedelmi-politika\/#breadcrumb\",\"itemListElement\":[{\"@type\":\"ListItem\",\"position\":1,\"name\":\"Home\",\"item\":\"https:\/\/www.macroza.com\/hu\/fooldal\/\"},{\"@type\":\"ListItem\",\"position\":2,\"name\":\"Adatv\u00e9delmi ir\u00e1nyelvek\"}]},{\"@type\":\"WebSite\",\"@id\":\"https:\/\/www.macroza.com\/hu\/#website\",\"url\":\"https:\/\/www.macroza.com\/hu\/\",\"name\":\"www.macroza.com\",\"description\":\"Fabricante de rozadoras de pared\",\"publisher\":{\"@id\":\"https:\/\/www.macroza.com\/hu\/#organization\"},\"alternateName\":\"Macroza\",\"potentialAction\":[{\"@type\":\"SearchAction\",\"target\":{\"@type\":\"EntryPoint\",\"urlTemplate\":\"https:\/\/www.macroza.com\/hu\/?s={search_term_string}\"},\"query-input\":{\"@type\":\"PropertyValueSpecification\",\"valueRequired\":true,\"valueName\":\"search_term_string\"}}],\"inLanguage\":\"hu\"},{\"@type\":\"Organization\",\"@id\":\"https:\/\/www.macroza.com\/hu\/#organization\",\"name\":\"Macroza\",\"alternateName\":\"Macroza Export\",\"url\":\"https:\/\/www.macroza.com\/hu\/\",\"logo\":{\"@type\":\"ImageObject\",\"inLanguage\":\"hu\",\"@id\":\"https:\/\/www.macroza.com\/hu\/#\/schema\/logo\/image\/\",\"url\":\"https:\/\/www.macroza.com\/wp-content\/uploads\/2023\/11\/cropped-Diseno-sin-titulo-10.png\",\"contentUrl\":\"https:\/\/www.macroza.com\/wp-content\/uploads\/2023\/11\/cropped-Diseno-sin-titulo-10.png\",\"width\":512,\"height\":512,\"caption\":\"Macroza\"},\"image\":{\"@id\":\"https:\/\/www.macroza.com\/hu\/#\/schema\/logo\/image\/\"},\"sameAs\":[\"https:\/\/www.facebook.com\/macrozaofficial\/\",\"https:\/\/www.instagram.com\/macroza_official\/\",\"https:\/\/www.linkedin.com\/company\/macroza-wall-chasers\/\",\"https:\/\/www.youtube.com\/@MACROZAWallChasers\/videos\"]}]}<\/script>\n<!-- \/ Yoast SEO plugin. -->","yoast_head_json":{"title":"Adatv\u00e9delmi ir\u00e1nyelvek | MACROZA","robots":{"index":"index","follow":"follow","max-snippet":"max-snippet:-1","max-image-preview":"max-image-preview:large","max-video-preview":"max-video-preview:-1"},"canonical":"https:\/\/www.macroza.com\/hu\/adatvedelmi-politika\/","og_locale":"hu_HU","og_type":"article","og_title":"Adatv\u00e9delmi ir\u00e1nyelvek | MACROZA","og_description":"MACROZAADATV\u00c9DELMI SZAB\u00c1LYZAT A jogszer\u0171s\u00e9g, a tisztess\u00e9g \u00e9s az \u00e1tl\u00e1that\u00f3s\u00e1g elveinek megfelel\u0151en a jelen Adatv\u00e9delmi szab\u00e1lyzatot az \u00d6n rendelkez\u00e9s\u00e9re bocs\u00e1tjuk. Ki az \u00d6n adatainak adatkezel\u0151je? FELEL\u0150S: MACROZA EXPORT S.L.\u00c1FASZ\u00c1M: B80425986SZ\u00c9KHELY: C\/ Le\u00f1eros 15, 28039 MadridEMAIL: info@macroza.comTELEFON: 915419294SPECIALIZ\u00c1CI\u00d3: Horonymar\u00f3 g\u00e9pek \u00e9s kapcsol\u00f3d\u00f3 term\u00e9kek Milyen c\u00e9lb\u00f3l kezelj\u00fck az \u00d6n szem\u00e9lyes adatait? A MACROZA EXPORT S.L.-n\u00e9l a sz\u00f3ban forg\u00f3 [&hellip;]","og_url":"https:\/\/www.macroza.com\/hu\/adatvedelmi-politika\/","og_site_name":"MACROZA","article_publisher":"https:\/\/www.facebook.com\/macrozaofficial\/","article_modified_time":"2024-01-21T11:40:37+00:00","twitter_card":"summary_large_image","twitter_misc":{"Becs\u00fclt olvas\u00e1si id\u0151":"6 perc"},"schema":{"@context":"https:\/\/schema.org","@graph":[{"@type":"WebPage","@id":"https:\/\/www.macroza.com\/hu\/adatvedelmi-politika\/","url":"https:\/\/www.macroza.com\/hu\/adatvedelmi-politika\/","name":"Adatv\u00e9delmi ir\u00e1nyelvek | MACROZA","isPartOf":{"@id":"https:\/\/www.macroza.com\/hu\/#website"},"datePublished":"2023-11-12T13:46:34+00:00","dateModified":"2024-01-21T11:40:37+00:00","breadcrumb":{"@id":"https:\/\/www.macroza.com\/hu\/adatvedelmi-politika\/#breadcrumb"},"inLanguage":"hu","potentialAction":[{"@type":"ReadAction","target":["https:\/\/www.macroza.com\/hu\/adatvedelmi-politika\/"]}]},{"@type":"BreadcrumbList","@id":"https:\/\/www.macroza.com\/hu\/adatvedelmi-politika\/#breadcrumb","itemListElement":[{"@type":"ListItem","position":1,"name":"Home","item":"https:\/\/www.macroza.com\/hu\/fooldal\/"},{"@type":"ListItem","position":2,"name":"Adatv\u00e9delmi ir\u00e1nyelvek"}]},{"@type":"WebSite","@id":"https:\/\/www.macroza.com\/hu\/#website","url":"https:\/\/www.macroza.com\/hu\/","name":"www.macroza.com","description":"Fabricante de rozadoras de pared","publisher":{"@id":"https:\/\/www.macroza.com\/hu\/#organization"},"alternateName":"Macroza","potentialAction":[{"@type":"SearchAction","target":{"@type":"EntryPoint","urlTemplate":"https:\/\/www.macroza.com\/hu\/?s={search_term_string}"},"query-input":{"@type":"PropertyValueSpecification","valueRequired":true,"valueName":"search_term_string"}}],"inLanguage":"hu"},{"@type":"Organization","@id":"https:\/\/www.macroza.com\/hu\/#organization","name":"Macroza","alternateName":"Macroza Export","url":"https:\/\/www.macroza.com\/hu\/","logo":{"@type":"ImageObject","inLanguage":"hu","@id":"https:\/\/www.macroza.com\/hu\/#\/schema\/logo\/image\/","url":"https:\/\/www.macroza.com\/wp-content\/uploads\/2023\/11\/cropped-Diseno-sin-titulo-10.png","contentUrl":"https:\/\/www.macroza.com\/wp-content\/uploads\/2023\/11\/cropped-Diseno-sin-titulo-10.png","width":512,"height":512,"caption":"Macroza"},"image":{"@id":"https:\/\/www.macroza.com\/hu\/#\/schema\/logo\/image\/"},"sameAs":["https:\/\/www.facebook.com\/macrozaofficial\/","https:\/\/www.instagram.com\/macroza_official\/","https:\/\/www.linkedin.com\/company\/macroza-wall-chasers\/","https:\/\/www.youtube.com\/@MACROZAWallChasers\/videos"]}]}},"_links":{"self":[{"href":"https:\/\/www.macroza.com\/hu\/wp-json\/wp\/v2\/pages\/8622","targetHints":{"allow":["GET"]}}],"collection":[{"href":"https:\/\/www.macroza.com\/hu\/wp-json\/wp\/v2\/pages"}],"about":[{"href":"https:\/\/www.macroza.com\/hu\/wp-json\/wp\/v2\/types\/page"}],"author":[{"embeddable":true,"href":"https:\/\/www.macroza.com\/hu\/wp-json\/wp\/v2\/users\/2"}],"replies":[{"embeddable":true,"href":"https:\/\/www.macroza.com\/hu\/wp-json\/wp\/v2\/comments?post=8622"}],"version-history":[{"count":2,"href":"https:\/\/www.macroza.com\/hu\/wp-json\/wp\/v2\/pages\/8622\/revisions"}],"predecessor-version":[{"id":8626,"href":"https:\/\/www.macroza.com\/hu\/wp-json\/wp\/v2\/pages\/8622\/revisions\/8626"}],"wp:attachment":[{"href":"https:\/\/www.macroza.com\/hu\/wp-json\/wp\/v2\/media?parent=8622"}],"curies":[{"name":"wp","href":"https:\/\/api.w.org\/{rel}","templated":true}]}}