{"id":8557,"date":"2023-11-12T14:46:56","date_gmt":"2023-11-12T13:46:56","guid":{"rendered":"https:\/\/www.macroza.com\/jogi-ertesites\/"},"modified":"2024-01-21T13:18:06","modified_gmt":"2024-01-21T12:18:06","slug":"jogi-ertesites","status":"publish","type":"page","link":"https:\/\/www.macroza.com\/hu\/jogi-ertesites\/","title":{"rendered":"Jogi k\u00f6zlem\u00e9ny"},"content":{"rendered":"\t\t<div data-elementor-type=\"wp-page\" data-elementor-id=\"8557\" class=\"elementor elementor-8557 elementor-3320\" data-elementor-settings=\"{&quot;ha_cmc_init_switcher&quot;:&quot;no&quot;}\" data-elementor-post-type=\"page\">\n\t\t\t\t\t\t<section class=\"elementor-section elementor-top-section elementor-element elementor-element-e826aea elementor-section-boxed elementor-section-height-default elementor-section-height-default\" data-id=\"e826aea\" data-element_type=\"section\" data-settings=\"{&quot;_ha_eqh_enable&quot;:false}\">\n\t\t\t\t\t\t<div class=\"elementor-container elementor-column-gap-default\">\n\t\t\t\t\t<div class=\"elementor-column elementor-col-100 elementor-top-column elementor-element elementor-element-4c323c5\" data-id=\"4c323c5\" data-element_type=\"column\">\n\t\t\t<div class=\"elementor-widget-wrap elementor-element-populated\">\n\t\t\t\t\t\t<div class=\"elementor-element elementor-element-5c6870e elementor-widget elementor-widget-text-editor\" data-id=\"5c6870e\" data-element_type=\"widget\" data-widget_type=\"text-editor.default\">\n\t\t\t\t<div class=\"elementor-widget-container\">\n\t\t\t\t\t\t\t\t\t<h1><strong>JOGI FELH\u00cdV\u00c1S<\/strong><\/h1>\n<p><em><strong>A WEBOLDAL TULAJDONOSA<\/strong><\/em><\/p>\n<p><strong>C\u00c9GN\u00c9V: <\/strong>MACROZA EXPORT S.L.<br \/><strong>\u00c1FASZ\u00c1M:<\/strong> B80425986<br \/><strong>SZ\u00c9KHELY: <\/strong>C\/ Le\u00f1eros 15, 28039 Madrid<br \/><strong>TELEFON:<\/strong> 915 41 92 94<br \/><strong>EMAIL: <\/strong><a href=\"mailto:info@macroza.com\" target=\"_blank\" rel=\"noopener\">info@macroza.com<\/a><br \/><strong>A KERESKEDELMI NYILV\u00c1NTART\u00c1SBA VAL\u00d3 BEJEGYZ\u00c9S R\u00c9SZLETEI:<\/strong><br \/><strong>K\u00f6tet: <\/strong>4758<br \/><strong>K\u00f6nyv:<\/strong> 0<br \/><strong>Foli\u00f3:<\/strong> 94<br \/><strong>Szakasz:<\/strong> 8<br \/><strong>T\u00e1j\u00e9koztat\u00f3: <\/strong>78106 M<\/p>\n<p>MACROZA, vezet\u0151 gy\u00e1rt\u00f3ja a <a href=\"https:\/\/www.macroza.com\/hu\/horonymaro-gepek\/\">horonymar\u00f3 g\u00e9pek<\/a> a szakemberek sz\u00e1m\u00e1ra t\u00f6bb mint 30 orsz\u00e1gban.<\/p>\n\t\t\t\t\t\t\t\t<\/div>\n\t\t\t\t<\/div>\n\t\t\t\t\t<\/div>\n\t\t<\/div>\n\t\t\t\t\t<\/div>\n\t\t<\/section>\n\t\t\t\t<\/div>\n\t\t","protected":false},"excerpt":{"rendered":"<p>JOGI FELH\u00cdV\u00c1S A WEBOLDAL TULAJDONOSA C\u00c9GN\u00c9V: MACROZA EXPORT S.L.\u00c1FASZ\u00c1M: B80425986SZ\u00c9KHELY: C\/ Le\u00f1eros 15, 28039 MadridTELEFON: 915 41 92 94EMAIL: info@macroza.comA KERESKEDELMI NYILV\u00c1NTART\u00c1SBA VAL\u00d3 BEJEGYZ\u00c9S R\u00c9SZLETEI:K\u00f6tet: 4758K\u00f6nyv: 0Foli\u00f3: 94Szakasz: 8T\u00e1j\u00e9koztat\u00f3: 78106 M MACROZA, vezet\u0151 gy\u00e1rt\u00f3ja a horonymar\u00f3 g\u00e9pek a szakemberek sz\u00e1m\u00e1ra t\u00f6bb mint 30 orsz\u00e1gban.<\/p>\n","protected":false},"author":2,"featured_media":0,"parent":0,"menu_order":0,"comment_status":"closed","ping_status":"closed","template":"","meta":{"inline_featured_image":false,"site-sidebar-layout":"no-sidebar","site-content-layout":"page-builder","ast-site-content-layout":"","site-content-style":"default","site-sidebar-style":"default","ast-global-header-display":"","ast-banner-title-visibility":"","ast-main-header-display":"","ast-hfb-above-header-display":"","ast-hfb-below-header-display":"","ast-hfb-mobile-header-display":"","site-post-title":"disabled","ast-breadcrumbs-content":"","ast-featured-img":"disabled","footer-sml-layout":"","theme-transparent-header-meta":"","adv-header-id-meta":"","stick-header-meta":"","header-above-stick-meta":"","header-main-stick-meta":"","header-below-stick-meta":"","astra-migrate-meta-layouts":"default","ast-page-background-enabled":"default","ast-page-background-meta":{"desktop":{"background-color":"var(--ast-global-color-4)","background-image":"","background-repeat":"repeat","background-position":"center center","background-size":"auto","background-attachment":"scroll","background-type":"","background-media":"","overlay-type":"","overlay-color":"","overlay-opacity":"","overlay-gradient":""},"tablet":{"background-color":"","background-image":"","background-repeat":"repeat","background-position":"center center","background-size":"auto","background-attachment":"scroll","background-type":"","background-media":"","overlay-type":"","overlay-color":"","overlay-opacity":"","overlay-gradient":""},"mobile":{"background-color":"","background-image":"","background-repeat":"repeat","background-position":"center center","background-size":"auto","background-attachment":"scroll","background-type":"","background-media":"","overlay-type":"","overlay-color":"","overlay-opacity":"","overlay-gradient":""}},"ast-content-background-meta":{"desktop":{"background-color":"var(--ast-global-color-5)","background-image":"","background-repeat":"repeat","background-position":"center center","background-size":"auto","background-attachment":"scroll","background-type":"","background-media":"","overlay-type":"","overlay-color":"","overlay-opacity":"","overlay-gradient":""},"tablet":{"background-color":"var(--ast-global-color-5)","background-image":"","background-repeat":"repeat","background-position":"center center","background-size":"auto","background-attachment":"scroll","background-type":"","background-media":"","overlay-type":"","overlay-color":"","overlay-opacity":"","overlay-gradient":""},"mobile":{"background-color":"var(--ast-global-color-5)","background-image":"","background-repeat":"repeat","background-position":"center center","background-size":"auto","background-attachment":"scroll","background-type":"","background-media":"","overlay-type":"","overlay-color":"","overlay-opacity":"","overlay-gradient":""}},"footnotes":""},"class_list":["post-8557","page","type-page","status-publish","hentry"],"yoast_head":"<!-- This site is optimized with the Yoast SEO plugin v24.5 - https:\/\/yoast.com\/wordpress\/plugins\/seo\/ -->\n<title>Jogi k\u00f6zlem\u00e9ny | MACROZA<\/title>\n<meta name=\"robots\" content=\"index, follow, max-snippet:-1, max-image-preview:large, max-video-preview:-1\" \/>\n<link rel=\"canonical\" href=\"https:\/\/www.macroza.com\/hu\/jogi-ertesites\/\" \/>\n<meta property=\"og:locale\" content=\"hu_HU\" \/>\n<meta property=\"og:type\" content=\"article\" \/>\n<meta property=\"og:title\" content=\"Jogi k\u00f6zlem\u00e9ny | MACROZA\" \/>\n<meta property=\"og:description\" content=\"JOGI FELH\u00cdV\u00c1S A WEBOLDAL TULAJDONOSA C\u00c9GN\u00c9V: MACROZA EXPORT S.L.\u00c1FASZ\u00c1M: B80425986SZ\u00c9KHELY: C\/ Le\u00f1eros 15, 28039 MadridTELEFON: 915 41 92 94EMAIL: info@macroza.comA KERESKEDELMI NYILV\u00c1NTART\u00c1SBA VAL\u00d3 BEJEGYZ\u00c9S R\u00c9SZLETEI:K\u00f6tet: 4758K\u00f6nyv: 0Foli\u00f3: 94Szakasz: 8T\u00e1j\u00e9koztat\u00f3: 78106 M MACROZA, vezet\u0151 gy\u00e1rt\u00f3ja a horonymar\u00f3 g\u00e9pek a szakemberek sz\u00e1m\u00e1ra t\u00f6bb mint 30 orsz\u00e1gban.\" \/>\n<meta property=\"og:url\" content=\"https:\/\/www.macroza.com\/hu\/jogi-ertesites\/\" \/>\n<meta property=\"og:site_name\" content=\"MACROZA\" \/>\n<meta property=\"article:publisher\" content=\"https:\/\/www.facebook.com\/macrozaofficial\/\" \/>\n<meta property=\"article:modified_time\" content=\"2024-01-21T12:18:06+00:00\" \/>\n<meta name=\"twitter:card\" content=\"summary_large_image\" \/>\n<script type=\"application\/ld+json\" class=\"yoast-schema-graph\">{\"@context\":\"https:\/\/schema.org\",\"@graph\":[{\"@type\":\"WebPage\",\"@id\":\"https:\/\/www.macroza.com\/hu\/jogi-ertesites\/\",\"url\":\"https:\/\/www.macroza.com\/hu\/jogi-ertesites\/\",\"name\":\"Jogi k\u00f6zlem\u00e9ny | MACROZA\",\"isPartOf\":{\"@id\":\"https:\/\/www.macroza.com\/hu\/#website\"},\"datePublished\":\"2023-11-12T13:46:56+00:00\",\"dateModified\":\"2024-01-21T12:18:06+00:00\",\"breadcrumb\":{\"@id\":\"https:\/\/www.macroza.com\/hu\/jogi-ertesites\/#breadcrumb\"},\"inLanguage\":\"hu\",\"potentialAction\":[{\"@type\":\"ReadAction\",\"target\":[\"https:\/\/www.macroza.com\/hu\/jogi-ertesites\/\"]}]},{\"@type\":\"BreadcrumbList\",\"@id\":\"https:\/\/www.macroza.com\/hu\/jogi-ertesites\/#breadcrumb\",\"itemListElement\":[{\"@type\":\"ListItem\",\"position\":1,\"name\":\"Home\",\"item\":\"https:\/\/www.macroza.com\/hu\/fooldal\/\"},{\"@type\":\"ListItem\",\"position\":2,\"name\":\"Jogi k\u00f6zlem\u00e9ny\"}]},{\"@type\":\"WebSite\",\"@id\":\"https:\/\/www.macroza.com\/hu\/#website\",\"url\":\"https:\/\/www.macroza.com\/hu\/\",\"name\":\"www.macroza.com\",\"description\":\"Fabricante de rozadoras de pared\",\"publisher\":{\"@id\":\"https:\/\/www.macroza.com\/hu\/#organization\"},\"alternateName\":\"Macroza\",\"potentialAction\":[{\"@type\":\"SearchAction\",\"target\":{\"@type\":\"EntryPoint\",\"urlTemplate\":\"https:\/\/www.macroza.com\/hu\/?s={search_term_string}\"},\"query-input\":{\"@type\":\"PropertyValueSpecification\",\"valueRequired\":true,\"valueName\":\"search_term_string\"}}],\"inLanguage\":\"hu\"},{\"@type\":\"Organization\",\"@id\":\"https:\/\/www.macroza.com\/hu\/#organization\",\"name\":\"Macroza\",\"alternateName\":\"Macroza Export\",\"url\":\"https:\/\/www.macroza.com\/hu\/\",\"logo\":{\"@type\":\"ImageObject\",\"inLanguage\":\"hu\",\"@id\":\"https:\/\/www.macroza.com\/hu\/#\/schema\/logo\/image\/\",\"url\":\"https:\/\/www.macroza.com\/wp-content\/uploads\/2023\/11\/cropped-Diseno-sin-titulo-10.png\",\"contentUrl\":\"https:\/\/www.macroza.com\/wp-content\/uploads\/2023\/11\/cropped-Diseno-sin-titulo-10.png\",\"width\":512,\"height\":512,\"caption\":\"Macroza\"},\"image\":{\"@id\":\"https:\/\/www.macroza.com\/hu\/#\/schema\/logo\/image\/\"},\"sameAs\":[\"https:\/\/www.facebook.com\/macrozaofficial\/\",\"https:\/\/www.instagram.com\/macroza_official\/\",\"https:\/\/www.linkedin.com\/company\/macroza-wall-chasers\/\",\"https:\/\/www.youtube.com\/@MACROZAWallChasers\/videos\"]}]}<\/script>\n<!-- \/ Yoast SEO plugin. -->","yoast_head_json":{"title":"Jogi k\u00f6zlem\u00e9ny | MACROZA","robots":{"index":"index","follow":"follow","max-snippet":"max-snippet:-1","max-image-preview":"max-image-preview:large","max-video-preview":"max-video-preview:-1"},"canonical":"https:\/\/www.macroza.com\/hu\/jogi-ertesites\/","og_locale":"hu_HU","og_type":"article","og_title":"Jogi k\u00f6zlem\u00e9ny | MACROZA","og_description":"JOGI FELH\u00cdV\u00c1S A WEBOLDAL TULAJDONOSA C\u00c9GN\u00c9V: MACROZA EXPORT S.L.\u00c1FASZ\u00c1M: B80425986SZ\u00c9KHELY: C\/ Le\u00f1eros 15, 28039 MadridTELEFON: 915 41 92 94EMAIL: info@macroza.comA KERESKEDELMI NYILV\u00c1NTART\u00c1SBA VAL\u00d3 BEJEGYZ\u00c9S R\u00c9SZLETEI:K\u00f6tet: 4758K\u00f6nyv: 0Foli\u00f3: 94Szakasz: 8T\u00e1j\u00e9koztat\u00f3: 78106 M MACROZA, vezet\u0151 gy\u00e1rt\u00f3ja a horonymar\u00f3 g\u00e9pek a szakemberek sz\u00e1m\u00e1ra t\u00f6bb mint 30 orsz\u00e1gban.","og_url":"https:\/\/www.macroza.com\/hu\/jogi-ertesites\/","og_site_name":"MACROZA","article_publisher":"https:\/\/www.facebook.com\/macrozaofficial\/","article_modified_time":"2024-01-21T12:18:06+00:00","twitter_card":"summary_large_image","schema":{"@context":"https:\/\/schema.org","@graph":[{"@type":"WebPage","@id":"https:\/\/www.macroza.com\/hu\/jogi-ertesites\/","url":"https:\/\/www.macroza.com\/hu\/jogi-ertesites\/","name":"Jogi k\u00f6zlem\u00e9ny | MACROZA","isPartOf":{"@id":"https:\/\/www.macroza.com\/hu\/#website"},"datePublished":"2023-11-12T13:46:56+00:00","dateModified":"2024-01-21T12:18:06+00:00","breadcrumb":{"@id":"https:\/\/www.macroza.com\/hu\/jogi-ertesites\/#breadcrumb"},"inLanguage":"hu","potentialAction":[{"@type":"ReadAction","target":["https:\/\/www.macroza.com\/hu\/jogi-ertesites\/"]}]},{"@type":"BreadcrumbList","@id":"https:\/\/www.macroza.com\/hu\/jogi-ertesites\/#breadcrumb","itemListElement":[{"@type":"ListItem","position":1,"name":"Home","item":"https:\/\/www.macroza.com\/hu\/fooldal\/"},{"@type":"ListItem","position":2,"name":"Jogi k\u00f6zlem\u00e9ny"}]},{"@type":"WebSite","@id":"https:\/\/www.macroza.com\/hu\/#website","url":"https:\/\/www.macroza.com\/hu\/","name":"www.macroza.com","description":"Fabricante de rozadoras de pared","publisher":{"@id":"https:\/\/www.macroza.com\/hu\/#organization"},"alternateName":"Macroza","potentialAction":[{"@type":"SearchAction","target":{"@type":"EntryPoint","urlTemplate":"https:\/\/www.macroza.com\/hu\/?s={search_term_string}"},"query-input":{"@type":"PropertyValueSpecification","valueRequired":true,"valueName":"search_term_string"}}],"inLanguage":"hu"},{"@type":"Organization","@id":"https:\/\/www.macroza.com\/hu\/#organization","name":"Macroza","alternateName":"Macroza Export","url":"https:\/\/www.macroza.com\/hu\/","logo":{"@type":"ImageObject","inLanguage":"hu","@id":"https:\/\/www.macroza.com\/hu\/#\/schema\/logo\/image\/","url":"https:\/\/www.macroza.com\/wp-content\/uploads\/2023\/11\/cropped-Diseno-sin-titulo-10.png","contentUrl":"https:\/\/www.macroza.com\/wp-content\/uploads\/2023\/11\/cropped-Diseno-sin-titulo-10.png","width":512,"height":512,"caption":"Macroza"},"image":{"@id":"https:\/\/www.macroza.com\/hu\/#\/schema\/logo\/image\/"},"sameAs":["https:\/\/www.facebook.com\/macrozaofficial\/","https:\/\/www.instagram.com\/macroza_official\/","https:\/\/www.linkedin.com\/company\/macroza-wall-chasers\/","https:\/\/www.youtube.com\/@MACROZAWallChasers\/videos"]}]}},"_links":{"self":[{"href":"https:\/\/www.macroza.com\/hu\/wp-json\/wp\/v2\/pages\/8557","targetHints":{"allow":["GET"]}}],"collection":[{"href":"https:\/\/www.macroza.com\/hu\/wp-json\/wp\/v2\/pages"}],"about":[{"href":"https:\/\/www.macroza.com\/hu\/wp-json\/wp\/v2\/types\/page"}],"author":[{"embeddable":true,"href":"https:\/\/www.macroza.com\/hu\/wp-json\/wp\/v2\/users\/2"}],"replies":[{"embeddable":true,"href":"https:\/\/www.macroza.com\/hu\/wp-json\/wp\/v2\/comments?post=8557"}],"version-history":[{"count":4,"href":"https:\/\/www.macroza.com\/hu\/wp-json\/wp\/v2\/pages\/8557\/revisions"}],"predecessor-version":[{"id":9236,"href":"https:\/\/www.macroza.com\/hu\/wp-json\/wp\/v2\/pages\/8557\/revisions\/9236"}],"wp:attachment":[{"href":"https:\/\/www.macroza.com\/hu\/wp-json\/wp\/v2\/media?parent=8557"}],"curies":[{"name":"wp","href":"https:\/\/api.w.org\/{rel}","templated":true}]}}