{"id":20988,"date":"2024-02-08T08:42:31","date_gmt":"2024-02-08T07:42:31","guid":{"rendered":"https:\/\/www.macroza.com\/promo\/"},"modified":"2025-12-18T14:51:05","modified_gmt":"2025-12-18T13:51:05","slug":"promo","status":"publish","type":"page","link":"https:\/\/www.macroza.com\/hu\/promo\/","title":{"rendered":"Promo"},"content":{"rendered":"\t\t<div data-elementor-type=\"wp-page\" data-elementor-id=\"20988\" class=\"elementor elementor-20988 elementor-9921\" data-elementor-settings=\"{&quot;ha_cmc_init_switcher&quot;:&quot;no&quot;}\" data-elementor-post-type=\"page\">\n\t\t\t\t\t\t<\/div>\n\t\t","protected":false},"excerpt":{"rendered":"<p>AK\u00c1R 200%-OS ID\u0150MEGTAKAR\u00cdT\u00c1S A MACROZA HORONYMAR\u00d3 G\u00c9PEKkel.SZEREZZE MEG AZ \u00d6N\u00c9T! Nincs t\u00f6r\u00e9s, nincs apr\u00edt\u00e1s. Egyetlen menetben tiszta canalokat nyit a falakon, id\u0151t \u00e9s anyagot takar\u00edtva meg. Haszn\u00e1lja ki a korl\u00e1tozott prom\u00f3ci\u00f3t, \u00e9s kapjon tov\u00e1bbi inform\u00e1ci\u00f3kat INGYENESEN. MACROZA VS. HAGYOM\u00c1NYOS MAR\u00d3K\u00c9S Az \u00faj mar\u00f3k\u00e9s 200%-kal kevesebb id\u0151 alatt \u00e9rheti el a legjobb fel\u00fcleteket, ez lesz az [&hellip;]<\/p>\n","protected":false},"author":2,"featured_media":0,"parent":0,"menu_order":0,"comment_status":"closed","ping_status":"closed","template":"","meta":{"inline_featured_image":false,"site-sidebar-layout":"no-sidebar","site-content-layout":"page-builder","ast-site-content-layout":"full-width-container","site-content-style":"unboxed","site-sidebar-style":"unboxed","ast-global-header-display":"","ast-banner-title-visibility":"","ast-main-header-display":"","ast-hfb-above-header-display":"","ast-hfb-below-header-display":"","ast-hfb-mobile-header-display":"","site-post-title":"disabled","ast-breadcrumbs-content":"","ast-featured-img":"disabled","footer-sml-layout":"","theme-transparent-header-meta":"","adv-header-id-meta":"","stick-header-meta":"","header-above-stick-meta":"","header-main-stick-meta":"","header-below-stick-meta":"","astra-migrate-meta-layouts":"default","ast-page-background-enabled":"default","ast-page-background-meta":{"desktop":{"background-color":"var(--ast-global-color-4)","background-image":"","background-repeat":"repeat","background-position":"center center","background-size":"auto","background-attachment":"scroll","background-type":"","background-media":"","overlay-type":"","overlay-color":"","overlay-opacity":"","overlay-gradient":""},"tablet":{"background-color":"","background-image":"","background-repeat":"repeat","background-position":"center center","background-size":"auto","background-attachment":"scroll","background-type":"","background-media":"","overlay-type":"","overlay-color":"","overlay-opacity":"","overlay-gradient":""},"mobile":{"background-color":"","background-image":"","background-repeat":"repeat","background-position":"center center","background-size":"auto","background-attachment":"scroll","background-type":"","background-media":"","overlay-type":"","overlay-color":"","overlay-opacity":"","overlay-gradient":""}},"ast-content-background-meta":{"desktop":{"background-color":"var(--ast-global-color-5)","background-image":"","background-repeat":"repeat","background-position":"center center","background-size":"auto","background-attachment":"scroll","background-type":"","background-media":"","overlay-type":"","overlay-color":"","overlay-opacity":"","overlay-gradient":""},"tablet":{"background-color":"var(--ast-global-color-5)","background-image":"","background-repeat":"repeat","background-position":"center center","background-size":"auto","background-attachment":"scroll","background-type":"","background-media":"","overlay-type":"","overlay-color":"","overlay-opacity":"","overlay-gradient":""},"mobile":{"background-color":"var(--ast-global-color-5)","background-image":"","background-repeat":"repeat","background-position":"center center","background-size":"auto","background-attachment":"scroll","background-type":"","background-media":"","overlay-type":"","overlay-color":"","overlay-opacity":"","overlay-gradient":""}},"footnotes":""},"class_list":["post-20988","page","type-page","status-publish","hentry"],"yoast_head":"<!-- This site is optimized with the Yoast SEO plugin v24.5 - https:\/\/yoast.com\/wordpress\/plugins\/seo\/ -->\n<title>Prom\u00f3ci\u00f3k |% MACROZA%% MACROZA%%<\/title>\n<meta name=\"description\" content=\"L\u00e1togasson el a MACROZA Promo oldal\u00e1ra, hogy hozz\u00e1f\u00e9rjen a szersz\u00e1mainkra \u00e9s g\u00e9peinkre vonatkoz\u00f3 kedvezm\u00e9nyekhez \u00e9s k\u00fcl\u00f6nleges aj\u00e1nlatokhoz.\" \/>\n<meta name=\"robots\" content=\"index, follow, max-snippet:-1, max-image-preview:large, max-video-preview:-1\" \/>\n<link rel=\"canonical\" href=\"https:\/\/www.macroza.com\/hu\/promo\/\" \/>\n<meta property=\"og:locale\" content=\"hu_HU\" \/>\n<meta property=\"og:type\" content=\"article\" \/>\n<meta property=\"og:title\" content=\"Prom\u00f3ci\u00f3k |% MACROZA%% MACROZA%%\" \/>\n<meta property=\"og:description\" content=\"L\u00e1togasson el a MACROZA Promo oldal\u00e1ra, hogy hozz\u00e1f\u00e9rjen a szersz\u00e1mainkra \u00e9s g\u00e9peinkre vonatkoz\u00f3 kedvezm\u00e9nyekhez \u00e9s k\u00fcl\u00f6nleges aj\u00e1nlatokhoz.\" \/>\n<meta property=\"og:url\" content=\"https:\/\/www.macroza.com\/hu\/promo\/\" \/>\n<meta property=\"og:site_name\" content=\"MACROZA\" \/>\n<meta property=\"article:publisher\" content=\"https:\/\/www.facebook.com\/macrozaofficial\/\" \/>\n<meta property=\"article:modified_time\" content=\"2025-12-18T13:51:05+00:00\" \/>\n<meta property=\"og:image\" content=\"https:\/\/www.macroza.com\/wp-content\/uploads\/2024\/02\/makroza1-1024x474.png\" \/>\n<meta name=\"twitter:card\" content=\"summary_large_image\" \/>\n<meta name=\"twitter:label1\" content=\"Becs\u00fclt olvas\u00e1si id\u0151\" \/>\n\t<meta name=\"twitter:data1\" content=\"4 perc\" \/>\n<script type=\"application\/ld+json\" class=\"yoast-schema-graph\">{\"@context\":\"https:\/\/schema.org\",\"@graph\":[{\"@type\":\"WebPage\",\"@id\":\"https:\/\/www.macroza.com\/hu\/promo\/\",\"url\":\"https:\/\/www.macroza.com\/hu\/promo\/\",\"name\":\"Prom\u00f3ci\u00f3k |% MACROZA%% MACROZA%%\",\"isPartOf\":{\"@id\":\"https:\/\/www.macroza.com\/hu\/#website\"},\"primaryImageOfPage\":{\"@id\":\"https:\/\/www.macroza.com\/hu\/promo\/#primaryimage\"},\"image\":{\"@id\":\"https:\/\/www.macroza.com\/hu\/promo\/#primaryimage\"},\"thumbnailUrl\":\"https:\/\/www.macroza.com\/wp-content\/uploads\/2024\/02\/makroza1-1024x474.png\",\"datePublished\":\"2024-02-08T07:42:31+00:00\",\"dateModified\":\"2025-12-18T13:51:05+00:00\",\"description\":\"L\u00e1togasson el a MACROZA Promo oldal\u00e1ra, hogy hozz\u00e1f\u00e9rjen a szersz\u00e1mainkra \u00e9s g\u00e9peinkre vonatkoz\u00f3 kedvezm\u00e9nyekhez \u00e9s k\u00fcl\u00f6nleges aj\u00e1nlatokhoz.\",\"breadcrumb\":{\"@id\":\"https:\/\/www.macroza.com\/hu\/promo\/#breadcrumb\"},\"inLanguage\":\"hu\",\"potentialAction\":[{\"@type\":\"ReadAction\",\"target\":[\"https:\/\/www.macroza.com\/hu\/promo\/\"]}]},{\"@type\":\"ImageObject\",\"inLanguage\":\"hu\",\"@id\":\"https:\/\/www.macroza.com\/hu\/promo\/#primaryimage\",\"url\":\"https:\/\/www.macroza.com\/wp-content\/uploads\/2024\/02\/makroza1-1024x474.png\",\"contentUrl\":\"https:\/\/www.macroza.com\/wp-content\/uploads\/2024\/02\/makroza1-1024x474.png\"},{\"@type\":\"BreadcrumbList\",\"@id\":\"https:\/\/www.macroza.com\/hu\/promo\/#breadcrumb\",\"itemListElement\":[{\"@type\":\"ListItem\",\"position\":1,\"name\":\"Home\",\"item\":\"https:\/\/www.macroza.com\/hu\/fooldal\/\"},{\"@type\":\"ListItem\",\"position\":2,\"name\":\"Promo\"}]},{\"@type\":\"WebSite\",\"@id\":\"https:\/\/www.macroza.com\/hu\/#website\",\"url\":\"https:\/\/www.macroza.com\/hu\/\",\"name\":\"www.macroza.com\",\"description\":\"Fabricante de rozadoras de pared\",\"publisher\":{\"@id\":\"https:\/\/www.macroza.com\/hu\/#organization\"},\"alternateName\":\"Macroza\",\"potentialAction\":[{\"@type\":\"SearchAction\",\"target\":{\"@type\":\"EntryPoint\",\"urlTemplate\":\"https:\/\/www.macroza.com\/hu\/?s={search_term_string}\"},\"query-input\":{\"@type\":\"PropertyValueSpecification\",\"valueRequired\":true,\"valueName\":\"search_term_string\"}}],\"inLanguage\":\"hu\"},{\"@type\":\"Organization\",\"@id\":\"https:\/\/www.macroza.com\/hu\/#organization\",\"name\":\"Macroza\",\"alternateName\":\"Macroza Export\",\"url\":\"https:\/\/www.macroza.com\/hu\/\",\"logo\":{\"@type\":\"ImageObject\",\"inLanguage\":\"hu\",\"@id\":\"https:\/\/www.macroza.com\/hu\/#\/schema\/logo\/image\/\",\"url\":\"https:\/\/www.macroza.com\/wp-content\/uploads\/2023\/11\/cropped-Diseno-sin-titulo-10.png\",\"contentUrl\":\"https:\/\/www.macroza.com\/wp-content\/uploads\/2023\/11\/cropped-Diseno-sin-titulo-10.png\",\"width\":512,\"height\":512,\"caption\":\"Macroza\"},\"image\":{\"@id\":\"https:\/\/www.macroza.com\/hu\/#\/schema\/logo\/image\/\"},\"sameAs\":[\"https:\/\/www.facebook.com\/macrozaofficial\/\",\"https:\/\/www.instagram.com\/macroza_official\/\",\"https:\/\/www.linkedin.com\/company\/macroza-wall-chasers\/\",\"https:\/\/www.youtube.com\/@MACROZAWallChasers\/videos\"]}]}<\/script>\n<!-- \/ Yoast SEO plugin. -->","yoast_head_json":{"title":"Prom\u00f3ci\u00f3k |% MACROZA%% MACROZA%%","description":"L\u00e1togasson el a MACROZA Promo oldal\u00e1ra, hogy hozz\u00e1f\u00e9rjen a szersz\u00e1mainkra \u00e9s g\u00e9peinkre vonatkoz\u00f3 kedvezm\u00e9nyekhez \u00e9s k\u00fcl\u00f6nleges aj\u00e1nlatokhoz.","robots":{"index":"index","follow":"follow","max-snippet":"max-snippet:-1","max-image-preview":"max-image-preview:large","max-video-preview":"max-video-preview:-1"},"canonical":"https:\/\/www.macroza.com\/hu\/promo\/","og_locale":"hu_HU","og_type":"article","og_title":"Prom\u00f3ci\u00f3k |% MACROZA%% MACROZA%%","og_description":"L\u00e1togasson el a MACROZA Promo oldal\u00e1ra, hogy hozz\u00e1f\u00e9rjen a szersz\u00e1mainkra \u00e9s g\u00e9peinkre vonatkoz\u00f3 kedvezm\u00e9nyekhez \u00e9s k\u00fcl\u00f6nleges aj\u00e1nlatokhoz.","og_url":"https:\/\/www.macroza.com\/hu\/promo\/","og_site_name":"MACROZA","article_publisher":"https:\/\/www.facebook.com\/macrozaofficial\/","article_modified_time":"2025-12-18T13:51:05+00:00","og_image":[{"url":"https:\/\/www.macroza.com\/wp-content\/uploads\/2024\/02\/makroza1-1024x474.png","type":"","width":"","height":""}],"twitter_card":"summary_large_image","twitter_misc":{"Becs\u00fclt olvas\u00e1si id\u0151":"4 perc"},"schema":{"@context":"https:\/\/schema.org","@graph":[{"@type":"WebPage","@id":"https:\/\/www.macroza.com\/hu\/promo\/","url":"https:\/\/www.macroza.com\/hu\/promo\/","name":"Prom\u00f3ci\u00f3k |% MACROZA%% MACROZA%%","isPartOf":{"@id":"https:\/\/www.macroza.com\/hu\/#website"},"primaryImageOfPage":{"@id":"https:\/\/www.macroza.com\/hu\/promo\/#primaryimage"},"image":{"@id":"https:\/\/www.macroza.com\/hu\/promo\/#primaryimage"},"thumbnailUrl":"https:\/\/www.macroza.com\/wp-content\/uploads\/2024\/02\/makroza1-1024x474.png","datePublished":"2024-02-08T07:42:31+00:00","dateModified":"2025-12-18T13:51:05+00:00","description":"L\u00e1togasson el a MACROZA Promo oldal\u00e1ra, hogy hozz\u00e1f\u00e9rjen a szersz\u00e1mainkra \u00e9s g\u00e9peinkre vonatkoz\u00f3 kedvezm\u00e9nyekhez \u00e9s k\u00fcl\u00f6nleges aj\u00e1nlatokhoz.","breadcrumb":{"@id":"https:\/\/www.macroza.com\/hu\/promo\/#breadcrumb"},"inLanguage":"hu","potentialAction":[{"@type":"ReadAction","target":["https:\/\/www.macroza.com\/hu\/promo\/"]}]},{"@type":"ImageObject","inLanguage":"hu","@id":"https:\/\/www.macroza.com\/hu\/promo\/#primaryimage","url":"https:\/\/www.macroza.com\/wp-content\/uploads\/2024\/02\/makroza1-1024x474.png","contentUrl":"https:\/\/www.macroza.com\/wp-content\/uploads\/2024\/02\/makroza1-1024x474.png"},{"@type":"BreadcrumbList","@id":"https:\/\/www.macroza.com\/hu\/promo\/#breadcrumb","itemListElement":[{"@type":"ListItem","position":1,"name":"Home","item":"https:\/\/www.macroza.com\/hu\/fooldal\/"},{"@type":"ListItem","position":2,"name":"Promo"}]},{"@type":"WebSite","@id":"https:\/\/www.macroza.com\/hu\/#website","url":"https:\/\/www.macroza.com\/hu\/","name":"www.macroza.com","description":"Fabricante de rozadoras de pared","publisher":{"@id":"https:\/\/www.macroza.com\/hu\/#organization"},"alternateName":"Macroza","potentialAction":[{"@type":"SearchAction","target":{"@type":"EntryPoint","urlTemplate":"https:\/\/www.macroza.com\/hu\/?s={search_term_string}"},"query-input":{"@type":"PropertyValueSpecification","valueRequired":true,"valueName":"search_term_string"}}],"inLanguage":"hu"},{"@type":"Organization","@id":"https:\/\/www.macroza.com\/hu\/#organization","name":"Macroza","alternateName":"Macroza Export","url":"https:\/\/www.macroza.com\/hu\/","logo":{"@type":"ImageObject","inLanguage":"hu","@id":"https:\/\/www.macroza.com\/hu\/#\/schema\/logo\/image\/","url":"https:\/\/www.macroza.com\/wp-content\/uploads\/2023\/11\/cropped-Diseno-sin-titulo-10.png","contentUrl":"https:\/\/www.macroza.com\/wp-content\/uploads\/2023\/11\/cropped-Diseno-sin-titulo-10.png","width":512,"height":512,"caption":"Macroza"},"image":{"@id":"https:\/\/www.macroza.com\/hu\/#\/schema\/logo\/image\/"},"sameAs":["https:\/\/www.facebook.com\/macrozaofficial\/","https:\/\/www.instagram.com\/macroza_official\/","https:\/\/www.linkedin.com\/company\/macroza-wall-chasers\/","https:\/\/www.youtube.com\/@MACROZAWallChasers\/videos"]}]}},"_links":{"self":[{"href":"https:\/\/www.macroza.com\/hu\/wp-json\/wp\/v2\/pages\/20988","targetHints":{"allow":["GET"]}}],"collection":[{"href":"https:\/\/www.macroza.com\/hu\/wp-json\/wp\/v2\/pages"}],"about":[{"href":"https:\/\/www.macroza.com\/hu\/wp-json\/wp\/v2\/types\/page"}],"author":[{"embeddable":true,"href":"https:\/\/www.macroza.com\/hu\/wp-json\/wp\/v2\/users\/2"}],"replies":[{"embeddable":true,"href":"https:\/\/www.macroza.com\/hu\/wp-json\/wp\/v2\/comments?post=20988"}],"version-history":[{"count":1,"href":"https:\/\/www.macroza.com\/hu\/wp-json\/wp\/v2\/pages\/20988\/revisions"}],"predecessor-version":[{"id":20989,"href":"https:\/\/www.macroza.com\/hu\/wp-json\/wp\/v2\/pages\/20988\/revisions\/20989"}],"wp:attachment":[{"href":"https:\/\/www.macroza.com\/hu\/wp-json\/wp\/v2\/media?parent=20988"}],"curies":[{"name":"wp","href":"https:\/\/api.w.org\/{rel}","templated":true}]}}