{"id":6220,"date":"2023-11-12T14:46:34","date_gmt":"2023-11-12T13:46:34","guid":{"rendered":"https:\/\/www.macroza.com\/politique-de-confidentialite\/"},"modified":"2024-01-01T19:38:07","modified_gmt":"2024-01-01T18:38:07","slug":"politique-de-confidentialite","status":"publish","type":"page","link":"https:\/\/www.macroza.com\/fr\/politique-de-confidentialite\/","title":{"rendered":"Politique de confidentialit\u00e9"},"content":{"rendered":"\t\t<div data-elementor-type=\"wp-page\" data-elementor-id=\"6220\" class=\"elementor elementor-6220 elementor-3318\" data-elementor-settings=\"{&quot;ha_cmc_init_switcher&quot;:&quot;no&quot;}\" data-elementor-post-type=\"page\">\n\t\t\t\t\t\t<section class=\"elementor-section elementor-top-section elementor-element elementor-element-6ddb705 elementor-section-boxed elementor-section-height-default elementor-section-height-default\" data-id=\"6ddb705\" data-element_type=\"section\" data-settings=\"{&quot;_ha_eqh_enable&quot;:false}\">\n\t\t\t\t\t\t<div class=\"elementor-container elementor-column-gap-default\">\n\t\t\t\t\t<div class=\"elementor-column elementor-col-100 elementor-top-column elementor-element elementor-element-f3b66e2\" data-id=\"f3b66e2\" data-element_type=\"column\">\n\t\t\t<div class=\"elementor-widget-wrap elementor-element-populated\">\n\t\t\t\t\t\t<div class=\"elementor-element elementor-element-ccf9096 elementor-widget elementor-widget-text-editor\" data-id=\"ccf9096\" data-element_type=\"widget\" data-widget_type=\"text-editor.default\">\n\t\t\t\t<div class=\"elementor-widget-container\">\n\t\t\t\t\t\t\t\t\t<h1><strong>POLITIQUE DE CONFIDENTIALIT\u00c9 DE MACROZA<\/strong><\/h1>\n<p>Conform\u00e9ment aux principes de l\u00e9galit\u00e9, d&#8217;\u00e9quit\u00e9 et de transparence, nous vous pr\u00e9sentons cette politique de confidentialit\u00e9.<\/p>\n<p><strong>Qui est le responsable du traitement de vos donn\u00e9es ?<\/strong><\/p>\n<p><strong>RESPONSABLE : <\/strong>MACROZA EXPORT S.L.<br \/><strong>NUM\u00c9RO DE TVA :<\/strong> B80425986<br \/>SIEGE <strong>:<\/strong> C\/ Le\u00f1eros 15, 28039 Madrid<br \/><strong>EMAIL : <\/strong><a href=\"mailto:info@macroza.com\" target=\"_blank\" rel=\"noopener\">MACROZA : info@macroza.com<\/a><br \/><strong>T\u00c9L\u00c9PHONE : <\/strong>915419294<br \/><strong>SP\u00c9CIALISATION : <\/strong><a href=\"https:\/\/www.macroza.com\/rozadoras-de-pared\/\">Grattoirs<\/a> et produits connexes<\/p>\n<p><strong><br \/>\u00c0 quelles fins traitons-nous vos donn\u00e9es personnelles ?<\/strong><\/p>\n<p>Chez <strong>MACROZA EXPORT S.L.<\/strong>, en fonction de la cat\u00e9gorie d&#8217;int\u00e9ress\u00e9s en question, nous traitons les informations que vous nous fournissez aux fins suivantes :<\/p>\n<p><strong>INT\u00c9R\u00caT<\/strong><\/p>\n<p>LES FINALIT\u00c9S DU TRAITEMENT<\/p>\n<p><em>LES CLIENTS POTENTIELS<\/em><br \/>G\u00e9rer la relation commerciale et\/ou professionnelle potentielle, g\u00e9rer l&#8217;envoi des informations demand\u00e9es et\/ou r\u00e9soudre les questions soulev\u00e9es, fournir des offres de nos services et\/ou produits susceptibles de vous int\u00e9resser.<\/p>\n<p><em><strong>CLIENTS<\/strong><\/em><br \/>Pour g\u00e9rer la relation commerciale et\/ou professionnelle, fournir des offres de nos services et\/ou produits qui vous int\u00e9ressent.<\/p>\n<p><em><strong>FOURNISSEURS<\/strong><\/em><br \/>G\u00e9rer la relation commerciale et\/ou professionnelle.<\/p>\n<p><em><strong>CANDIDATS<\/strong><\/em><br \/>G\u00e9rer le processus de s\u00e9lection du personnel.<\/p>\n<p><em><strong>UTILISATEURS DU WEB<\/strong><\/em><br \/>G\u00e9rer l&#8217;analyse de vos donn\u00e9es de navigation.<\/p>\n<p><strong>Quelle est la l\u00e9gitimit\u00e9 du traitement de vos donn\u00e9es ?<\/strong><\/p>\n<p>La base juridique du traitement de vos donn\u00e9es personnelles peut \u00eatre, selon la cat\u00e9gorie de personnes concern\u00e9es, la suivante :<\/p>\n<p><strong>INT\u00c9R\u00caT<\/strong><\/p>\n<p>BASE JURIDIQUE<\/p>\n<p><strong><em>LES CLIENTS POTENTIELS<\/em><\/strong><br \/>Art. 6.1.b GDPR : application, \u00e0 la demande de la personne concern\u00e9e, de mesures pr\u00e9contractuelles (devis, bons de commande, offres de services, etc.).<br \/>Art. 6.1.f RGPD : Int\u00e9r\u00eat l\u00e9gitime (envoi des informations demand\u00e9es, r\u00e9ponse aux questions pos\u00e9es&#8230;).<br \/>Art. 6.1.a RGPD : consentement de la personne concern\u00e9e (offre de nos services et\/ou produits).<\/p>\n<p><em><strong>CLIENTS<\/strong><\/em><br \/>Art. 6.1.b GDPR : ex\u00e9cution d&#8217;un contrat auquel la personne concern\u00e9e est partie.<\/p>\n<p><em><strong>FOURNISSEURS<\/strong><\/em><br \/>Art. 6.1.b GDPR : ex\u00e9cution d&#8217;un contrat auquel la personne concern\u00e9e est partie.<\/p>\n<p><em><strong>CANDIDATS<\/strong><\/em><br \/>Art. 6.1.a RGPD : consentement de la personne concern\u00e9e elle-m\u00eame.<\/p>\n<p><strong><em>UTILISATEURS DU WEB<\/em><\/strong><br \/>Art. 6.1.a RGPD : consentement de la personne concern\u00e9e elle-m\u00eame.<\/p>\n<p>Les donn\u00e9es que nous vous demandons sont ad\u00e9quates, pertinentes et strictement n\u00e9cessaires et vous n&#8217;\u00eates en aucun cas oblig\u00e9 de les fournir, mais le fait de ne pas les fournir peut affecter la finalit\u00e9 du service ou l&#8217;impossibilit\u00e9 de le fournir.<br \/><strong> <br \/>Combien de temps conserverons-nous vos donn\u00e9es personnelles ?<\/strong><\/p>\n<p>Vos donn\u00e9es seront conserv\u00e9es pendant la dur\u00e9e minimale n\u00e9cessaire \u00e0 la fourniture correcte du service offert ainsi qu&#8217;au respect des responsabilit\u00e9s qui peuvent en d\u00e9couler et de toute autre exigence l\u00e9gale.<br \/><strong> <br \/>\u00c0 quels destinataires vos donn\u00e9es seront-elles communiqu\u00e9es ?<\/strong><\/p>\n<p><strong>MACROZA EXPORT S.L. <\/strong>ne communiquera pas vos donn\u00e9es \u00e0 des tiers, \u00e0 moins d&#8217;en avoir \u00e9t\u00e9 express\u00e9ment inform\u00e9.<\/p>\n<p>En outre, nous vous informons que certaines donn\u00e9es, en vertu de la r\u00e9glementation en vigueur ou de la relation contractuelle que vous entretenez avec <strong>MACROZA EXPORT S.L.<\/strong>, pourront \u00eatre communiqu\u00e9es \u00e0 :<\/p>\n<ul>\n<li>Les banques et les institutions financi\u00e8res pour le recouvrement de services contractuels et\/ou de produits achet\u00e9s.<\/li>\n<li>Les administrations publiques comp\u00e9tentes dans les secteurs dans lesquels <strong>MACROZA EXPORT S.L.<\/strong> op\u00e8re, lorsque la l\u00e9gislation en vigueur le pr\u00e9voit.<\/li>\n<\/ul>\n<p>En outre, nous vous informons que certaines donn\u00e9es, en vertu de la l\u00e9gislation en vigueur ou de la relation contractuelle que<strong> MACROZA EXPORT S.L.<\/strong> entretient, peuvent \u00eatre communiqu\u00e9es :<\/p>\n<ul>\n<li>Les banques et les institutions financi\u00e8res pour le recouvrement de services contractuels et\/ou de produits achet\u00e9s.<\/li>\n<li>Les administrations publiques comp\u00e9tentes dans les secteurs dans lesquels <strong>MACROZA EXPORT S.L.<\/strong> op\u00e8re, lorsque la l\u00e9gislation en vigueur le pr\u00e9voit.<\/li>\n<\/ul>\n<p><strong>Quels sont vos droits lorsque vous nous fournissez vos donn\u00e9es ?<\/strong><\/p>\n<p>Les droits de protection des donn\u00e9es que les personnes concern\u00e9es peuvent exercer, le cas \u00e9ch\u00e9ant, sont les suivants :<\/p>\n<ul>\n<li>Droit de demander l&#8217;acc\u00e8s aux donn\u00e9es personnelles concernant la personne concern\u00e9e.<\/li>\n<li>Droit de rectification ou d&#8217;effacement.<\/li>\n<li>Droit d&#8217;opposition.<\/li>\n<li>Le droit de demander la limitation du traitement.<\/li>\n<li>Droit \u00e0 la portabilit\u00e9 des donn\u00e9es.<\/li>\n<li>Le droit de ne pas faire l&#8217;objet de d\u00e9cisions fond\u00e9es uniquement sur un traitement automatis\u00e9 des donn\u00e9es.<\/li>\n<\/ul>\n<p>Les propri\u00e9taires des donn\u00e9es personnelles obtenues peuvent exercer leurs droits de protection des donn\u00e9es personnelles en envoyant une communication \u00e9crite au si\u00e8ge social de <strong>MACROZA EXPORT S.L.<\/strong> ou \u00e0 l&#8217;adresse \u00e9lectronique fournie \u00e0 cet effet, <a href=\"mailto:info@macroza.com\" target=\"_blank\" rel=\"noopener\">info@macroza.com.<\/a><\/p>\n<p>Des mod\u00e8les, des formulaires et de plus amples informations sur vos droits sont disponibles sur le site web de l&#8217;autorit\u00e9 nationale de contr\u00f4le, Agencia Espa\u00f1ola de Protecci\u00f3n de Datos, ci-apr\u00e8s AEPD, <a href=\"http:\/\/www.aepd.es\/\" target=\"_blank\" rel=\"noopener\">www.aepd.es<\/a>.<\/p>\n<p><strong>Puis-je retirer mon consentement ?<\/strong><\/p>\n<p>Vous avez la possibilit\u00e9 et le droit de retirer votre consentement pour toute finalit\u00e9 sp\u00e9cifique donn\u00e9e \u00e0 ce moment-l\u00e0, sans que cela n&#8217;affecte la l\u00e9galit\u00e9 du traitement fond\u00e9 sur le consentement avant son retrait.<\/p>\n<p><strong>O\u00f9 puis-je d\u00e9poser une plainte si j&#8217;estime que mes donn\u00e9es ne sont pas trait\u00e9es correctement ?<\/strong><\/p>\n<p>Si une personne concern\u00e9e estime que ses donn\u00e9es ne sont pas trait\u00e9es correctement par  <strong>MACROZA EXPORT S.L.<\/strong> ou que les demandes d&#8217;exercice des droits n&#8217;ont pas \u00e9t\u00e9 trait\u00e9es de mani\u00e8re satisfaisante, vous pouvez d\u00e9poser une plainte aupr\u00e8s de l&#8217;autorit\u00e9 de protection des donn\u00e9es correspondante, l&#8217;AEPD \u00e9tant celle indiqu\u00e9e sur le territoire national,  <a href=\"http:\/\/www.aepd.es\/\" target=\"_blank\" rel=\"noopener\">www.aepd.es.<\/a><\/p>\n<p><strong>S\u00e9curit\u00e9 et mise \u00e0 jour de vos donn\u00e9es personnelles<\/strong><\/p>\n<p>Afin de garantir la s\u00e9curit\u00e9 de vos donn\u00e9es personnelles, nous vous informons que nous avons pris toutes les mesures techniques et organisationnelles n\u00e9cessaires pour garantir la s\u00e9curit\u00e9 des donn\u00e9es personnelles fournies. Tout cela afin d&#8217;\u00e9viter leur alt\u00e9ration, leur perte et\/ou leur traitement ou acc\u00e8s non autoris\u00e9, comme l&#8217;exige la loi, bien qu&#8217;il n&#8217;y ait pas de s\u00e9curit\u00e9 absolue.<\/p>\n<p>Pour que nous puissions tenir vos donn\u00e9es personnelles \u00e0 jour, il est important que vous nous informiez de toute modification de vos donn\u00e9es personnelles.<\/p>\n<p><strong>Confidentialit\u00e9<\/strong><\/p>\n<p>MACROZA EXPORT S.L. vous informe que vos donn\u00e9es seront trait\u00e9es avec le plus grand soin et la plus grande confidentialit\u00e9 par tout le personnel impliqu\u00e9 dans l&#8217;une des phases du traitement. Nous ne c\u00e9derons ni ne communiquerons vos donn\u00e9es \u00e0 aucun tiers, sauf dans les cas pr\u00e9vus par la loi, ou si l&#8217;int\u00e9ress\u00e9 nous a express\u00e9ment autoris\u00e9s \u00e0 le faire.<\/p>\n\t\t\t\t\t\t\t\t<\/div>\n\t\t\t\t<\/div>\n\t\t\t\t\t<\/div>\n\t\t<\/div>\n\t\t\t\t\t<\/div>\n\t\t<\/section>\n\t\t\t\t<\/div>\n\t\t","protected":false},"excerpt":{"rendered":"<p>POLITIQUE DE CONFIDENTIALIT\u00c9 DE MACROZA Conform\u00e9ment aux principes de l\u00e9galit\u00e9, d&#8217;\u00e9quit\u00e9 et de transparence, nous vous pr\u00e9sentons cette politique de confidentialit\u00e9. Qui est le responsable du traitement de vos donn\u00e9es ? RESPONSABLE : MACROZA EXPORT S.L.NUM\u00c9RO DE TVA : B80425986SIEGE : C\/ Le\u00f1eros 15, 28039 MadridEMAIL : MACROZA : info@macroza.comT\u00c9L\u00c9PHONE : 915419294SP\u00c9CIALISATION : Grattoirs et [&hellip;]<\/p>\n","protected":false},"author":2,"featured_media":0,"parent":0,"menu_order":0,"comment_status":"closed","ping_status":"closed","template":"","meta":{"inline_featured_image":false,"site-sidebar-layout":"no-sidebar","site-content-layout":"page-builder","ast-site-content-layout":"full-width-container","site-content-style":"unboxed","site-sidebar-style":"unboxed","ast-global-header-display":"","ast-banner-title-visibility":"","ast-main-header-display":"","ast-hfb-above-header-display":"","ast-hfb-below-header-display":"","ast-hfb-mobile-header-display":"","site-post-title":"disabled","ast-breadcrumbs-content":"","ast-featured-img":"disabled","footer-sml-layout":"","theme-transparent-header-meta":"","adv-header-id-meta":"","stick-header-meta":"","header-above-stick-meta":"","header-main-stick-meta":"","header-below-stick-meta":"","astra-migrate-meta-layouts":"default","ast-page-background-enabled":"default","ast-page-background-meta":{"desktop":{"background-color":"var(--ast-global-color-4)","background-image":"","background-repeat":"repeat","background-position":"center center","background-size":"auto","background-attachment":"scroll","background-type":"","background-media":"","overlay-type":"","overlay-color":"","overlay-opacity":"","overlay-gradient":""},"tablet":{"background-color":"","background-image":"","background-repeat":"repeat","background-position":"center center","background-size":"auto","background-attachment":"scroll","background-type":"","background-media":"","overlay-type":"","overlay-color":"","overlay-opacity":"","overlay-gradient":""},"mobile":{"background-color":"","background-image":"","background-repeat":"repeat","background-position":"center center","background-size":"auto","background-attachment":"scroll","background-type":"","background-media":"","overlay-type":"","overlay-color":"","overlay-opacity":"","overlay-gradient":""}},"ast-content-background-meta":{"desktop":{"background-color":"var(--ast-global-color-5)","background-image":"","background-repeat":"repeat","background-position":"center center","background-size":"auto","background-attachment":"scroll","background-type":"","background-media":"","overlay-type":"","overlay-color":"","overlay-opacity":"","overlay-gradient":""},"tablet":{"background-color":"var(--ast-global-color-5)","background-image":"","background-repeat":"repeat","background-position":"center center","background-size":"auto","background-attachment":"scroll","background-type":"","background-media":"","overlay-type":"","overlay-color":"","overlay-opacity":"","overlay-gradient":""},"mobile":{"background-color":"var(--ast-global-color-5)","background-image":"","background-repeat":"repeat","background-position":"center center","background-size":"auto","background-attachment":"scroll","background-type":"","background-media":"","overlay-type":"","overlay-color":"","overlay-opacity":"","overlay-gradient":""}},"footnotes":""},"class_list":["post-6220","page","type-page","status-publish","hentry"],"yoast_head":"<!-- This site is optimized with the Yoast SEO plugin v24.5 - https:\/\/yoast.com\/wordpress\/plugins\/seo\/ -->\n<title>Politique de confidentialit\u00e9 | MACROZA<\/title>\n<meta name=\"robots\" content=\"index, follow, max-snippet:-1, max-image-preview:large, max-video-preview:-1\" \/>\n<link rel=\"canonical\" href=\"https:\/\/www.macroza.com\/fr\/politique-de-confidentialite\/\" \/>\n<meta property=\"og:locale\" content=\"fr_FR\" \/>\n<meta property=\"og:type\" content=\"article\" \/>\n<meta property=\"og:title\" content=\"Politique de confidentialit\u00e9 | MACROZA\" \/>\n<meta property=\"og:description\" content=\"POLITIQUE DE CONFIDENTIALIT\u00c9 DE MACROZA Conform\u00e9ment aux principes de l\u00e9galit\u00e9, d&#8217;\u00e9quit\u00e9 et de transparence, nous vous pr\u00e9sentons cette politique de confidentialit\u00e9. Qui est le responsable du traitement de vos donn\u00e9es ? RESPONSABLE : MACROZA EXPORT S.L.NUM\u00c9RO DE TVA : B80425986SIEGE : C\/ Le\u00f1eros 15, 28039 MadridEMAIL : MACROZA : info@macroza.comT\u00c9L\u00c9PHONE : 915419294SP\u00c9CIALISATION : Grattoirs et [&hellip;]\" \/>\n<meta property=\"og:url\" content=\"https:\/\/www.macroza.com\/fr\/politique-de-confidentialite\/\" \/>\n<meta property=\"og:site_name\" content=\"MACROZA\" \/>\n<meta property=\"article:publisher\" content=\"https:\/\/www.facebook.com\/macrozaofficial\/\" \/>\n<meta property=\"article:modified_time\" content=\"2024-01-01T18:38:07+00:00\" \/>\n<meta name=\"twitter:card\" content=\"summary_large_image\" \/>\n<meta name=\"twitter:label1\" content=\"Dur\u00e9e de lecture estim\u00e9e\" \/>\n\t<meta name=\"twitter:data1\" content=\"5 minutes\" \/>\n<script type=\"application\/ld+json\" class=\"yoast-schema-graph\">{\"@context\":\"https:\/\/schema.org\",\"@graph\":[{\"@type\":\"WebPage\",\"@id\":\"https:\/\/www.macroza.com\/fr\/politique-de-confidentialite\/\",\"url\":\"https:\/\/www.macroza.com\/fr\/politique-de-confidentialite\/\",\"name\":\"Politique de confidentialit\u00e9 | MACROZA\",\"isPartOf\":{\"@id\":\"https:\/\/www.macroza.com\/fr\/#website\"},\"datePublished\":\"2023-11-12T13:46:34+00:00\",\"dateModified\":\"2024-01-01T18:38:07+00:00\",\"breadcrumb\":{\"@id\":\"https:\/\/www.macroza.com\/fr\/politique-de-confidentialite\/#breadcrumb\"},\"inLanguage\":\"fr-FR\",\"potentialAction\":[{\"@type\":\"ReadAction\",\"target\":[\"https:\/\/www.macroza.com\/fr\/politique-de-confidentialite\/\"]}]},{\"@type\":\"BreadcrumbList\",\"@id\":\"https:\/\/www.macroza.com\/fr\/politique-de-confidentialite\/#breadcrumb\",\"itemListElement\":[{\"@type\":\"ListItem\",\"position\":1,\"name\":\"Home\",\"item\":\"https:\/\/www.macroza.com\/fr\/page-principale\/\"},{\"@type\":\"ListItem\",\"position\":2,\"name\":\"Politique de confidentialit\u00e9\"}]},{\"@type\":\"WebSite\",\"@id\":\"https:\/\/www.macroza.com\/fr\/#website\",\"url\":\"https:\/\/www.macroza.com\/fr\/\",\"name\":\"www.macroza.com\",\"description\":\"Fabricante de rozadoras de pared\",\"publisher\":{\"@id\":\"https:\/\/www.macroza.com\/fr\/#organization\"},\"alternateName\":\"Macroza\",\"potentialAction\":[{\"@type\":\"SearchAction\",\"target\":{\"@type\":\"EntryPoint\",\"urlTemplate\":\"https:\/\/www.macroza.com\/fr\/?s={search_term_string}\"},\"query-input\":{\"@type\":\"PropertyValueSpecification\",\"valueRequired\":true,\"valueName\":\"search_term_string\"}}],\"inLanguage\":\"fr-FR\"},{\"@type\":\"Organization\",\"@id\":\"https:\/\/www.macroza.com\/fr\/#organization\",\"name\":\"Macroza\",\"alternateName\":\"Macroza Export\",\"url\":\"https:\/\/www.macroza.com\/fr\/\",\"logo\":{\"@type\":\"ImageObject\",\"inLanguage\":\"fr-FR\",\"@id\":\"https:\/\/www.macroza.com\/fr\/#\/schema\/logo\/image\/\",\"url\":\"https:\/\/www.macroza.com\/wp-content\/uploads\/2023\/11\/cropped-Diseno-sin-titulo-10.png\",\"contentUrl\":\"https:\/\/www.macroza.com\/wp-content\/uploads\/2023\/11\/cropped-Diseno-sin-titulo-10.png\",\"width\":512,\"height\":512,\"caption\":\"Macroza\"},\"image\":{\"@id\":\"https:\/\/www.macroza.com\/fr\/#\/schema\/logo\/image\/\"},\"sameAs\":[\"https:\/\/www.facebook.com\/macrozaofficial\/\",\"https:\/\/www.instagram.com\/macroza_official\/\",\"https:\/\/www.linkedin.com\/company\/macroza-wall-chasers\/\",\"https:\/\/www.youtube.com\/@MACROZAWallChasers\/videos\"]}]}<\/script>\n<!-- \/ Yoast SEO plugin. -->","yoast_head_json":{"title":"Politique de confidentialit\u00e9 | MACROZA","robots":{"index":"index","follow":"follow","max-snippet":"max-snippet:-1","max-image-preview":"max-image-preview:large","max-video-preview":"max-video-preview:-1"},"canonical":"https:\/\/www.macroza.com\/fr\/politique-de-confidentialite\/","og_locale":"fr_FR","og_type":"article","og_title":"Politique de confidentialit\u00e9 | MACROZA","og_description":"POLITIQUE DE CONFIDENTIALIT\u00c9 DE MACROZA Conform\u00e9ment aux principes de l\u00e9galit\u00e9, d&#8217;\u00e9quit\u00e9 et de transparence, nous vous pr\u00e9sentons cette politique de confidentialit\u00e9. Qui est le responsable du traitement de vos donn\u00e9es ? RESPONSABLE : MACROZA EXPORT S.L.NUM\u00c9RO DE TVA : B80425986SIEGE : C\/ Le\u00f1eros 15, 28039 MadridEMAIL : MACROZA : info@macroza.comT\u00c9L\u00c9PHONE : 915419294SP\u00c9CIALISATION : Grattoirs et [&hellip;]","og_url":"https:\/\/www.macroza.com\/fr\/politique-de-confidentialite\/","og_site_name":"MACROZA","article_publisher":"https:\/\/www.facebook.com\/macrozaofficial\/","article_modified_time":"2024-01-01T18:38:07+00:00","twitter_card":"summary_large_image","twitter_misc":{"Dur\u00e9e de lecture estim\u00e9e":"5 minutes"},"schema":{"@context":"https:\/\/schema.org","@graph":[{"@type":"WebPage","@id":"https:\/\/www.macroza.com\/fr\/politique-de-confidentialite\/","url":"https:\/\/www.macroza.com\/fr\/politique-de-confidentialite\/","name":"Politique de confidentialit\u00e9 | MACROZA","isPartOf":{"@id":"https:\/\/www.macroza.com\/fr\/#website"},"datePublished":"2023-11-12T13:46:34+00:00","dateModified":"2024-01-01T18:38:07+00:00","breadcrumb":{"@id":"https:\/\/www.macroza.com\/fr\/politique-de-confidentialite\/#breadcrumb"},"inLanguage":"fr-FR","potentialAction":[{"@type":"ReadAction","target":["https:\/\/www.macroza.com\/fr\/politique-de-confidentialite\/"]}]},{"@type":"BreadcrumbList","@id":"https:\/\/www.macroza.com\/fr\/politique-de-confidentialite\/#breadcrumb","itemListElement":[{"@type":"ListItem","position":1,"name":"Home","item":"https:\/\/www.macroza.com\/fr\/page-principale\/"},{"@type":"ListItem","position":2,"name":"Politique de confidentialit\u00e9"}]},{"@type":"WebSite","@id":"https:\/\/www.macroza.com\/fr\/#website","url":"https:\/\/www.macroza.com\/fr\/","name":"www.macroza.com","description":"Fabricante de rozadoras de pared","publisher":{"@id":"https:\/\/www.macroza.com\/fr\/#organization"},"alternateName":"Macroza","potentialAction":[{"@type":"SearchAction","target":{"@type":"EntryPoint","urlTemplate":"https:\/\/www.macroza.com\/fr\/?s={search_term_string}"},"query-input":{"@type":"PropertyValueSpecification","valueRequired":true,"valueName":"search_term_string"}}],"inLanguage":"fr-FR"},{"@type":"Organization","@id":"https:\/\/www.macroza.com\/fr\/#organization","name":"Macroza","alternateName":"Macroza Export","url":"https:\/\/www.macroza.com\/fr\/","logo":{"@type":"ImageObject","inLanguage":"fr-FR","@id":"https:\/\/www.macroza.com\/fr\/#\/schema\/logo\/image\/","url":"https:\/\/www.macroza.com\/wp-content\/uploads\/2023\/11\/cropped-Diseno-sin-titulo-10.png","contentUrl":"https:\/\/www.macroza.com\/wp-content\/uploads\/2023\/11\/cropped-Diseno-sin-titulo-10.png","width":512,"height":512,"caption":"Macroza"},"image":{"@id":"https:\/\/www.macroza.com\/fr\/#\/schema\/logo\/image\/"},"sameAs":["https:\/\/www.facebook.com\/macrozaofficial\/","https:\/\/www.instagram.com\/macroza_official\/","https:\/\/www.linkedin.com\/company\/macroza-wall-chasers\/","https:\/\/www.youtube.com\/@MACROZAWallChasers\/videos"]}]}},"_links":{"self":[{"href":"https:\/\/www.macroza.com\/fr\/wp-json\/wp\/v2\/pages\/6220","targetHints":{"allow":["GET"]}}],"collection":[{"href":"https:\/\/www.macroza.com\/fr\/wp-json\/wp\/v2\/pages"}],"about":[{"href":"https:\/\/www.macroza.com\/fr\/wp-json\/wp\/v2\/types\/page"}],"author":[{"embeddable":true,"href":"https:\/\/www.macroza.com\/fr\/wp-json\/wp\/v2\/users\/2"}],"replies":[{"embeddable":true,"href":"https:\/\/www.macroza.com\/fr\/wp-json\/wp\/v2\/comments?post=6220"}],"version-history":[{"count":2,"href":"https:\/\/www.macroza.com\/fr\/wp-json\/wp\/v2\/pages\/6220\/revisions"}],"predecessor-version":[{"id":6233,"href":"https:\/\/www.macroza.com\/fr\/wp-json\/wp\/v2\/pages\/6220\/revisions\/6233"}],"wp:attachment":[{"href":"https:\/\/www.macroza.com\/fr\/wp-json\/wp\/v2\/media?parent=6220"}],"curies":[{"name":"wp","href":"https:\/\/api.w.org\/{rel}","templated":true}]}}