{"id":6217,"date":"2023-11-12T14:46:56","date_gmt":"2023-11-12T13:46:56","guid":{"rendered":"https:\/\/www.macroza.com\/avis-juridique\/"},"modified":"2024-01-21T13:14:45","modified_gmt":"2024-01-21T12:14:45","slug":"avis-juridique","status":"publish","type":"page","link":"https:\/\/www.macroza.com\/fr\/avis-juridique\/","title":{"rendered":"Avis juridique"},"content":{"rendered":"\t\t<div data-elementor-type=\"wp-page\" data-elementor-id=\"6217\" class=\"elementor elementor-6217 elementor-3320\" data-elementor-settings=\"{&quot;ha_cmc_init_switcher&quot;:&quot;no&quot;}\" data-elementor-post-type=\"page\">\n\t\t\t\t\t\t<section class=\"elementor-section elementor-top-section elementor-element elementor-element-e826aea elementor-section-boxed elementor-section-height-default elementor-section-height-default\" data-id=\"e826aea\" data-element_type=\"section\" data-settings=\"{&quot;_ha_eqh_enable&quot;:false}\">\n\t\t\t\t\t\t<div class=\"elementor-container elementor-column-gap-default\">\n\t\t\t\t\t<div class=\"elementor-column elementor-col-100 elementor-top-column elementor-element elementor-element-4c323c5\" data-id=\"4c323c5\" data-element_type=\"column\">\n\t\t\t<div class=\"elementor-widget-wrap elementor-element-populated\">\n\t\t\t\t\t\t<div class=\"elementor-element elementor-element-5c6870e elementor-widget elementor-widget-text-editor\" data-id=\"5c6870e\" data-element_type=\"widget\" data-widget_type=\"text-editor.default\">\n\t\t\t\t<div class=\"elementor-widget-container\">\n\t\t\t\t\t\t\t\t\t<h1><strong>AVIS JURIDIQUE<\/strong><\/h1>\n<p><em><strong>PROPRI\u00c9TAIRE DU SITE WEB<\/strong><\/em><\/p>\n<p><strong>RAISON SOCIALE : <\/strong>MACROZA EXPORT S.L.<br \/><strong>NUM\u00c9RO DE TVA :<\/strong> B80425986<br \/>SIEGE <strong>: <\/strong>C\/ Le\u00f1eros 15, 28039 Madrid<br \/><strong>T\u00c9L\u00c9PHONE :<\/strong> 915 41 92 94<br \/><strong>EMAIL :<\/strong><a href=\"mailto:info@macroza.com\" target=\"_blank\" rel=\"noopener\">info@macroza.com<\/a><br \/><strong>LES D\u00c9TAILS DE L&#8217;INSCRIPTION AU REGISTRE DU COMMERCE :<\/strong><br \/><strong>Volume : <\/strong>4758<br \/><strong>Livre :<\/strong> 0<br \/><strong>Folio :<\/strong> 94<br \/><strong>Secteur :<\/strong> 8<br \/><strong>D\u00e9pliant : <\/strong>78106 M<\/p>\n<p>MACROZA, leader dans la fabrication de <a href=\"https:\/\/www.macroza.com\/fr\/rainureuse\/\">rainureuses<\/a> pour les professionnels dans plus de 30 pays.<\/p>\n\t\t\t\t\t\t\t\t<\/div>\n\t\t\t\t<\/div>\n\t\t\t\t\t<\/div>\n\t\t<\/div>\n\t\t\t\t\t<\/div>\n\t\t<\/section>\n\t\t\t\t<\/div>\n\t\t","protected":false},"excerpt":{"rendered":"<p>AVIS JURIDIQUE PROPRI\u00c9TAIRE DU SITE WEB RAISON SOCIALE : MACROZA EXPORT S.L.NUM\u00c9RO DE TVA : B80425986SIEGE : C\/ Le\u00f1eros 15, 28039 MadridT\u00c9L\u00c9PHONE : 915 41 92 94EMAIL :info@macroza.comLES D\u00c9TAILS DE L&#8217;INSCRIPTION AU REGISTRE DU COMMERCE :Volume : 4758Livre : 0Folio : 94Secteur : 8D\u00e9pliant : 78106 M MACROZA, leader dans la fabrication de rainureuses pour [&hellip;]<\/p>\n","protected":false},"author":2,"featured_media":0,"parent":0,"menu_order":0,"comment_status":"closed","ping_status":"closed","template":"","meta":{"inline_featured_image":false,"site-sidebar-layout":"no-sidebar","site-content-layout":"page-builder","ast-site-content-layout":"","site-content-style":"default","site-sidebar-style":"default","ast-global-header-display":"","ast-banner-title-visibility":"","ast-main-header-display":"","ast-hfb-above-header-display":"","ast-hfb-below-header-display":"","ast-hfb-mobile-header-display":"","site-post-title":"disabled","ast-breadcrumbs-content":"","ast-featured-img":"disabled","footer-sml-layout":"","theme-transparent-header-meta":"","adv-header-id-meta":"","stick-header-meta":"","header-above-stick-meta":"","header-main-stick-meta":"","header-below-stick-meta":"","astra-migrate-meta-layouts":"default","ast-page-background-enabled":"default","ast-page-background-meta":{"desktop":{"background-color":"var(--ast-global-color-4)","background-image":"","background-repeat":"repeat","background-position":"center center","background-size":"auto","background-attachment":"scroll","background-type":"","background-media":"","overlay-type":"","overlay-color":"","overlay-opacity":"","overlay-gradient":""},"tablet":{"background-color":"","background-image":"","background-repeat":"repeat","background-position":"center center","background-size":"auto","background-attachment":"scroll","background-type":"","background-media":"","overlay-type":"","overlay-color":"","overlay-opacity":"","overlay-gradient":""},"mobile":{"background-color":"","background-image":"","background-repeat":"repeat","background-position":"center center","background-size":"auto","background-attachment":"scroll","background-type":"","background-media":"","overlay-type":"","overlay-color":"","overlay-opacity":"","overlay-gradient":""}},"ast-content-background-meta":{"desktop":{"background-color":"var(--ast-global-color-5)","background-image":"","background-repeat":"repeat","background-position":"center center","background-size":"auto","background-attachment":"scroll","background-type":"","background-media":"","overlay-type":"","overlay-color":"","overlay-opacity":"","overlay-gradient":""},"tablet":{"background-color":"var(--ast-global-color-5)","background-image":"","background-repeat":"repeat","background-position":"center center","background-size":"auto","background-attachment":"scroll","background-type":"","background-media":"","overlay-type":"","overlay-color":"","overlay-opacity":"","overlay-gradient":""},"mobile":{"background-color":"var(--ast-global-color-5)","background-image":"","background-repeat":"repeat","background-position":"center center","background-size":"auto","background-attachment":"scroll","background-type":"","background-media":"","overlay-type":"","overlay-color":"","overlay-opacity":"","overlay-gradient":""}},"footnotes":""},"class_list":["post-6217","page","type-page","status-publish","hentry"],"yoast_head":"<!-- This site is optimized with the Yoast SEO plugin v24.5 - https:\/\/yoast.com\/wordpress\/plugins\/seo\/ -->\n<title>Avis juridique | MACROZA<\/title>\n<meta name=\"robots\" content=\"index, follow, max-snippet:-1, max-image-preview:large, max-video-preview:-1\" \/>\n<link rel=\"canonical\" href=\"https:\/\/www.macroza.com\/fr\/avis-juridique\/\" \/>\n<meta property=\"og:locale\" content=\"fr_FR\" \/>\n<meta property=\"og:type\" content=\"article\" \/>\n<meta property=\"og:title\" content=\"Avis juridique | MACROZA\" \/>\n<meta property=\"og:description\" content=\"AVIS JURIDIQUE PROPRI\u00c9TAIRE DU SITE WEB RAISON SOCIALE : MACROZA EXPORT S.L.NUM\u00c9RO DE TVA : B80425986SIEGE : C\/ Le\u00f1eros 15, 28039 MadridT\u00c9L\u00c9PHONE : 915 41 92 94EMAIL :info@macroza.comLES D\u00c9TAILS DE L&#8217;INSCRIPTION AU REGISTRE DU COMMERCE :Volume : 4758Livre : 0Folio : 94Secteur : 8D\u00e9pliant : 78106 M MACROZA, leader dans la fabrication de rainureuses pour [&hellip;]\" \/>\n<meta property=\"og:url\" content=\"https:\/\/www.macroza.com\/fr\/avis-juridique\/\" \/>\n<meta property=\"og:site_name\" content=\"MACROZA\" \/>\n<meta property=\"article:publisher\" content=\"https:\/\/www.facebook.com\/macrozaofficial\/\" \/>\n<meta property=\"article:modified_time\" content=\"2024-01-21T12:14:45+00:00\" \/>\n<meta name=\"twitter:card\" content=\"summary_large_image\" \/>\n<script type=\"application\/ld+json\" class=\"yoast-schema-graph\">{\"@context\":\"https:\/\/schema.org\",\"@graph\":[{\"@type\":\"WebPage\",\"@id\":\"https:\/\/www.macroza.com\/fr\/avis-juridique\/\",\"url\":\"https:\/\/www.macroza.com\/fr\/avis-juridique\/\",\"name\":\"Avis juridique | MACROZA\",\"isPartOf\":{\"@id\":\"https:\/\/www.macroza.com\/fr\/#website\"},\"datePublished\":\"2023-11-12T13:46:56+00:00\",\"dateModified\":\"2024-01-21T12:14:45+00:00\",\"breadcrumb\":{\"@id\":\"https:\/\/www.macroza.com\/fr\/avis-juridique\/#breadcrumb\"},\"inLanguage\":\"fr-FR\",\"potentialAction\":[{\"@type\":\"ReadAction\",\"target\":[\"https:\/\/www.macroza.com\/fr\/avis-juridique\/\"]}]},{\"@type\":\"BreadcrumbList\",\"@id\":\"https:\/\/www.macroza.com\/fr\/avis-juridique\/#breadcrumb\",\"itemListElement\":[{\"@type\":\"ListItem\",\"position\":1,\"name\":\"Home\",\"item\":\"https:\/\/www.macroza.com\/fr\/page-principale\/\"},{\"@type\":\"ListItem\",\"position\":2,\"name\":\"Avis juridique\"}]},{\"@type\":\"WebSite\",\"@id\":\"https:\/\/www.macroza.com\/fr\/#website\",\"url\":\"https:\/\/www.macroza.com\/fr\/\",\"name\":\"www.macroza.com\",\"description\":\"Fabricante de rozadoras de pared\",\"publisher\":{\"@id\":\"https:\/\/www.macroza.com\/fr\/#organization\"},\"alternateName\":\"Macroza\",\"potentialAction\":[{\"@type\":\"SearchAction\",\"target\":{\"@type\":\"EntryPoint\",\"urlTemplate\":\"https:\/\/www.macroza.com\/fr\/?s={search_term_string}\"},\"query-input\":{\"@type\":\"PropertyValueSpecification\",\"valueRequired\":true,\"valueName\":\"search_term_string\"}}],\"inLanguage\":\"fr-FR\"},{\"@type\":\"Organization\",\"@id\":\"https:\/\/www.macroza.com\/fr\/#organization\",\"name\":\"Macroza\",\"alternateName\":\"Macroza Export\",\"url\":\"https:\/\/www.macroza.com\/fr\/\",\"logo\":{\"@type\":\"ImageObject\",\"inLanguage\":\"fr-FR\",\"@id\":\"https:\/\/www.macroza.com\/fr\/#\/schema\/logo\/image\/\",\"url\":\"https:\/\/www.macroza.com\/wp-content\/uploads\/2023\/11\/cropped-Diseno-sin-titulo-10.png\",\"contentUrl\":\"https:\/\/www.macroza.com\/wp-content\/uploads\/2023\/11\/cropped-Diseno-sin-titulo-10.png\",\"width\":512,\"height\":512,\"caption\":\"Macroza\"},\"image\":{\"@id\":\"https:\/\/www.macroza.com\/fr\/#\/schema\/logo\/image\/\"},\"sameAs\":[\"https:\/\/www.facebook.com\/macrozaofficial\/\",\"https:\/\/www.instagram.com\/macroza_official\/\",\"https:\/\/www.linkedin.com\/company\/macroza-wall-chasers\/\",\"https:\/\/www.youtube.com\/@MACROZAWallChasers\/videos\"]}]}<\/script>\n<!-- \/ Yoast SEO plugin. -->","yoast_head_json":{"title":"Avis juridique | MACROZA","robots":{"index":"index","follow":"follow","max-snippet":"max-snippet:-1","max-image-preview":"max-image-preview:large","max-video-preview":"max-video-preview:-1"},"canonical":"https:\/\/www.macroza.com\/fr\/avis-juridique\/","og_locale":"fr_FR","og_type":"article","og_title":"Avis juridique | MACROZA","og_description":"AVIS JURIDIQUE PROPRI\u00c9TAIRE DU SITE WEB RAISON SOCIALE : MACROZA EXPORT S.L.NUM\u00c9RO DE TVA : B80425986SIEGE : C\/ Le\u00f1eros 15, 28039 MadridT\u00c9L\u00c9PHONE : 915 41 92 94EMAIL :info@macroza.comLES D\u00c9TAILS DE L&#8217;INSCRIPTION AU REGISTRE DU COMMERCE :Volume : 4758Livre : 0Folio : 94Secteur : 8D\u00e9pliant : 78106 M MACROZA, leader dans la fabrication de rainureuses pour [&hellip;]","og_url":"https:\/\/www.macroza.com\/fr\/avis-juridique\/","og_site_name":"MACROZA","article_publisher":"https:\/\/www.facebook.com\/macrozaofficial\/","article_modified_time":"2024-01-21T12:14:45+00:00","twitter_card":"summary_large_image","schema":{"@context":"https:\/\/schema.org","@graph":[{"@type":"WebPage","@id":"https:\/\/www.macroza.com\/fr\/avis-juridique\/","url":"https:\/\/www.macroza.com\/fr\/avis-juridique\/","name":"Avis juridique | MACROZA","isPartOf":{"@id":"https:\/\/www.macroza.com\/fr\/#website"},"datePublished":"2023-11-12T13:46:56+00:00","dateModified":"2024-01-21T12:14:45+00:00","breadcrumb":{"@id":"https:\/\/www.macroza.com\/fr\/avis-juridique\/#breadcrumb"},"inLanguage":"fr-FR","potentialAction":[{"@type":"ReadAction","target":["https:\/\/www.macroza.com\/fr\/avis-juridique\/"]}]},{"@type":"BreadcrumbList","@id":"https:\/\/www.macroza.com\/fr\/avis-juridique\/#breadcrumb","itemListElement":[{"@type":"ListItem","position":1,"name":"Home","item":"https:\/\/www.macroza.com\/fr\/page-principale\/"},{"@type":"ListItem","position":2,"name":"Avis juridique"}]},{"@type":"WebSite","@id":"https:\/\/www.macroza.com\/fr\/#website","url":"https:\/\/www.macroza.com\/fr\/","name":"www.macroza.com","description":"Fabricante de rozadoras de pared","publisher":{"@id":"https:\/\/www.macroza.com\/fr\/#organization"},"alternateName":"Macroza","potentialAction":[{"@type":"SearchAction","target":{"@type":"EntryPoint","urlTemplate":"https:\/\/www.macroza.com\/fr\/?s={search_term_string}"},"query-input":{"@type":"PropertyValueSpecification","valueRequired":true,"valueName":"search_term_string"}}],"inLanguage":"fr-FR"},{"@type":"Organization","@id":"https:\/\/www.macroza.com\/fr\/#organization","name":"Macroza","alternateName":"Macroza Export","url":"https:\/\/www.macroza.com\/fr\/","logo":{"@type":"ImageObject","inLanguage":"fr-FR","@id":"https:\/\/www.macroza.com\/fr\/#\/schema\/logo\/image\/","url":"https:\/\/www.macroza.com\/wp-content\/uploads\/2023\/11\/cropped-Diseno-sin-titulo-10.png","contentUrl":"https:\/\/www.macroza.com\/wp-content\/uploads\/2023\/11\/cropped-Diseno-sin-titulo-10.png","width":512,"height":512,"caption":"Macroza"},"image":{"@id":"https:\/\/www.macroza.com\/fr\/#\/schema\/logo\/image\/"},"sameAs":["https:\/\/www.facebook.com\/macrozaofficial\/","https:\/\/www.instagram.com\/macroza_official\/","https:\/\/www.linkedin.com\/company\/macroza-wall-chasers\/","https:\/\/www.youtube.com\/@MACROZAWallChasers\/videos"]}]}},"_links":{"self":[{"href":"https:\/\/www.macroza.com\/fr\/wp-json\/wp\/v2\/pages\/6217","targetHints":{"allow":["GET"]}}],"collection":[{"href":"https:\/\/www.macroza.com\/fr\/wp-json\/wp\/v2\/pages"}],"about":[{"href":"https:\/\/www.macroza.com\/fr\/wp-json\/wp\/v2\/types\/page"}],"author":[{"embeddable":true,"href":"https:\/\/www.macroza.com\/fr\/wp-json\/wp\/v2\/users\/2"}],"replies":[{"embeddable":true,"href":"https:\/\/www.macroza.com\/fr\/wp-json\/wp\/v2\/comments?post=6217"}],"version-history":[{"count":6,"href":"https:\/\/www.macroza.com\/fr\/wp-json\/wp\/v2\/pages\/6217\/revisions"}],"predecessor-version":[{"id":9230,"href":"https:\/\/www.macroza.com\/fr\/wp-json\/wp\/v2\/pages\/6217\/revisions\/9230"}],"wp:attachment":[{"href":"https:\/\/www.macroza.com\/fr\/wp-json\/wp\/v2\/media?parent=6217"}],"curies":[{"name":"wp","href":"https:\/\/api.w.org\/{rel}","templated":true}]}}