{"id":20986,"date":"2024-02-08T08:42:31","date_gmt":"2024-02-08T07:42:31","guid":{"rendered":"https:\/\/www.macroza.com\/promo\/"},"modified":"2025-12-18T14:50:57","modified_gmt":"2025-12-18T13:50:57","slug":"promo","status":"publish","type":"page","link":"https:\/\/www.macroza.com\/fr\/promo\/","title":{"rendered":"Promo"},"content":{"rendered":"\t\t<div data-elementor-type=\"wp-page\" data-elementor-id=\"20986\" class=\"elementor elementor-20986 elementor-9921\" data-elementor-settings=\"{&quot;ha_cmc_init_switcher&quot;:&quot;no&quot;}\" data-elementor-post-type=\"page\">\n\t\t\t\t\t\t<\/div>\n\t\t","protected":false},"excerpt":{"rendered":"<p>GAGNEZ JUSQU&#8217;\u00c0 200 % DE TEMPS AVEC LES RAINUREUSES MACROZA.OBTENEZ LA V\u00d4TRE ! Pas de cassure, pas de d\u00e9chiquetage. Il ouvre des rainures nettes dans les murs en un seul passage, ce qui permet d&#8217;\u00e9conomiser du temps et des mat\u00e9riaux. Profitez de la promotion limit\u00e9e et recevez GRATUITEMENT plus d&#8217;informations. RAINUREUSUSES VS. FRAISES CONVENTIONNELLES Obtenez [&hellip;]<\/p>\n","protected":false},"author":2,"featured_media":0,"parent":0,"menu_order":0,"comment_status":"closed","ping_status":"closed","template":"","meta":{"inline_featured_image":false,"site-sidebar-layout":"no-sidebar","site-content-layout":"page-builder","ast-site-content-layout":"full-width-container","site-content-style":"unboxed","site-sidebar-style":"unboxed","ast-global-header-display":"","ast-banner-title-visibility":"","ast-main-header-display":"","ast-hfb-above-header-display":"","ast-hfb-below-header-display":"","ast-hfb-mobile-header-display":"","site-post-title":"disabled","ast-breadcrumbs-content":"","ast-featured-img":"disabled","footer-sml-layout":"","theme-transparent-header-meta":"","adv-header-id-meta":"","stick-header-meta":"","header-above-stick-meta":"","header-main-stick-meta":"","header-below-stick-meta":"","astra-migrate-meta-layouts":"default","ast-page-background-enabled":"default","ast-page-background-meta":{"desktop":{"background-color":"var(--ast-global-color-4)","background-image":"","background-repeat":"repeat","background-position":"center center","background-size":"auto","background-attachment":"scroll","background-type":"","background-media":"","overlay-type":"","overlay-color":"","overlay-opacity":"","overlay-gradient":""},"tablet":{"background-color":"","background-image":"","background-repeat":"repeat","background-position":"center center","background-size":"auto","background-attachment":"scroll","background-type":"","background-media":"","overlay-type":"","overlay-color":"","overlay-opacity":"","overlay-gradient":""},"mobile":{"background-color":"","background-image":"","background-repeat":"repeat","background-position":"center center","background-size":"auto","background-attachment":"scroll","background-type":"","background-media":"","overlay-type":"","overlay-color":"","overlay-opacity":"","overlay-gradient":""}},"ast-content-background-meta":{"desktop":{"background-color":"var(--ast-global-color-5)","background-image":"","background-repeat":"repeat","background-position":"center center","background-size":"auto","background-attachment":"scroll","background-type":"","background-media":"","overlay-type":"","overlay-color":"","overlay-opacity":"","overlay-gradient":""},"tablet":{"background-color":"var(--ast-global-color-5)","background-image":"","background-repeat":"repeat","background-position":"center center","background-size":"auto","background-attachment":"scroll","background-type":"","background-media":"","overlay-type":"","overlay-color":"","overlay-opacity":"","overlay-gradient":""},"mobile":{"background-color":"var(--ast-global-color-5)","background-image":"","background-repeat":"repeat","background-position":"center center","background-size":"auto","background-attachment":"scroll","background-type":"","background-media":"","overlay-type":"","overlay-color":"","overlay-opacity":"","overlay-gradient":""}},"footnotes":""},"class_list":["post-20986","page","type-page","status-publish","hentry"],"yoast_head":"<!-- This site is optimized with the Yoast SEO plugin v24.5 - https:\/\/yoast.com\/wordpress\/plugins\/seo\/ -->\n<title>Promotions | MACROZA% MACROZA%.<\/title>\n<meta name=\"description\" content=\"Visitez la page Promo MACROZA pour acc\u00e9der aux remises et offres sp\u00e9ciales sur notre gamme d&#039;outils et de machines.\" \/>\n<meta name=\"robots\" content=\"index, follow, max-snippet:-1, max-image-preview:large, max-video-preview:-1\" \/>\n<link rel=\"canonical\" href=\"https:\/\/www.macroza.com\/fr\/promo\/\" \/>\n<meta property=\"og:locale\" content=\"fr_FR\" \/>\n<meta property=\"og:type\" content=\"article\" \/>\n<meta property=\"og:title\" content=\"Promotions | MACROZA% MACROZA%.\" \/>\n<meta property=\"og:description\" content=\"Visitez la page Promo MACROZA pour acc\u00e9der aux remises et offres sp\u00e9ciales sur notre gamme d&#039;outils et de machines.\" \/>\n<meta property=\"og:url\" content=\"https:\/\/www.macroza.com\/fr\/promo\/\" \/>\n<meta property=\"og:site_name\" content=\"MACROZA\" \/>\n<meta property=\"article:publisher\" content=\"https:\/\/www.facebook.com\/macrozaofficial\/\" \/>\n<meta property=\"article:modified_time\" content=\"2025-12-18T13:50:57+00:00\" \/>\n<meta property=\"og:image\" content=\"https:\/\/www.macroza.com\/wp-content\/uploads\/2024\/02\/makroza1-1024x474.png\" \/>\n<meta name=\"twitter:card\" content=\"summary_large_image\" \/>\n<meta name=\"twitter:label1\" content=\"Dur\u00e9e de lecture estim\u00e9e\" \/>\n\t<meta name=\"twitter:data1\" content=\"3 minutes\" \/>\n<script type=\"application\/ld+json\" class=\"yoast-schema-graph\">{\"@context\":\"https:\/\/schema.org\",\"@graph\":[{\"@type\":\"WebPage\",\"@id\":\"https:\/\/www.macroza.com\/fr\/promo\/\",\"url\":\"https:\/\/www.macroza.com\/fr\/promo\/\",\"name\":\"Promotions | MACROZA% MACROZA%.\",\"isPartOf\":{\"@id\":\"https:\/\/www.macroza.com\/fr\/#website\"},\"primaryImageOfPage\":{\"@id\":\"https:\/\/www.macroza.com\/fr\/promo\/#primaryimage\"},\"image\":{\"@id\":\"https:\/\/www.macroza.com\/fr\/promo\/#primaryimage\"},\"thumbnailUrl\":\"https:\/\/www.macroza.com\/wp-content\/uploads\/2024\/02\/makroza1-1024x474.png\",\"datePublished\":\"2024-02-08T07:42:31+00:00\",\"dateModified\":\"2025-12-18T13:50:57+00:00\",\"description\":\"Visitez la page Promo MACROZA pour acc\u00e9der aux remises et offres sp\u00e9ciales sur notre gamme d'outils et de machines.\",\"breadcrumb\":{\"@id\":\"https:\/\/www.macroza.com\/fr\/promo\/#breadcrumb\"},\"inLanguage\":\"fr-FR\",\"potentialAction\":[{\"@type\":\"ReadAction\",\"target\":[\"https:\/\/www.macroza.com\/fr\/promo\/\"]}]},{\"@type\":\"ImageObject\",\"inLanguage\":\"fr-FR\",\"@id\":\"https:\/\/www.macroza.com\/fr\/promo\/#primaryimage\",\"url\":\"https:\/\/www.macroza.com\/wp-content\/uploads\/2024\/02\/makroza1-1024x474.png\",\"contentUrl\":\"https:\/\/www.macroza.com\/wp-content\/uploads\/2024\/02\/makroza1-1024x474.png\"},{\"@type\":\"BreadcrumbList\",\"@id\":\"https:\/\/www.macroza.com\/fr\/promo\/#breadcrumb\",\"itemListElement\":[{\"@type\":\"ListItem\",\"position\":1,\"name\":\"Home\",\"item\":\"https:\/\/www.macroza.com\/fr\/page-principale\/\"},{\"@type\":\"ListItem\",\"position\":2,\"name\":\"Promo\"}]},{\"@type\":\"WebSite\",\"@id\":\"https:\/\/www.macroza.com\/fr\/#website\",\"url\":\"https:\/\/www.macroza.com\/fr\/\",\"name\":\"www.macroza.com\",\"description\":\"Fabricante de rozadoras de pared\",\"publisher\":{\"@id\":\"https:\/\/www.macroza.com\/fr\/#organization\"},\"alternateName\":\"Macroza\",\"potentialAction\":[{\"@type\":\"SearchAction\",\"target\":{\"@type\":\"EntryPoint\",\"urlTemplate\":\"https:\/\/www.macroza.com\/fr\/?s={search_term_string}\"},\"query-input\":{\"@type\":\"PropertyValueSpecification\",\"valueRequired\":true,\"valueName\":\"search_term_string\"}}],\"inLanguage\":\"fr-FR\"},{\"@type\":\"Organization\",\"@id\":\"https:\/\/www.macroza.com\/fr\/#organization\",\"name\":\"Macroza\",\"alternateName\":\"Macroza Export\",\"url\":\"https:\/\/www.macroza.com\/fr\/\",\"logo\":{\"@type\":\"ImageObject\",\"inLanguage\":\"fr-FR\",\"@id\":\"https:\/\/www.macroza.com\/fr\/#\/schema\/logo\/image\/\",\"url\":\"https:\/\/www.macroza.com\/wp-content\/uploads\/2023\/11\/cropped-Diseno-sin-titulo-10.png\",\"contentUrl\":\"https:\/\/www.macroza.com\/wp-content\/uploads\/2023\/11\/cropped-Diseno-sin-titulo-10.png\",\"width\":512,\"height\":512,\"caption\":\"Macroza\"},\"image\":{\"@id\":\"https:\/\/www.macroza.com\/fr\/#\/schema\/logo\/image\/\"},\"sameAs\":[\"https:\/\/www.facebook.com\/macrozaofficial\/\",\"https:\/\/www.instagram.com\/macroza_official\/\",\"https:\/\/www.linkedin.com\/company\/macroza-wall-chasers\/\",\"https:\/\/www.youtube.com\/@MACROZAWallChasers\/videos\"]}]}<\/script>\n<!-- \/ Yoast SEO plugin. -->","yoast_head_json":{"title":"Promotions | MACROZA% MACROZA%.","description":"Visitez la page Promo MACROZA pour acc\u00e9der aux remises et offres sp\u00e9ciales sur notre gamme d'outils et de machines.","robots":{"index":"index","follow":"follow","max-snippet":"max-snippet:-1","max-image-preview":"max-image-preview:large","max-video-preview":"max-video-preview:-1"},"canonical":"https:\/\/www.macroza.com\/fr\/promo\/","og_locale":"fr_FR","og_type":"article","og_title":"Promotions | MACROZA% MACROZA%.","og_description":"Visitez la page Promo MACROZA pour acc\u00e9der aux remises et offres sp\u00e9ciales sur notre gamme d'outils et de machines.","og_url":"https:\/\/www.macroza.com\/fr\/promo\/","og_site_name":"MACROZA","article_publisher":"https:\/\/www.facebook.com\/macrozaofficial\/","article_modified_time":"2025-12-18T13:50:57+00:00","og_image":[{"url":"https:\/\/www.macroza.com\/wp-content\/uploads\/2024\/02\/makroza1-1024x474.png","type":"","width":"","height":""}],"twitter_card":"summary_large_image","twitter_misc":{"Dur\u00e9e de lecture estim\u00e9e":"3 minutes"},"schema":{"@context":"https:\/\/schema.org","@graph":[{"@type":"WebPage","@id":"https:\/\/www.macroza.com\/fr\/promo\/","url":"https:\/\/www.macroza.com\/fr\/promo\/","name":"Promotions | MACROZA% MACROZA%.","isPartOf":{"@id":"https:\/\/www.macroza.com\/fr\/#website"},"primaryImageOfPage":{"@id":"https:\/\/www.macroza.com\/fr\/promo\/#primaryimage"},"image":{"@id":"https:\/\/www.macroza.com\/fr\/promo\/#primaryimage"},"thumbnailUrl":"https:\/\/www.macroza.com\/wp-content\/uploads\/2024\/02\/makroza1-1024x474.png","datePublished":"2024-02-08T07:42:31+00:00","dateModified":"2025-12-18T13:50:57+00:00","description":"Visitez la page Promo MACROZA pour acc\u00e9der aux remises et offres sp\u00e9ciales sur notre gamme d'outils et de machines.","breadcrumb":{"@id":"https:\/\/www.macroza.com\/fr\/promo\/#breadcrumb"},"inLanguage":"fr-FR","potentialAction":[{"@type":"ReadAction","target":["https:\/\/www.macroza.com\/fr\/promo\/"]}]},{"@type":"ImageObject","inLanguage":"fr-FR","@id":"https:\/\/www.macroza.com\/fr\/promo\/#primaryimage","url":"https:\/\/www.macroza.com\/wp-content\/uploads\/2024\/02\/makroza1-1024x474.png","contentUrl":"https:\/\/www.macroza.com\/wp-content\/uploads\/2024\/02\/makroza1-1024x474.png"},{"@type":"BreadcrumbList","@id":"https:\/\/www.macroza.com\/fr\/promo\/#breadcrumb","itemListElement":[{"@type":"ListItem","position":1,"name":"Home","item":"https:\/\/www.macroza.com\/fr\/page-principale\/"},{"@type":"ListItem","position":2,"name":"Promo"}]},{"@type":"WebSite","@id":"https:\/\/www.macroza.com\/fr\/#website","url":"https:\/\/www.macroza.com\/fr\/","name":"www.macroza.com","description":"Fabricante de rozadoras de pared","publisher":{"@id":"https:\/\/www.macroza.com\/fr\/#organization"},"alternateName":"Macroza","potentialAction":[{"@type":"SearchAction","target":{"@type":"EntryPoint","urlTemplate":"https:\/\/www.macroza.com\/fr\/?s={search_term_string}"},"query-input":{"@type":"PropertyValueSpecification","valueRequired":true,"valueName":"search_term_string"}}],"inLanguage":"fr-FR"},{"@type":"Organization","@id":"https:\/\/www.macroza.com\/fr\/#organization","name":"Macroza","alternateName":"Macroza Export","url":"https:\/\/www.macroza.com\/fr\/","logo":{"@type":"ImageObject","inLanguage":"fr-FR","@id":"https:\/\/www.macroza.com\/fr\/#\/schema\/logo\/image\/","url":"https:\/\/www.macroza.com\/wp-content\/uploads\/2023\/11\/cropped-Diseno-sin-titulo-10.png","contentUrl":"https:\/\/www.macroza.com\/wp-content\/uploads\/2023\/11\/cropped-Diseno-sin-titulo-10.png","width":512,"height":512,"caption":"Macroza"},"image":{"@id":"https:\/\/www.macroza.com\/fr\/#\/schema\/logo\/image\/"},"sameAs":["https:\/\/www.facebook.com\/macrozaofficial\/","https:\/\/www.instagram.com\/macroza_official\/","https:\/\/www.linkedin.com\/company\/macroza-wall-chasers\/","https:\/\/www.youtube.com\/@MACROZAWallChasers\/videos"]}]}},"_links":{"self":[{"href":"https:\/\/www.macroza.com\/fr\/wp-json\/wp\/v2\/pages\/20986","targetHints":{"allow":["GET"]}}],"collection":[{"href":"https:\/\/www.macroza.com\/fr\/wp-json\/wp\/v2\/pages"}],"about":[{"href":"https:\/\/www.macroza.com\/fr\/wp-json\/wp\/v2\/types\/page"}],"author":[{"embeddable":true,"href":"https:\/\/www.macroza.com\/fr\/wp-json\/wp\/v2\/users\/2"}],"replies":[{"embeddable":true,"href":"https:\/\/www.macroza.com\/fr\/wp-json\/wp\/v2\/comments?post=20986"}],"version-history":[{"count":1,"href":"https:\/\/www.macroza.com\/fr\/wp-json\/wp\/v2\/pages\/20986\/revisions"}],"predecessor-version":[{"id":20987,"href":"https:\/\/www.macroza.com\/fr\/wp-json\/wp\/v2\/pages\/20986\/revisions\/20987"}],"wp:attachment":[{"href":"https:\/\/www.macroza.com\/fr\/wp-json\/wp\/v2\/media?parent=20986"}],"curies":[{"name":"wp","href":"https:\/\/api.w.org\/{rel}","templated":true}]}}