{"id":6246,"date":"2023-11-12T14:46:34","date_gmt":"2023-11-12T13:46:34","guid":{"rendered":"https:\/\/www.macroza.com\/datenschutzbestimmungen\/"},"modified":"2024-01-01T19:38:07","modified_gmt":"2024-01-01T18:38:07","slug":"datenschutzbestimmungen","status":"publish","type":"page","link":"https:\/\/www.macroza.com\/de\/datenschutzbestimmungen\/","title":{"rendered":"Datenschutzbestimmungen"},"content":{"rendered":"\t\t<div data-elementor-type=\"wp-page\" data-elementor-id=\"6246\" class=\"elementor elementor-6246 elementor-3318\" data-elementor-settings=\"{&quot;ha_cmc_init_switcher&quot;:&quot;no&quot;}\" data-elementor-post-type=\"page\">\n\t\t\t\t\t\t<section class=\"elementor-section elementor-top-section elementor-element elementor-element-6ddb705 elementor-section-boxed elementor-section-height-default elementor-section-height-default\" data-id=\"6ddb705\" data-element_type=\"section\" data-settings=\"{&quot;_ha_eqh_enable&quot;:false}\">\n\t\t\t\t\t\t<div class=\"elementor-container elementor-column-gap-default\">\n\t\t\t\t\t<div class=\"elementor-column elementor-col-100 elementor-top-column elementor-element elementor-element-f3b66e2\" data-id=\"f3b66e2\" data-element_type=\"column\">\n\t\t\t<div class=\"elementor-widget-wrap elementor-element-populated\">\n\t\t\t\t\t\t<div class=\"elementor-element elementor-element-ccf9096 elementor-widget elementor-widget-text-editor\" data-id=\"ccf9096\" data-element_type=\"widget\" data-widget_type=\"text-editor.default\">\n\t\t\t\t<div class=\"elementor-widget-container\">\n\t\t\t\t\t\t\t\t\t<h1><strong>MACROZA DATENSCHUTZRICHTLINIE<\/strong><\/h1>\n<p>Im Einklang mit den Grunds\u00e4tzen der Rechtm\u00e4\u00dfigkeit, Fairness und Transparenz stellen wir Ihnen diese Datenschutzrichtlinie zur Verf\u00fcgung.<\/p>\n<p><strong>Wer ist der f\u00fcr die Verarbeitung Ihrer Daten Verantwortliche?<\/strong><\/p>\n<p><strong>VERANTWORTLICH: <\/strong>MACROZA EXPORT S.L.<br \/><strong>UMSATZSTEUER-IDENTIFIKATIONSNUMMER:<\/strong> B80425986<br \/><strong>HAUPTB\u00dcRO:<\/strong> C\/ Le\u00f1eros 15, 28039 Madrid<br \/><strong>EMAIL: <\/strong><a href=\"mailto:info@macroza.com\" target=\"_blank\" rel=\"noopener\">info@macroza.com<\/a><br \/><strong>TELEFON: <\/strong>915419294<br \/><strong>SPEZIALISIERUNG: <\/strong><a href=\"https:\/\/www.macroza.com\/rozadoras-de-pared\/\">Wandabstreifer<\/a> und verwandte Produkte<\/p>\n<p><strong><br \/>Zu welchen Zwecken verarbeiten wir Ihre personenbezogenen Daten?<\/strong><\/p>\n<p><strong>MACROZA EXPORT S.L<\/strong>. verarbeitet die von Ihnen zur Verf\u00fcgung gestellten Daten je nach Kategorie des Interessenten zu den folgenden Zwecken:<\/p>\n<p><strong>INTERESSIERT<\/strong><\/p>\n<p>ZWECKE DER VERARBEITUNG<\/p>\n<p><em>POTENZIELLE KUNDEN<\/em><br \/>Verwaltung der potenziellen gesch\u00e4ftlichen und\/oder beruflichen Beziehung, Verwaltung der Zusendung der angeforderten Informationen und\/oder Beantwortung der gestellten Fragen, Bereitstellung von Angeboten f\u00fcr unsere Dienstleistungen und\/oder Produkte, die f\u00fcr Sie von Interesse sind.<\/p>\n<p><em><strong>KUNDEN<\/strong><\/em><br \/>Zur Verwaltung der gesch\u00e4ftlichen und\/oder beruflichen Beziehung, zur Bereitstellung von Angeboten f\u00fcr unsere Dienstleistungen und\/oder Produkte, die f\u00fcr Sie von Interesse sind.<\/p>\n<p><em><strong>LIEFERANTEN<\/strong><\/em><br \/>Verwaltung der gesch\u00e4ftlichen und\/oder beruflichen Beziehungen.<\/p>\n<p><em><strong>KANDIDATEN<\/strong><\/em><br \/>Verwaltung des Personalauswahlverfahrens.<\/p>\n<p><em><strong>WEB-BENUTZER<\/strong><\/em><br \/>Verwalten Sie die Analyse Ihrer Browsing-Daten.<\/p>\n<p><strong>Wodurch wird die Verarbeitung Ihrer Daten legitimiert?<\/strong><\/p>\n<p>Die Rechtsgrundlage f\u00fcr die Verarbeitung Ihrer personenbezogenen Daten kann, je nach Kategorie der betroffenen Person, sein:<\/p>\n<p><strong>INTERESSIERT<\/strong><\/p>\n<p>RECHTSGRUNDLAGE<\/p>\n<p><strong><em>POTENZIELLE KUNDEN<\/em><\/strong><br \/>Art. 6.1.b GDPR: Anwendung von vorvertraglichen Ma\u00dfnahmen (Kostenvoranschl\u00e4ge, Bestellformulare, Dienstleistungsangebote usw.) auf Anfrage der betroffenen Person.<br \/>Art. 6.1.f RGPD: Legitimes Interesse (\u00dcbermittlung angeforderter Informationen, Beantwortung von Anfragen&#8230;).<br \/>Art. 6.1.a RGPD: Einwilligung der betroffenen Person (Bereitstellung von Angeboten f\u00fcr unsere Dienstleistungen und\/oder Produkte).<\/p>\n<p><em><strong>KUNDEN<\/strong><\/em><br \/>Art. 6.1.b GDPR: Erf\u00fcllung eines Vertrags, bei dem die betroffene Person Vertragspartei ist.<\/p>\n<p><em><strong>LIEFERANTEN<\/strong><\/em><br \/>Art. 6.1.b GDPR: Erf\u00fcllung eines Vertrags, bei dem die betroffene Person Vertragspartei ist.<\/p>\n<p><em><strong>KANDIDATEN<\/strong><\/em><br \/>Art. 6.1.a RGPD: Einwilligung der betroffenen Person selbst.<\/p>\n<p><strong><em>WEB-BENUTZER<\/em><\/strong><br \/>Art. 6.1.a RGPD: Einwilligung der betroffenen Person selbst.<\/p>\n<p>Die von uns angeforderten Daten sind angemessen, sachdienlich und unbedingt erforderlich, und Sie sind in keinem Fall verpflichtet, sie zur Verf\u00fcgung zu stellen; die Nichtbereitstellung dieser Daten kann jedoch den Zweck der Dienstleistung beeintr\u00e4chtigen oder ihre Bereitstellung unm\u00f6glich machen.<br \/><strong> <br \/>Wie lange werden wir Ihre personenbezogenen Daten aufbewahren?<\/strong><\/p>\n<p>Ihre Daten werden so lange aufbewahrt, wie es f\u00fcr die ordnungsgem\u00e4\u00dfe Erbringung der angebotenen Dienstleistung sowie f\u00fcr die Erf\u00fcllung der sich daraus ergebenden Verpflichtungen und anderer gesetzlicher Anforderungen erforderlich ist.<br \/><strong> <br \/>An welche Empf\u00e4nger werden Ihre Daten weitergegeben?<\/strong><\/p>\n<p><strong>MACROZA EXPORT S.L. <\/strong>wird Ihre Daten nicht an Dritte weitergeben, es sei denn, Sie werden ausdr\u00fccklich dar\u00fcber informiert.<\/p>\n<p>Dar\u00fcber hinaus informieren wir Sie dar\u00fcber, dass bestimmte Daten aufgrund der geltenden Vorschriften oder der vertraglichen Beziehung, die Sie mit <strong>MACROZA EXPORT S.L.<\/strong> unterhalten, an diese weitergeleitet werden k\u00f6nnen:<\/p>\n<ul>\n<li>Banken und Finanzinstitute f\u00fcr den Einzug von vertraglich vereinbarten Dienstleistungen und\/oder gekauften Produkten.<\/li>\n<li>\u00d6ffentliche Verwaltungen, die f\u00fcr die Sektoren zust\u00e4ndig sind, in denen <strong>MACROZA EXPORT S.L.<\/strong> t\u00e4tig ist, sofern dies in den geltenden Rechtsvorschriften vorgesehen ist.<\/li>\n<\/ul>\n<p>Au\u00dferdem informieren wir Sie dar\u00fcber, dass bestimmte Daten aufgrund der geltenden Vorschriften oder des Vertragsverh\u00e4ltnisses, das<strong> MACROZA EXPORT S.L.<\/strong> unterh\u00e4lt<strong>,<\/strong> weitergegeben werden k\u00f6nnen:<\/p>\n<ul>\n<li>Banken und Finanzinstitute f\u00fcr den Einzug von vertraglich vereinbarten Dienstleistungen und\/oder gekauften Produkten.<\/li>\n<li>\u00d6ffentliche Verwaltungen, die f\u00fcr die Sektoren zust\u00e4ndig sind, in denen <strong>MACROZA EXPORT S.L.<\/strong> t\u00e4tig ist, sofern dies in den geltenden Rechtsvorschriften vorgesehen ist.<\/li>\n<\/ul>\n<p><strong>Welche Rechte haben Sie, wenn Sie uns Ihre Daten zur Verf\u00fcgung stellen?<\/strong><\/p>\n<p>Die betroffenen Personen k\u00f6nnen gegebenenfalls die folgenden Datenschutzrechte aus\u00fcben:<\/p>\n<ul>\n<li>Recht auf Auskunft \u00fcber die personenbezogenen Daten der betroffenen Person.<\/li>\n<li>Recht auf Berichtigung oder L\u00f6schung.<\/li>\n<li>Recht auf Widerspruch.<\/li>\n<li>Das Recht, die Einschr\u00e4nkung der Verarbeitung zu verlangen.<\/li>\n<li>Recht auf Daten\u00fcbertragbarkeit.<\/li>\n<li>Das Recht, keinen Entscheidungen unterworfen zu werden, die ausschlie\u00dflich auf einer automatisierten Datenverarbeitung beruhen.<\/li>\n<\/ul>\n<p>Die Inhaber der erhaltenen pers\u00f6nlichen Daten k\u00f6nnen ihre Rechte zum Schutz der pers\u00f6nlichen Daten aus\u00fcben, indem sie eine schriftliche Mitteilung an den eingetragenen Sitz von <strong>MACROZA EXPORT S.L.<\/strong> senden <strong>.<\/strong> oder an die zu diesem Zweck angegebene E-Mail-Adresse <a href=\"mailto:info@macroza.com\" target=\"_blank\" rel=\"noopener\">info@macroza.com.<\/a><\/p>\n<p>Muster, Formulare und weitere Informationen \u00fcber Ihre Rechte finden Sie auf der Website der nationalen Aufsichtsbeh\u00f6rde, der Agencia Espa\u00f1ola de Protecci\u00f3n de Datos (AEPD), <a href=\"http:\/\/www.aepd.es\/\" target=\"_blank\" rel=\"noopener\">www.aepd.es.<\/a><\/p>\n<p><strong>Kann ich meine Zustimmung zur\u00fcckziehen?<\/strong><\/p>\n<p>Sie haben die M\u00f6glichkeit und das Recht, Ihre Einwilligung zu einem bestimmten Zweck zu widerrufen, ohne dass die Rechtm\u00e4\u00dfigkeit der auf der Einwilligung beruhenden Verarbeitung vor deren Widerruf ber\u00fchrt wird.<\/p>\n<p><strong>Wo kann ich mich beschweren, wenn ich das Gef\u00fchl habe, dass meine Daten nicht korrekt behandelt werden?<\/strong><\/p>\n<p>Ist eine betroffene Person der Ansicht, dass ihre Daten nicht korrekt verarbeitet werden von  <strong>MACROZA EXPORT S.L.<\/strong> nicht zufriedenstellend bearbeitet wurden, k\u00f6nnen Sie eine Beschwerde bei der zust\u00e4ndigen Datenschutzbeh\u00f6rde einreichen, wobei die AEPD diejenige ist, die im nationalen Hoheitsgebiet angegeben ist,  <a href=\"http:\/\/www.aepd.es\/\" target=\"_blank\" rel=\"noopener\">www.aepd.es.<\/a><\/p>\n<p><strong>Sicherheit und Aktualisierung Ihrer pers\u00f6nlichen Daten<\/strong><\/p>\n<p>Um die Sicherheit Ihrer personenbezogenen Daten zu gew\u00e4hrleisten, teilen wir Ihnen mit, dass wir alle notwendigen technischen und organisatorischen Ma\u00dfnahmen ergriffen haben, um die Sicherheit der \u00fcbermittelten personenbezogenen Daten zu gew\u00e4hrleisten. All dies dient dazu, ihre Ver\u00e4nderung, ihren Verlust und\/oder ihre unbefugte Verarbeitung oder ihren Zugang zu verhindern, wie es das Gesetz vorschreibt, obwohl es keine absolute Sicherheit gibt.<\/p>\n<p>Damit wir Ihre pers\u00f6nlichen Daten auf dem neuesten Stand halten k\u00f6nnen, ist es wichtig, dass Sie uns informieren, wenn sich Ihre pers\u00f6nlichen Daten ge\u00e4ndert haben.<\/p>\n<p><strong>Vertraulichkeit<\/strong><\/p>\n<p>MACROZA EXPORT S.L. informiert Sie dar\u00fcber, dass Ihre Daten von allen an der Verarbeitung beteiligten Personen mit gr\u00f6\u00dfter Sorgfalt und Vertraulichkeit behandelt werden. Wir werden Ihre Daten nicht an Dritte weitergeben oder \u00fcbermitteln, au\u00dfer in den gesetzlich vorgesehenen F\u00e4llen oder wenn der Betroffene uns ausdr\u00fccklich dazu erm\u00e4chtigt hat.<\/p>\n\t\t\t\t\t\t\t\t<\/div>\n\t\t\t\t<\/div>\n\t\t\t\t\t<\/div>\n\t\t<\/div>\n\t\t\t\t\t<\/div>\n\t\t<\/section>\n\t\t\t\t<\/div>\n\t\t","protected":false},"excerpt":{"rendered":"<p>MACROZA DATENSCHUTZRICHTLINIE Im Einklang mit den Grunds\u00e4tzen der Rechtm\u00e4\u00dfigkeit, Fairness und Transparenz stellen wir Ihnen diese Datenschutzrichtlinie zur Verf\u00fcgung. Wer ist der f\u00fcr die Verarbeitung Ihrer Daten Verantwortliche? VERANTWORTLICH: MACROZA EXPORT S.L.UMSATZSTEUER-IDENTIFIKATIONSNUMMER: B80425986HAUPTB\u00dcRO: C\/ Le\u00f1eros 15, 28039 MadridEMAIL: info@macroza.comTELEFON: 915419294SPEZIALISIERUNG: Wandabstreifer und verwandte Produkte Zu welchen Zwecken verarbeiten wir Ihre personenbezogenen Daten? MACROZA EXPORT S.L. [&hellip;]<\/p>\n","protected":false},"author":2,"featured_media":0,"parent":0,"menu_order":0,"comment_status":"closed","ping_status":"closed","template":"","meta":{"inline_featured_image":false,"site-sidebar-layout":"no-sidebar","site-content-layout":"page-builder","ast-site-content-layout":"full-width-container","site-content-style":"unboxed","site-sidebar-style":"unboxed","ast-global-header-display":"","ast-banner-title-visibility":"","ast-main-header-display":"","ast-hfb-above-header-display":"","ast-hfb-below-header-display":"","ast-hfb-mobile-header-display":"","site-post-title":"disabled","ast-breadcrumbs-content":"","ast-featured-img":"disabled","footer-sml-layout":"","theme-transparent-header-meta":"","adv-header-id-meta":"","stick-header-meta":"","header-above-stick-meta":"","header-main-stick-meta":"","header-below-stick-meta":"","astra-migrate-meta-layouts":"default","ast-page-background-enabled":"default","ast-page-background-meta":{"desktop":{"background-color":"var(--ast-global-color-4)","background-image":"","background-repeat":"repeat","background-position":"center center","background-size":"auto","background-attachment":"scroll","background-type":"","background-media":"","overlay-type":"","overlay-color":"","overlay-opacity":"","overlay-gradient":""},"tablet":{"background-color":"","background-image":"","background-repeat":"repeat","background-position":"center center","background-size":"auto","background-attachment":"scroll","background-type":"","background-media":"","overlay-type":"","overlay-color":"","overlay-opacity":"","overlay-gradient":""},"mobile":{"background-color":"","background-image":"","background-repeat":"repeat","background-position":"center center","background-size":"auto","background-attachment":"scroll","background-type":"","background-media":"","overlay-type":"","overlay-color":"","overlay-opacity":"","overlay-gradient":""}},"ast-content-background-meta":{"desktop":{"background-color":"var(--ast-global-color-5)","background-image":"","background-repeat":"repeat","background-position":"center center","background-size":"auto","background-attachment":"scroll","background-type":"","background-media":"","overlay-type":"","overlay-color":"","overlay-opacity":"","overlay-gradient":""},"tablet":{"background-color":"var(--ast-global-color-5)","background-image":"","background-repeat":"repeat","background-position":"center center","background-size":"auto","background-attachment":"scroll","background-type":"","background-media":"","overlay-type":"","overlay-color":"","overlay-opacity":"","overlay-gradient":""},"mobile":{"background-color":"var(--ast-global-color-5)","background-image":"","background-repeat":"repeat","background-position":"center center","background-size":"auto","background-attachment":"scroll","background-type":"","background-media":"","overlay-type":"","overlay-color":"","overlay-opacity":"","overlay-gradient":""}},"footnotes":""},"class_list":["post-6246","page","type-page","status-publish","hentry"],"yoast_head":"<!-- This site is optimized with the Yoast SEO plugin v24.5 - https:\/\/yoast.com\/wordpress\/plugins\/seo\/ -->\n<title>Datenschutzbestimmungen | MACROZA<\/title>\n<meta name=\"robots\" content=\"index, follow, max-snippet:-1, max-image-preview:large, max-video-preview:-1\" \/>\n<link rel=\"canonical\" href=\"https:\/\/www.macroza.com\/de\/datenschutzbestimmungen\/\" \/>\n<meta property=\"og:locale\" content=\"de_DE\" \/>\n<meta property=\"og:type\" content=\"article\" \/>\n<meta property=\"og:title\" content=\"Datenschutzbestimmungen | MACROZA\" \/>\n<meta property=\"og:description\" content=\"MACROZA DATENSCHUTZRICHTLINIE Im Einklang mit den Grunds\u00e4tzen der Rechtm\u00e4\u00dfigkeit, Fairness und Transparenz stellen wir Ihnen diese Datenschutzrichtlinie zur Verf\u00fcgung. Wer ist der f\u00fcr die Verarbeitung Ihrer Daten Verantwortliche? VERANTWORTLICH: MACROZA EXPORT S.L.UMSATZSTEUER-IDENTIFIKATIONSNUMMER: B80425986HAUPTB\u00dcRO: C\/ Le\u00f1eros 15, 28039 MadridEMAIL: info@macroza.comTELEFON: 915419294SPEZIALISIERUNG: Wandabstreifer und verwandte Produkte Zu welchen Zwecken verarbeiten wir Ihre personenbezogenen Daten? MACROZA EXPORT S.L. [&hellip;]\" \/>\n<meta property=\"og:url\" content=\"https:\/\/www.macroza.com\/de\/datenschutzbestimmungen\/\" \/>\n<meta property=\"og:site_name\" content=\"MACROZA\" \/>\n<meta property=\"article:publisher\" content=\"https:\/\/www.facebook.com\/macrozaofficial\/\" \/>\n<meta property=\"article:modified_time\" content=\"2024-01-01T18:38:07+00:00\" \/>\n<meta name=\"twitter:card\" content=\"summary_large_image\" \/>\n<meta name=\"twitter:label1\" content=\"Gesch\u00e4tzte Lesezeit\" \/>\n\t<meta name=\"twitter:data1\" content=\"5\u00a0Minute\" \/>\n<script type=\"application\/ld+json\" class=\"yoast-schema-graph\">{\"@context\":\"https:\/\/schema.org\",\"@graph\":[{\"@type\":\"WebPage\",\"@id\":\"https:\/\/www.macroza.com\/de\/datenschutzbestimmungen\/\",\"url\":\"https:\/\/www.macroza.com\/de\/datenschutzbestimmungen\/\",\"name\":\"Datenschutzbestimmungen | MACROZA\",\"isPartOf\":{\"@id\":\"https:\/\/www.macroza.com\/de\/#website\"},\"datePublished\":\"2023-11-12T13:46:34+00:00\",\"dateModified\":\"2024-01-01T18:38:07+00:00\",\"breadcrumb\":{\"@id\":\"https:\/\/www.macroza.com\/de\/datenschutzbestimmungen\/#breadcrumb\"},\"inLanguage\":\"de\",\"potentialAction\":[{\"@type\":\"ReadAction\",\"target\":[\"https:\/\/www.macroza.com\/de\/datenschutzbestimmungen\/\"]}]},{\"@type\":\"BreadcrumbList\",\"@id\":\"https:\/\/www.macroza.com\/de\/datenschutzbestimmungen\/#breadcrumb\",\"itemListElement\":[{\"@type\":\"ListItem\",\"position\":1,\"name\":\"Home\",\"item\":\"https:\/\/www.macroza.com\/de\/hauptseite\/\"},{\"@type\":\"ListItem\",\"position\":2,\"name\":\"Datenschutzbestimmungen\"}]},{\"@type\":\"WebSite\",\"@id\":\"https:\/\/www.macroza.com\/de\/#website\",\"url\":\"https:\/\/www.macroza.com\/de\/\",\"name\":\"www.macroza.com\",\"description\":\"Fabricante de rozadoras de pared\",\"publisher\":{\"@id\":\"https:\/\/www.macroza.com\/de\/#organization\"},\"alternateName\":\"Macroza\",\"potentialAction\":[{\"@type\":\"SearchAction\",\"target\":{\"@type\":\"EntryPoint\",\"urlTemplate\":\"https:\/\/www.macroza.com\/de\/?s={search_term_string}\"},\"query-input\":{\"@type\":\"PropertyValueSpecification\",\"valueRequired\":true,\"valueName\":\"search_term_string\"}}],\"inLanguage\":\"de\"},{\"@type\":\"Organization\",\"@id\":\"https:\/\/www.macroza.com\/de\/#organization\",\"name\":\"Macroza\",\"alternateName\":\"Macroza Export\",\"url\":\"https:\/\/www.macroza.com\/de\/\",\"logo\":{\"@type\":\"ImageObject\",\"inLanguage\":\"de\",\"@id\":\"https:\/\/www.macroza.com\/de\/#\/schema\/logo\/image\/\",\"url\":\"https:\/\/www.macroza.com\/wp-content\/uploads\/2023\/11\/cropped-Diseno-sin-titulo-10.png\",\"contentUrl\":\"https:\/\/www.macroza.com\/wp-content\/uploads\/2023\/11\/cropped-Diseno-sin-titulo-10.png\",\"width\":512,\"height\":512,\"caption\":\"Macroza\"},\"image\":{\"@id\":\"https:\/\/www.macroza.com\/de\/#\/schema\/logo\/image\/\"},\"sameAs\":[\"https:\/\/www.facebook.com\/macrozaofficial\/\",\"https:\/\/www.instagram.com\/macroza_official\/\",\"https:\/\/www.linkedin.com\/company\/macroza-wall-chasers\/\",\"https:\/\/www.youtube.com\/@MACROZAWallChasers\/videos\"]}]}<\/script>\n<!-- \/ Yoast SEO plugin. -->","yoast_head_json":{"title":"Datenschutzbestimmungen | MACROZA","robots":{"index":"index","follow":"follow","max-snippet":"max-snippet:-1","max-image-preview":"max-image-preview:large","max-video-preview":"max-video-preview:-1"},"canonical":"https:\/\/www.macroza.com\/de\/datenschutzbestimmungen\/","og_locale":"de_DE","og_type":"article","og_title":"Datenschutzbestimmungen | MACROZA","og_description":"MACROZA DATENSCHUTZRICHTLINIE Im Einklang mit den Grunds\u00e4tzen der Rechtm\u00e4\u00dfigkeit, Fairness und Transparenz stellen wir Ihnen diese Datenschutzrichtlinie zur Verf\u00fcgung. Wer ist der f\u00fcr die Verarbeitung Ihrer Daten Verantwortliche? VERANTWORTLICH: MACROZA EXPORT S.L.UMSATZSTEUER-IDENTIFIKATIONSNUMMER: B80425986HAUPTB\u00dcRO: C\/ Le\u00f1eros 15, 28039 MadridEMAIL: info@macroza.comTELEFON: 915419294SPEZIALISIERUNG: Wandabstreifer und verwandte Produkte Zu welchen Zwecken verarbeiten wir Ihre personenbezogenen Daten? MACROZA EXPORT S.L. [&hellip;]","og_url":"https:\/\/www.macroza.com\/de\/datenschutzbestimmungen\/","og_site_name":"MACROZA","article_publisher":"https:\/\/www.facebook.com\/macrozaofficial\/","article_modified_time":"2024-01-01T18:38:07+00:00","twitter_card":"summary_large_image","twitter_misc":{"Gesch\u00e4tzte Lesezeit":"5\u00a0Minute"},"schema":{"@context":"https:\/\/schema.org","@graph":[{"@type":"WebPage","@id":"https:\/\/www.macroza.com\/de\/datenschutzbestimmungen\/","url":"https:\/\/www.macroza.com\/de\/datenschutzbestimmungen\/","name":"Datenschutzbestimmungen | MACROZA","isPartOf":{"@id":"https:\/\/www.macroza.com\/de\/#website"},"datePublished":"2023-11-12T13:46:34+00:00","dateModified":"2024-01-01T18:38:07+00:00","breadcrumb":{"@id":"https:\/\/www.macroza.com\/de\/datenschutzbestimmungen\/#breadcrumb"},"inLanguage":"de","potentialAction":[{"@type":"ReadAction","target":["https:\/\/www.macroza.com\/de\/datenschutzbestimmungen\/"]}]},{"@type":"BreadcrumbList","@id":"https:\/\/www.macroza.com\/de\/datenschutzbestimmungen\/#breadcrumb","itemListElement":[{"@type":"ListItem","position":1,"name":"Home","item":"https:\/\/www.macroza.com\/de\/hauptseite\/"},{"@type":"ListItem","position":2,"name":"Datenschutzbestimmungen"}]},{"@type":"WebSite","@id":"https:\/\/www.macroza.com\/de\/#website","url":"https:\/\/www.macroza.com\/de\/","name":"www.macroza.com","description":"Fabricante de rozadoras de pared","publisher":{"@id":"https:\/\/www.macroza.com\/de\/#organization"},"alternateName":"Macroza","potentialAction":[{"@type":"SearchAction","target":{"@type":"EntryPoint","urlTemplate":"https:\/\/www.macroza.com\/de\/?s={search_term_string}"},"query-input":{"@type":"PropertyValueSpecification","valueRequired":true,"valueName":"search_term_string"}}],"inLanguage":"de"},{"@type":"Organization","@id":"https:\/\/www.macroza.com\/de\/#organization","name":"Macroza","alternateName":"Macroza Export","url":"https:\/\/www.macroza.com\/de\/","logo":{"@type":"ImageObject","inLanguage":"de","@id":"https:\/\/www.macroza.com\/de\/#\/schema\/logo\/image\/","url":"https:\/\/www.macroza.com\/wp-content\/uploads\/2023\/11\/cropped-Diseno-sin-titulo-10.png","contentUrl":"https:\/\/www.macroza.com\/wp-content\/uploads\/2023\/11\/cropped-Diseno-sin-titulo-10.png","width":512,"height":512,"caption":"Macroza"},"image":{"@id":"https:\/\/www.macroza.com\/de\/#\/schema\/logo\/image\/"},"sameAs":["https:\/\/www.facebook.com\/macrozaofficial\/","https:\/\/www.instagram.com\/macroza_official\/","https:\/\/www.linkedin.com\/company\/macroza-wall-chasers\/","https:\/\/www.youtube.com\/@MACROZAWallChasers\/videos"]}]}},"_links":{"self":[{"href":"https:\/\/www.macroza.com\/de\/wp-json\/wp\/v2\/pages\/6246","targetHints":{"allow":["GET"]}}],"collection":[{"href":"https:\/\/www.macroza.com\/de\/wp-json\/wp\/v2\/pages"}],"about":[{"href":"https:\/\/www.macroza.com\/de\/wp-json\/wp\/v2\/types\/page"}],"author":[{"embeddable":true,"href":"https:\/\/www.macroza.com\/de\/wp-json\/wp\/v2\/users\/2"}],"replies":[{"embeddable":true,"href":"https:\/\/www.macroza.com\/de\/wp-json\/wp\/v2\/comments?post=6246"}],"version-history":[{"count":2,"href":"https:\/\/www.macroza.com\/de\/wp-json\/wp\/v2\/pages\/6246\/revisions"}],"predecessor-version":[{"id":6252,"href":"https:\/\/www.macroza.com\/de\/wp-json\/wp\/v2\/pages\/6246\/revisions\/6252"}],"wp:attachment":[{"href":"https:\/\/www.macroza.com\/de\/wp-json\/wp\/v2\/media?parent=6246"}],"curies":[{"name":"wp","href":"https:\/\/api.w.org\/{rel}","templated":true}]}}