{"id":21111,"date":"2024-02-08T08:42:31","date_gmt":"2024-02-08T07:42:31","guid":{"rendered":"https:\/\/www.macroza.com\/promo\/"},"modified":"2025-12-18T14:53:09","modified_gmt":"2025-12-18T13:53:09","slug":"promo","status":"publish","type":"page","link":"https:\/\/www.macroza.com\/de\/promo\/","title":{"rendered":"Werbegeschenk"},"content":{"rendered":"\t\t<div data-elementor-type=\"wp-page\" data-elementor-id=\"21111\" class=\"elementor elementor-21111 elementor-9921\" data-elementor-settings=\"{&quot;ha_cmc_init_switcher&quot;:&quot;no&quot;}\" data-elementor-post-type=\"page\">\n\t\t\t\t\t\t<\/div>\n\t\t","protected":false},"excerpt":{"rendered":"<p>SPAREN SIE BIS ZU 200% ZEIT MIT DEN MAUERNUTFR\u00c4SEN VON MACROZA.HOLEN SIE SICH IHRE! Kein Brechen, kein Zerkleinern. Er \u00f6ffnet saubere Nuterstellungen in W\u00e4nden in einem einzigen Arbeitsgang und spart so Zeit und Material. Profitieren Sie von der limitierten Aktion und erhalten Sie weitere Informationen GRATIS! MACROZA VS. KONVENTIONELLE MAUERNUTFR\u00c4SEN Erzielen Sie mit Ihrem neuen [&hellip;]<\/p>\n","protected":false},"author":2,"featured_media":0,"parent":0,"menu_order":0,"comment_status":"closed","ping_status":"closed","template":"","meta":{"inline_featured_image":false,"site-sidebar-layout":"no-sidebar","site-content-layout":"page-builder","ast-site-content-layout":"full-width-container","site-content-style":"unboxed","site-sidebar-style":"unboxed","ast-global-header-display":"","ast-banner-title-visibility":"","ast-main-header-display":"","ast-hfb-above-header-display":"","ast-hfb-below-header-display":"","ast-hfb-mobile-header-display":"","site-post-title":"disabled","ast-breadcrumbs-content":"","ast-featured-img":"disabled","footer-sml-layout":"","theme-transparent-header-meta":"","adv-header-id-meta":"","stick-header-meta":"","header-above-stick-meta":"","header-main-stick-meta":"","header-below-stick-meta":"","astra-migrate-meta-layouts":"default","ast-page-background-enabled":"default","ast-page-background-meta":{"desktop":{"background-color":"var(--ast-global-color-4)","background-image":"","background-repeat":"repeat","background-position":"center center","background-size":"auto","background-attachment":"scroll","background-type":"","background-media":"","overlay-type":"","overlay-color":"","overlay-opacity":"","overlay-gradient":""},"tablet":{"background-color":"","background-image":"","background-repeat":"repeat","background-position":"center center","background-size":"auto","background-attachment":"scroll","background-type":"","background-media":"","overlay-type":"","overlay-color":"","overlay-opacity":"","overlay-gradient":""},"mobile":{"background-color":"","background-image":"","background-repeat":"repeat","background-position":"center center","background-size":"auto","background-attachment":"scroll","background-type":"","background-media":"","overlay-type":"","overlay-color":"","overlay-opacity":"","overlay-gradient":""}},"ast-content-background-meta":{"desktop":{"background-color":"var(--ast-global-color-5)","background-image":"","background-repeat":"repeat","background-position":"center center","background-size":"auto","background-attachment":"scroll","background-type":"","background-media":"","overlay-type":"","overlay-color":"","overlay-opacity":"","overlay-gradient":""},"tablet":{"background-color":"var(--ast-global-color-5)","background-image":"","background-repeat":"repeat","background-position":"center center","background-size":"auto","background-attachment":"scroll","background-type":"","background-media":"","overlay-type":"","overlay-color":"","overlay-opacity":"","overlay-gradient":""},"mobile":{"background-color":"var(--ast-global-color-5)","background-image":"","background-repeat":"repeat","background-position":"center center","background-size":"auto","background-attachment":"scroll","background-type":"","background-media":"","overlay-type":"","overlay-color":"","overlay-opacity":"","overlay-gradient":""}},"footnotes":""},"class_list":["post-21111","page","type-page","status-publish","hentry"],"yoast_head":"<!-- This site is optimized with the Yoast SEO plugin v24.5 - https:\/\/yoast.com\/wordpress\/plugins\/seo\/ -->\n<title>Werbeaktionen | % %<\/title>\n<meta name=\"description\" content=\"Besuchen Sie die MACROZA Promo-Seite, um Rabatte und Sonderangebote f\u00fcr unser Sortiment an Werkzeugen und Maschinen zu erhalten.\" \/>\n<meta name=\"robots\" content=\"index, follow, max-snippet:-1, max-image-preview:large, max-video-preview:-1\" \/>\n<link rel=\"canonical\" href=\"https:\/\/www.macroza.com\/de\/promo\/\" \/>\n<meta property=\"og:locale\" content=\"de_DE\" \/>\n<meta property=\"og:type\" content=\"article\" \/>\n<meta property=\"og:title\" content=\"Werbeaktionen | % %\" \/>\n<meta property=\"og:description\" content=\"Besuchen Sie die MACROZA Promo-Seite, um Rabatte und Sonderangebote f\u00fcr unser Sortiment an Werkzeugen und Maschinen zu erhalten.\" \/>\n<meta property=\"og:url\" content=\"https:\/\/www.macroza.com\/de\/promo\/\" \/>\n<meta property=\"og:site_name\" content=\"MACROZA\" \/>\n<meta property=\"article:publisher\" content=\"https:\/\/www.facebook.com\/macrozaofficial\/\" \/>\n<meta property=\"article:modified_time\" content=\"2025-12-18T13:53:09+00:00\" \/>\n<meta property=\"og:image\" content=\"https:\/\/www.macroza.com\/wp-content\/uploads\/2024\/02\/makroza1-1024x474.png\" \/>\n<meta name=\"twitter:card\" content=\"summary_large_image\" \/>\n<meta name=\"twitter:label1\" content=\"Gesch\u00e4tzte Lesezeit\" \/>\n\t<meta name=\"twitter:data1\" content=\"3\u00a0Minute\" \/>\n<script type=\"application\/ld+json\" class=\"yoast-schema-graph\">{\"@context\":\"https:\/\/schema.org\",\"@graph\":[{\"@type\":\"WebPage\",\"@id\":\"https:\/\/www.macroza.com\/de\/promo\/\",\"url\":\"https:\/\/www.macroza.com\/de\/promo\/\",\"name\":\"Werbeaktionen | % %\",\"isPartOf\":{\"@id\":\"https:\/\/www.macroza.com\/de\/#website\"},\"primaryImageOfPage\":{\"@id\":\"https:\/\/www.macroza.com\/de\/promo\/#primaryimage\"},\"image\":{\"@id\":\"https:\/\/www.macroza.com\/de\/promo\/#primaryimage\"},\"thumbnailUrl\":\"https:\/\/www.macroza.com\/wp-content\/uploads\/2024\/02\/makroza1-1024x474.png\",\"datePublished\":\"2024-02-08T07:42:31+00:00\",\"dateModified\":\"2025-12-18T13:53:09+00:00\",\"description\":\"Besuchen Sie die MACROZA Promo-Seite, um Rabatte und Sonderangebote f\u00fcr unser Sortiment an Werkzeugen und Maschinen zu erhalten.\",\"breadcrumb\":{\"@id\":\"https:\/\/www.macroza.com\/de\/promo\/#breadcrumb\"},\"inLanguage\":\"de\",\"potentialAction\":[{\"@type\":\"ReadAction\",\"target\":[\"https:\/\/www.macroza.com\/de\/promo\/\"]}]},{\"@type\":\"ImageObject\",\"inLanguage\":\"de\",\"@id\":\"https:\/\/www.macroza.com\/de\/promo\/#primaryimage\",\"url\":\"https:\/\/www.macroza.com\/wp-content\/uploads\/2024\/02\/makroza1-1024x474.png\",\"contentUrl\":\"https:\/\/www.macroza.com\/wp-content\/uploads\/2024\/02\/makroza1-1024x474.png\"},{\"@type\":\"BreadcrumbList\",\"@id\":\"https:\/\/www.macroza.com\/de\/promo\/#breadcrumb\",\"itemListElement\":[{\"@type\":\"ListItem\",\"position\":1,\"name\":\"Home\",\"item\":\"https:\/\/www.macroza.com\/de\/hauptseite\/\"},{\"@type\":\"ListItem\",\"position\":2,\"name\":\"Werbegeschenk\"}]},{\"@type\":\"WebSite\",\"@id\":\"https:\/\/www.macroza.com\/de\/#website\",\"url\":\"https:\/\/www.macroza.com\/de\/\",\"name\":\"www.macroza.com\",\"description\":\"Fabricante de rozadoras de pared\",\"publisher\":{\"@id\":\"https:\/\/www.macroza.com\/de\/#organization\"},\"alternateName\":\"Macroza\",\"potentialAction\":[{\"@type\":\"SearchAction\",\"target\":{\"@type\":\"EntryPoint\",\"urlTemplate\":\"https:\/\/www.macroza.com\/de\/?s={search_term_string}\"},\"query-input\":{\"@type\":\"PropertyValueSpecification\",\"valueRequired\":true,\"valueName\":\"search_term_string\"}}],\"inLanguage\":\"de\"},{\"@type\":\"Organization\",\"@id\":\"https:\/\/www.macroza.com\/de\/#organization\",\"name\":\"Macroza\",\"alternateName\":\"Macroza Export\",\"url\":\"https:\/\/www.macroza.com\/de\/\",\"logo\":{\"@type\":\"ImageObject\",\"inLanguage\":\"de\",\"@id\":\"https:\/\/www.macroza.com\/de\/#\/schema\/logo\/image\/\",\"url\":\"https:\/\/www.macroza.com\/wp-content\/uploads\/2023\/11\/cropped-Diseno-sin-titulo-10.png\",\"contentUrl\":\"https:\/\/www.macroza.com\/wp-content\/uploads\/2023\/11\/cropped-Diseno-sin-titulo-10.png\",\"width\":512,\"height\":512,\"caption\":\"Macroza\"},\"image\":{\"@id\":\"https:\/\/www.macroza.com\/de\/#\/schema\/logo\/image\/\"},\"sameAs\":[\"https:\/\/www.facebook.com\/macrozaofficial\/\",\"https:\/\/www.instagram.com\/macroza_official\/\",\"https:\/\/www.linkedin.com\/company\/macroza-wall-chasers\/\",\"https:\/\/www.youtube.com\/@MACROZAWallChasers\/videos\"]}]}<\/script>\n<!-- \/ Yoast SEO plugin. -->","yoast_head_json":{"title":"Werbeaktionen | % %","description":"Besuchen Sie die MACROZA Promo-Seite, um Rabatte und Sonderangebote f\u00fcr unser Sortiment an Werkzeugen und Maschinen zu erhalten.","robots":{"index":"index","follow":"follow","max-snippet":"max-snippet:-1","max-image-preview":"max-image-preview:large","max-video-preview":"max-video-preview:-1"},"canonical":"https:\/\/www.macroza.com\/de\/promo\/","og_locale":"de_DE","og_type":"article","og_title":"Werbeaktionen | % %","og_description":"Besuchen Sie die MACROZA Promo-Seite, um Rabatte und Sonderangebote f\u00fcr unser Sortiment an Werkzeugen und Maschinen zu erhalten.","og_url":"https:\/\/www.macroza.com\/de\/promo\/","og_site_name":"MACROZA","article_publisher":"https:\/\/www.facebook.com\/macrozaofficial\/","article_modified_time":"2025-12-18T13:53:09+00:00","og_image":[{"url":"https:\/\/www.macroza.com\/wp-content\/uploads\/2024\/02\/makroza1-1024x474.png","type":"","width":"","height":""}],"twitter_card":"summary_large_image","twitter_misc":{"Gesch\u00e4tzte Lesezeit":"3\u00a0Minute"},"schema":{"@context":"https:\/\/schema.org","@graph":[{"@type":"WebPage","@id":"https:\/\/www.macroza.com\/de\/promo\/","url":"https:\/\/www.macroza.com\/de\/promo\/","name":"Werbeaktionen | % %","isPartOf":{"@id":"https:\/\/www.macroza.com\/de\/#website"},"primaryImageOfPage":{"@id":"https:\/\/www.macroza.com\/de\/promo\/#primaryimage"},"image":{"@id":"https:\/\/www.macroza.com\/de\/promo\/#primaryimage"},"thumbnailUrl":"https:\/\/www.macroza.com\/wp-content\/uploads\/2024\/02\/makroza1-1024x474.png","datePublished":"2024-02-08T07:42:31+00:00","dateModified":"2025-12-18T13:53:09+00:00","description":"Besuchen Sie die MACROZA Promo-Seite, um Rabatte und Sonderangebote f\u00fcr unser Sortiment an Werkzeugen und Maschinen zu erhalten.","breadcrumb":{"@id":"https:\/\/www.macroza.com\/de\/promo\/#breadcrumb"},"inLanguage":"de","potentialAction":[{"@type":"ReadAction","target":["https:\/\/www.macroza.com\/de\/promo\/"]}]},{"@type":"ImageObject","inLanguage":"de","@id":"https:\/\/www.macroza.com\/de\/promo\/#primaryimage","url":"https:\/\/www.macroza.com\/wp-content\/uploads\/2024\/02\/makroza1-1024x474.png","contentUrl":"https:\/\/www.macroza.com\/wp-content\/uploads\/2024\/02\/makroza1-1024x474.png"},{"@type":"BreadcrumbList","@id":"https:\/\/www.macroza.com\/de\/promo\/#breadcrumb","itemListElement":[{"@type":"ListItem","position":1,"name":"Home","item":"https:\/\/www.macroza.com\/de\/hauptseite\/"},{"@type":"ListItem","position":2,"name":"Werbegeschenk"}]},{"@type":"WebSite","@id":"https:\/\/www.macroza.com\/de\/#website","url":"https:\/\/www.macroza.com\/de\/","name":"www.macroza.com","description":"Fabricante de rozadoras de pared","publisher":{"@id":"https:\/\/www.macroza.com\/de\/#organization"},"alternateName":"Macroza","potentialAction":[{"@type":"SearchAction","target":{"@type":"EntryPoint","urlTemplate":"https:\/\/www.macroza.com\/de\/?s={search_term_string}"},"query-input":{"@type":"PropertyValueSpecification","valueRequired":true,"valueName":"search_term_string"}}],"inLanguage":"de"},{"@type":"Organization","@id":"https:\/\/www.macroza.com\/de\/#organization","name":"Macroza","alternateName":"Macroza Export","url":"https:\/\/www.macroza.com\/de\/","logo":{"@type":"ImageObject","inLanguage":"de","@id":"https:\/\/www.macroza.com\/de\/#\/schema\/logo\/image\/","url":"https:\/\/www.macroza.com\/wp-content\/uploads\/2023\/11\/cropped-Diseno-sin-titulo-10.png","contentUrl":"https:\/\/www.macroza.com\/wp-content\/uploads\/2023\/11\/cropped-Diseno-sin-titulo-10.png","width":512,"height":512,"caption":"Macroza"},"image":{"@id":"https:\/\/www.macroza.com\/de\/#\/schema\/logo\/image\/"},"sameAs":["https:\/\/www.facebook.com\/macrozaofficial\/","https:\/\/www.instagram.com\/macroza_official\/","https:\/\/www.linkedin.com\/company\/macroza-wall-chasers\/","https:\/\/www.youtube.com\/@MACROZAWallChasers\/videos"]}]}},"_links":{"self":[{"href":"https:\/\/www.macroza.com\/de\/wp-json\/wp\/v2\/pages\/21111","targetHints":{"allow":["GET"]}}],"collection":[{"href":"https:\/\/www.macroza.com\/de\/wp-json\/wp\/v2\/pages"}],"about":[{"href":"https:\/\/www.macroza.com\/de\/wp-json\/wp\/v2\/types\/page"}],"author":[{"embeddable":true,"href":"https:\/\/www.macroza.com\/de\/wp-json\/wp\/v2\/users\/2"}],"replies":[{"embeddable":true,"href":"https:\/\/www.macroza.com\/de\/wp-json\/wp\/v2\/comments?post=21111"}],"version-history":[{"count":3,"href":"https:\/\/www.macroza.com\/de\/wp-json\/wp\/v2\/pages\/21111\/revisions"}],"predecessor-version":[{"id":21117,"href":"https:\/\/www.macroza.com\/de\/wp-json\/wp\/v2\/pages\/21111\/revisions\/21117"}],"wp:attachment":[{"href":"https:\/\/www.macroza.com\/de\/wp-json\/wp\/v2\/media?parent=21111"}],"curies":[{"name":"wp","href":"https:\/\/api.w.org\/{rel}","templated":true}]}}